{"id":777,"date":"2020-04-29T00:12:41","date_gmt":"2020-04-29T00:12:41","guid":{"rendered":"http:\/\/toolless.ed-webdesigns.com\/?page_id=777"},"modified":"2020-05-01T18:13:41","modified_gmt":"2020-05-01T18:13:41","slug":"soluciones-tecnologicas-de-lincoln","status":"publish","type":"page","link":"https:\/\/toolless.com\/es\/case-studies\/lincoln-technology-solutions\/","title":{"rendered":"Lincoln Technology Solutions"},"content":{"rendered":"<h3 class=\"wp-block-heading\">Nombre del proyecto<\/h3>\n\n\n\n<p>Stivax \/ Solace Medical Device<\/p>\n\n\n\n<h3 class=\"wp-block-heading\">Cliente<\/h3>\n\n\n\n<p>Soluci\u00f3n tecnol\u00f3gica de Lincoln<br>Fecha de inicio: 12 de septiembre de 2017<br>Listo para la producci\u00f3n: 16 de enero de 2018<\/p>\n\n\n\n<h3 class=\"wp-block-heading\">Necesidades del cliente<\/h3>\n\n\n\n<p>Durante la primera conversaci\u00f3n telef\u00f3nica, hablamos de nuestros procesos para que el cliente se familiarizara con nuestras capacidades. \u00c9l quer\u00eda presentar un dise\u00f1o a su cliente y hacerse una idea aproximada del costo. Nos envi\u00f3 un boceto preliminar de lo que ten\u00eda en mente:<\/p>\n\n\n\n<div class=\"wp-block-image\"><figure class=\"aligncenter size-large is-resized\"><img loading=\"lazy\" decoding=\"async\" src=\"https:\/\/toolless.com\/wp-content\/uploads\/2020\/04\/1.jpg\" alt=\"\" class=\"wp-image-786\" width=\"414\" height=\"233\" srcset=\"https:\/\/toolless.com\/wp-content\/uploads\/2020\/04\/1.jpg 605w, https:\/\/toolless.com\/wp-content\/uploads\/2020\/04\/1-300x169.jpg 300w\" sizes=\"auto, (max-width: 414px) 100vw, 414px\" \/><\/figure><\/div>\n\n\n\n<p>Lincoln Technology Solutions (LTS) es una empresa de servicios de ingenier\u00eda especializada en la integraci\u00f3n de pantallas LCD y el montaje de interfaces. Tras hablar con nosotros, pudo concretar sus necesidades y nos proporcion\u00f3 un documento de PowerPoint en el que mostraba los componentes a los que necesitaba acceder y la ubicaci\u00f3n de las piezas clave para poder empezar a fabricar su placa de circuito. Tambi\u00e9n determin\u00f3 qu\u00e9 pantalla LCD necesitaba:<\/p>\n\n\n\n<p class=\"has-text-align-center\">Se ve m\u00e1s o menos as\u00ed\u2026<\/p>\n\n\n\n<div class=\"wp-block-image\"><figure class=\"aligncenter size-large is-resized\"><img loading=\"lazy\" decoding=\"async\" src=\"https:\/\/toolless.com\/wp-content\/uploads\/2020\/04\/2.jpg\" alt=\"\" class=\"wp-image-787\" width=\"538\" height=\"245\" srcset=\"https:\/\/toolless.com\/wp-content\/uploads\/2020\/04\/2.jpg 640w, https:\/\/toolless.com\/wp-content\/uploads\/2020\/04\/2-300x137.jpg 300w\" sizes=\"auto, (max-width: 538px) 100vw, 538px\" \/><\/figure><\/div>\n\n\n\n<p class=\"has-text-align-center\">LCD<\/p>\n\n\n\n<div class=\"wp-block-image\"><figure class=\"aligncenter size-large is-resized\"><img loading=\"lazy\" decoding=\"async\" src=\"https:\/\/toolless.com\/wp-content\/uploads\/2020\/04\/3.jpg\" alt=\"\" class=\"wp-image-788\" width=\"500\" height=\"238\" srcset=\"https:\/\/toolless.com\/wp-content\/uploads\/2020\/04\/3.jpg 640w, https:\/\/toolless.com\/wp-content\/uploads\/2020\/04\/3-300x143.jpg 300w\" sizes=\"auto, (max-width: 500px) 100vw, 500px\" \/><\/figure><\/div>\n\n\n\n<p class=\"has-text-align-center\">PCB<\/p>\n\n\n\n<div class=\"wp-block-image\"><figure class=\"aligncenter size-full is-resized\"><img loading=\"lazy\" decoding=\"async\" src=\"https:\/\/toolless.com\/wp-content\/uploads\/2020\/04\/4.jpg\" alt=\"\" class=\"wp-image-789\" width=\"503\" height=\"282\" srcset=\"https:\/\/toolless.com\/wp-content\/uploads\/2020\/04\/4.jpg 640w, https:\/\/toolless.com\/wp-content\/uploads\/2020\/04\/4-300x169.jpg 300w\" sizes=\"auto, (max-width: 503px) 100vw, 503px\" \/><\/figure><\/div>\n\n\n\n<p class=\"has-text-align-center\">Conexiones<\/p>\n\n\n\n<div class=\"wp-block-image\"><figure class=\"aligncenter size-full\"><img loading=\"lazy\" decoding=\"async\" width=\"640\" height=\"360\" src=\"https:\/\/toolless.com\/wp-content\/uploads\/2020\/04\/5.jpg\" alt=\"\" class=\"wp-image-790\" srcset=\"https:\/\/toolless.com\/wp-content\/uploads\/2020\/04\/5.jpg 640w, https:\/\/toolless.com\/wp-content\/uploads\/2020\/04\/5-300x169.jpg 300w\" sizes=\"auto, (max-width: 640px) 100vw, 640px\" \/><\/figure><\/div>\n\n\n\n<p class=\"has-text-align-center\">Somos flexibles. Si es necesario, podemos cambiar la ubicaci\u00f3n de los botones o las conexiones.<\/p>\n\n\n\n<div class=\"wp-block-image\"><figure class=\"aligncenter size-large is-resized\"><img loading=\"lazy\" decoding=\"async\" src=\"https:\/\/toolless.com\/wp-content\/uploads\/2020\/04\/2.jpg\" alt=\"\" class=\"wp-image-787\" width=\"538\" height=\"245\" srcset=\"https:\/\/toolless.com\/wp-content\/uploads\/2020\/04\/2.jpg 640w, https:\/\/toolless.com\/wp-content\/uploads\/2020\/04\/2-300x137.jpg 300w\" sizes=\"auto, (max-width: 538px) 100vw, 538px\" \/><\/figure><\/div>\n\n\n\n<h3 class=\"wp-block-heading\">Proceso de cotizaci\u00f3n<\/h3>\n\n\n\n<p>A partir de la informaci\u00f3n proporcionada en la presentaci\u00f3n de PowerPoint, hemos detectado que faltan algunos par\u00e1metros necesarios para elaborar un presupuesto del proyecto:<\/p>\n\n\n\n<ul class=\"wp-block-list\"><li>Tipo de material: dado que se trata de un dispositivo m\u00e9dico, acordamos basar nuestro presupuesto en Boltaron.&nbsp;<a href=\"https:\/\/toolless.com\/wp-content\/uploads\/2020\/04\/Boltaron-4335.pdf\" target=\"_blank\" rel=\"noreferrer noopener\">https:\/\/toolless.com\/Userfiles\/PDF\/Boltaron-4335.pdf<\/a>&nbsp;Este material est\u00e1 especialmente dise\u00f1ado para aplicaciones m\u00e9dicas; tiene una textura m\u00e1s suave, se moldea f\u00e1cilmente y est\u00e1 disponible en diferentes colores.<\/li><li>Cantidades: al momento de elaborar el presupuesto, no se conoc\u00edan las cantidades; sin embargo, teniendo en cuenta el sector de actividad de su cliente y su experiencia, decidimos desglosar el presupuesto entre 25 y 250 unidades, lo cual se adapta perfectamente a nuestro proceso.<\/li><li>Restricciones de dise\u00f1o: A partir de las im\u00e1genes proporcionadas, cont\u00e1bamos con informaci\u00f3n sobre el tama\u00f1o, los componentes, los conectores y la ubicaci\u00f3n de los componentes. La \u00fanica preocupaci\u00f3n en cuanto al dise\u00f1o eran los cuatro radios de las esquinas. Los radios peque\u00f1os pueden suponer una limitaci\u00f3n para nuestro proceso; por lo general, podemos trabajar con cualquier radio superior a 1 mm. Tras varias conversaciones con nuestro cliente, se decidi\u00f3 eliminar el radio y utilizar nuestro dise\u00f1o tipo concha, lo que adem\u00e1s ayudar\u00eda a mantener bajos los costos:<\/li><\/ul>\n\n\n\n<div class=\"wp-block-image\"><figure class=\"aligncenter size-large is-resized\"><img loading=\"lazy\" decoding=\"async\" src=\"https:\/\/toolless.com\/wp-content\/uploads\/2020\/04\/7.jpg\" alt=\"\" class=\"wp-image-793\" width=\"406\" height=\"370\" srcset=\"https:\/\/toolless.com\/wp-content\/uploads\/2020\/04\/7.jpg 512w, https:\/\/toolless.com\/wp-content\/uploads\/2020\/04\/7-300x273.jpg 300w\" sizes=\"auto, (max-width: 406px) 100vw, 406px\" \/><\/figure><\/div>\n\n\n\n<ul class=\"wp-block-list\"><li>Plazo de entrega: Nuestro plazo est\u00e1ndar de 2 a 3 semanas para la creaci\u00f3n de prototipos fue aceptable para el cliente. Sin embargo, de haber sido necesario, podr\u00edamos haberlo hecho en menos tiempo.<\/li><li>Presupuesto: El presupuesto preliminar se elabor\u00f3 48 horas despu\u00e9s de confirmar el dise\u00f1o inicial. El primer presupuesto es solo una estimaci\u00f3n; el costo del proyecto se revisa una vez que se han completado el dise\u00f1o y el primer prototipo.<\/li><\/ul>\n\n\n\n<h3 class=\"wp-block-heading\">Nuestro dise\u00f1o<\/h3>\n\n\n\n<p>Hab\u00eda algunos aspectos que deb\u00edamos resolver en este proyecto. Nuestro ingeniero elabor\u00f3 un dise\u00f1o preliminar y plante\u00f3 algunas dudas sobre c\u00f3mo montar la placa de circuito impreso y la pantalla LCD:<\/p>\n\n\n\n<ul class=\"wp-block-list\"><li>PCB: La forma m\u00e1s habitual de montar una placa de circuito impreso con orificios de montaje es utilizando nuestros separadores y insertos roscados de lat\u00f3n, disponibles en stock. Tambi\u00e9n podemos fijarla en las ranuras situadas a cada lado de la carcasa. La mejor opci\u00f3n para esta aplicaci\u00f3n fueron, sin duda, los separadores, que se fijan f\u00e1cilmente con tornillos 4-40.<\/li><\/ul>\n\n\n\n<div class=\"wp-block-image\"><figure class=\"aligncenter size-large is-resized\"><img loading=\"lazy\" decoding=\"async\" src=\"https:\/\/toolless.com\/wp-content\/uploads\/2020\/04\/8.jpg\" alt=\"\" class=\"wp-image-796\" width=\"420\" height=\"325\" srcset=\"https:\/\/toolless.com\/wp-content\/uploads\/2020\/04\/8.jpg 840w, https:\/\/toolless.com\/wp-content\/uploads\/2020\/04\/8-300x232.jpg 300w, https:\/\/toolless.com\/wp-content\/uploads\/2020\/04\/8-768x593.jpg 768w\" sizes=\"auto, (max-width: 420px) 100vw, 420px\" \/><\/figure><\/div>\n\n\n\n<div class=\"wp-block-image\"><figure class=\"aligncenter size-large is-resized\"><img loading=\"lazy\" decoding=\"async\" src=\"https:\/\/toolless.com\/wp-content\/uploads\/2020\/04\/9.jpg\" alt=\"\" class=\"wp-image-795\" width=\"420\" height=\"325\" srcset=\"https:\/\/toolless.com\/wp-content\/uploads\/2020\/04\/9.jpg 852w, https:\/\/toolless.com\/wp-content\/uploads\/2020\/04\/9-300x232.jpg 300w, https:\/\/toolless.com\/wp-content\/uploads\/2020\/04\/9-768x594.jpg 768w\" sizes=\"auto, (max-width: 420px) 100vw, 420px\" \/><\/figure><\/div>\n\n\n\n<ul class=\"wp-block-list\"><li>LCD: La pantalla LCD podr\u00eda haber supuesto un reto, ya que carece de orificios de montaje. Sin embargo, gracias a la flexibilidad de nuestro proceso, decidimos hacer una muesca en la superficie superior de la pieza superior en forma de \u201cU\u201d y crear un hueco para el cable plano. La pantalla LCD se fija con cinta adhesiva de doble cara.<\/li><\/ul>\n\n\n\n<div class=\"wp-block-image\"><figure class=\"aligncenter size-large is-resized\"><img loading=\"lazy\" decoding=\"async\" src=\"https:\/\/toolless.com\/wp-content\/uploads\/2020\/04\/10.jpg\" alt=\"\" class=\"wp-image-797\" width=\"420\" height=\"324\" srcset=\"https:\/\/toolless.com\/wp-content\/uploads\/2020\/04\/10.jpg 761w, https:\/\/toolless.com\/wp-content\/uploads\/2020\/04\/10-300x232.jpg 300w\" sizes=\"auto, (max-width: 420px) 100vw, 420px\" \/><\/figure><\/div>\n\n\n\n<div class=\"wp-block-image\"><figure class=\"aligncenter size-large is-resized\"><img loading=\"lazy\" decoding=\"async\" src=\"https:\/\/toolless.com\/wp-content\/uploads\/2020\/04\/11.jpg\" alt=\"\" class=\"wp-image-794\" width=\"420\" height=\"237\" srcset=\"https:\/\/toolless.com\/wp-content\/uploads\/2020\/04\/11.jpg 616w, https:\/\/toolless.com\/wp-content\/uploads\/2020\/04\/11-300x169.jpg 300w\" sizes=\"auto, (max-width: 420px) 100vw, 420px\" \/><\/figure><\/div>\n\n\n\n<ul class=\"wp-block-list\"><li>Bater\u00edas: Necesit\u00e1bamos incorporar un paquete de bater\u00edas, pero no quer\u00edamos modificar el grosor total de la carcasa. El cliente ten\u00eda un par de opciones de bater\u00edas, teniendo en cuenta que los cables deb\u00edan doblarse alrededor de la placa de circuito impreso. Se decant\u00f3 por la bater\u00eda m\u00e1s grande. Creamos un hueco poco profundo para garantizar una colocaci\u00f3n correcta y utilizamos cinta adhesiva de doble cara para fijarla en su sitio.<\/li><\/ul>\n\n\n\n<div class=\"wp-block-image\"><figure class=\"aligncenter size-large is-resized\"><img loading=\"lazy\" decoding=\"async\" src=\"https:\/\/toolless.com\/wp-content\/uploads\/2020\/04\/12-2.jpg\" alt=\"\" class=\"wp-image-799\" width=\"420\" height=\"335\" srcset=\"https:\/\/toolless.com\/wp-content\/uploads\/2020\/04\/12-2.jpg 751w, https:\/\/toolless.com\/wp-content\/uploads\/2020\/04\/12-2-300x238.jpg 300w\" sizes=\"auto, (max-width: 420px) 100vw, 420px\" \/><\/figure><\/div>\n\n\n\n<div class=\"wp-block-image\"><figure class=\"aligncenter size-large is-resized\"><img loading=\"lazy\" decoding=\"async\" src=\"https:\/\/toolless.com\/wp-content\/uploads\/2020\/04\/13.jpg\" alt=\"\" class=\"wp-image-798\" width=\"420\" height=\"378\" srcset=\"https:\/\/toolless.com\/wp-content\/uploads\/2020\/04\/13.jpg 676w, https:\/\/toolless.com\/wp-content\/uploads\/2020\/04\/13-300x269.jpg 300w\" sizes=\"auto, (max-width: 420px) 100vw, 420px\" \/><\/figure><\/div>\n\n\n\n<p>Aqu\u00ed est\u00e1 el hueco destinado a alojar la caja de la bater\u00eda:<\/p>\n\n\n\n<div class=\"wp-block-image\"><figure class=\"aligncenter size-large is-resized\"><img loading=\"lazy\" decoding=\"async\" src=\"https:\/\/toolless.com\/wp-content\/uploads\/2020\/04\/14.jpg\" alt=\"\" class=\"wp-image-800\" width=\"420\" height=\"324\" srcset=\"https:\/\/toolless.com\/wp-content\/uploads\/2020\/04\/14.jpg 948w, https:\/\/toolless.com\/wp-content\/uploads\/2020\/04\/14-300x232.jpg 300w, https:\/\/toolless.com\/wp-content\/uploads\/2020\/04\/14-768x594.jpg 768w\" sizes=\"auto, (max-width: 420px) 100vw, 420px\" \/><\/figure><\/div>\n\n\n\n<p>Todos los recortes se realizaron de acuerdo con el PCB del cliente. Se le proporcion\u00f3 al cliente un modelo 3D terminado antes de iniciar la fabricaci\u00f3n para su aprobaci\u00f3n final. Adem\u00e1s, nos envi\u00f3 los componentes para que pudi\u00e9ramos realizar una prueba de montaje del primer art\u00edculo.<\/p>\n\n\n\n<ul class=\"wp-block-list\"><li>Impresi\u00f3n digital: El cliente pudo proporcionar archivos con diferentes extensiones de logotipo, como EPS, PDF y PNG. Nuestro software de impresi\u00f3n es capaz de abrir pr\u00e1cticamente cualquier tipo de archivo gr\u00e1fico.<br>Lo ideal es imprimir sobre una pieza plana antes de doblarla. Nuestro software CAD puede generar archivos DXF que nuestra impresora puede abrir, lo que garantiza una coincidencia perfecta entre la pieza y el archivo. Lo \u00fanico que tenemos que hacer es importar el logotipo del cliente al software de nuestra impresora:<\/li><\/ul>\n\n\n\n<div class=\"wp-block-image\"><figure class=\"aligncenter size-large is-resized\"><img loading=\"lazy\" decoding=\"async\" src=\"https:\/\/toolless.com\/wp-content\/uploads\/2020\/04\/15.jpg\" alt=\"\" class=\"wp-image-801\" width=\"420\" height=\"170\" srcset=\"https:\/\/toolless.com\/wp-content\/uploads\/2020\/04\/15.jpg 685w, https:\/\/toolless.com\/wp-content\/uploads\/2020\/04\/15-300x122.jpg 300w\" sizes=\"auto, (max-width: 420px) 100vw, 420px\" \/><\/figure><\/div>\n\n\n\n<p>Se necesitaron dos configuraciones para imprimir en dos partes.<\/p>\n\n\n\n<h3 class=\"wp-block-heading\">Opiniones de los clientes<\/h3>\n\n\n\n<p>El cliente qued\u00f3 satisfecho con el resultado, pero deseaba realizar algunos ajustes menores. Nuestro proceso permite realizar modificaciones tras la fase de prototipo y en cualquier etapa de la producci\u00f3n. A continuaci\u00f3n, los comentarios del cliente:<\/p>\n\n\n\n<ul class=\"wp-block-list\"><li>Colocar el conector USB en el lado opuesto nos complica mucho el montaje; hay que doblar las piezas de pl\u00e1stico para poder pasar por ah\u00ed. Ahora he colocado todas las aberturas en un solo lado. \u00bfPodr\u00edas modificar tu carcasa para que pueda revisarla? Av\u00edsame si quieres que cambie la disposici\u00f3n de alg\u00fan elemento.<\/li><li>Ustedes tambi\u00e9n imprimieron el logotipo. Ahora tenemos un lugar espec\u00edfico donde queremos que vaya el logotipo: en la parte superior, centrado (no presten atenci\u00f3n a mi marca de bol\u00edgrafo azul que se ve abajo; pueden usar el mismo archivo que tuvieron la \u00faltima vez). Si no cabe, podemos bajar la pantalla LCD; \u00bfpueden Brice y ustedes resolver eso? Tomen nota de que los botones est\u00e1n a la izquierda. Tambi\u00e9n nos gustar\u00eda imprimir el logotipo en la parte trasera; \u00bfpueden ampliar el logotipo para que ocupe toda la zona trasera?.<\/li><\/ul>\n\n\n\n<div class=\"wp-block-image\"><figure class=\"aligncenter size-large is-resized\"><img loading=\"lazy\" decoding=\"async\" src=\"https:\/\/toolless.com\/wp-content\/uploads\/2020\/04\/16.jpg\" alt=\"\" class=\"wp-image-802\" width=\"420\" height=\"373\" srcset=\"https:\/\/toolless.com\/wp-content\/uploads\/2020\/04\/16.jpg 578w, https:\/\/toolless.com\/wp-content\/uploads\/2020\/04\/16-300x266.jpg 300w\" sizes=\"auto, (max-width: 420px) 100vw, 420px\" \/><\/figure><\/div>\n\n\n\n<ul class=\"wp-block-list\"><li>Nos gustar\u00eda dar la vuelta al material para que la superficie lisa quede hacia arriba.<\/li><li>Aumentaste el tama\u00f1o del recorte de la pantalla LCD en aproximadamente un mil\u00edmetro.<\/li><li>Ahora estoy centrando la pantalla LCD en el cristal, as\u00ed que tendr\u00e1s que desplazar la abertura unos mil\u00edmetros.<\/li><\/ul>\n\n\n\n<div class=\"wp-block-image\"><figure class=\"aligncenter size-large is-resized\"><img loading=\"lazy\" decoding=\"async\" src=\"https:\/\/toolless.com\/wp-content\/uploads\/2020\/04\/17-948x1024.jpg\" alt=\"\" class=\"wp-image-803\" width=\"420\" height=\"454\" srcset=\"https:\/\/toolless.com\/wp-content\/uploads\/2020\/04\/17-948x1024.jpg 948w, https:\/\/toolless.com\/wp-content\/uploads\/2020\/04\/17-278x300.jpg 278w, https:\/\/toolless.com\/wp-content\/uploads\/2020\/04\/17-768x830.jpg 768w, https:\/\/toolless.com\/wp-content\/uploads\/2020\/04\/17.jpg 1048w\" sizes=\"auto, (max-width: 420px) 100vw, 420px\" \/><\/figure><\/div>\n\n\n\n<p>El recorte de la pantalla requer\u00eda algo m\u00e1s de espacio, por lo que tuvimos que ampliar la ranura unos mil\u00edmetros por debajo del puerto micro USB. Fabricamos otro prototipo para comprobar que todos los cambios se ajustaban a las necesidades del cliente.<\/p>\n\n\n\n<div class=\"wp-block-image\"><figure class=\"aligncenter size-large is-resized\"><img loading=\"lazy\" decoding=\"async\" src=\"https:\/\/toolless.com\/wp-content\/uploads\/2020\/04\/18.jpg\" alt=\"\" class=\"wp-image-804\" width=\"420\" height=\"238\" srcset=\"https:\/\/toolless.com\/wp-content\/uploads\/2020\/04\/18.jpg 605w, https:\/\/toolless.com\/wp-content\/uploads\/2020\/04\/18-300x170.jpg 300w\" sizes=\"auto, (max-width: 420px) 100vw, 420px\" \/><\/figure><\/div>\n\n\n\n<p>Conclusi\u00f3n<\/p>\n\n\n\n<p>Tras procesar un par de muestras m\u00e1s, la unidad ya est\u00e1 lista para la producci\u00f3n y estamos a la espera de recibir un pedido del cliente. Aqu\u00ed hay algunas fotos del producto final completamente ensamblado.<\/p>\n\n\n\n<div class=\"gb-grid-wrapper gb-grid-wrapper-052a9f9c\">\n<div class=\"gb-grid-column gb-grid-column-11bd5704\"><div class=\"gb-container gb-container-11bd5704\"><div class=\"gb-inside-container\">\n<figure class=\"wp-block-image size-large\"><img loading=\"lazy\" decoding=\"async\" width=\"475\" height=\"632\" src=\"https:\/\/toolless.com\/wp-content\/uploads\/2020\/04\/19.jpg\" alt=\"\" class=\"wp-image-805\" srcset=\"https:\/\/toolless.com\/wp-content\/uploads\/2020\/04\/19.jpg 475w, https:\/\/toolless.com\/wp-content\/uploads\/2020\/04\/19-225x300.jpg 225w\" sizes=\"auto, (max-width: 475px) 100vw, 475px\" \/><\/figure>\n<\/div><\/div><\/div>\n\n\n\n<div class=\"gb-grid-column gb-grid-column-2402c7c1\"><div class=\"gb-container gb-container-2402c7c1\"><div class=\"gb-inside-container\">\n<figure class=\"wp-block-image size-large\"><img loading=\"lazy\" decoding=\"async\" width=\"474\" height=\"631\" src=\"https:\/\/toolless.com\/wp-content\/uploads\/2020\/04\/20.jpg\" alt=\"\" class=\"wp-image-806\" srcset=\"https:\/\/toolless.com\/wp-content\/uploads\/2020\/04\/20.jpg 474w, https:\/\/toolless.com\/wp-content\/uploads\/2020\/04\/20-225x300.jpg 225w\" sizes=\"auto, (max-width: 474px) 100vw, 474px\" \/><\/figure>\n<\/div><\/div><\/div>\n\n\n\n<div class=\"gb-grid-column gb-grid-column-c99ecdc2\"><div class=\"gb-container gb-container-c99ecdc2\"><div class=\"gb-inside-container\">\n<figure class=\"wp-block-image size-large\"><img loading=\"lazy\" decoding=\"async\" width=\"476\" height=\"634\" src=\"https:\/\/toolless.com\/wp-content\/uploads\/2020\/04\/21.jpg\" alt=\"\" class=\"wp-image-807\" srcset=\"https:\/\/toolless.com\/wp-content\/uploads\/2020\/04\/21.jpg 476w, https:\/\/toolless.com\/wp-content\/uploads\/2020\/04\/21-225x300.jpg 225w\" sizes=\"auto, (max-width: 476px) 100vw, 476px\" \/><\/figure>\n<\/div><\/div><\/div>\n<\/div>\n\n\n\n<div class=\"wp-block-image\"><figure class=\"aligncenter size-large is-resized\"><img loading=\"lazy\" decoding=\"async\" src=\"https:\/\/toolless.com\/wp-content\/uploads\/2020\/04\/22-1024x769.jpg\" alt=\"\" class=\"wp-image-808\" width=\"1024\" height=\"769\" srcset=\"https:\/\/toolless.com\/wp-content\/uploads\/2020\/04\/22-1024x769.jpg 1024w, https:\/\/toolless.com\/wp-content\/uploads\/2020\/04\/22-300x225.jpg 300w, https:\/\/toolless.com\/wp-content\/uploads\/2020\/04\/22-768x577.jpg 768w, https:\/\/toolless.com\/wp-content\/uploads\/2020\/04\/22.jpg 1051w\" sizes=\"auto, (max-width: 1024px) 100vw, 1024px\" \/><\/figure><\/div>\n\n\n\n<p>Todos nuestros proyectos plantean diferentes retos y requisitos espec\u00edficos. Estoy muy satisfecho con la forma en que mis ingenieros abordan estas cuestiones. Las resuelven una por una, realizan las modificaciones necesarias y se esfuerzan al m\u00e1ximo para satisfacer a nuestros clientes.<br>Toolless entrega entre 15 y 20 prototipos nuevos al mes, con un promedio de entre 7 y 10 clientes nuevos.<\/p>\n\n\n\n<p>Con ganas de afrontar el pr\u00f3ximo reto\u2026.<\/p>","protected":false},"excerpt":{"rendered":"<p>Project Name Stivax \/ Solace Medical Device Customer Lincoln Technology SolutionStarting Date: 12 Sep 2017Ready for production: 16 Jan 2018 Customer\u2019s Need During the first phone conversation we discussed our processes to familiarize the customer with our capabilities.&nbsp; He wanted to present a design to his customer and get a rough idea of cost. He &#8230; <\/p>\n<p class=\"read-more-container\"><a title=\"Lincoln Technology Solutions\" class=\"read-more button\" href=\"https:\/\/toolless.com\/es\/case-studies\/lincoln-technology-solutions\/#more-777\" aria-label=\"More on Lincoln Technology Solutions\">Leer m\u00e1s<\/a><\/p>","protected":false},"author":1,"featured_media":386,"parent":76,"menu_order":0,"comment_status":"closed","ping_status":"closed","template":"","meta":{"_acf_changed":false,"_seopress_robots_primary_cat":"0","_seopress_titles_title":"Lincoln Technology Solutions","_seopress_titles_desc":"Explore our LCD integration expertise and custom designs for medical devices. Learn how Lincoln Technology Solutions delivered Stivax for Solace!","_seopress_robots_index":"","pgc_sgb_lightbox_settings":"","iawp_total_views":0,"footnotes":""},"page_categories":[],"class_list":{"0":"post-777","1":"page","2":"type-page","3":"status-publish","4":"has-post-thumbnail","6":"infinite-scroll-item"},"acf":[],"_links":{"self":[{"href":"https:\/\/toolless.com\/es\/wp-json\/wp\/v2\/pages\/777","targetHints":{"allow":["GET"]}}],"collection":[{"href":"https:\/\/toolless.com\/es\/wp-json\/wp\/v2\/pages"}],"about":[{"href":"https:\/\/toolless.com\/es\/wp-json\/wp\/v2\/types\/page"}],"author":[{"embeddable":true,"href":"https:\/\/toolless.com\/es\/wp-json\/wp\/v2\/users\/1"}],"replies":[{"embeddable":true,"href":"https:\/\/toolless.com\/es\/wp-json\/wp\/v2\/comments?post=777"}],"version-history":[{"count":3,"href":"https:\/\/toolless.com\/es\/wp-json\/wp\/v2\/pages\/777\/revisions"}],"predecessor-version":[{"id":1034,"href":"https:\/\/toolless.com\/es\/wp-json\/wp\/v2\/pages\/777\/revisions\/1034"}],"up":[{"embeddable":true,"href":"https:\/\/toolless.com\/es\/wp-json\/wp\/v2\/pages\/76"}],"wp:featuredmedia":[{"embeddable":true,"href":"https:\/\/toolless.com\/es\/wp-json\/wp\/v2\/media\/386"}],"wp:attachment":[{"href":"https:\/\/toolless.com\/es\/wp-json\/wp\/v2\/media?parent=777"}],"wp:term":[{"taxonomy":"page_categories","embeddable":true,"href":"https:\/\/toolless.com\/es\/wp-json\/wp\/v2\/page_categories?post=777"}],"curies":[{"name":"wp","href":"https:\/\/api.w.org\/{rel}","templated":true}]}}