{"id":74,"date":"2020-04-17T22:49:48","date_gmt":"2020-04-17T22:49:48","guid":{"rendered":"http:\/\/toolless.ed-webdesigns.com\/?page_id=74"},"modified":"2025-01-23T17:57:34","modified_gmt":"2025-01-23T17:57:34","slug":"archivos-de-la-campana-de-kickstarter","status":"publish","type":"page","link":"https:\/\/toolless.com\/es\/kickstarter-campaign-enclosures\/","title":{"rendered":"Campa\u00f1as en Kickstarter\/Indiegogo"},"content":{"rendered":"<p>Nuestro proceso requiere una inversi\u00f3n m\u00ednima, ya que no se necesitan moldes, ni herramientas de fabricaci\u00f3n, ni hay un pedido m\u00ednimo. La ausencia de herramientas permite crear un prototipo de calidad con un presupuesto ajustado antes de contar con inversores. No solo dise\u00f1amos la carcasa adapt\u00e1ndola al proyecto, sino que tambi\u00e9n tenemos en cuenta su presupuesto para que puedan poner en marcha su campa\u00f1a. Este es nuestro punto fuerte, que hace posibles los proyectos de ingenier\u00eda y emprendimiento.&nbsp;<\/p>\n\n\n\n<p>Muchos de nuestros clientes, con proyectos que abarcan desde dise\u00f1os sencillos hasta otros m\u00e1s complejos, han recurrido a nuestros servicios para lanzar sus productos. Nuestro equipo comprende sus necesidades de dise\u00f1o, sus limitaciones de tiempo y la necesidad de minimizar los costos. Toolless convierte sus conceptos en realidad. Esto queda patente en muchos de los proyectos de nuestros clientes que se han sumado a las comunidades de Kickstarter e Indiegogo. Al encargarnos del dise\u00f1o mec\u00e1nico, ayudamos a los emprendedores a centrarse en su creatividad, lo que se traduce en una mayor probabilidad de obtener financiaci\u00f3n.&nbsp;<\/p>\n\n\n\n<p>Un par de carcasas personalizadas fabricadas por Toolless y presentadas en Kickstarter e Indiegogo:<\/p>\n\n\n\n<p><a href=\"https:\/\/www.kickstarter.com\/\">https:\/\/www.kickstarter.com\/<\/a><\/p>\n\n\n\n<p><a href=\"https:\/\/www.indiegogo.com\/\">https:\/\/www.indiegogo.com\/<\/a><\/p>\n\n\n\n<h4 class=\"wp-block-heading\">Testimonio de Kickstarter:<\/h4>\n\n\n\n<p>\u201cEl proyecto FlightBox es mi primera incursi\u00f3n en el mundo del hardware, y ofrecer una carcasa resistente y bien dise\u00f1ada era una parte fundamental del proyecto. Al principio pensamos en el moldeo por inyecci\u00f3n, pero con nuestro volumen de producci\u00f3n nunca habr\u00edamos recuperado el costo de los moldes. Encontr\u00e9 a Toolless Plastic Solutions mientras buscaba una alternativa asequible. Ellos se encargaron del proceso de convertir nuestro modelo prototipo \u2014que fue creado para impresi\u00f3n 3D\u2014 en un dise\u00f1o incre\u00edblemente resistente y atractivo que pudiera fabricarse a un precio que se ajustara a nuestro presupuesto. Brice y su equipo fueron receptivos, amables y profesionales durante todo el proyecto. Solo tom\u00f3 una semana decidir el dise\u00f1o y obtener un prototipo. Realizaron varios ajustes basados en nuestras pruebas y, una semana despu\u00e9s, ya estaban en producci\u00f3n.<\/p>\n\n\n\n<p>\u201dLa campa\u00f1a de Kickstarter y el proceso de producci\u00f3n que le sigui\u00f3 han sido una experiencia de aprendizaje incre\u00edble. Una de las lecciones m\u00e1s importantes: hay que encontrar a los socios adecuados. Toolless Plastics ha sido un socio fant\u00e1stico y, cuando pasemos a la siguiente fase, volveremos a trabajar con ellos\u00bb.\u201d<\/p>\n\n\n\n<p>Steve Sokol<br>Fundador \u2013 Open Flight Solutions<br><a target=\"_blank\" href=\"https:\/\/www.kickstarter.com\/projects\/251459606\/flightbox-ads-b-receiver-kit\/description\" rel=\"noreferrer noopener\">Flightbox en Kickstarter<\/a><\/p>","protected":false},"excerpt":{"rendered":"<p>Our process requires minimal investment because there\u2019s No Mold, No Tooling, and No minimum order requirement.&nbsp; Toolless makes it possible to create a quality prototype on a tight budget prior to having investors. Not only do we design the enclosure around the project, but we also take into consideration their budget in order to kick &#8230; <\/p>\n<p class=\"read-more-container\"><a title=\"Campa\u00f1as en Kickstarter\/Indiegogo\" class=\"read-more button\" href=\"https:\/\/toolless.com\/es\/kickstarter-campaign-enclosures\/#more-74\" aria-label=\"More on Kickstarter\/Indigogo Campaigns\">Leer m\u00e1s<\/a><\/p>","protected":false},"author":1,"featured_media":295,"parent":0,"menu_order":0,"comment_status":"closed","ping_status":"closed","template":"","meta":{"_acf_changed":false,"_seopress_robots_primary_cat":"","_seopress_titles_title":"Affordable Toolless Enclosures for Kickstarter and Indiegogo","_seopress_titles_desc":"Create quality prototypes on a budget with Toolless. No mold, no tooling, and no minimum orders required. Perfect for Kickstarter & Indiegogo campaigns!","_seopress_robots_index":"","pgc_sgb_lightbox_settings":"","iawp_total_views":0,"footnotes":""},"page_categories":[],"class_list":{"0":"post-74","1":"page","2":"type-page","3":"status-publish","4":"has-post-thumbnail","6":"infinite-scroll-item"},"acf":[],"_links":{"self":[{"href":"https:\/\/toolless.com\/es\/wp-json\/wp\/v2\/pages\/74","targetHints":{"allow":["GET"]}}],"collection":[{"href":"https:\/\/toolless.com\/es\/wp-json\/wp\/v2\/pages"}],"about":[{"href":"https:\/\/toolless.com\/es\/wp-json\/wp\/v2\/types\/page"}],"author":[{"embeddable":true,"href":"https:\/\/toolless.com\/es\/wp-json\/wp\/v2\/users\/1"}],"replies":[{"embeddable":true,"href":"https:\/\/toolless.com\/es\/wp-json\/wp\/v2\/comments?post=74"}],"version-history":[{"count":2,"href":"https:\/\/toolless.com\/es\/wp-json\/wp\/v2\/pages\/74\/revisions"}],"predecessor-version":[{"id":985,"href":"https:\/\/toolless.com\/es\/wp-json\/wp\/v2\/pages\/74\/revisions\/985"}],"wp:featuredmedia":[{"embeddable":true,"href":"https:\/\/toolless.com\/es\/wp-json\/wp\/v2\/media\/295"}],"wp:attachment":[{"href":"https:\/\/toolless.com\/es\/wp-json\/wp\/v2\/media?parent=74"}],"wp:term":[{"taxonomy":"page_categories","embeddable":true,"href":"https:\/\/toolless.com\/es\/wp-json\/wp\/v2\/page_categories?post=74"}],"curies":[{"name":"wp","href":"https:\/\/api.w.org\/{rel}","templated":true}]}}