{"id":72,"date":"2020-04-17T22:49:31","date_gmt":"2020-04-17T22:49:31","guid":{"rendered":"http:\/\/toolless.ed-webdesigns.com\/?page_id=72"},"modified":"2025-01-23T17:54:44","modified_gmt":"2025-01-23T17:54:44","slug":"programa-de-pedidos-globales","status":"publish","type":"page","link":"https:\/\/toolless.com\/es\/blanket-order-program\/","title":{"rendered":"Programa de pedidos abiertos"},"content":{"rendered":"<h3 class=\"wp-block-heading\">\u00bfNecesitas Producci\u00f3n a Granel? Toolless puede ayudar con Pedido en Firme<\/h3>\n\n\n\n<div class=\"wp-block-image\"><figure class=\"alignleft size-large\"><img loading=\"lazy\" decoding=\"async\" width=\"300\" height=\"200\" src=\"https:\/\/toolless.com\/wp-content\/uploads\/2020\/04\/DSC03634-1.jpg\" alt=\"Pedido abierto\" class=\"wp-image-983\"\/><\/figure><\/div>\n\n\n\n<p>En Toolless Plastic Solutions, no solo nos especializamos en prototipos y producciones peque\u00f1as, sino que tambi\u00e9n trabajamos con muchas empresas para sus<strong>\u00a0producci\u00f3n en masa<\/strong>\u00a0corridas de producci\u00f3n bajas a medianas sin el riesgo financiero de tener inventario. Adem\u00e1s, al realizar un pedido global, podemos satisfacer sus necesidades programadas. Con un pedido de gran volumen (10-5000 unidades), podemos ofrecer precios por volumen y transferirle esos ahorros. Para aprovechar nuestra producci\u00f3n en volumen, usted puede decidir qu\u00e9 m\u00e9todo funciona mejor para su empresa. Obtenga el precio por unidad de moldeo por inyecci\u00f3n sin los gastos de moldes o herramientas.<\/p>\n\n\n\n<p><\/p>\n\n\n\n<ul class=\"wp-block-list\"><li>Pedido grande individual<\/li><li>Acuerdos de Reordenamiento (Pedido\/Reordenamiento a lo largo del a\u00f1o)<\/li><li>\u00d3rdenes\/Env\u00edos Programados (Pedido en Firme)<\/li><\/ul>\n\n\n\n<h4 class=\"wp-block-heading\">Pedidos grandes individuales<\/h4>\n\n\n\n<p>Ordene su monto total para la producci\u00f3n en volumen en el momento que lo necesite. Teniendo esto en cuenta, el tiempo de entrega ser\u00eda de tres semanas despu\u00e9s de la recepci\u00f3n de la orden de compra. En consecuencia, dependiendo de la complejidad de su carcasa, Toolless tiene la capacidad de producir hasta 5000 unidades de manera oportuna. Solicite a nuestro Departamento de Ventas una cotizaci\u00f3n para las corridas de producci\u00f3n y as\u00ed capitalizar nuestros precios por volumen.<\/p>\n\n\n\n<h4 class=\"wp-block-heading\">Reordenar acuerdos<\/h4>\n\n\n\n<p>Trabajamos seg\u00fan tu horario para asegurar la disponibilidad del producto con el menor tiempo de entrega posible. Se puede establecer un acuerdo de pedido recurrente para que tengas tiempos de entrega m\u00e1s cortos en reposiciones y prioridad de producci\u00f3n sobre nuevos pedidos.<\/p>\n\n\n\n<h4 class=\"wp-block-heading\">Pedidos\/Env\u00edos Programados<\/h4>\n\n\n\n<p>Define tu configuraci\u00f3n de calendario principal para entregar trimestral, mensual, anual o semestralmente, para facilitar la gesti\u00f3n de productos. Esto le da a tu empresa la capacidad de mantener productos en tu estante sin tener que incurrir en los costos de inventario.<\/p>\n\n\n\n<p><a href=\"\/es\/contactanos\/\">Cont\u00e1ctanos hoy<\/a>, Toolless estar\u00eda feliz de cotizar cualquiera y todos sus proyectos.<\/p>","protected":false},"excerpt":{"rendered":"<p>Need Volume Production? Toolless can help with Blanket Order At Toolless Plastic Solutions, we not only specialize in prototypes and small runs, but we also work with many companies for their\u00a0volume production\u00a0runs. Our flexibility and expertise give us the ability to run\u00a0low to medium production runs\u00a0without the financial risk of carrying inventory. Furthermore, by placing &#8230; <\/p>\n<p class=\"read-more-container\"><a title=\"Programa de pedidos abiertos\" class=\"read-more button\" href=\"https:\/\/toolless.com\/es\/blanket-order-program\/#more-72\" aria-label=\"More on Blanket Order Program\">Leer m\u00e1s<\/a><\/p>","protected":false},"author":1,"featured_media":386,"parent":0,"menu_order":0,"comment_status":"closed","ping_status":"closed","template":"","meta":{"_acf_changed":false,"_seopress_robots_primary_cat":"","_seopress_titles_title":"Blanket Order Program - Toolless Plastic Solutions","_seopress_titles_desc":"Need Volume Production? Toolless can help. At Toolless Plastic Solutions we can work with you on blanket order production schedules.","_seopress_robots_index":"","pgc_sgb_lightbox_settings":"","iawp_total_views":0,"footnotes":""},"page_categories":[],"class_list":{"0":"post-72","1":"page","2":"type-page","3":"status-publish","4":"has-post-thumbnail","6":"infinite-scroll-item"},"acf":[],"_links":{"self":[{"href":"https:\/\/toolless.com\/es\/wp-json\/wp\/v2\/pages\/72","targetHints":{"allow":["GET"]}}],"collection":[{"href":"https:\/\/toolless.com\/es\/wp-json\/wp\/v2\/pages"}],"about":[{"href":"https:\/\/toolless.com\/es\/wp-json\/wp\/v2\/types\/page"}],"author":[{"embeddable":true,"href":"https:\/\/toolless.com\/es\/wp-json\/wp\/v2\/users\/1"}],"replies":[{"embeddable":true,"href":"https:\/\/toolless.com\/es\/wp-json\/wp\/v2\/comments?post=72"}],"version-history":[{"count":4,"href":"https:\/\/toolless.com\/es\/wp-json\/wp\/v2\/pages\/72\/revisions"}],"predecessor-version":[{"id":1590,"href":"https:\/\/toolless.com\/es\/wp-json\/wp\/v2\/pages\/72\/revisions\/1590"}],"wp:featuredmedia":[{"embeddable":true,"href":"https:\/\/toolless.com\/es\/wp-json\/wp\/v2\/media\/386"}],"wp:attachment":[{"href":"https:\/\/toolless.com\/es\/wp-json\/wp\/v2\/media?parent=72"}],"wp:term":[{"taxonomy":"page_categories","embeddable":true,"href":"https:\/\/toolless.com\/es\/wp-json\/wp\/v2\/page_categories?post=72"}],"curies":[{"name":"wp","href":"https:\/\/api.w.org\/{rel}","templated":true}]}}