{"id":68,"date":"2020-04-17T22:48:43","date_gmt":"2020-04-17T22:48:43","guid":{"rendered":"http:\/\/toolless.ed-webdesigns.com\/?page_id=68"},"modified":"2025-01-23T17:54:39","modified_gmt":"2025-01-23T17:54:39","slug":"entrega-rapida","status":"publish","type":"page","link":"https:\/\/toolless.com\/es\/quick-turnaround\/","title":{"rendered":"Entrega r\u00e1pida"},"content":{"rendered":"<h1 class=\"wp-block-heading\">Recintos para dar vuelta r\u00e1pido<\/h1>\n\n\n\n<p>\u00a1Del dise\u00f1o a la producci\u00f3n en cuesti\u00f3n de semanas! El proceso de fabricaci\u00f3n de pl\u00e1stico sin herramientas (Toolless) te permite crear carcasas de pl\u00e1stico personalizadas. Lo hacemos en semanas, no en meses. Y, como no usamos moldes ni herramientas, las modificaciones a tu dise\u00f1o son r\u00e1pidas y f\u00e1ciles. Nuestros ingenieros internos pueden hacer cualquier cambio peque\u00f1o en menos de un d\u00eda por un costo m\u00ednimo, sin necesidad de modificar un molde o hacer un nuevo prototipo.<\/p>\n\n\n\n<p>Cuando necesites un cerramiento de pl\u00e1stico r\u00e1pido y de calidad, Toolless Plastic Solutions est\u00e1 aqu\u00ed. Podemos recibir tu dise\u00f1o y cotizarlo en 48 horas. Una vez aceptada la cotizaci\u00f3n, procedemos a la fase de prototipo, que generalmente toma de 1 a 2 semanas. El tiempo necesario depende de las dificultades de cada dise\u00f1o de cerramiento.<\/p>\n\n\n\n<p>El proceso de fabricaci\u00f3n toma dos semanas o m\u00e1s, dependiendo del volumen de demanda en el taller. Al final, obtienes un gabinete de pl\u00e1stico r\u00e1pido y f\u00e1cil. Todo hecho de forma flexible, asequible y que cumple con tus necesidades de entrega r\u00e1pida.<\/p>\n\n\n\n<p>Con nuestro proceso, llevamos su carcasa desde el dise\u00f1o hasta el modelo 3D, pasando por el prototipo y la fabricaci\u00f3n, m\u00e1s r\u00e1pido que cualquier otro proceso. Haga clic en cualquiera de las im\u00e1genes a continuaci\u00f3n para ver una galer\u00eda de nuestras carcasas anteriores.<\/p>\n\n\n<div class=\"gb-grid-wrapper gb-grid-wrapper-0b907aac\">\n<div class=\"gb-grid-column gb-grid-column-1269cf39\"><div class=\"gb-container gb-container-1269cf39\"><div class=\"gb-inside-container\">\n\n<p>Dise\u00f1o -&gt;<\/p>\n\n\n\n<figure class=\"wp-block-image size-large\"><a href=\"\/es\/custom-plastic-enclosures-gallery\/\"><img loading=\"lazy\" decoding=\"async\" width=\"200\" height=\"133\" src=\"https:\/\/toolless.com\/wp-content\/uploads\/2020\/04\/DSC03604.jpg\" alt=\"\" class=\"wp-image-964\"\/><\/a><\/figure>\n\n<\/div><\/div><\/div>\n\n<div class=\"gb-grid-column gb-grid-column-22e1d84e\"><div class=\"gb-container gb-container-22e1d84e\"><div class=\"gb-inside-container\">\n\n<p>Modelo 3D<\/p>\n\n\n\n<figure class=\"wp-block-image size-large\"><a href=\"\/es\/custom-plastic-enclosures-gallery\/\"><img loading=\"lazy\" decoding=\"async\" width=\"200\" height=\"133\" src=\"https:\/\/toolless.com\/wp-content\/uploads\/2020\/04\/DSC03614.jpg\" alt=\"\" class=\"wp-image-965\"\/><\/a><\/figure>\n\n<\/div><\/div><\/div>\n\n<div class=\"gb-grid-column gb-grid-column-dd4ae233\"><div class=\"gb-container gb-container-dd4ae233\"><div class=\"gb-inside-container\">\n\n<p>Prototipo<\/p>\n\n\n\n<figure class=\"wp-block-image size-large\"><a href=\"\/es\/custom-plastic-enclosures-gallery\/\"><img loading=\"lazy\" decoding=\"async\" width=\"200\" height=\"133\" src=\"https:\/\/toolless.com\/wp-content\/uploads\/2020\/04\/DSC03634.jpg\" alt=\"\" class=\"wp-image-966\"\/><\/a><\/figure>\n\n<\/div><\/div><\/div>\n\n<div class=\"gb-grid-column gb-grid-column-997a3c3e\"><div class=\"gb-container gb-container-997a3c3e\"><div class=\"gb-inside-container\">\n\n<p>Fabricaci\u00f3n<\/p>\n\n\n\n<figure class=\"wp-block-image size-large\"><a href=\"\/es\/custom-plastic-enclosures-gallery\/\"><img loading=\"lazy\" decoding=\"async\" width=\"200\" height=\"133\" src=\"https:\/\/toolless.com\/wp-content\/uploads\/2020\/04\/DSC03643.jpg\" alt=\"\" class=\"wp-image-967\"\/><\/a><\/figure>\n\n<\/div><\/div><\/div>\n<\/div>\n\n\n<p>En Toolless Plastic Solutions nos esforzamos cada d\u00eda por mejorar la calidad, el cumplimiento de los plazos y los precios de nuestros servicios.<\/p>\n\n\n\n<p>Explora nuestro&nbsp;<a href=\"\/es\/cajas-de-plastico-estandar\/\">p\u00e1gina de recintos est\u00e1ndar<\/a>&nbsp;para soluciones r\u00e1pidas a sus necesidades de gabinetes de pl\u00e1stico.<\/p>\n\n\n\n<p>Si desea obtener m\u00e1s informaci\u00f3n, por favor&nbsp;<a href=\"\/es\/contactanos\/\">Cont\u00e1ctanos<\/a>&nbsp;hoy.<\/p>","protected":false},"excerpt":{"rendered":"<p>Enclosures To Turn Around Quickly From design to production in a mater of weeks! The Toolless plastic manufacturing process allows you to create custom plastic enclosures. We do it in weeks, not months. And, because we do not use molds or tooling, modifications to your design are quick and easy.&nbsp;Our in-house engineers are able to &#8230; <\/p>\n<p class=\"read-more-container\"><a title=\"Entrega r\u00e1pida\" class=\"read-more button\" href=\"https:\/\/toolless.com\/es\/quick-turnaround\/#more-68\" aria-label=\"More on Fast Turnaround\">Leer m\u00e1s<\/a><\/p>","protected":false},"author":1,"featured_media":1006,"parent":0,"menu_order":0,"comment_status":"closed","ping_status":"closed","template":"","meta":{"_acf_changed":false,"_seopress_robots_primary_cat":"","_seopress_titles_title":"Quick Custom Plastic Enclosures - Fast Turnaround Solutions","_seopress_titles_desc":"From design to production in a mater of weeks. Make enclosure is a simple process with the technologies and the know-how that we have. It would not","_seopress_robots_index":"","pgc_sgb_lightbox_settings":"","iawp_total_views":0,"footnotes":""},"page_categories":[],"class_list":{"0":"post-68","1":"page","2":"type-page","3":"status-publish","4":"has-post-thumbnail","6":"infinite-scroll-item"},"acf":[],"_links":{"self":[{"href":"https:\/\/toolless.com\/es\/wp-json\/wp\/v2\/pages\/68","targetHints":{"allow":["GET"]}}],"collection":[{"href":"https:\/\/toolless.com\/es\/wp-json\/wp\/v2\/pages"}],"about":[{"href":"https:\/\/toolless.com\/es\/wp-json\/wp\/v2\/types\/page"}],"author":[{"embeddable":true,"href":"https:\/\/toolless.com\/es\/wp-json\/wp\/v2\/users\/1"}],"replies":[{"embeddable":true,"href":"https:\/\/toolless.com\/es\/wp-json\/wp\/v2\/comments?post=68"}],"version-history":[{"count":4,"href":"https:\/\/toolless.com\/es\/wp-json\/wp\/v2\/pages\/68\/revisions"}],"predecessor-version":[{"id":2957,"href":"https:\/\/toolless.com\/es\/wp-json\/wp\/v2\/pages\/68\/revisions\/2957"}],"wp:featuredmedia":[{"embeddable":true,"href":"https:\/\/toolless.com\/es\/wp-json\/wp\/v2\/media\/1006"}],"wp:attachment":[{"href":"https:\/\/toolless.com\/es\/wp-json\/wp\/v2\/media?parent=68"}],"wp:term":[{"taxonomy":"page_categories","embeddable":true,"href":"https:\/\/toolless.com\/es\/wp-json\/wp\/v2\/page_categories?post=68"}],"curies":[{"name":"wp","href":"https:\/\/api.w.org\/{rel}","templated":true}]}}