{"id":66,"date":"2020-04-17T22:48:24","date_gmt":"2020-04-17T22:48:24","guid":{"rendered":"http:\/\/toolless.ed-webdesigns.com\/?page_id=66"},"modified":"2025-01-23T17:54:34","modified_gmt":"2025-01-23T17:54:34","slug":"alta-calidad","status":"publish","type":"page","link":"https:\/\/toolless.com\/es\/high-quality\/","title":{"rendered":"Cajas de pl\u00e1stico de alta calidad"},"content":{"rendered":"<p>Nuestro objetivo es satisfacer las necesidades y requisitos de nuestros clientes siempre que sea posible. Como proveedores de carcasas de pl\u00e1stico a medida, contamos con un equipo de ingenieros capaz de hacer realidad su dise\u00f1o. Toolless Plastic Solutions cuenta con dise\u00f1adores e ingenieros mec\u00e1nicos experimentados que desarrollan nuevos dise\u00f1os de carcasas de pl\u00e1stico o modifican los ya existentes. Adem\u00e1s, debido a la singularidad de nuestro proceso de fabricaci\u00f3n de pl\u00e1stico, nuestro equipo de ingenier\u00eda trabaja directamente con su empresa durante la etapa de dise\u00f1o preliminar. Esto elimina problemas futuros, reduce los tiempos de entrega y mejora la calidad general de las carcasas de pl\u00e1stico.<\/p>\n\n\n\n<p>Con el fin de ofrecer la mayor variedad posible de capacidades de dise\u00f1o para el desarrollo de carcasas de pl\u00e1stico, utilizamos SolidWorks como nuestra principal herramienta de dise\u00f1o. El uso de este sofisticado programa permite a nuestros ingenieros recurrir a nuestra propia biblioteca de dise\u00f1os y modelos para crear un modelo 3D completo en SolidWorks. A continuaci\u00f3n, mediante el software y programas de automatizaci\u00f3n especialmente desarrollados, podemos desarrollar con mayor detalle los dise\u00f1os y los archivos de fabricaci\u00f3n necesarios para producir los paneles de las carcasas de pl\u00e1stico. Tambi\u00e9n proporcionamos los modelos 3D en m\u00faltiples formatos (prt, igs, stp, stl, sldprt) para que pueda ver c\u00f3mo se ver\u00e1 su producto.<\/p>\n\n\n\n<p>Por \u00faltimo, debido a los cortos plazos de entrega que implica nuestro proceso de fabricaci\u00f3n de carcasas de pl\u00e1stico, hemos organizado nuestro departamento de ingenier\u00eda en una estructura matricial multifuncional. En esta estructura, cada proyecto se asigna a un ingeniero espec\u00edfico, quien act\u00faa como nuestro \u201cjefe de proyecto\u201d interno y es responsable de que el dise\u00f1o de la carcasa de pl\u00e1stico se lleve a cabo con \u00e9xito hasta su entrega.<\/p>\n\n\n\n<p>Si desea obtener m\u00e1s informaci\u00f3n, por favor&nbsp;<a href=\"\/es\/contactanos\/\">Cont\u00e1ctanos<\/a>&nbsp;hoy.<\/p>","protected":false},"excerpt":{"rendered":"<p>Our goal is to accommodate our customers&#8217; needs and requirements whenever possible. As a supplier of custom plastic enclosures, we provide an engineering staff that is able to make your design a reality. Toolless Plastic Solutions employs experienced designers and mechanical engineers who develop new or modify existing plastic enclosure designs. Furthermore, due to the &#8230; <\/p>\n<p class=\"read-more-container\"><a title=\"Cajas de pl\u00e1stico de alta calidad\" class=\"read-more button\" href=\"https:\/\/toolless.com\/es\/high-quality\/#more-66\" aria-label=\"More on High Quality Plastic Enclosures\">Leer m\u00e1s<\/a><\/p>","protected":false},"author":1,"featured_media":1004,"parent":0,"menu_order":0,"comment_status":"closed","ping_status":"closed","template":"","meta":{"_acf_changed":false,"_seopress_robots_primary_cat":"","_seopress_titles_title":"Custom Plastic Enclosures - Tailored Design & Quick Turnaround","_seopress_titles_desc":"Toolless know-how will assure you the highest quality in the market. Toolless experience and know-how will allow you to create the project that you","_seopress_robots_index":"","pgc_sgb_lightbox_settings":"","iawp_total_views":0,"footnotes":""},"page_categories":[],"class_list":{"0":"post-66","1":"page","2":"type-page","3":"status-publish","4":"has-post-thumbnail","6":"infinite-scroll-item"},"acf":[],"_links":{"self":[{"href":"https:\/\/toolless.com\/es\/wp-json\/wp\/v2\/pages\/66","targetHints":{"allow":["GET"]}}],"collection":[{"href":"https:\/\/toolless.com\/es\/wp-json\/wp\/v2\/pages"}],"about":[{"href":"https:\/\/toolless.com\/es\/wp-json\/wp\/v2\/types\/page"}],"author":[{"embeddable":true,"href":"https:\/\/toolless.com\/es\/wp-json\/wp\/v2\/users\/1"}],"replies":[{"embeddable":true,"href":"https:\/\/toolless.com\/es\/wp-json\/wp\/v2\/comments?post=66"}],"version-history":[{"count":3,"href":"https:\/\/toolless.com\/es\/wp-json\/wp\/v2\/pages\/66\/revisions"}],"predecessor-version":[{"id":1005,"href":"https:\/\/toolless.com\/es\/wp-json\/wp\/v2\/pages\/66\/revisions\/1005"}],"wp:featuredmedia":[{"embeddable":true,"href":"https:\/\/toolless.com\/es\/wp-json\/wp\/v2\/media\/1004"}],"wp:attachment":[{"href":"https:\/\/toolless.com\/es\/wp-json\/wp\/v2\/media?parent=66"}],"wp:term":[{"taxonomy":"page_categories","embeddable":true,"href":"https:\/\/toolless.com\/es\/wp-json\/wp\/v2\/page_categories?post=66"}],"curies":[{"name":"wp","href":"https:\/\/api.w.org\/{rel}","templated":true}]}}