{"id":62,"date":"2020-04-17T22:46:52","date_gmt":"2020-04-17T22:46:52","guid":{"rendered":"http:\/\/toolless.ed-webdesigns.com\/?page_id=62"},"modified":"2020-05-01T17:56:13","modified_gmt":"2020-05-01T17:56:13","slug":"creativo","status":"publish","type":"page","link":"https:\/\/toolless.com\/es\/creative\/","title":{"rendered":"Proceso de dise\u00f1o creativo"},"content":{"rendered":"<p>Toolless ofrece servicios extraordinarios de dise\u00f1o de gabinetes de pl\u00e1stico.<\/p>\n\n\n\n<p>Si la est\u00e9tica es una prioridad, Toolless fabricar\u00e1 una carcasa de pl\u00e1stico de buena apariencia que cumple con sus especificaciones.<\/p>\n\n\n\n<p>Nuestras tecnolog\u00edas permiten a Toolless crear desde l\u00edneas rectas hasta formas curvas, contamos con la tecnolog\u00eda para ayudarte a llevar tu dise\u00f1o del tablero de dibujo a un producto completo.&nbsp;<\/p>\n\n\n\n<ul class=\"wp-block-list\"><li>Cuando su carcasa de pl\u00e1stico est\u00e9 lista para el siguiente paso, env\u00edenos su dibujo y lo modificaremos con usted.<\/li><li>\u00bfNecesitas una carcasa de pl\u00e1stico para una placa de circuito, pantalla LCD, bater\u00eda, conectores, bomba, etc...?<br>Ll\u00e1manos y te ayudaremos con el proceso.<\/li><\/ul>\n\n\n\n<p>Los recintos pl\u00e1sticos de clientes anteriores incluyen equipos de laboratorio m\u00e9dico, cajas de control industrial, dispositivos de telecomunicaciones, perif\u00e9ricos de computadoras comerciales, componentes de seguridad y unidades de exhibici\u00f3n de puntos de venta.<\/p>\n\n\n\n<p>Con esta amplia experiencia en gabinetes pl\u00e1sticos, Toolless Plastic Solutions puede ayudarte a llevar a cabo tu dise\u00f1o, o a crear uno nuevo que no solo satisfaga tus necesidades, sino que adem\u00e1s luzca bien.<\/p>\n\n\n\n<p>Explora nuestro&nbsp;<a href=\"\/es\/custom-plastic-enclosures-gallery\/\">p\u00e1ginas de galer\u00eda<\/a>&nbsp;para soluciones creativas que satisfagan sus necesidades de cerramientos.<\/p>\n\n\n\n<p>Si desea obtener m\u00e1s informaci\u00f3n, por favor&nbsp;<a href=\"https:\/\/toolless.com\/es\/contact-us.aspx\/\">continuar<\/a><a href=\"\/es\/contactanos\/\">Act\u00faa hoy.<\/a><\/p>","protected":false},"excerpt":{"rendered":"<p>Toolless offers extraordinary plastic enclosure design services. If aesthetics is a priority, Toolless will make a nice looking plastic enclosure that meets your specifications. Our technologies allow Toolless to make straight lines to curved shapes, we have the technology to help you bring your design from the drawing board into a complete product.&nbsp; When your &#8230; <\/p>\n<p class=\"read-more-container\"><a title=\"Proceso de dise\u00f1o creativo\" class=\"read-more button\" href=\"https:\/\/toolless.com\/es\/creative\/#more-62\" aria-label=\"More on Creative Design Process\">Leer m\u00e1s<\/a><\/p>","protected":false},"author":1,"featured_media":1000,"parent":0,"menu_order":0,"comment_status":"closed","ping_status":"closed","template":"","meta":{"_acf_changed":false,"_seopress_robots_primary_cat":"0","_seopress_titles_title":"Elegant Plastic Enclosure Designs by Toolless","_seopress_titles_desc":"Toolless offers expert plastic enclosure design services. From aesthetic designs to complex shapes, we bring your ideas to life. Contact us today!","_seopress_robots_index":"","pgc_sgb_lightbox_settings":"","iawp_total_views":0,"footnotes":""},"page_categories":[],"class_list":{"0":"post-62","1":"page","2":"type-page","3":"status-publish","4":"has-post-thumbnail","6":"infinite-scroll-item"},"acf":[],"_links":{"self":[{"href":"https:\/\/toolless.com\/es\/wp-json\/wp\/v2\/pages\/62","targetHints":{"allow":["GET"]}}],"collection":[{"href":"https:\/\/toolless.com\/es\/wp-json\/wp\/v2\/pages"}],"about":[{"href":"https:\/\/toolless.com\/es\/wp-json\/wp\/v2\/types\/page"}],"author":[{"embeddable":true,"href":"https:\/\/toolless.com\/es\/wp-json\/wp\/v2\/users\/1"}],"replies":[{"embeddable":true,"href":"https:\/\/toolless.com\/es\/wp-json\/wp\/v2\/comments?post=62"}],"version-history":[{"count":3,"href":"https:\/\/toolless.com\/es\/wp-json\/wp\/v2\/pages\/62\/revisions"}],"predecessor-version":[{"id":1001,"href":"https:\/\/toolless.com\/es\/wp-json\/wp\/v2\/pages\/62\/revisions\/1001"}],"wp:featuredmedia":[{"embeddable":true,"href":"https:\/\/toolless.com\/es\/wp-json\/wp\/v2\/media\/1000"}],"wp:attachment":[{"href":"https:\/\/toolless.com\/es\/wp-json\/wp\/v2\/media?parent=62"}],"wp:term":[{"taxonomy":"page_categories","embeddable":true,"href":"https:\/\/toolless.com\/es\/wp-json\/wp\/v2\/page_categories?post=62"}],"curies":[{"name":"wp","href":"https:\/\/api.w.org\/{rel}","templated":true}]}}