{"id":60,"date":"2020-04-17T22:46:30","date_gmt":"2020-04-17T22:46:30","guid":{"rendered":"http:\/\/toolless.ed-webdesigns.com\/?page_id=60"},"modified":"2025-01-23T17:54:15","modified_gmt":"2025-01-23T17:54:15","slug":"flexible","status":"publish","type":"page","link":"https:\/\/toolless.com\/es\/flexible\/","title":{"rendered":"Cajas de pl\u00e1stico personalizadas y flexibles"},"content":{"rendered":"<p>Nuestro proceso permite realizar cambios de dise\u00f1o flexibles \u201csobre la marcha\u201d sin necesidad de modificar los moldes ni las herramientas.<\/p>\n\n\n\n<p>Toolless utiliza un software multitarea para un proceso de fabricaci\u00f3n de carcasas de pl\u00e1stico flexible que permite incorporar cambios f\u00e1cilmente y en muy poco tiempo. Nuestra tecnolog\u00eda permite crear muchos dise\u00f1os diferentes, lo que hace que sus carcasas de pl\u00e1stico sean sencillamente \u00fanicas.<\/p>\n\n\n\n<ul class=\"wp-block-list\"><li>Ya sea que sus necesidades se basen en la est\u00e9tica o en la funcionalidad, coordinaremos nuestro<br>recursos para satisfacer sus necesidades y especificaciones en materia de carcasas de pl\u00e1stico.<\/li><li>Gracias a nuestro software 3D de \u00faltima generaci\u00f3n, podemos crear su carcasa de pl\u00e1stico tal y como usted la imagina.<\/li><li>No hay pedido m\u00ednimo; tanto si pides 1 como 1000, nuestra prioridad es la satisfacci\u00f3n del cliente.<\/li><li>Ofrecemos la posibilidad de realizar modificaciones en sus carcasas de pl\u00e1stico en cualquier momento con plazos de entrega r\u00e1pidos.<\/li><\/ul>\n\n\n\n<p>Toolless Plastic Solutions no requiere moldes, lo que nos convierte en una alternativa flexible al proceso de inyecci\u00f3n. Gracias a nuestra tecnolog\u00eda 3D y a nuestro proceso de fabricaci\u00f3n, podemos modificar las piezas cuando sea necesario a un bajo costo. Esto permite realizar modificaciones en sus carcasas de pl\u00e1stico en cualquier momento con plazos de entrega r\u00e1pidos.<\/p>\n\n\n\n<p>Por ejemplo: si al recibir el prototipo el dise\u00f1o o la ubicaci\u00f3n de la serigraf\u00eda no se corresponden con lo que ten\u00edas en mente o deseabas, podremos modificarlo por un costo m\u00ednimo sin necesidad de fabricar un nuevo molde.<\/p>\n\n\n\n<p>Si desea obtener m\u00e1s informaci\u00f3n, por favor&nbsp;<a href=\"https:\/\/toolless.com\/es\/request-for-quote.aspx\/\">Cont\u00e1ctanos<\/a>&nbsp;hoy.<\/p>","protected":false},"excerpt":{"rendered":"<p>Our process allows for flexible design changes \u201con the fly\u201d with zero modifications to molds or tooling. Toolless uses multi-tasking software for a flexible plastic enclosure process that easily incorporates changes in minimal time. Our technology allows for many different designs, making your plastic enclosures simply unique. Whether your requirements are based on aesthetics or &#8230; <\/p>\n<p class=\"read-more-container\"><a title=\"Cajas de pl\u00e1stico personalizadas y flexibles\" class=\"read-more button\" href=\"https:\/\/toolless.com\/es\/flexible\/#more-60\" aria-label=\"More on Flexible Custom Plastic Enclosures\">Leer m\u00e1s<\/a><\/p>","protected":false},"author":1,"featured_media":990,"parent":0,"menu_order":0,"comment_status":"closed","ping_status":"closed","template":"","meta":{"_acf_changed":false,"_seopress_robots_primary_cat":"","_seopress_titles_title":"Flexible Plastic Enclosures Without Molds | Toolless Solutions","_seopress_titles_desc":"Our process allows for design changes on the fly, because our engineers are proficient in modifying CNC programming language. Toolless process does","_seopress_robots_index":"","pgc_sgb_lightbox_settings":"","iawp_total_views":0,"footnotes":""},"page_categories":[],"class_list":{"0":"post-60","1":"page","2":"type-page","3":"status-publish","4":"has-post-thumbnail","6":"infinite-scroll-item"},"acf":[],"_links":{"self":[{"href":"https:\/\/toolless.com\/es\/wp-json\/wp\/v2\/pages\/60","targetHints":{"allow":["GET"]}}],"collection":[{"href":"https:\/\/toolless.com\/es\/wp-json\/wp\/v2\/pages"}],"about":[{"href":"https:\/\/toolless.com\/es\/wp-json\/wp\/v2\/types\/page"}],"author":[{"embeddable":true,"href":"https:\/\/toolless.com\/es\/wp-json\/wp\/v2\/users\/1"}],"replies":[{"embeddable":true,"href":"https:\/\/toolless.com\/es\/wp-json\/wp\/v2\/comments?post=60"}],"version-history":[{"count":2,"href":"https:\/\/toolless.com\/es\/wp-json\/wp\/v2\/pages\/60\/revisions"}],"predecessor-version":[{"id":960,"href":"https:\/\/toolless.com\/es\/wp-json\/wp\/v2\/pages\/60\/revisions\/960"}],"wp:featuredmedia":[{"embeddable":true,"href":"https:\/\/toolless.com\/es\/wp-json\/wp\/v2\/media\/990"}],"wp:attachment":[{"href":"https:\/\/toolless.com\/es\/wp-json\/wp\/v2\/media?parent=60"}],"wp:term":[{"taxonomy":"page_categories","embeddable":true,"href":"https:\/\/toolless.com\/es\/wp-json\/wp\/v2\/page_categories?post=60"}],"curies":[{"name":"wp","href":"https:\/\/api.w.org\/{rel}","templated":true}]}}