{"id":58,"date":"2020-04-17T22:46:10","date_gmt":"2020-04-17T22:46:10","guid":{"rendered":"http:\/\/toolless.ed-webdesigns.com\/?page_id=58"},"modified":"2025-01-23T17:53:11","modified_gmt":"2025-01-23T17:53:11","slug":"proceso-de-fabricacion-de-carcasas-de-plastico","status":"publish","type":"page","link":"https:\/\/toolless.com\/es\/plastic-enclosure-manufacturing-process\/","title":{"rendered":"Proceso de fabricaci\u00f3n de carcasas de pl\u00e1stico"},"content":{"rendered":"<h3 class=\"wp-block-heading\">Tecnolog\u00eda sin moho<\/h3>\n\n\n\n<p>La base del proceso \u2019Toolless\u00bb se sustenta en nuestra capacidad para dise\u00f1ar y fabricar carcasas sin necesidad de utilizar utillaje fijo. La idea del \u00abutillaje cero\u00bb surgi\u00f3 durante la recesi\u00f3n econ\u00f3mica de los a\u00f1os 90, como consecuencia de las restricciones presupuestarias en ingenier\u00eda. A un ingeniero se le ocurri\u00f3 la idea de aplicar el proceso de la chapa met\u00e1lica a las l\u00e1minas de pl\u00e1stico, eliminando as\u00ed la necesidad de un costoso utillaje.  Utilizando una sencilla fresadora CNC y detallando un proceso de ensamblaje t\u00e9cnico, naci\u00f3 esta tecnolog\u00eda \u00fanica de Toolless. Para los emprendedores, inventores e ingenieros, este proceso represent\u00f3 un cambio importante. No solo redujo el presupuesto para crear un prototipo, sino que tambi\u00e9n minimiza el gasto para producir tiradas de producci\u00f3n bajas y medianas, al tiempo que mantiene un dise\u00f1o est\u00e9ticamente atractivo.<\/p>\n\n\n\n<p>Gracias a nuestras caracter\u00edsticas de dise\u00f1o \u00fanicas, Toolless es tu aliado para crear el dise\u00f1o m\u00e1s atractivo al precio m\u00e1s competitivo.<\/p>\n\n\n<div class=\"gb-grid-wrapper gb-grid-wrapper-b3d47bbc\">\n<div class=\"gb-grid-column gb-grid-column-6452a7fe\"><div class=\"gb-container gb-container-6452a7fe\"><div class=\"gb-inside-container\">\n\n<figure class=\"wp-block-embed is-type-video is-provider-youtube wp-block-embed-youtube wp-embed-aspect-16-9 wp-has-aspect-ratio\"><div class=\"wp-block-embed__wrapper\">\n<iframe loading=\"lazy\" title=\"Presentaci\u00f3n de soluciones pl\u00e1sticas sin herramientas\" width=\"1200\" height=\"675\" src=\"https:\/\/www.youtube.com\/embed\/9U4Y21EvZuM?feature=oembed\" frameborder=\"0\" allow=\"accelerometer; autoplay; encrypted-media; gyroscope; picture-in-picture\" allowfullscreen><\/iframe>\n<\/div><\/figure>\n\n<\/div><\/div><\/div>\n\n<div class=\"gb-grid-column gb-grid-column-19aabee6\"><div class=\"gb-container gb-container-19aabee6\"><div class=\"gb-inside-container\">\n<div class=\"gb-button-wrapper gb-button-wrapper-7426235c\">\n\n<a class=\"gb-button gb-button-1332bf70 gb-button-text button\" href=\"\/es\/contactanos\/\">Cont\u00e1ctanos<\/a>\n\n<\/div>\n<\/div><\/div><\/div>\n<\/div>\n\n\n<h3 class=\"wp-block-heading\">Mecanizado CNC<\/h3>\n\n\n\n<p>La tecnolog\u00eda Toolless es un proceso de mecanizado y fabricaci\u00f3n CNC que utiliza t\u00e9cnicas de ensamblaje tomadas de los sectores de la chapa met\u00e1lica y la ebanister\u00eda. Utilizamos este mecanizado CNC de principio a fin, partiendo de cero, a diferencia de la competencia, que utiliza<em>e&nbsp;<\/em>carcasas prefabricadas. Esto permite a Toolless prescindir de intermediarios y fabricar toda la carcasa internamente.&nbsp;<\/p>\n\n\n\n<p>Esta tecnolog\u00eda se utiliza para fabricar r\u00e1pidamente cajas de pl\u00e1stico a medida, cajas con cavidades, biseles, piezas mecanizadas y conjuntos, lo que permite plazos de entrega cortos gracias a nuestro proceso de diez pasos.<\/p>\n\n\n\n<h3 class=\"wp-block-heading\">Proceso de diez pasos<\/h3>\n\n\n\n<ol class=\"wp-block-list\">\n<li>Dise\u00f1a la carcasa de pl\u00e1stico a partir de un plano acotado o un archivo CAD en el que se muestren las placas de circuito y los componentes electr\u00f3nicos orientados en el espacio.<\/li>\n\n\n\n<li>Genera el c\u00f3digo CNC que controla todas las operaciones de mecanizado y plegado.<\/li>\n\n\n\n<li>Mecanice la l\u00e1mina de pl\u00e1stico para a\u00f1adir aberturas, rejillas de ventilaci\u00f3n y huecos.<\/li>\n\n\n\n<li>Corta trozos individuales de la l\u00e1mina.<\/li>\n\n\n\n<li>Prepare los detalles de las uniones y los bordes en las fresadoras. Todas las uniones presentan un dise\u00f1o modificado de leng\u00fceta y ranura.<\/li>\n\n\n\n<li>Marque la l\u00e1mina con cortes de flexi\u00f3n en una sierra de mesa especial. Estos cortes de flexi\u00f3n en forma de V se extienden hasta la mitad de la l\u00e1mina y aumentan la precisi\u00f3n del doblado.<\/li>\n\n\n\n<li>Doble las piezas en una m\u00e1quina de doblado t\u00e9rmico computarizada que se asemeja a una prensa plegadora de chapa.<\/li>\n\n\n\n<li>Calienta los insertos met\u00e1licos para encajarlos en los salientes. Instala los salientes en los huecos mecanizados de la chapa.<\/li>\n\n\n\n<li>Ensamble las piezas mediante un proceso de uni\u00f3n con disolvente.<\/li>\n\n\n\n<li>Realizar operaciones secundarias como pintura, blindaje contra interferencias electromagn\u00e9ticas e instalaci\u00f3n de pestillos o bisagras.<\/li>\n<\/ol>\n\n\n\n<p>A continuaci\u00f3n, tus carcasas personalizadas se env\u00edan y llegan a tus manos r\u00e1pidamente.<\/p>\n\n\n\n<h3 class=\"wp-block-heading\">Ventajas frente al moldeo por inyecci\u00f3n<\/h3>\n\n\n\n<p><strong>Sin gastos de utillaje ni inversi\u00f3n de capital \u2013 Sin pedidos m\u00ednimos<\/strong><\/p>\n\n\n<div class=\"gb-grid-wrapper gb-grid-wrapper-b7327c48\">\n<div class=\"gb-grid-column gb-grid-column-aaf5b9e5\"><div class=\"gb-container gb-container-aaf5b9e5\"><div class=\"gb-inside-container\">\n<div class=\"wp-block-image\">\n<figure class=\"aligncenter size-large\"><img loading=\"lazy\" decoding=\"async\" width=\"347\" height=\"258\" src=\"https:\/\/toolless.com\/wp-content\/uploads\/2020\/04\/Injection-molding.jpg\" alt=\"\" class=\"wp-image-898\" srcset=\"https:\/\/toolless.com\/wp-content\/uploads\/2020\/04\/Injection-molding.jpg 347w, https:\/\/toolless.com\/wp-content\/uploads\/2020\/04\/Injection-molding-300x223.jpg 300w\" sizes=\"auto, (max-width: 347px) 100vw, 347px\" \/><figcaption class=\"wp-element-caption\"><strong>Moldeo por inyecci\u00f3n tradicional<\/strong><\/figcaption><\/figure>\n<\/div>\n<\/div><\/div><\/div>\n\n<div class=\"gb-grid-column gb-grid-column-ccfa9f57\"><div class=\"gb-container gb-container-ccfa9f57\"><div class=\"gb-inside-container\">\n<div class=\"wp-block-image\">\n<figure class=\"aligncenter size-large is-resized\"><img loading=\"lazy\" decoding=\"async\" width=\"405\" height=\"290\" src=\"https:\/\/toolless.com\/wp-content\/uploads\/2020\/04\/Toolless-injection-molding.jpg\" alt=\"\" class=\"wp-image-899\" style=\"width:360px;height:258px\" srcset=\"https:\/\/toolless.com\/wp-content\/uploads\/2020\/04\/Toolless-injection-molding.jpg 405w, https:\/\/toolless.com\/wp-content\/uploads\/2020\/04\/Toolless-injection-molding-300x215.jpg 300w\" sizes=\"auto, (max-width: 405px) 100vw, 405px\" \/><figcaption class=\"wp-element-caption\"><strong>Alternativa sin herramientas<\/strong><\/figcaption><\/figure>\n<\/div>\n<\/div><\/div><\/div>\n<\/div>\n\n\n<p>No es raro que los clientes se pongan en contacto con nosotros para solicitar un dise\u00f1o de moldeo por inyecci\u00f3n. En realidad, es comprensible, ya que nuestra tecnolog\u00eda es \u00fanica y no se ense\u00f1a en escuelas de oficios ni en universidades. En lugar de utilizar pl\u00e1stico licuado en un molde, manipulamos grandes l\u00e1minas de pl\u00e1stico mediante fresado, taladrado, doblado, corte y ensamblaje. A este proceso lo denominamos el \u201cproceso de diez pasos\u201d.<\/p>\n\n\n\n<p>La ventaja de nuestra tecnolog\u00eda frente al moldeo por inyecci\u00f3n es la posibilidad de realizar modificaciones en cualquier etapa del proceso sin tener que incurrir en los gastos que supone modificar un molde, lo cual puede suponer un problema importante y requerir la adquisici\u00f3n de otro molde si los cambios no se ajustan a los par\u00e1metros del molde.<\/p>\n\n\n\n<p>En Toolless, incorporamos modificaciones sobre la marcha, ya sea para una pieza \u00fanica o para producciones recurrentes; no hay un pedido m\u00ednimo. Toolless es tu socio de confianza para carcasas personalizadas para dispositivos electr\u00f3nicos, aplicaciones m\u00e9dicas o cualquier otro campo en el que necesites una carcasa.<\/p>\n\n\n\n<p>Nuestra fase de prototipos puede resultar entre 10 y 20 veces m\u00e1s rentable que la fabricaci\u00f3n de un molde. Nuestros precios por volumen suelen ser muy competitivos en comparaci\u00f3n con el moldeo por inyecci\u00f3n, dependiendo de la cantidad y la complejidad del proyecto. Solicite un presupuesto para su proyecto; quiz\u00e1 se sorprenda de lo rentable que puede resultar Toolless.<\/p>\n\n\n\n<p><strong>Entrega r\u00e1pida<\/strong><\/p>\n\n\n\n<p>Otra ventaja de la tecnolog\u00eda sin moldes es el plazo de entrega. Mientras que el moldeo por inyecci\u00f3n tiene un plazo medio de 6 semanas para la creaci\u00f3n de prototipos y entre 3 y 4 semanas adicionales para la producci\u00f3n en masa, la tecnolog\u00eda sin moldes ofrece, en cambio, un plazo muy atractivo de entre 5 y 10 d\u00edas para la creaci\u00f3n de prototipos y de entre 2 y 4 semanas para la entrega de la producci\u00f3n. Adem\u00e1s, si el 1<sup>st<\/sup>&nbsp;El prototipo necesita peque\u00f1os ajustes; las modificaciones no solo se realizan en muy poco tiempo (de 2 a 3 d\u00edas), sino que, a menudo, son gratuitas.<\/p>\n\n\n\n<p>Los cambios en el moldeo por inyecci\u00f3n suelen ser m\u00e1s dif\u00edciles de implementar y el plazo de entrega puede ser prolongado.<\/p>\n\n\n\n<p><strong>Aspecto de alta calidad<\/strong><\/p>\n\n\n\n<p>El aspecto est\u00e9tico es un argumento de venta importante para la mayor\u00eda de las empresas. Las tecnolog\u00edas sin moldes compiten muy bien con el moldeo por inyecci\u00f3n. De hecho, algunos clientes a menudo no notan la diferencia entre ambas tecnolog\u00edas, ya que las carcasas fabricadas sin moldes presentan juntas imperceptibles. Tenemos la capacidad de mejorar el aspecto de un cierre a\u00f1adiendo un toque de estilo a una carcasa sencilla, de forma similar a lo que se consigue con el moldeo por inyecci\u00f3n.<\/p>\n\n\n\n<p><strong>Borrador cero \u2013 Sin herramientas<\/strong><\/p>\n\n\n\n<p>Dado que fabricamos nuestros productos a partir de una l\u00e1mina plana de pl\u00e1stico, nuestras carcasas no presentan inclinaci\u00f3n, lo que hace que el dise\u00f1o sea sencillo y comprensible para cualquier dise\u00f1ador. El pliegue de nuestras piezas puede ser perpendicular o formar un \u00e1ngulo diferente. El dise\u00f1o de una pieza para moldeo por inyecci\u00f3n requiere ciertos conocimientos y formaci\u00f3n sobre el proceso de moldeo por inyecci\u00f3n. Nuestro proceso es f\u00e1cil de entender y nuestro equipo de ingenier\u00eda in situ est\u00e1 a su disposici\u00f3n para ayudarle.<\/p>\n\n\n\n<p><strong>Los cambios se incorporan f\u00e1cilmente<\/strong><\/p>\n\n\n\n<p>Como se mencion\u00f3 anteriormente, a diferencia del moldeo por inyecci\u00f3n, nuestro proceso es muy flexible, lo que permite incorporar modificaciones sencillas con un solo clic. Por ejemplo, si un dispositivo queda obsoleto debido a cambios en la placa de circuito o en los componentes, una carcasa moldeada requerir\u00eda cambios de dise\u00f1o, investigaci\u00f3n y desarrollo, probablemente un nuevo molde, un proceso de aprobaci\u00f3n, etc. Con Toolless, estamos acostumbrados a este tipo de cambios, ya que nuestros clientes conocen nuestra capacidad para modificar una carcasa. Trabajar con Toolless incluye capacitaci\u00f3n gratuita, por lo que la mayor\u00eda de nuestros clientes pueden realizar los cambios por s\u00ed mismos.<\/p>\n\n\n\n<p>En el panorama econ\u00f3mico actual, donde las nuevas tecnolog\u00edas surgen de la noche a la ma\u00f1ana, trabajar con Toolless supone un verdadero punto de inflexi\u00f3n, ya que permite responder de inmediato a las necesidades de los clientes.<\/p>\n\n\n\n<p><strong>Se pueden a\u00f1adir elementos complejos, como salientes, nervaduras y encajes<\/strong><\/p>\n\n\n\n<p>Los rebajes y las protuberancias pueden resultar a veces muy dif\u00edciles de incorporar en un molde; sin embargo, gracias a nuestras capacidades de uni\u00f3n durante el proceso, estas caracter\u00edsticas se incorporan f\u00e1cilmente y no requieren conocimientos de moldeo por inyecci\u00f3n.<\/p>","protected":false},"excerpt":{"rendered":"<p>No Mold Technology The foundation of Toolless Process is anchored in our ability to design and manufacture enclosures without the use of hard tooling. The idea of Zero tooling was born out of 90\u2019s economic recession as the result of engineering budget restrictions. One engineer had the idea of adopting the sheet metal process to &#8230; <\/p>\n<p class=\"read-more-container\"><a title=\"Proceso de fabricaci\u00f3n de carcasas de pl\u00e1stico\" class=\"read-more button\" href=\"https:\/\/toolless.com\/es\/plastic-enclosure-manufacturing-process\/#more-58\" aria-label=\"More on Plastic Enclosure Manufacturing Process\">Leer m\u00e1s<\/a><\/p>","protected":false},"author":1,"featured_media":992,"parent":0,"menu_order":0,"comment_status":"closed","ping_status":"closed","template":"","meta":{"_acf_changed":false,"_seopress_robots_primary_cat":"","_seopress_titles_title":"Plastic Enclosure | Manufacturing Process","_seopress_titles_desc":"The Toolless technology is a CNC machining and fabrication process that uses assembly and machining techniques borrowed from the sheet metal","_seopress_robots_index":"","pgc_sgb_lightbox_settings":"","iawp_total_views":0,"footnotes":""},"page_categories":[],"class_list":{"0":"post-58","1":"page","2":"type-page","3":"status-publish","4":"has-post-thumbnail","6":"infinite-scroll-item"},"acf":[],"_links":{"self":[{"href":"https:\/\/toolless.com\/es\/wp-json\/wp\/v2\/pages\/58","targetHints":{"allow":["GET"]}}],"collection":[{"href":"https:\/\/toolless.com\/es\/wp-json\/wp\/v2\/pages"}],"about":[{"href":"https:\/\/toolless.com\/es\/wp-json\/wp\/v2\/types\/page"}],"author":[{"embeddable":true,"href":"https:\/\/toolless.com\/es\/wp-json\/wp\/v2\/users\/1"}],"replies":[{"embeddable":true,"href":"https:\/\/toolless.com\/es\/wp-json\/wp\/v2\/comments?post=58"}],"version-history":[{"count":5,"href":"https:\/\/toolless.com\/es\/wp-json\/wp\/v2\/pages\/58\/revisions"}],"predecessor-version":[{"id":2955,"href":"https:\/\/toolless.com\/es\/wp-json\/wp\/v2\/pages\/58\/revisions\/2955"}],"wp:featuredmedia":[{"embeddable":true,"href":"https:\/\/toolless.com\/es\/wp-json\/wp\/v2\/media\/992"}],"wp:attachment":[{"href":"https:\/\/toolless.com\/es\/wp-json\/wp\/v2\/media?parent=58"}],"wp:term":[{"taxonomy":"page_categories","embeddable":true,"href":"https:\/\/toolless.com\/es\/wp-json\/wp\/v2\/page_categories?post=58"}],"curies":[{"name":"wp","href":"https:\/\/api.w.org\/{rel}","templated":true}]}}