{"id":56,"date":"2020-04-17T22:45:47","date_gmt":"2020-04-17T22:45:47","guid":{"rendered":"http:\/\/toolless.ed-webdesigns.com\/?page_id=56"},"modified":"2025-01-23T17:53:11","modified_gmt":"2025-01-23T17:53:11","slug":"impresion-digital-sobre-piezas-de-plastico","status":"publish","type":"page","link":"https:\/\/toolless.com\/es\/plastic-enclosure-digital-printing-on-plastic-parts\/","title":{"rendered":"Impresi\u00f3n digital"},"content":{"rendered":"<h3 class=\"wp-block-heading\">\u00bfNecesitas mejores gr\u00e1ficos para tu carcasa?<\/h3>\n\n\n\n<div class=\"wp-block-image\"><figure class=\"alignright size-large\"><img loading=\"lazy\" decoding=\"async\" width=\"400\" height=\"266\" src=\"https:\/\/toolless.com\/wp-content\/uploads\/2020\/04\/6645.jpg\" alt=\"\" class=\"wp-image-957\" srcset=\"https:\/\/toolless.com\/wp-content\/uploads\/2020\/04\/6645.jpg 400w, https:\/\/toolless.com\/wp-content\/uploads\/2020\/04\/6645-300x200.jpg 300w\" sizes=\"auto, (max-width: 400px) 100vw, 400px\" \/><\/figure><\/div>\n\n\n\n<p>Toolless siempre est\u00e1 buscando nuevas formas de optimizar la calidad y la velocidad de su producci\u00f3n. Por eso, hemos invertido en un sistema de impresi\u00f3n digital para ofrecerte la mejor calidad de impresi\u00f3n, mejores gr\u00e1ficos, m\u00e1s colorido y sin l\u00edmites en el n\u00famero de colores. Tus im\u00e1genes se ver\u00e1n m\u00e1s n\u00edtidas y detalladas. Adem\u00e1s, ofrece una mejor adherencia al pl\u00e1stico que la serigraf\u00eda est\u00e1ndar y, como siempre, no se necesitan herramientas para manejar la m\u00e1quina.<\/p>\n\n\n\n<h3 class=\"wp-block-heading\">Impresi\u00f3n digital sobre piezas de pl\u00e1stico<\/h3>\n\n\n\n<div class=\"wp-block-image\"><figure class=\"alignleft size-large\"><img loading=\"lazy\" decoding=\"async\" width=\"400\" height=\"266\" src=\"https:\/\/toolless.com\/wp-content\/uploads\/2020\/04\/6683.jpg\" alt=\"\" class=\"wp-image-958\" srcset=\"https:\/\/toolless.com\/wp-content\/uploads\/2020\/04\/6683.jpg 400w, https:\/\/toolless.com\/wp-content\/uploads\/2020\/04\/6683-300x200.jpg 300w\" sizes=\"auto, (max-width: 400px) 100vw, 400px\" \/><\/figure><\/div>\n\n\n\n<p>La impresi\u00f3n digital en piezas de pl\u00e1stico es una forma en que las empresas pueden personalizar sus gabinetes y, al mismo tiempo, darles vida. Nadie quiere tener un gabinete aburrido, gris y l\u00fagubre que recuerde a un funeral. Toolless Plastic Solutions te abrir\u00e1 el camino hacia un dise\u00f1o atractivo que tambi\u00e9n tenga color e identidad. Deja que Toolless sea la soluci\u00f3n para la impresi\u00f3n digital en las piezas de pl\u00e1stico de tu gabinete.<\/p>\n\n\n\n<p>Hemos ampliado nuestra capacidad de impresi\u00f3n digital con dos m\u00e1quinas dedicadas exclusivamente a la creaci\u00f3n de prototipos o a la producci\u00f3n, por lo que nuestras posibilidades de impresi\u00f3n son ahora infinitas<\/p>\n\n\n\n<p><strong>Un rendimiento incre\u00edble para piezas peque\u00f1as y prototipos. Alta velocidad y excelente resoluci\u00f3n.<\/strong><\/p>\n\n\n\n<ul class=\"wp-block-list\"><li>Crea textos incre\u00edblemente n\u00edtidos e im\u00e1genes vibrantes a todo color con una resistencia excepcional a los disolventes y a la abrasi\u00f3n en una amplia variedad de soportes<\/li><li>Posibilidades ilimitadas: imprime sobre cualquier superficie, desde metales y pl\u00e1sticos hasta madera, azulejos de cer\u00e1mica y vidrio<\/li><li>Crea impresiones TEXTUR3D\u2122 tanto planas como en relieve que llaman la atenci\u00f3n<\/li><li>Los tiempos de impresi\u00f3n m\u00e1s r\u00e1pidos del sector<\/li><li>Capacidades de nivel industrial: aptas para los sustratos m\u00e1s gruesos y pesados<\/li><li>Calidad de impresi\u00f3n l\u00edder en el sector: impresiones precisas, de alta resoluci\u00f3n y reproducibles, incluso en superficies dif\u00edciles<\/li><li>El sistema de circulaci\u00f3n de tinta blanca hace circular autom\u00e1ticamente el contenido de todo el dep\u00f3sito de tinta blanca y las tuber\u00edas (de serie en la mayor\u00eda de los modelos)<\/li><li>Capacidad de puntos variables por color<\/li><li>La forma m\u00e1s r\u00e1pida y f\u00e1cil&nbsp;<a target=\"_blank\" href=\"http:\/\/www.directcolorsystems.com\/applications\/bottle-cylindrical-printing\/\" rel=\"noreferrer noopener\">Impresi\u00f3n en cilindros y botellas<\/a>&nbsp;en el sector con nuestro accesorio EasyCyl**<\/li><\/ul>\n\n\n\n<p>Excelente rendimiento en cuanto a producci\u00f3n y velocidad. Una de las mejores impresoras para offset Z, que permite imprimir sin herramientas tras el montaje.<\/p>\n\n\n\n<p>La Eagle, a diferencia de las impresoras normales, se dise\u00f1\u00f3 para satisfacer las necesidades industriales de impresiones flexibles y de alta calidad sin reducir los vol\u00famenes de producci\u00f3n. La versatilidad de The Eagle proviene tanto de su altura variable de hasta 250 mm como de las tintas UV LED de alto rendimiento que permiten imprimir en casi cualquier material. El cabezal de impresi\u00f3n piezoel\u00e9ctrico est\u00e1 equipado con una l\u00e1mpara UV LED doble para curar la tinta durante la impresi\u00f3n sin necesidad de procesamiento adicional, lo que ahorra tiempo y dinero y aumenta el rendimiento. Adem\u00e1s, el dise\u00f1o \u00fanico de The Eagle, con un lado completamente abierto, permite insertar materiales muy voluminosos.<\/p>\n\n\n\n<p>Con las impresoras Eagle puedes imprimir en casi cualquier material, incluso en aquellos sensibles al calor. La l\u00ednea Eagle es la variante con cinta transportadora de la serie Eagle; detecta autom\u00e1ticamente los objetos que se van a imprimir, realizando impresiones con un posicionamiento preciso y constante, y se adapta a cada objeto para crear una l\u00ednea de impresi\u00f3n continua.<\/p>\n\n\n\n<p>Ficha t\u00e9cnica:&nbsp;<a target=\"_blank\" href=\"http:\/\/eagleuvled.com\/sites\/default\/files\/pdf\/eagle_web_low_en.pdf\" rel=\"noreferrer noopener\">Descargar aqu\u00ed<\/a><\/p>\n\n\n\n<p>Podemos imprimir sobre todo tipo de pl\u00e1sticos: ABS, acr\u00edlico, policarbonato y Boltaron, as\u00ed como en todos los espesores.<\/p>","protected":false},"excerpt":{"rendered":"<p>Need Better Graphics For Your Enclosure? Toolless is always searching for different ways to optimize its production quality and speed. For that reason, we invested in a digital printing order to give you the best print, better graphic, more colorful, and no limits on the number of colors. Your images will show finer and more &#8230; <\/p>\n<p class=\"read-more-container\"><a title=\"Impresi\u00f3n digital\" class=\"read-more button\" href=\"https:\/\/toolless.com\/es\/plastic-enclosure-digital-printing-on-plastic-parts\/#more-56\" aria-label=\"More on Digital Printing\">Leer m\u00e1s<\/a><\/p>","protected":false},"author":1,"featured_media":295,"parent":0,"menu_order":0,"comment_status":"closed","ping_status":"closed","template":"","meta":{"_acf_changed":false,"_seopress_robots_primary_cat":"","_seopress_titles_title":"Better Graphics for Enclosures | Toolless Digital Printing","_seopress_titles_desc":"Discover limitless possibilities with Toolless digital printing on plastic parts. Achieve vibrant, high-quality, and detailed graphics. No tools needed!","_seopress_robots_index":"","pgc_sgb_lightbox_settings":"","iawp_total_views":0,"footnotes":""},"page_categories":[],"class_list":{"0":"post-56","1":"page","2":"type-page","3":"status-publish","4":"has-post-thumbnail","6":"infinite-scroll-item"},"acf":[],"_links":{"self":[{"href":"https:\/\/toolless.com\/es\/wp-json\/wp\/v2\/pages\/56","targetHints":{"allow":["GET"]}}],"collection":[{"href":"https:\/\/toolless.com\/es\/wp-json\/wp\/v2\/pages"}],"about":[{"href":"https:\/\/toolless.com\/es\/wp-json\/wp\/v2\/types\/page"}],"author":[{"embeddable":true,"href":"https:\/\/toolless.com\/es\/wp-json\/wp\/v2\/users\/1"}],"replies":[{"embeddable":true,"href":"https:\/\/toolless.com\/es\/wp-json\/wp\/v2\/comments?post=56"}],"version-history":[{"count":2,"href":"https:\/\/toolless.com\/es\/wp-json\/wp\/v2\/pages\/56\/revisions"}],"predecessor-version":[{"id":959,"href":"https:\/\/toolless.com\/es\/wp-json\/wp\/v2\/pages\/56\/revisions\/959"}],"wp:featuredmedia":[{"embeddable":true,"href":"https:\/\/toolless.com\/es\/wp-json\/wp\/v2\/media\/295"}],"wp:attachment":[{"href":"https:\/\/toolless.com\/es\/wp-json\/wp\/v2\/media?parent=56"}],"wp:term":[{"taxonomy":"page_categories","embeddable":true,"href":"https:\/\/toolless.com\/es\/wp-json\/wp\/v2\/page_categories?post=56"}],"curies":[{"name":"wp","href":"https:\/\/api.w.org\/{rel}","templated":true}]}}