{"id":557,"date":"2020-04-28T20:02:48","date_gmt":"2020-04-28T20:02:48","guid":{"rendered":"http:\/\/toolless.ed-webdesigns.com\/?page_id=557"},"modified":"2020-05-01T18:08:11","modified_gmt":"2020-05-01T18:08:11","slug":"carcasas-para-monitores-y-pantallas","status":"publish","type":"page","link":"https:\/\/toolless.com\/es\/enclosures-gallery\/monitor-and-display-enclosures\/","title":{"rendered":"Cajas para monitores y pantallas"},"content":{"rendered":"<div class=\"gb-button-wrapper gb-button-wrapper-f78636c5\">\n<a class=\"gb-button gb-button-975c5176 button\" href=\"\/es\/galeria-de-recintos\/\"><span class=\"button-text\">Volver a la lista<\/span><\/a>\n<\/div>\n\n\n\n<h2 class=\"heading-border wp-block-heading\">Cajas para monitores y pantallas<\/h2>\n\n\n\n<p>Marcadores, sistema de confort para el hogar, equipos para el hogar inteligente, cabinas de fotos son solo algunos ejemplos de una gran variedad de carcasas para monitores que fabricamos. Diferentes tama\u00f1os de pantalla, diferentes marcas, sin excepciones, el conocimiento t\u00e9cnico sin herramientas no necesita ser demostrado, cerraduras de alta calidad pueden servir a pantallas de alta resoluci\u00f3n.<\/p>\n\n\n\n<h2 class=\"heading-border wp-block-heading\">Galer\u00eda<\/h2>\n\n\n<div id=\"thumbnail-gallery\">\n  <div id=\"panel\">\n\t<img decoding=\"async\" id=\"largeImage\" src=\"https:\/\/toolless.com\/wp-content\/uploads\/2020\/04\/039.jpg\" alt=\"\" \/>\n  <\/div>\n  <div id=\"thumbs\">\n        \t\t<img decoding=\"async\" src=\"https:\/\/toolless.com\/wp-content\/uploads\/2020\/04\/039.jpg\" alt=\"\" \/>\n\t\t\t\t<img decoding=\"async\" src=\"https:\/\/toolless.com\/wp-content\/uploads\/2020\/04\/057.jpg\" alt=\"\" \/>\n\t\t\t\t<img decoding=\"async\" src=\"https:\/\/toolless.com\/wp-content\/uploads\/2020\/04\/061-HAKO-MED-HT-3000-1.jpg\" alt=\"\" \/>\n\t\t\t\t<img decoding=\"async\" src=\"https:\/\/toolless.com\/wp-content\/uploads\/2020\/04\/074-LASTRO-Steuerpult.jpg\" alt=\"\" \/>\n\t\t\t\t<img decoding=\"async\" src=\"https:\/\/toolless.com\/wp-content\/uploads\/2020\/04\/103.jpg\" alt=\"\" \/>\n\t\t\t\t<img decoding=\"async\" src=\"https:\/\/toolless.com\/wp-content\/uploads\/2020\/04\/107.jpg\" alt=\"\" \/>\n\t\t\t\t<img decoding=\"async\" src=\"https:\/\/toolless.com\/wp-content\/uploads\/2020\/04\/108.jpg\" alt=\"\" \/>\n\t\t\t\t<img decoding=\"async\" src=\"https:\/\/toolless.com\/wp-content\/uploads\/2020\/04\/114.jpg\" alt=\"\" \/>\n\t\t\t\t<img decoding=\"async\" src=\"https:\/\/toolless.com\/wp-content\/uploads\/2020\/04\/117.jpg\" alt=\"\" \/>\n\t\t\t\t<img decoding=\"async\" src=\"https:\/\/toolless.com\/wp-content\/uploads\/2020\/04\/128-KIWIGRID-Kiwidisplay.jpg\" alt=\"\" \/>\n\t\t\t\t<img decoding=\"async\" src=\"https:\/\/toolless.com\/wp-content\/uploads\/2020\/04\/001.jpg\" alt=\"\" \/>\n\t\t\t\t<img decoding=\"async\" src=\"https:\/\/toolless.com\/wp-content\/uploads\/2020\/04\/031-SIEMENS-SiPalm-1.jpg\" alt=\"\" \/>\n\t\t  <\/div>\n<\/div>\n\n<script>\njQuery(document).ready(function($){\n$('#thumbs img').click(function(){\n    $('#largeImage').attr('src',$(this).attr('src').replace('thumb','large'));\n    $('#description').html($(this).attr('alt'));\n});\n})\n\n<\/script>","protected":false},"excerpt":{"rendered":"<p>Monitor and Display Enclosures Scoreboards, Home comfort system, Smart home equipment, photo booth are just examples of a big variety of monitor housing we manufacture. Different size display, different brands, no exceptions, Toolless know-how is not to be proven, high quality enclosures can serve high resolution displays. Gallery<\/p>","protected":false},"author":1,"featured_media":295,"parent":19,"menu_order":0,"comment_status":"closed","ping_status":"closed","template":"","meta":{"_acf_changed":false,"_seopress_robots_primary_cat":"0","_seopress_titles_title":"High-Quality Monitor Enclosures for Diverse Displays","_seopress_titles_desc":"Discover premium monitor enclosures for scoreboards, smart home systems, and photo booths. Versatile sizes and brands available. Enhance your displays today!","_seopress_robots_index":"","pgc_sgb_lightbox_settings":"","iawp_total_views":0,"footnotes":""},"page_categories":[],"class_list":{"0":"post-557","1":"page","2":"type-page","3":"status-publish","4":"has-post-thumbnail","6":"infinite-scroll-item"},"acf":[],"_links":{"self":[{"href":"https:\/\/toolless.com\/es\/wp-json\/wp\/v2\/pages\/557","targetHints":{"allow":["GET"]}}],"collection":[{"href":"https:\/\/toolless.com\/es\/wp-json\/wp\/v2\/pages"}],"about":[{"href":"https:\/\/toolless.com\/es\/wp-json\/wp\/v2\/types\/page"}],"author":[{"embeddable":true,"href":"https:\/\/toolless.com\/es\/wp-json\/wp\/v2\/users\/1"}],"replies":[{"embeddable":true,"href":"https:\/\/toolless.com\/es\/wp-json\/wp\/v2\/comments?post=557"}],"version-history":[{"count":5,"href":"https:\/\/toolless.com\/es\/wp-json\/wp\/v2\/pages\/557\/revisions"}],"predecessor-version":[{"id":744,"href":"https:\/\/toolless.com\/es\/wp-json\/wp\/v2\/pages\/557\/revisions\/744"}],"up":[{"embeddable":true,"href":"https:\/\/toolless.com\/es\/wp-json\/wp\/v2\/pages\/19"}],"wp:featuredmedia":[{"embeddable":true,"href":"https:\/\/toolless.com\/es\/wp-json\/wp\/v2\/media\/295"}],"wp:attachment":[{"href":"https:\/\/toolless.com\/es\/wp-json\/wp\/v2\/media?parent=557"}],"wp:term":[{"taxonomy":"page_categories","embeddable":true,"href":"https:\/\/toolless.com\/es\/wp-json\/wp\/v2\/page_categories?post=557"}],"curies":[{"name":"wp","href":"https:\/\/api.w.org\/{rel}","templated":true}]}}