{"id":54,"date":"2020-04-17T22:44:53","date_gmt":"2020-04-17T22:44:53","guid":{"rendered":"http:\/\/toolless.ed-webdesigns.com\/?page_id=54"},"modified":"2025-01-23T17:52:37","modified_gmt":"2025-01-23T17:52:37","slug":"enclosures-de-plastico-asequibles","status":"publish","type":"page","link":"https:\/\/toolless.com\/es\/affordable-plastic-enclosures\/","title":{"rendered":"Prototipos a precios accesibles"},"content":{"rendered":"<h3 class=\"wp-block-heading\">Prototipos de Cajas de Pl\u00e1stico<\/h3>\n\n\n\n<p>El objetivo de Toolless es fabricar carcasas de pl\u00e1stico asequibles creando prototipos de carcasas de pl\u00e1stico para probar en tu mercado, algo inigualable por las carcasas prefabricadas en cuanto a versatilidad de dise\u00f1o.<\/p>\n\n\n\n<p>Las Soluciones de Pl\u00e1stico sin Herramientas presentan una ventaja comparable a las piezas moldeadas por inyecci\u00f3n en apariencia, acabado y durabilidad, con un cargo de ingenier\u00eda no recurrente m\u00ednimo.<\/p>\n\n\n\n<p>Por esta raz\u00f3n, nuestros Dise\u00f1adores CAD trabajan contigo durante la fase de prototipado para asegurar que tu producto sea exactamente lo que buscas. No iniciaremos la producci\u00f3n hasta recibir una aprobaci\u00f3n firmada del modelo 3D enviado directamente al cliente. Ocasionalmente, esto puede requerir que tu PCB o partes internas sean enviadas a Toolless para ayudar a probar el ajuste y asegurar que tu prototipo funcionar\u00e1 seg\u00fan lo requerido. <\/p>\n\n\n<div class=\"gb-grid-wrapper gb-grid-wrapper-7dd0b536\">\n<div class=\"gb-grid-column gb-grid-column-95183f8c\"><div class=\"gb-container gb-container-95183f8c\"><div class=\"gb-inside-container\">\n\n<p><a href=\"https:\/\/toolless.com\/es\/request-for-quote.aspx\/\">Empieza hoy mismo<\/a><\/p>\n\n<\/div><\/div><\/div>\n\n<div class=\"gb-grid-column gb-grid-column-8a1a9ce2\"><div class=\"gb-container gb-container-8a1a9ce2\"><div class=\"gb-inside-container\">\n<div class=\"gb-button-wrapper gb-button-wrapper-e76dc686\">\n\n<a class=\"gb-button gb-button-09473355 gb-button-text button\" href=\"\/es\/solicitud-de-presupuesto\/\">Solicitar una cotizaci\u00f3n<\/a>\n\n<\/div>\n<\/div><\/div><\/div>\n<\/div>\n\n\n<ul class=\"wp-block-list\">\n<li>Ofrecemos precios est\u00e1ndar para prototipos de carcasas de pl\u00e1stico personalizadas.<\/li>\n\n\n\n<li>Modificaciones a sus econ\u00f3micos gabinetes de pl\u00e1stico a un costo muy limitado.<\/li>\n\n\n\n<li>Debido a nuestra tecnolog\u00eda \u00fanica, no hay costos de herramientas ni moldes.<\/li>\n\n\n\n<li>Env\u00edanos tu modelo 3D y podemos crear f\u00e1cilmente una carcasa de pl\u00e1stico asequible hoy mismo.<\/li>\n<\/ul>\n\n\n<div class=\"gb-grid-wrapper gb-grid-wrapper-691fcd58\">\n<div class=\"gb-grid-column gb-grid-column-939127e4\"><div class=\"gb-container gb-container-939127e4\"><div class=\"gb-inside-container\">\n<div class=\"wp-block-image\">\n<figure class=\"aligncenter size-large\"><img loading=\"lazy\" decoding=\"async\" width=\"200\" height=\"121\" src=\"https:\/\/toolless.com\/wp-content\/uploads\/2020\/04\/EC10-9.png\" alt=\"\" class=\"wp-image-516\"\/><\/figure>\n<\/div>\n<\/div><\/div><\/div>\n\n<div class=\"gb-grid-column gb-grid-column-fdd8c119\"><div class=\"gb-container gb-container-fdd8c119\"><div class=\"gb-inside-container\">\n<div class=\"wp-block-image\">\n<figure class=\"aligncenter size-large\"><img loading=\"lazy\" decoding=\"async\" width=\"200\" height=\"140\" src=\"https:\/\/toolless.com\/wp-content\/uploads\/2020\/04\/EC10-2.png\" alt=\"\" class=\"wp-image-517\"\/><\/figure>\n<\/div>\n<\/div><\/div><\/div>\n\n<div class=\"gb-grid-column gb-grid-column-0f1346da\"><div class=\"gb-container gb-container-0f1346da\"><div class=\"gb-inside-container\">\n<div class=\"wp-block-image\">\n<figure class=\"aligncenter size-large\"><img loading=\"lazy\" decoding=\"async\" width=\"200\" height=\"127\" src=\"https:\/\/toolless.com\/wp-content\/uploads\/2020\/04\/EC10-8-1.png\" alt=\"Carcasa de pl\u00e1stico econ\u00f3mica\" class=\"wp-image-518\"\/><\/figure>\n<\/div>\n<\/div><\/div><\/div>\n<\/div>\n\n\n<p>Toolless Plastic Solutions ofrece precios est\u00e1ndar para gabinetes de pl\u00e1stico personalizados con la ventaja de tiempo y calidad. Se requiere un nuevo molde si se realizan cambios con las tecnolog\u00edas de termoformado o moldeo por inyecci\u00f3n. Esto aumenta su costo con cada modificaci\u00f3n. Con Toolless Plastic Solutions, no hay necesidad de un nuevo molde, y nuestros dise\u00f1adores CAD internos modificar\u00e1n la pieza r\u00e1pidamente con un costo m\u00ednimo. Los cambios pueden ocurrir entre ciclos de producci\u00f3n y, a veces, incluso durante un ciclo de producci\u00f3n. Depende de d\u00f3nde se encuentren las unidades en producci\u00f3n y cu\u00e1l sea el cambio. <\/p>\n\n\n<div class=\"gb-button-wrapper gb-button-wrapper-ed4d4598\">\n\n<a class=\"gb-button gb-button-21a149ed gb-button-text button\" href=\"\/es\/galeria-de-recintos\/\">Ver Portafolio<\/a>\n\n<\/div>","protected":false},"excerpt":{"rendered":"<p>Plastic Enclosure Prototypes Toolless&#8217; aim is to make affordable plastic enclosures by making plastic enclosure prototypes to test in your market unrivaled by off the shelf enclosures in the versatility of design. Toolless Plastic Solutions compares favorably with injection molded parts in appearance, finishing, and durability with a minimal non-recurring engineering charge. For this reason, &#8230; <\/p>\n<p class=\"read-more-container\"><a title=\"Prototipos a precios accesibles\" class=\"read-more button\" href=\"https:\/\/toolless.com\/es\/affordable-plastic-enclosures\/#more-54\" aria-label=\"More on Affordable Prototyping\">Leer m\u00e1s<\/a><\/p>","protected":false},"author":1,"featured_media":389,"parent":0,"menu_order":0,"comment_status":"closed","ping_status":"closed","template":"","meta":{"_acf_changed":false,"_seopress_robots_primary_cat":"","_seopress_titles_title":"Affordable Plastic Enclosure Prototype at Toolless Plastic Solutions","_seopress_titles_desc":"Toolless is a cost-effective solution to make an Affordable Plastic Enclosure. We compare favorably with injection molding.","_seopress_robots_index":"","pgc_sgb_lightbox_settings":"","iawp_total_views":0,"footnotes":""},"page_categories":[],"class_list":{"0":"post-54","1":"page","2":"type-page","3":"status-publish","4":"has-post-thumbnail","6":"infinite-scroll-item"},"acf":[],"_links":{"self":[{"href":"https:\/\/toolless.com\/es\/wp-json\/wp\/v2\/pages\/54","targetHints":{"allow":["GET"]}}],"collection":[{"href":"https:\/\/toolless.com\/es\/wp-json\/wp\/v2\/pages"}],"about":[{"href":"https:\/\/toolless.com\/es\/wp-json\/wp\/v2\/types\/page"}],"author":[{"embeddable":true,"href":"https:\/\/toolless.com\/es\/wp-json\/wp\/v2\/users\/1"}],"replies":[{"embeddable":true,"href":"https:\/\/toolless.com\/es\/wp-json\/wp\/v2\/comments?post=54"}],"version-history":[{"count":5,"href":"https:\/\/toolless.com\/es\/wp-json\/wp\/v2\/pages\/54\/revisions"}],"predecessor-version":[{"id":2954,"href":"https:\/\/toolless.com\/es\/wp-json\/wp\/v2\/pages\/54\/revisions\/2954"}],"wp:featuredmedia":[{"embeddable":true,"href":"https:\/\/toolless.com\/es\/wp-json\/wp\/v2\/media\/389"}],"wp:attachment":[{"href":"https:\/\/toolless.com\/es\/wp-json\/wp\/v2\/media?parent=54"}],"wp:term":[{"taxonomy":"page_categories","embeddable":true,"href":"https:\/\/toolless.com\/es\/wp-json\/wp\/v2\/page_categories?post=54"}],"curies":[{"name":"wp","href":"https:\/\/api.w.org\/{rel}","templated":true}]}}