{"id":52,"date":"2020-04-17T22:44:17","date_gmt":"2020-04-17T22:44:17","guid":{"rendered":"http:\/\/toolless.ed-webdesigns.com\/?page_id=52"},"modified":"2025-01-23T19:26:51","modified_gmt":"2025-01-23T19:26:51","slug":"cajas-de-plastico-para-montaje-en-pared-para-equipos-electronicos","status":"publish","type":"page","link":"https:\/\/toolless.com\/es\/wall-mount-enclosures-plastic-electronics\/","title":{"rendered":"Cajas de montaje en pared"},"content":{"rendered":"<div class=\"gb-grid-wrapper gb-grid-wrapper-071a8d8e\">\n<div class=\"gb-grid-column gb-grid-column-4919c5e1\"><div class=\"gb-container gb-container-4919c5e1\"><div class=\"gb-inside-container\">\n\n<h2 class=\"wp-block-heading\">Cajas de montaje en pared<\/h2>\n\n\n\n<p>Las cajas de pl\u00e1stico est\u00e1n disponibles en muchos tama\u00f1os y con diversas funcionalidades, y aunque a veces son&nbsp;<a href=\"https:\/\/toolless.com\/es\/carcasas-de-plastico-portatiles-de-mano\/\" target=\"_blank\" rel=\"noreferrer noopener\">port\u00e1til<\/a>&nbsp;En algunos casos puede ser importante, mientras que en otros lo que importa es la posibilidad de montar la caja del proyecto en la pared. A este tipo de caja se le conoce como caja de montaje en pared.<\/p>\n\n\n\n<p>Las unidades montadas son cajas de pl\u00e1stico para uso en interiores o exteriores, cuyo objetivo es mantener una posici\u00f3n fija. Esto ofrece varias ventajas. Una de ellas es que pueden ser m\u00e1s grandes que los dispositivos port\u00e1tiles, sin ocupar espacio innecesario. Otra ventaja es que los componentes electr\u00f3nicos permanecen a salvo y protegidos de los da\u00f1os que podr\u00edan sufrir si se colocaran en el suelo o se dejaran sin fijar sobre un escritorio.<\/p>\n\n<\/div><\/div><\/div>\n\n<div class=\"gb-grid-column gb-grid-column-cb8a6fdd\"><div class=\"gb-container gb-container-cb8a6fdd\"><div class=\"gb-inside-container\">\n\n<figure class=\"wp-block-image size-large\"><img loading=\"lazy\" decoding=\"async\" width=\"1024\" height=\"682\" src=\"https:\/\/toolless.com\/wp-content\/uploads\/2020\/04\/6756-1024x682.jpg\" alt=\"\" class=\"wp-image-523\" srcset=\"https:\/\/toolless.com\/wp-content\/uploads\/2020\/04\/6756-1024x682.jpg 1024w, https:\/\/toolless.com\/wp-content\/uploads\/2020\/04\/6756-300x200.jpg 300w, https:\/\/toolless.com\/wp-content\/uploads\/2020\/04\/6756-768x511.jpg 768w, https:\/\/toolless.com\/wp-content\/uploads\/2020\/04\/6756.jpg 1200w\" sizes=\"auto, (max-width: 1024px) 100vw, 1024px\" \/><\/figure>\n\n<\/div><\/div><\/div>\n<\/div>\n\n\n<h2 class=\"wp-block-heading\">Proceso de fabricaci\u00f3n<\/h2>\n\n\n\n<p>En Toolless Plastic Solutions, nuestros productos se fabrican en nuestras instalaciones ubicadas en Everett. Utilizamos una l\u00e1mina de pl\u00e1stico ABS (u otro material pl\u00e1stico adecuado). Cortamos, doblamos y ensamblamos la l\u00e1mina para crear una caja de pl\u00e1stico. Nuestra t\u00e9cnica es similar a la fabricaci\u00f3n de chapas met\u00e1licas, en la que se utiliza una sola l\u00e1mina para crear una caja de acero inoxidable, salvo que en nuestro caso se trata de una caja de pl\u00e1stico. El uso del pl\u00e1stico como material ofrece una opci\u00f3n m\u00e1s ligera para quienes buscan proteger sus componentes electr\u00f3nicos.<\/p>\n\n\n\n<p>Nuestros ingenieros programan la caja del proyecto en el sistema, lo que permite que nuestras m\u00e1quinas CNC corten el pl\u00e1stico utilizando herramientas de fresado de alta precisi\u00f3n. Desde el CNC, la l\u00e1mina de pl\u00e1stico pasa a la impresi\u00f3n digital (cuando corresponde), al proceso de doblado y, finalmente, al ensamblaje, donde se incorporan al gabinete separadores, insertos, ventanas de acr\u00edlico y otros componentes. Es precisamente en el ensamblaje donde la unidad empieza a parecer algo m\u00e1s que una simple l\u00e1mina de pl\u00e1stico; empieza a parecer un gabinete.<\/p>\n\n\n\n<h2 class=\"wp-block-heading\">Pintura, color y blindaje contra interferencias electromagn\u00e9ticas<\/h2>\n\n\n<div class=\"wp-block-image\">\n<figure class=\"alignleft size-large is-resized\"><img loading=\"lazy\" decoding=\"async\" width=\"1024\" height=\"682\" src=\"https:\/\/toolless.com\/wp-content\/uploads\/2020\/04\/8601-SCOLA-CONCEPT-1024x682.jpg\" alt=\"\" class=\"wp-image-524\" style=\"width:320px;height:213px\" srcset=\"https:\/\/toolless.com\/wp-content\/uploads\/2020\/04\/8601-SCOLA-CONCEPT-1024x682.jpg 1024w, https:\/\/toolless.com\/wp-content\/uploads\/2020\/04\/8601-SCOLA-CONCEPT-300x200.jpg 300w, https:\/\/toolless.com\/wp-content\/uploads\/2020\/04\/8601-SCOLA-CONCEPT-768x511.jpg 768w, https:\/\/toolless.com\/wp-content\/uploads\/2020\/04\/8601-SCOLA-CONCEPT.jpg 1200w\" sizes=\"auto, (max-width: 1024px) 100vw, 1024px\" \/><\/figure>\n<\/div>\n\n\n<p>&nbsp;Toolless ofrece la posibilidad de a\u00f1adir color. En el sector del acero inoxidable, lo m\u00e1s habitual es el recubrimiento en polvo; sin embargo, en el caso del pl\u00e1stico ABS, utilizamos una t\u00e9cnica de pintura h\u00fameda para dar color a su carcasa. Esto permite una amplia gama de opciones de color, y la pintura se aplica despu\u00e9s de la producci\u00f3n para minimizar los rayones y las marcas.<\/p>\n\n\n\n<p>La posibilidad de pintar el ABS ofrece a los clientes una amplia gama de opciones que van m\u00e1s all\u00e1 de los aburridos tonos blancos, grises o negros del pl\u00e1stico ABS tradicional. \u00a1Utilizamos colores vivos y llamativos para que su caja destaque sobre la pared!<\/p>\n\n\n\n<p><a href=\"https:\/\/toolless.com\/es\/contactanos\/\" target=\"_blank\" rel=\"noreferrer noopener\">Contacto&nbsp;<\/a>nuestro equipo de ventas o visite nuestro&nbsp;<a href=\"https:\/\/toolless.com\/es\/materiales\/\" target=\"_blank\" rel=\"noreferrer noopener\">Materiales&nbsp;<\/a>Visite esta p\u00e1gina para obtener m\u00e1s informaci\u00f3n sobre el pl\u00e1stico ABS y los dem\u00e1s pl\u00e1sticos que ofrecemos.<\/p>\n\n\n\n<p>Dada la finalidad y los componentes de una caja de montaje en pared, tambi\u00e9n ofrecemos blindaje contra interferencias electromagn\u00e9ticas (EMI). El blindaje EMI consiste en una pintura conductora especial que recubre uniformemente el interior de la caja. Sometemos la pintura y el pl\u00e1stico a pruebas para garantizar su conductividad antes de continuar con la fabricaci\u00f3n. Este blindaje ayuda a proteger los mecanismos internos de las interferencias de radiofrecuencia en caso de que contengan componentes electr\u00f3nicos sensibles.<\/p>\n\n\n\n<h2 class=\"wp-block-heading\">Caracter\u00edsticas<\/h2>\n\n\n\n<p>Nuestras cajas est\u00e1n disponibles en diversas formas, tama\u00f1os y para distintos fines. Dada la posibilidad de que haya variaciones, hemos adaptado muchas de nuestras t\u00e9cnicas sin herramientas para asegurarnos de poder ofrecer nuestras soluciones para cajas de montaje en pared.<\/p>\n\n\n\n<p>Estas t\u00e9cnicas incluyen la tecnolog\u00eda de leng\u00fceta y ranura para unir piezas; la impresi\u00f3n digital de logotipos, letreros y etiquetas; compartimentos para bater\u00edas; m\u00faltiples puertos y recortes exclusivos. En la mayor\u00eda de los casos, la carcasa cuenta con extensiones laterales en forma de rebordes con orificios. Esto tiene dos ventajas. En primer lugar, se adapta bien a nuestro proceso. En segundo lugar, mantiene la rigidez general, ya que los rebordes forman parte de la carcasa principal.<\/p>\n\n\n\n<h4 class=\"gb-headline gb-headline-1b62743f gb-headline-text\">Caracter\u00edsticas de montaje<\/h4>\n\n\n<div class=\"wp-block-image\">\n<figure class=\"alignleft size-large is-resized\"><img loading=\"lazy\" decoding=\"async\" width=\"1024\" height=\"682\" src=\"https:\/\/toolless.com\/wp-content\/uploads\/2020\/04\/6951-1024x682.jpg\" alt=\"Caja para montaje en pared\" class=\"wp-image-525\" style=\"width:320px;height:213px\" srcset=\"https:\/\/toolless.com\/wp-content\/uploads\/2020\/04\/6951-1024x682.jpg 1024w, https:\/\/toolless.com\/wp-content\/uploads\/2020\/04\/6951-300x200.jpg 300w, https:\/\/toolless.com\/wp-content\/uploads\/2020\/04\/6951-768x511.jpg 768w, https:\/\/toolless.com\/wp-content\/uploads\/2020\/04\/6951.jpg 1200w\" sizes=\"auto, (max-width: 1024px) 100vw, 1024px\" \/><\/figure>\n<\/div>\n\n\n<p>Para facilitar el montaje de la caja en la pared, ofrecemos aberturas en forma de ojo de cerradura. Podemos trabajar con usted para discutir la ubicaci\u00f3n, el tama\u00f1o y la cantidad de orificios que ser\u00edan los m\u00e1s adecuados para su caja de proyecto. Esto depende del tama\u00f1o, el peso y el prop\u00f3sito. Por ejemplo, para lograr un aspecto limpio y elegante, una opci\u00f3n es colocar los orificios en la parte trasera. Esto permite que el soporte se deslice f\u00e1cilmente sobre un tornillo. Otro ejemplo es colocar los orificios en el costado de la caja para facilitar el montaje.<\/p>\n\n\n\n<p>&nbsp;Un aspecto importante de las cajas de montaje en pared puede ser, en ocasiones, la accesibilidad a los componentes internos. Esto implica contar con pestillos giratorios y bisagras en la puerta \u00fanica. El pestillo giratorio permite que la caja se cierre y se bloquee de forma segura hasta que sea necesario acceder a su interior. Las bisagras complementan el mecanismo del pestillo giratorio para que el conjunto se mantenga como una unidad \u00fanica. De este modo, se elimina la necesidad de utilizar tapas o piezas desmontables.<\/p>\n\n\n\n<h4 class=\"gb-headline gb-headline-5d35bf63 gb-headline-text\">Caracter\u00edsticas de la pantalla LCD<\/h4>\n\n\n<div class=\"wp-block-image\">\n<figure class=\"alignleft size-large is-resized\"><img loading=\"lazy\" decoding=\"async\" width=\"1024\" height=\"682\" src=\"https:\/\/toolless.com\/wp-content\/uploads\/2020\/04\/7016-1024x682.jpg\" alt=\"Caja para montaje en pared\" class=\"wp-image-526\" style=\"width:312px;height:208px\" srcset=\"https:\/\/toolless.com\/wp-content\/uploads\/2020\/04\/7016-1024x682.jpg 1024w, https:\/\/toolless.com\/wp-content\/uploads\/2020\/04\/7016-300x200.jpg 300w, https:\/\/toolless.com\/wp-content\/uploads\/2020\/04\/7016-768x511.jpg 768w, https:\/\/toolless.com\/wp-content\/uploads\/2020\/04\/7016.jpg 1200w\" sizes=\"auto, (max-width: 1024px) 100vw, 1024px\" \/><\/figure>\n<\/div>\n\n\n<p>Al igual que los dispositivos port\u00e1tiles, estas carcasas pueden contar con orificios de montaje para pantallas LCD. Esto permite adaptar la pantalla a los dispositivos. Una pantalla t\u00e1ctil en un dispositivo m\u00e9dico permite un acceso r\u00e1pido y sencillo en situaciones de emergencia.<\/p>\n\n\n\n<p>Una pantalla LCD que muestra datos ayuda a controlar la temperatura en una casa. Ya sea que tu pantalla sea peque\u00f1a y muestre la temperatura o la hora, o grande y muestre informaci\u00f3n m\u00e9dica, podemos crear un recorte del tama\u00f1o necesario para la pantalla.<\/p>","protected":false},"excerpt":{"rendered":"<p>Manufacturing Process At Toolless Plastic Solutions our products are manufactured in our facility located in Everett. We use a sheet of ABS plastic (or another suitable plastic material). We cut, bend, and assemble the sheet to create a plastic enclosure. Our technique is similar to sheet metal production which uses a single sheet to create &#8230; <\/p>\n<p class=\"read-more-container\"><a title=\"Cajas de montaje en pared\" class=\"read-more button\" href=\"https:\/\/toolless.com\/es\/wall-mount-enclosures-plastic-electronics\/#more-52\" aria-label=\"More on Wall Mount Enclosures\">Leer m\u00e1s<\/a><\/p>","protected":false},"author":1,"featured_media":295,"parent":0,"menu_order":0,"comment_status":"closed","ping_status":"closed","template":"","meta":{"_acf_changed":false,"_seopress_robots_primary_cat":"","_seopress_titles_title":"Wall Mount Enclosure For Plastic Electronics at Toolless Plastic Solutions","_seopress_titles_desc":"Toolless can manufacture a wall mount enclosure to house your plastic electronics. These are custom made enclosures made in USA.","_seopress_robots_index":"","pgc_sgb_lightbox_settings":"","iawp_total_views":0,"footnotes":""},"page_categories":[],"class_list":{"0":"post-52","1":"page","2":"type-page","3":"status-publish","4":"has-post-thumbnail","6":"infinite-scroll-item"},"acf":[],"_links":{"self":[{"href":"https:\/\/toolless.com\/es\/wp-json\/wp\/v2\/pages\/52","targetHints":{"allow":["GET"]}}],"collection":[{"href":"https:\/\/toolless.com\/es\/wp-json\/wp\/v2\/pages"}],"about":[{"href":"https:\/\/toolless.com\/es\/wp-json\/wp\/v2\/types\/page"}],"author":[{"embeddable":true,"href":"https:\/\/toolless.com\/es\/wp-json\/wp\/v2\/users\/1"}],"replies":[{"embeddable":true,"href":"https:\/\/toolless.com\/es\/wp-json\/wp\/v2\/comments?post=52"}],"version-history":[{"count":6,"href":"https:\/\/toolless.com\/es\/wp-json\/wp\/v2\/pages\/52\/revisions"}],"predecessor-version":[{"id":2997,"href":"https:\/\/toolless.com\/es\/wp-json\/wp\/v2\/pages\/52\/revisions\/2997"}],"wp:featuredmedia":[{"embeddable":true,"href":"https:\/\/toolless.com\/es\/wp-json\/wp\/v2\/media\/295"}],"wp:attachment":[{"href":"https:\/\/toolless.com\/es\/wp-json\/wp\/v2\/media?parent=52"}],"wp:term":[{"taxonomy":"page_categories","embeddable":true,"href":"https:\/\/toolless.com\/es\/wp-json\/wp\/v2\/page_categories?post=52"}],"curies":[{"name":"wp","href":"https:\/\/api.w.org\/{rel}","templated":true}]}}