{"id":50,"date":"2020-04-17T22:43:56","date_gmt":"2020-04-17T22:43:56","guid":{"rendered":"http:\/\/toolless.ed-webdesigns.com\/?page_id=50"},"modified":"2025-01-23T19:25:47","modified_gmt":"2025-01-23T19:25:47","slug":"carcasas-de-plastico-portatiles-de-mano","status":"publish","type":"page","link":"https:\/\/toolless.com\/es\/handheld-portable-plastic-enclosures\/","title":{"rendered":"Cajas de pl\u00e1stico para dispositivos port\u00e1tiles"},"content":{"rendered":"<h1 class=\"wp-block-heading\">T\u00e9cnicas de fabricaci\u00f3n de carcasas para dispositivos port\u00e1tiles<\/h1>\n\n\n\n<p>Desde hace m\u00e1s de 25 a\u00f1os, Toolless se dedica al dise\u00f1o de carcasas port\u00e1tiles y, a lo largo de los a\u00f1os, hemos ampliado nuestras capacidades y t\u00e9cnicas para poder ofrecer una amplia variedad de opciones.<\/p>\n\n\n<div class=\"gb-grid-wrapper gb-grid-wrapper-7c22399e\">\n<div class=\"gb-grid-column gb-grid-column-8f221c70\"><div class=\"gb-container gb-container-8f221c70\"><div class=\"gb-inside-container\">\n\n<figure class=\"wp-block-image alignleft size-large is-resized\"><img loading=\"lazy\" decoding=\"async\" width=\"1024\" height=\"682\" src=\"https:\/\/toolless.com\/wp-content\/uploads\/2020\/04\/6906-1-1024x682.jpg\" alt=\"\" class=\"wp-image-504\" style=\"width:350px;height:233px\" srcset=\"https:\/\/toolless.com\/wp-content\/uploads\/2020\/04\/6906-1-1024x682.jpg 1024w, https:\/\/toolless.com\/wp-content\/uploads\/2020\/04\/6906-1-300x200.jpg 300w, https:\/\/toolless.com\/wp-content\/uploads\/2020\/04\/6906-1-768x511.jpg 768w, https:\/\/toolless.com\/wp-content\/uploads\/2020\/04\/6906-1.jpg 1200w\" sizes=\"auto, (max-width: 1024px) 100vw, 1024px\" \/><\/figure>\n\n\n\n<p class=\"has-text-align-left\">Algunas de nuestras carcasas para instrumentos port\u00e1tiles est\u00e1n dise\u00f1adas para caber c\u00f3modamente en un bolsillo, mientras que otras cuentan con un asa para facilitar su transporte y movilidad. Sea cual sea el tama\u00f1o que busque, nuestros ingenieros trabajar\u00e1n con usted para dise\u00f1ar y crear la carcasa port\u00e1til que mejor se adapte a sus necesidades.<\/p>\n\n\n\n<p>Las cajas para proyectos port\u00e1tiles son cajas que pueden variar en tama\u00f1o, forma y color, y que ofrecen la ventaja de poder llevarse en la mano y ser f\u00e1ciles de transportar. Esto implica tener en cuenta tanto el peso de la unidad como el de sus componentes internos. \u00a1Una caja port\u00e1til no deber\u00eda ser un lastre!<\/p>\n\n<\/div><\/div><\/div>\n<\/div>\n\n\n<hr class=\"wp-block-separator has-css-opacity is-style-wide\"\/>\n\n\n\n<figure class=\"wp-block-image alignleft size-large is-resized\"><img loading=\"lazy\" decoding=\"async\" width=\"1024\" height=\"682\" src=\"https:\/\/toolless.com\/wp-content\/uploads\/2020\/04\/7135-1-1024x682.jpg\" alt=\"\" class=\"wp-image-505\" style=\"width:350px;height:234px\" srcset=\"https:\/\/toolless.com\/wp-content\/uploads\/2020\/04\/7135-1-1024x682.jpg 1024w, https:\/\/toolless.com\/wp-content\/uploads\/2020\/04\/7135-1-300x200.jpg 300w, https:\/\/toolless.com\/wp-content\/uploads\/2020\/04\/7135-1-768x511.jpg 768w, https:\/\/toolless.com\/wp-content\/uploads\/2020\/04\/7135-1.jpg 1200w\" sizes=\"auto, (max-width: 1024px) 100vw, 1024px\" \/><\/figure>\n\n\n\n<p class=\"has-text-align-left\">Dado que se trata de dispositivos port\u00e1tiles, estas carcasas deben ser resistentes y fiables para proteger la placa de circuito y otros componentes electr\u00f3nicos en caso de golpes, ca\u00eddas y condiciones clim\u00e1ticas adversas.<\/p>\n\n\n\n<p>Ofrecemos diversos m\u00e9todos, como nuestro exclusivo sistema de leng\u00fceta y ranura. Este consiste en el doblado de pl\u00e1stico ABS principalmente, con el fin de reducir el n\u00famero de piezas, y en el uso de adhesivos solventes. La uni\u00f3n provoca una reacci\u00f3n qu\u00edmica espec\u00edfica que depende del tipo de pl\u00e1stico. A continuaci\u00f3n, sometemos el producto a pruebas de ca\u00edda para garantizar su calidad.<\/p>\n\n\n\n<p>Echa un vistazo a nuestro&nbsp;<a href=\"https:\/\/toolless.com\/es\/materials-2.aspx\/\" target=\"_blank\" rel=\"noreferrer noopener\">Secci\u00f3n de Materiales<\/a>&nbsp;para los diferentes tipos de pl\u00e1stico que ofrecemos. Si no est\u00e1s seguro de qu\u00e9 tipo de pl\u00e1stico necesita tu proyecto, no dudes en&nbsp;<a href=\"https:\/\/toolless.com\/es\/contact-us.aspx\/\" target=\"_blank\" rel=\"noreferrer noopener\">Cont\u00e1ctanos<\/a>&nbsp;y uno de nuestros representantes de ventas se pondr\u00e1 en contacto con usted para ayudarle a determinar cu\u00e1l es la mejor opci\u00f3n para su proyecto.<\/p>\n\n\n\n<h1 class=\"wp-block-heading\">Dise\u00f1ado para su aplicaci\u00f3n<\/h1>\n\n\n\n<p>Las carcasas de pl\u00e1stico para dispositivos port\u00e1tiles pueden funcionar de forma aut\u00f3noma o servir como control remoto para otro producto.<\/p>\n\n\n\n<figure class=\"wp-block-image alignleft size-large is-resized\"><img loading=\"lazy\" decoding=\"async\" width=\"1024\" height=\"768\" src=\"https:\/\/toolless.com\/wp-content\/uploads\/2020\/04\/Handheld-portable-enclosure-1-1024x768.jpg\" alt=\"\" class=\"wp-image-506\" style=\"width:350px;height:262px\" srcset=\"https:\/\/toolless.com\/wp-content\/uploads\/2020\/04\/Handheld-portable-enclosure-1-1024x768.jpg 1024w, https:\/\/toolless.com\/wp-content\/uploads\/2020\/04\/Handheld-portable-enclosure-1-300x225.jpg 300w, https:\/\/toolless.com\/wp-content\/uploads\/2020\/04\/Handheld-portable-enclosure-1-768x576.jpg 768w, https:\/\/toolless.com\/wp-content\/uploads\/2020\/04\/Handheld-portable-enclosure-1.jpg 1200w\" sizes=\"auto, (max-width: 1024px) 100vw, 1024px\" \/><\/figure>\n\n\n\n<p>\u00bfTu dispositivo port\u00e1til necesita comunicarse con otra computadora o enviar informaci\u00f3n a un servidor? \u00bfSe necesitan rejillas de ventilaci\u00f3n para ayudar a controlar la temperatura de los componentes el\u00e9ctricos? \u00bfHay que tener en cuenta botones, pantallas o una fuente de alimentaci\u00f3n? \u00bfEl dispositivo funciona con bater\u00eda o se encarga de cargar otro dispositivo?<\/p>\n\n\n\n<p>Las posibilidades que ofrece un dispositivo port\u00e1til son infinitas, y en Toolless Plastic Solutions hemos creado una gama de accesorios, funciones y opciones para estas carcasas. Las opciones de montaje son pr\u00e1cticamente ilimitadas y el acceso al interior se adapta a tus necesidades.<\/p>\n\n\n\n<p><em>Componentes de la bater\u00eda<\/em>&nbsp;est\u00e1n disponibles para garantizar que el dispositivo port\u00e1til pueda funcionar con bater\u00eda, lo que mejora su movilidad y evita que los cables de alimentaci\u00f3n limiten su libertad de movimiento. Los componentes de la bater\u00eda se pueden reorganizar y adaptar en cuanto a su tama\u00f1o para acomodar bater\u00edas de diferentes tama\u00f1os, as\u00ed como para facilitar al usuario el cambio de la bater\u00eda.<\/p>\n\n\n\n<figure class=\"wp-block-image alignleft size-large is-resized\"><img loading=\"lazy\" decoding=\"async\" width=\"1024\" height=\"682\" src=\"https:\/\/toolless.com\/wp-content\/uploads\/2020\/04\/8509-AVISTEL-1-1024x682.jpg\" alt=\"\" class=\"wp-image-507\" style=\"width:350px;height:235px\" srcset=\"https:\/\/toolless.com\/wp-content\/uploads\/2020\/04\/8509-AVISTEL-1-1024x682.jpg 1024w, https:\/\/toolless.com\/wp-content\/uploads\/2020\/04\/8509-AVISTEL-1-300x200.jpg 300w, https:\/\/toolless.com\/wp-content\/uploads\/2020\/04\/8509-AVISTEL-1-768x511.jpg 768w, https:\/\/toolless.com\/wp-content\/uploads\/2020\/04\/8509-AVISTEL-1.jpg 1200w\" sizes=\"auto, (max-width: 1024px) 100vw, 1024px\" \/><\/figure>\n\n\n\n<p>Dependiendo del n\u00famero de veces que se abre al d\u00eda, algunos clientes optan por una tapa de bater\u00eda sencilla y utilizan cinta adhesiva o velcro para fijar la bater\u00eda, mientras que otros construyen un compartimento de bater\u00eda m\u00e1s sofisticado para asegurarse de que las bater\u00edas queden bien sujetas en su interior.<\/p>\n\n\n\n<p>El hecho de que un dispositivo sea port\u00e1til no significa que sus posibilidades se vean limitadas. Los clientes pueden necesitar un panel t\u00e1ctil para trabajar in situ; las pantallas LCD se pueden montar en cualquier dispositivo utilizando los orificios de montaje de la pantalla, separadores o cualquier elemento personalizado que permita opciones llave en mano.<\/p>\n\n\n\n<div style=\"height:10px\" aria-hidden=\"true\" class=\"wp-block-spacer\"><\/div>\n\n\n\n<hr class=\"wp-block-separator has-css-opacity is-style-wide clear\"\/>\n\n\n\n<figure class=\"wp-block-image alignleft size-large is-resized\"><img loading=\"lazy\" decoding=\"async\" width=\"1024\" height=\"682\" src=\"https:\/\/toolless.com\/wp-content\/uploads\/2020\/04\/8439-SALAMBIER-1-1024x682.jpg\" alt=\"\" class=\"wp-image-508\" style=\"width:350px;height:234px\" srcset=\"https:\/\/toolless.com\/wp-content\/uploads\/2020\/04\/8439-SALAMBIER-1-1024x682.jpg 1024w, https:\/\/toolless.com\/wp-content\/uploads\/2020\/04\/8439-SALAMBIER-1-300x200.jpg 300w, https:\/\/toolless.com\/wp-content\/uploads\/2020\/04\/8439-SALAMBIER-1-768x511.jpg 768w, https:\/\/toolless.com\/wp-content\/uploads\/2020\/04\/8439-SALAMBIER-1.jpg 1200w\" sizes=\"auto, (max-width: 1024px) 100vw, 1024px\" \/><\/figure>\n\n\n\n<p>Se pueden a\u00f1adir correas a la carcasa de un proyecto port\u00e1til, las cuales pueden atornillarse a la parte trasera de la carcasa o fijarse mediante una placa met\u00e1lica con montaje VESA. En este \u00faltimo caso, la mejor opci\u00f3n es que la carcasa de pl\u00e1stico incorpore cuatro inserciones.<\/p>\n\n\n\n<p>Los dispositivos port\u00e1tiles a veces requieren&nbsp;<em>asas<\/em>&nbsp;para facilitar su transporte. Las asas tambi\u00e9n pueden mejorar el aspecto est\u00e9tico de un dispositivo, sin dejar de ofrecer una sensaci\u00f3n ergon\u00f3mica y din\u00e1mica que lo hace c\u00f3modo de sujetar.<\/p>\n\n\n\n<p>Los interruptores de membrana pueden funcionar como un interruptor el\u00e9ctrico para encender y apagar un circuito. Son como un teclado sin botones, lo que permite que el dispositivo se pueda sostener con la mano sin dejar de ofrecer una amplia gama de funciones inform\u00e1ticas. &nbsp;<\/p>\n\n\n\n<hr class=\"wp-block-separator has-css-opacity is-style-wide clear\"\/>\n\n\n\n<figure class=\"wp-block-image alignleft size-large is-resized\"><img loading=\"lazy\" decoding=\"async\" width=\"1024\" height=\"682\" src=\"https:\/\/toolless.com\/wp-content\/uploads\/2020\/04\/6814-1-1024x682.jpg\" alt=\"\" class=\"wp-image-509\" style=\"width:350px;height:233px\" srcset=\"https:\/\/toolless.com\/wp-content\/uploads\/2020\/04\/6814-1-1024x682.jpg 1024w, https:\/\/toolless.com\/wp-content\/uploads\/2020\/04\/6814-1-300x200.jpg 300w, https:\/\/toolless.com\/wp-content\/uploads\/2020\/04\/6814-1-768x511.jpg 768w, https:\/\/toolless.com\/wp-content\/uploads\/2020\/04\/6814-1.jpg 1200w\" sizes=\"auto, (max-width: 1024px) 100vw, 1024px\" \/><\/figure>\n\n\n\n<p>M\u00faltiple&nbsp;<em>puertos<\/em>&nbsp;para dispositivos inform\u00e1ticos port\u00e1tiles, con el fin de permitir diversas entradas y salidas, o un \u00fanico puerto destinado a un \u00fanico fin.<\/p>\n\n\n\n<p><em>Recortes&nbsp;<\/em>es una funci\u00f3n \u00fatil para cuando necesites recortar algo en el pl\u00e1stico: aberturas de ventilaci\u00f3n, puertos, pantallas LCD, etc. Estos recortes pueden ser cuadrados, circulares, rectangulares, largos, cortos, estrechos o anchos. &nbsp;<\/p>\n\n\n\n<p>La impresi\u00f3n digital (a diferencia de la serigraf\u00eda) est\u00e1 disponible en dispositivos port\u00e1tiles para etiquetar puertos o colocar logotipos con una impresi\u00f3n n\u00edtida y vibrante. &nbsp;<\/p>\n\n\n\n<hr class=\"wp-block-separator has-css-opacity is-style-wide clear\"\/>\n\n\n\n<figure class=\"wp-block-image alignleft size-large is-resized\"><img loading=\"lazy\" decoding=\"async\" width=\"1024\" height=\"682\" src=\"https:\/\/toolless.com\/wp-content\/uploads\/2020\/04\/7132-1-1024x682.jpg\" alt=\"\" class=\"wp-image-510\" style=\"width:350px;height:233px\" srcset=\"https:\/\/toolless.com\/wp-content\/uploads\/2020\/04\/7132-1-1024x682.jpg 1024w, https:\/\/toolless.com\/wp-content\/uploads\/2020\/04\/7132-1-300x200.jpg 300w, https:\/\/toolless.com\/wp-content\/uploads\/2020\/04\/7132-1-768x511.jpg 768w, https:\/\/toolless.com\/wp-content\/uploads\/2020\/04\/7132-1.jpg 1200w\" sizes=\"auto, (max-width: 1024px) 100vw, 1024px\" \/><\/figure>\n\n\n\n<p>Tambi\u00e9n podemos dise\u00f1ar una soluci\u00f3n a medida que se adapte a las necesidades de su proyecto. P\u00f3ngase en contacto con nuestro equipo de ventas y comience a trabajar con uno de nuestros ingenieros para crear un prototipo y llevar su proyecto de instrumentos port\u00e1tiles a la fase de producci\u00f3n.<\/p>\n\n\n\n<p>Las carcasas para proyectos port\u00e1tiles tienen una gran variedad de usos. Desde la medici\u00f3n de la frecuencia card\u00edaca o de los patrones de sue\u00f1o hasta dispositivos inform\u00e1ticos port\u00e1tiles (como una Raspberry Pi). Cada uso comienza con una necesidad del cliente y termina con una carcasa de pl\u00e1stico port\u00e1til.<\/p>\n\n\n\n<hr class=\"wp-block-separator has-css-opacity is-style-wide clear\"\/>\n\n\n<div class=\"gb-button-wrapper gb-button-wrapper-4805a68a\">\n\n<a class=\"gb-button gb-button-b46db4ea gb-button-text button\" href=\"https:\/\/toolless.com\/es\/contactanos\/\">Cont\u00e1ctanos para empezar<\/a>\n\n<\/div>","protected":false},"excerpt":{"rendered":"<p>Techniques Manufacturing Handheld Enclosures For over 25 years Toolless has been designing handheld enclosures and through the years we have expanded our capabilities and techniques to be able to offer a wide variety of possibilities. Due to the nature of being a hand held device, these enclosures rely on strength and dependability to keep the &#8230; <\/p>\n<p class=\"read-more-container\"><a title=\"Cajas de pl\u00e1stico para dispositivos port\u00e1tiles\" class=\"read-more button\" href=\"https:\/\/toolless.com\/es\/handheld-portable-plastic-enclosures\/#more-50\" aria-label=\"More on Handheld Plastic Enclosures\">Leer m\u00e1s<\/a><\/p>","protected":false},"author":1,"featured_media":997,"parent":0,"menu_order":0,"comment_status":"closed","ping_status":"closed","template":"","meta":{"_acf_changed":false,"_seopress_robots_primary_cat":"","_seopress_titles_title":"Handheld Enclosures | Handheld Instrument Enclosures","_seopress_titles_desc":"Discover top-notch handheld enclosures at Toolless. Engineered for durability and mobility, customized to your needs for over 25 years. Contact us today!","_seopress_robots_index":"","pgc_sgb_lightbox_settings":"","iawp_total_views":0,"footnotes":""},"page_categories":[],"class_list":{"0":"post-50","1":"page","2":"type-page","3":"status-publish","4":"has-post-thumbnail","6":"infinite-scroll-item"},"acf":[],"_links":{"self":[{"href":"https:\/\/toolless.com\/es\/wp-json\/wp\/v2\/pages\/50","targetHints":{"allow":["GET"]}}],"collection":[{"href":"https:\/\/toolless.com\/es\/wp-json\/wp\/v2\/pages"}],"about":[{"href":"https:\/\/toolless.com\/es\/wp-json\/wp\/v2\/types\/page"}],"author":[{"embeddable":true,"href":"https:\/\/toolless.com\/es\/wp-json\/wp\/v2\/users\/1"}],"replies":[{"embeddable":true,"href":"https:\/\/toolless.com\/es\/wp-json\/wp\/v2\/comments?post=50"}],"version-history":[{"count":16,"href":"https:\/\/toolless.com\/es\/wp-json\/wp\/v2\/pages\/50\/revisions"}],"predecessor-version":[{"id":2996,"href":"https:\/\/toolless.com\/es\/wp-json\/wp\/v2\/pages\/50\/revisions\/2996"}],"wp:featuredmedia":[{"embeddable":true,"href":"https:\/\/toolless.com\/es\/wp-json\/wp\/v2\/media\/997"}],"wp:attachment":[{"href":"https:\/\/toolless.com\/es\/wp-json\/wp\/v2\/media?parent=50"}],"wp:term":[{"taxonomy":"page_categories","embeddable":true,"href":"https:\/\/toolless.com\/es\/wp-json\/wp\/v2\/page_categories?post=50"}],"curies":[{"name":"wp","href":"https:\/\/api.w.org\/{rel}","templated":true}]}}