{"id":48,"date":"2020-04-17T22:43:33","date_gmt":"2020-04-17T22:43:33","guid":{"rendered":"http:\/\/toolless.ed-webdesigns.com\/?page_id=48"},"modified":"2025-01-23T17:45:04","modified_gmt":"2025-01-23T17:45:04","slug":"cajas-de-plastico-acrilico","status":"publish","type":"page","link":"https:\/\/toolless.com\/es\/acrylic-plastic-enclosures\/","title":{"rendered":"Cajas de acr\u00edlico | Cajas de plexigl\u00e1s"},"content":{"rendered":"<div class=\"gb-grid-wrapper gb-grid-wrapper-b33630df\">\n<div class=\"gb-grid-column gb-grid-column-58cf562f\"><div class=\"gb-container gb-container-58cf562f\"><div class=\"gb-inside-container\">\n\n<h2 class=\"wp-block-heading\">Cajas electr\u00f3nicas de acr\u00edlico y plexigl\u00e1s a medida<\/h2>\n\n\n\n<p>Con m\u00e1s de 25 a\u00f1os de experiencia, Toolless Plastics ha implementado con \u00e9xito nuestro proceso de \u201cmachihembrado\u201d. Utilizamos este proceso para la fabricaci\u00f3n de recintos de pl\u00e1stico acr\u00edlico transparente, como jaulas para reptiles o vitrinas.<\/p>\n\n\n\n<p>Tambi\u00e9n podemos incorporar l\u00e1minas de acr\u00edlico en carcasas de pl\u00e1stico que requieran una ventana de visualizaci\u00f3n o un lector de c\u00f3digos de barras. Por lo general, el proceso requiere un corte por l\u00e1ser para lograr un corte limpio y preciso. Sin embargo, hemos ajustado nuestros par\u00e1metros CNC para que el resultado se parezca a un corte por l\u00e1ser. Esto nos permite cortar el pl\u00e1stico con delicadeza sin que se rompa.&nbsp;<\/p>\n\n\n\n<p>En Toolless siempre estamos dispuestos a afrontar un reto. Nuestros ingenieros han trabajado duro para integrar esta tecnolog\u00eda avanzada ocultando el pegamento directamente dentro de la carcasa acr\u00edlica.<\/p>\n\n\n\n<p>Esto le da un aspecto impecable a la caja acr\u00edlica para componentes electr\u00f3nicos, al tiempo que mantiene la ventana firmemente en su lugar en las cajas electr\u00f3nicas personalizadas. Dado que estas piezas requieren un pegamento espec\u00edfico y una atenci\u00f3n especial, nos hemos asegurado de que nuestro equipo est\u00e9 bien capacitado y preste atenci\u00f3n a los detalles para fabricar cajas electr\u00f3nicas personalizadas de alta calidad.<\/p>\n\n\n\n<p>Trabajamos con l\u00e1minas de acr\u00edlico, policarbonato, PETG y otros tipos de pl\u00e1sticos en una amplia variedad de colores y espesores. El pl\u00e1stico de color permite al observador ver el funcionamiento interno de un dispositivo sin da\u00f1ar la vista. Ya sea que el pl\u00e1stico sea transparente, transl\u00facido o esmerilado, Toolless cuenta con toda la experiencia necesaria. Realizamos operaciones de fresado, conformado y pegado para satisfacer cualquier necesidad de nuestros clientes.<\/p>\n\n\n\n<h2 class=\"wp-block-heading\">Proyectos electr\u00f3nicos<\/h2>\n\n\n\n<p>Las carcasas de acr\u00edlico o plexigl\u00e1s son ideales para expositores de piezas y unidades de punto de venta. Sin embargo, son mucho m\u00e1s duraderas y econ\u00f3micas que el vidrio. Tienen muchas aplicaciones diferentes en las que el dise\u00f1o permite ver el interior de un producto. Esto incluye Raspberry Pi, soportes de pared, dispositivos port\u00e1tiles... lo que se te ocurra.<\/p>\n\n\n\n<p>Esto ha permitido que las placas de circuito sean visibles desde el exterior. Se trata principalmente de una cuesti\u00f3n est\u00e9tica, para que nuestros clientes puedan mostrar a sus clientes en qu\u00e9 consiste su dispositivo. Esto se debe, en gran medida, a nuestra capacidad para encapsular una placa de circuito de manera que el usuario final pueda ver a trav\u00e9s de ella con facilidad.<\/p>\n\n\n\n<h2 class=\"wp-block-heading\">Caracter\u00edsticas<\/h2>\n\n\n\n<h4 class=\"wp-block-heading\">Windows<\/h4>\n\n\n\n<p>Hemos utilizado acr\u00edlico de color para crear una ventana tintada. Esto permite observar los procesos internos de un dispositivo m\u00e9dico. El tinte garantiza que la luz que incide sobre la muestra interna no la da\u00f1e.<\/p>\n\n\n\n<p>Un profesional m\u00e9dico puede seguir supervisando y presenciando el procedimiento interno. Del mismo modo, podemos fabricar carcasas de pl\u00e1stico con un acabado ahumado. Esto permite que pase la luz sin que haya una visibilidad total.<\/p>\n\n\n\n<h4 class=\"wp-block-heading\">Logotipo y accesorios varios<\/h4>\n\n\n\n<p>Podemos utilizar nuestra impresora digital para crear logotipos y etiquetas con detalles finos y coloridos. Hemos realizado impresiones digitales en la parte posterior de placas acr\u00edlicas, lo que, al colocarlas en carcasas de pl\u00e1stico, crea un efecto de logotipo en relieve.<\/p>\n\n\n\n<p>Mediante un cuidadoso proceso de curvado del acr\u00edlico transparente, podemos crear una cubierta y utilizar bisagras y tornillos cautivos. Esto permite un f\u00e1cil acceso, as\u00ed como la visibilidad del interior de una caja de pl\u00e1stico.<\/p>\n\n\n\n<h4 class=\"wp-block-heading\">Creatividad del cliente<\/h4>\n\n\n\n<p>Los clientes han demostrado mucha creatividad a la hora de solicitarnos la fabricaci\u00f3n de vitrinas personalizadas con acr\u00edlico. Por ejemplo, hemos fabricado vitrinas de plexigl\u00e1s para regalos personalizados con valor sentimental. Tambi\u00e9n hemos utilizado con \u00e9xito el acr\u00edlico para crear vitrinas para clientes que buscan una superficie lisa. A diferencia de las superficies texturizadas tradicionales del pl\u00e1stico ABS, el acr\u00edlico ofrece una superficie lisa.<\/p>\n\n\n\n<p>Fabricamos espec\u00edficamente una lente para un cliente que necesitaba ver un l\u00e1ser a trav\u00e9s del pl\u00e1stico. El cliente eligi\u00f3 el acr\u00edlico esmerilado de entre la gama de acr\u00edlicos que ofrecemos. Nos envi\u00f3 la carcasa en la que se iba a instalar la lente y nosotros ajustamos la lente para que encajara en ella. Una soluci\u00f3n sencilla pero muy eficaz para prescindir del vidrio.<\/p>\n\n\n\n<p>En algunos casos, hemos utilizado l\u00e1minas de policarbonato porque es un pl\u00e1stico m\u00e1s resistente que el acr\u00edlico. Normalmente utilizamos este material cuando es necesario doblar el pl\u00e1stico. Tambi\u00e9n se utiliza para soportar temperaturas m\u00e1s altas y otras condiciones del exterior.<\/p>\n\n\n\n<p>El acr\u00edlico tambi\u00e9n puede sustituir a los conductos de luz en algunos casos espec\u00edficos. Por ejemplo, se puede utilizar una ventana alargada cuando hay varias luces alineadas. La ventana se pega en su lugar, lo que ha demostrado ser m\u00e1s confiable.<\/p>\n\n\n\n<h2 class=\"wp-block-heading\">Una mirada m\u00e1s detallada<\/h2>\n\n\n\n<p>El acr\u00edlico tambi\u00e9n se puede utilizar para decorar un recinto. La forma b\u00e1sica puede ser cuadrada, pero el acr\u00edlico puede aportar un aspecto atractivo gracias a su brillo y a las opciones de color disponibles.<\/p>\n\n\n\n<p>Utilizamos esta t\u00e9cnica en numerosas aplicaciones m\u00e9dicas. Empleamos un solo color para el cuerpo principal y le damos un toque est\u00e9tico con algunos detalles de acr\u00edlico de color aqu\u00ed y all\u00e1. De este modo, una carcasa rectangular se transforma en una carcasa de dise\u00f1o avanzado y de alta calidad, con un acabado comparable al del moldeo por inyecci\u00f3n.<\/p>\n\n\n\n<p>La gran ventaja de utilizar una tapa decorativa en lugar del moldeo por inyecci\u00f3n es que no requiere pintura. La amplia gama de colores acr\u00edlicos disponibles nos permite prescindir de la pintura en aerosol en todas nuestras cajas. Esto permite a nuestros clientes reducir costos sin afectar el aspecto de sus cajas.<\/p>\n\n\n\n<p>Toolless Plastics cuenta con los conocimientos, la experiencia y las capacidades necesarias para ayudarle a dise\u00f1ar cualquier tipo de carcasa sin limitaciones. <a href=\"https:\/\/toolless.com\/es\/contactanos\/\" target=\"_blank\" rel=\"noreferrer noopener\">Cont\u00e1ctanos<\/a> para hablar sobre su pr\u00f3xima caja de plexigl\u00e1s, vitrina de acr\u00edlico o caja de pl\u00e1stico transparente.<\/p>\n\n<\/div><\/div><\/div>\n\n<div class=\"gb-grid-column gb-grid-column-23576961\"><div class=\"gb-container gb-container-23576961\"><div class=\"gb-inside-container\">\n\n<figure class=\"wp-block-image size-large\"><img loading=\"lazy\" decoding=\"async\" width=\"512\" height=\"401\" src=\"https:\/\/toolless.com\/wp-content\/uploads\/2020\/04\/Acrylic-enclosures-1.jpg\" alt=\"Cajas de acr\u00edlico\" class=\"wp-image-488\" srcset=\"https:\/\/toolless.com\/wp-content\/uploads\/2020\/04\/Acrylic-enclosures-1.jpg 512w, https:\/\/toolless.com\/wp-content\/uploads\/2020\/04\/Acrylic-enclosures-1-300x235.jpg 300w\" sizes=\"auto, (max-width: 512px) 100vw, 512px\" \/><\/figure>\n\n\n\n<figure class=\"wp-block-image size-large\"><img loading=\"lazy\" decoding=\"async\" width=\"655\" height=\"488\" src=\"https:\/\/toolless.com\/wp-content\/uploads\/2020\/04\/Acrylic-enclosures-4.jpg\" alt=\"Cajas de acr\u00edlico\" class=\"wp-image-487\" srcset=\"https:\/\/toolless.com\/wp-content\/uploads\/2020\/04\/Acrylic-enclosures-4.jpg 655w, https:\/\/toolless.com\/wp-content\/uploads\/2020\/04\/Acrylic-enclosures-4-300x224.jpg 300w\" sizes=\"auto, (max-width: 655px) 100vw, 655px\" \/><\/figure>\n\n\n\n<figure class=\"wp-block-image size-large\"><img loading=\"lazy\" decoding=\"async\" width=\"683\" height=\"569\" src=\"https:\/\/toolless.com\/wp-content\/uploads\/2020\/04\/Acrylic-enclosures-6.jpg\" alt=\"Cajas de acr\u00edlico\" class=\"wp-image-486\" srcset=\"https:\/\/toolless.com\/wp-content\/uploads\/2020\/04\/Acrylic-enclosures-6.jpg 683w, https:\/\/toolless.com\/wp-content\/uploads\/2020\/04\/Acrylic-enclosures-6-300x250.jpg 300w\" sizes=\"auto, (max-width: 683px) 100vw, 683px\" \/><\/figure>\n\n\n\n<figure class=\"wp-block-image size-large\"><img loading=\"lazy\" decoding=\"async\" width=\"1024\" height=\"683\" src=\"https:\/\/toolless.com\/wp-content\/uploads\/2020\/04\/081-1024x683.jpg\" alt=\"\" class=\"wp-image-485\" srcset=\"https:\/\/toolless.com\/wp-content\/uploads\/2020\/04\/081-1024x683.jpg 1024w, https:\/\/toolless.com\/wp-content\/uploads\/2020\/04\/081-300x200.jpg 300w, https:\/\/toolless.com\/wp-content\/uploads\/2020\/04\/081-768x512.jpg 768w, https:\/\/toolless.com\/wp-content\/uploads\/2020\/04\/081.jpg 1200w\" sizes=\"auto, (max-width: 1024px) 100vw, 1024px\" \/><\/figure>\n\n\n\n<figure class=\"wp-block-image size-large\"><img loading=\"lazy\" decoding=\"async\" width=\"553\" height=\"362\" src=\"https:\/\/toolless.com\/wp-content\/uploads\/2020\/04\/Acrylic-enclosures-8.jpg\" alt=\"\" class=\"wp-image-484\" srcset=\"https:\/\/toolless.com\/wp-content\/uploads\/2020\/04\/Acrylic-enclosures-8.jpg 553w, https:\/\/toolless.com\/wp-content\/uploads\/2020\/04\/Acrylic-enclosures-8-300x196.jpg 300w\" sizes=\"auto, (max-width: 553px) 100vw, 553px\" \/><\/figure>\n\n\n\n<figure class=\"wp-block-image size-large\"><img loading=\"lazy\" decoding=\"async\" width=\"730\" height=\"483\" src=\"https:\/\/toolless.com\/wp-content\/uploads\/2020\/04\/Acrylic-enclosures-9.jpg\" alt=\"\" class=\"wp-image-483\" srcset=\"https:\/\/toolless.com\/wp-content\/uploads\/2020\/04\/Acrylic-enclosures-9.jpg 730w, https:\/\/toolless.com\/wp-content\/uploads\/2020\/04\/Acrylic-enclosures-9-300x198.jpg 300w\" sizes=\"auto, (max-width: 730px) 100vw, 730px\" \/><\/figure>\n\n\n\n<figure class=\"wp-block-image size-large\"><img loading=\"lazy\" decoding=\"async\" width=\"869\" height=\"543\" src=\"https:\/\/toolless.com\/wp-content\/uploads\/2020\/04\/Acrylic-enclosures-10.jpg\" alt=\"\" class=\"wp-image-482\" srcset=\"https:\/\/toolless.com\/wp-content\/uploads\/2020\/04\/Acrylic-enclosures-10.jpg 869w, https:\/\/toolless.com\/wp-content\/uploads\/2020\/04\/Acrylic-enclosures-10-300x187.jpg 300w, https:\/\/toolless.com\/wp-content\/uploads\/2020\/04\/Acrylic-enclosures-10-768x480.jpg 768w\" sizes=\"auto, (max-width: 869px) 100vw, 869px\" \/><\/figure>\n\n<\/div><\/div><\/div>\n<\/div>","protected":false},"excerpt":{"rendered":"","protected":false},"author":1,"featured_media":996,"parent":0,"menu_order":0,"comment_status":"closed","ping_status":"closed","template":"","meta":{"_acf_changed":false,"_seopress_robots_primary_cat":"","_seopress_titles_title":"Acrylic Enclosures | Plexiglass Enclosures","_seopress_titles_desc":"With over 20 years of experience, Toolless Plastic Solutions has succeeded into transferring our process into clear acrylic enclosures.","_seopress_robots_index":"","pgc_sgb_lightbox_settings":"","iawp_total_views":0,"footnotes":""},"page_categories":[],"class_list":{"0":"post-48","1":"page","2":"type-page","3":"status-publish","4":"has-post-thumbnail","6":"infinite-scroll-item"},"acf":[],"_links":{"self":[{"href":"https:\/\/toolless.com\/es\/wp-json\/wp\/v2\/pages\/48","targetHints":{"allow":["GET"]}}],"collection":[{"href":"https:\/\/toolless.com\/es\/wp-json\/wp\/v2\/pages"}],"about":[{"href":"https:\/\/toolless.com\/es\/wp-json\/wp\/v2\/types\/page"}],"author":[{"embeddable":true,"href":"https:\/\/toolless.com\/es\/wp-json\/wp\/v2\/users\/1"}],"replies":[{"embeddable":true,"href":"https:\/\/toolless.com\/es\/wp-json\/wp\/v2\/comments?post=48"}],"version-history":[{"count":4,"href":"https:\/\/toolless.com\/es\/wp-json\/wp\/v2\/pages\/48\/revisions"}],"predecessor-version":[{"id":2947,"href":"https:\/\/toolless.com\/es\/wp-json\/wp\/v2\/pages\/48\/revisions\/2947"}],"wp:featuredmedia":[{"embeddable":true,"href":"https:\/\/toolless.com\/es\/wp-json\/wp\/v2\/media\/996"}],"wp:attachment":[{"href":"https:\/\/toolless.com\/es\/wp-json\/wp\/v2\/media?parent=48"}],"wp:term":[{"taxonomy":"page_categories","embeddable":true,"href":"https:\/\/toolless.com\/es\/wp-json\/wp\/v2\/page_categories?post=48"}],"curies":[{"name":"wp","href":"https:\/\/api.w.org\/{rel}","templated":true}]}}