{"id":46,"date":"2020-04-17T22:43:14","date_gmt":"2020-04-17T22:43:14","guid":{"rendered":"http:\/\/toolless.ed-webdesigns.com\/?page_id=46"},"modified":"2025-01-23T17:44:19","modified_gmt":"2025-01-23T17:44:19","slug":"cajas-de-plastico-abs","status":"publish","type":"page","link":"https:\/\/toolless.com\/es\/abs-plastic-enclosures\/","title":{"rendered":"Cajas de pl\u00e1stico ABS | Cajas para componentes electr\u00f3nicos y cajas para proyectos"},"content":{"rendered":"<h3 class=\"wp-block-heading\">Fabricante de cajas de pl\u00e1stico ABS<\/h3>\n\n\n\n<p>En Toolless, empresa dedicada a la fabricaci\u00f3n de carcasas de pl\u00e1stico ABS, el 80% de nuestra producci\u00f3n utiliza ABS de uso general. <\/p>\n\n\n\n<p>Ya sea para una caja peque\u00f1a o una caja grande para tus componentes electr\u00f3nicos, Toolless tiene la capacidad de ofrecerte un producto de calidad que te permita hacer realidad tus proyectos electr\u00f3nicos.<\/p>\n\n\n<div class=\"wp-block-image\">\n<figure class=\"aligncenter size-full\"><img loading=\"lazy\" decoding=\"async\" width=\"500\" height=\"333\" src=\"https:\/\/toolless.com\/wp-content\/uploads\/2020\/04\/8574.jpg\" alt=\"Pl\u00e1stico ABS\" class=\"wp-image-477\" srcset=\"https:\/\/toolless.com\/wp-content\/uploads\/2020\/04\/8574.jpg 500w, https:\/\/toolless.com\/wp-content\/uploads\/2020\/04\/8574-300x200.jpg 300w\" sizes=\"auto, (max-width: 500px) 100vw, 500px\" \/><\/figure>\n<\/div>\n\n\n<p>En cuanto a las cajas de pl\u00e1stico para proyectos, ofrecemos una amplia variedad de espesores de material ABS, as\u00ed como carcasas de diferentes tama\u00f1os. Materiales como 3 mm, 4 mm y 6 mm, en una gran variedad de colores. Nuestras carcasas de pl\u00e1stico suelen estar disponibles en negro, blanco, gris claro o gris oscuro.<\/p>\n\n\n\n<p>Sin embargo, tenemos la capacidad de adaptar el color a las necesidades espec\u00edficas. El pedido m\u00ednimo para colores personalizados es de aproximadamente 2000 libras, dependiendo del grosor y el tama\u00f1o de su caja de pl\u00e1stico a medida para equipos electr\u00f3nicos. Podemos determinar la cantidad de cajas de ABS que se pueden producir con este volumen. Los clientes tambi\u00e9n tienen la opci\u00f3n de que el pl\u00e1stico se pinte seg\u00fan sus especificaciones. Esto permite un mayor n\u00famero de opciones en cuanto al color de las cajas de pl\u00e1stico. <\/p>\n\n\n\n<p>Nuestras cajas para equipos electr\u00f3nicos pueden utilizarse con soportes de pared y con diversas opciones de fuente de alimentaci\u00f3n. Se pueden instalar de cualquier forma que indique su dise\u00f1o. La instalaci\u00f3n sin herramientas aporta una flexibilidad sin igual a su proyecto.<\/p>\n\n\n\n<h3 class=\"wp-block-heading\">A continuaci\u00f3n encontrar\u00e1s dos tipos de ABS para tus proyectos con pl\u00e1stico ABS:<\/h3>\n\n\n\n<p>El ABS de uso general se presenta en dos tipos diferentes: est\u00e1ndar y ign\u00edfugo. En ocasiones, los clientes tienen criterios espec\u00edficos que deben cumplir para que su producto supere las pruebas, por lo que ofrecemos el ABS ign\u00edfugo. Sin embargo, por lo general, el ABS est\u00e1ndar de uso general satisface la mayor\u00eda de las necesidades de nuestros clientes. <\/p>\n\n\n\n<p><strong>Cajas de pl\u00e1stico ABS est\u00e1ndar (UL94 HB):<\/strong><\/p>\n\n\n\n<p>ALLEN\u00ae 552\/LXS es una carcasa de ABS de uso general con alta resistencia al impacto que se utiliza para fabricar todas nuestras carcasas de pl\u00e1stico. Est\u00e1 disponible en blanco, negro, gris claro y gris oscuro. Los tama\u00f1os disponibles incluyen 3 mm (0,118\u201d), 4 mm (0,157\u201d), 6 mm (0,236\u201d) y 8 mm (0,314\u201d).&nbsp;<a href=\"https:\/\/toolless.com\/wp-content\/uploads\/2020\/04\/GP-ABS-552-LXS.pdf\" target=\"_blank\" rel=\"noreferrer noopener\">Ficha t\u00e9cnica<\/a><\/p>\n\n\n\n<p><strong>Cajas de pl\u00e1stico ABS ign\u00edfugas (UL94 V0):<\/strong><\/p>\n\n\n\n<p>Las l\u00e1minas termopl\u00e1sticas Royalite pueden procesarse en cualquier equipo de termoformado para crear carcasas de pl\u00e1stico ign\u00edfugas. Est\u00e1n disponibles en blanco y negro, con un grosor de 3 mm (0,118 pulgadas).&nbsp;<a href=\"https:\/\/toolless.com\/wp-content\/uploads\/2020\/04\/FR-ABS-Royalite_R59.pdf\" target=\"_blank\" rel=\"noreferrer noopener\">Ficha t\u00e9cnica<\/a><\/p>\n\n\n\n<p>Si necesita cajas de pl\u00e1stico ign\u00edfugas, h\u00e1ganoslo saber rellenando el&nbsp;<a href=\"\/es\/solicitud-de-presupuesto\/\" target=\"_blank\" rel=\"noreferrer noopener\">formulario de solicitud<\/a>.<\/p>\n\n\n\n<p>Toolless Plastic Solutions lleva m\u00e1s de 20 a\u00f1os especializ\u00e1ndose en carcasas para proyectos electr\u00f3nicos. Contamos con la experiencia y la tecnolog\u00eda necesarias para fabricar carcasas electr\u00f3nicas a medida sin necesidad de moldes ni utillaje.<\/p>\n\n\n\n<p>M\u00e1s informaci\u00f3n sobre el&nbsp;<a href=\"\/es\/proceso-de-fabricacion-de-carcasas-de-plastico\/\" target=\"_blank\" rel=\"noreferrer noopener\">Proceso de fabricaci\u00f3n sin herramientas.<\/a>&nbsp;Descubra c\u00f3mo fabricamos cerramientos de calidad a precios accesibles y con un excelente servicio al cliente.<\/p>","protected":false},"excerpt":{"rendered":"<p>Fabricante de Cajas de Pl\u00e1stico ABS En Toolless, fabricante de cajas de pl\u00e1stico ABS, el 80% de nuestra producci\u00f3n utiliza ABS de prop\u00f3sito general. Ya sea para una caja peque\u00f1a o una caja grande para sus componentes electr\u00f3nicos. Toolless tiene la capacidad de entregar un producto de calidad para hacer realidad los proyectos electr\u00f3nicos. Para las cajas de pl\u00e1stico para proyectos, \u2026 <\/p>\n<p class=\"read-more-container\"><a title=\"Cajas de pl\u00e1stico ABS | Cajas para componentes electr\u00f3nicos y cajas para proyectos\" class=\"read-more button\" href=\"https:\/\/toolless.com\/es\/abs-plastic-enclosures\/#more-46\" aria-label=\"M\u00e1s sobre gabinetes de pl\u00e1stico ABS | Cajas electr\u00f3nicas y gabinetes para proyectos\">Leer m\u00e1s<\/a><\/p>","protected":false},"author":1,"featured_media":994,"parent":0,"menu_order":0,"comment_status":"closed","ping_status":"closed","template":"","meta":{"_acf_changed":false,"_seopress_robots_primary_cat":"","_seopress_titles_title":"ABS Plastic Enclosures | Electronic Cases & Project Boxes","_seopress_titles_desc":"Toolless is an ABS Plastic Enclosure Manufacturer and has the capability to deliver a quality product to make electronic projects a reality!","_seopress_robots_index":"","pgc_sgb_lightbox_settings":"","iawp_total_views":0,"footnotes":""},"page_categories":[],"class_list":{"0":"post-46","1":"page","2":"type-page","3":"status-publish","4":"has-post-thumbnail","6":"infinite-scroll-item"},"acf":[],"_links":{"self":[{"href":"https:\/\/toolless.com\/es\/wp-json\/wp\/v2\/pages\/46","targetHints":{"allow":["GET"]}}],"collection":[{"href":"https:\/\/toolless.com\/es\/wp-json\/wp\/v2\/pages"}],"about":[{"href":"https:\/\/toolless.com\/es\/wp-json\/wp\/v2\/types\/page"}],"author":[{"embeddable":true,"href":"https:\/\/toolless.com\/es\/wp-json\/wp\/v2\/users\/1"}],"replies":[{"embeddable":true,"href":"https:\/\/toolless.com\/es\/wp-json\/wp\/v2\/comments?post=46"}],"version-history":[{"count":5,"href":"https:\/\/toolless.com\/es\/wp-json\/wp\/v2\/pages\/46\/revisions"}],"predecessor-version":[{"id":1729,"href":"https:\/\/toolless.com\/es\/wp-json\/wp\/v2\/pages\/46\/revisions\/1729"}],"wp:featuredmedia":[{"embeddable":true,"href":"https:\/\/toolless.com\/es\/wp-json\/wp\/v2\/media\/994"}],"wp:attachment":[{"href":"https:\/\/toolless.com\/es\/wp-json\/wp\/v2\/media?parent=46"}],"wp:term":[{"taxonomy":"page_categories","embeddable":true,"href":"https:\/\/toolless.com\/es\/wp-json\/wp\/v2\/page_categories?post=46"}],"curies":[{"name":"wp","href":"https:\/\/api.w.org\/{rel}","templated":true}]}}