{"id":42,"date":"2020-04-17T22:42:34","date_gmt":"2020-04-17T22:42:34","guid":{"rendered":"http:\/\/toolless.ed-webdesigns.com\/?page_id=42"},"modified":"2025-01-20T16:59:00","modified_gmt":"2025-01-20T16:59:00","slug":"carcasas-de-plastico-para-uso-medico","status":"publish","type":"page","link":"https:\/\/toolless.com\/es\/medical-plastic-enclosures\/","title":{"rendered":"Cajas de pl\u00e1stico para uso m\u00e9dico"},"content":{"rendered":"<h3 class=\"wp-block-heading\">Cajas de pl\u00e1stico a medida para dispositivos m\u00e9dicos<\/h3>\n\n\n\n<p>Cuando se trata de carcasas m\u00e9dicas personalizadas o dispositivos de laboratorio, Toolless es la mejor opci\u00f3n. Toolless cuenta con m\u00e1s de 20 a\u00f1os de experiencia en el sector m\u00e9dico. Nuestros clientes abarcan desde ingenieros mec\u00e1nicos o de dise\u00f1o hasta m\u00e9dicos, enfermeros, fisioterapeutas y t\u00e9cnicos de laboratorio. Muchos han acudido a nosotros con la necesidad de alojar sus numerosos componentes. Por ejemplo, bombas, placas de circuitos, dispositivos respiratorios, etc. Todo ello necesario para que pudieran probar su innovador invento. Nuestra experiencia en la industria m\u00e9dica nos ha permitido ayudar a crear carcasas m\u00e9dicas de pl\u00e1stico a medida. Perm\u00edtanos ayudarle a hacer realidad estas innovaciones.<\/p>\n\n\n\n<p>La tarea consiste en crear, en unas pocas semanas, un prototipo que integre todos los componentes necesarios. Adem\u00e1s, debe ser est\u00e9ticamente atractivo y contar con la funcionalidad deseada. Toolless ofrece una soluci\u00f3n completa llave en mano (paquete NRE).<\/p>\n\n\n\n<p>Los clientes dispondr\u00e1n de m\u00e1s tiempo para dedicarlo a su hardware o software interno. Nosotros nos encargaremos de dise\u00f1ar la carcasa a medida para su dispositivo m\u00e9dico. Los clientes tienen la posibilidad de enviar el prototipo de su dispositivo m\u00e9dico a certificar o de probarlo internamente. De este modo, se evita correr el riesgo de invertir en un molde costoso.<\/p>\n\n\n\n<p>Ya sea que nuestras carcasas se instalen en un laboratorio, un hospital, una ambulancia o un consultorio m\u00e9dico, Toolless se enorgullece de ofrecer una carcasa de dise\u00f1o atractivo que contribuye a mejorar la vida tanto de los pacientes como del personal m\u00e9dico.<\/p>\n\n\n\n<h3 class=\"wp-block-heading\">Dise\u00f1os de armarios m\u00e9dicos de \u00faltima generaci\u00f3n<\/h3>\n\n\n\n<p>Desde 1994, Toolless ha colaborado con numerosas empresas del sector m\u00e9dico en una amplia variedad de aplicaciones. Entre ellas se incluyen quir\u00f3fanos, equipos de diagn\u00f3stico del sue\u00f1o, soluciones para el ojo seco, dispositivos respiratorios, simuladores de respiraci\u00f3n, ventiladores CPAP y muchas otras.<\/p>\n\n\n\n<p>A continuaci\u00f3n se muestran algunos ejemplos de nuestro trabajo:&nbsp;<\/p>\n\n\n\n<hr class=\"wp-block-separator has-css-opacity is-style-wide\"\/>\n\n\n<div class=\"gb-grid-wrapper gb-grid-wrapper-c37c70c1\">\n<div class=\"gb-grid-column gb-grid-column-ee7b41d5\"><div class=\"gb-container gb-container-ee7b41d5\"><div class=\"gb-inside-container\">\n\n<figure class=\"wp-block-image size-large\"><a href=\"https:\/\/www.estanalytical.com\/\" target=\"_blank\" rel=\"noopener noreferrer\"><img loading=\"lazy\" decoding=\"async\" width=\"450\" height=\"435\" src=\"https:\/\/toolless.com\/wp-content\/uploads\/2020\/04\/Medical-enclosure-1.jpg\" alt=\"\" class=\"wp-image-453\" srcset=\"https:\/\/toolless.com\/wp-content\/uploads\/2020\/04\/Medical-enclosure-1.jpg 450w, https:\/\/toolless.com\/wp-content\/uploads\/2020\/04\/Medical-enclosure-1-300x290.jpg 300w\" sizes=\"auto, (max-width: 450px) 100vw, 450px\" \/><\/a><\/figure>\n\n<\/div><\/div><\/div>\n\n<div class=\"gb-grid-column gb-grid-column-55eb67a7\"><div class=\"gb-container gb-container-55eb67a7\"><div class=\"gb-inside-container\">\n\n<h4 class=\"wp-block-heading\">Dispositivo m\u00e9dico de alta calidad<\/h4>\n\n\n\n<p>EST Analytical es cliente de Toolless desde 2004. Hemos dise\u00f1ado numerosos dispositivos de laboratorio para ellos.<\/p>\n\n\n\n<p>Esta imagen es solo un ejemplo de los dispositivos de prueba de laboratorio que creamos para ellos. Esta unidad es un dispositivo rob\u00f3tico de muestreo que se dise\u00f1\u00f3 por primera vez en 2012. Toolless logr\u00f3 reproducir el dise\u00f1o del cliente, incluyendo las curvas de la parte superior, el color del pl\u00e1stico y la ventilaci\u00f3n lateral necesaria para el flujo de aire. Una ventana de acr\u00edlico azul permite al cliente ver a trav\u00e9s del dispositivo mientras la m\u00e1quina est\u00e1 en funcionamiento.<\/p>\n\n\n\n<p>&nbsp;<strong>Caracter\u00edsticas:<\/strong><\/p>\n\n\n\n<ul class=\"wp-block-list\">\n<li>Dise\u00f1o de rejillas de ventilaci\u00f3n<\/li>\n\n\n\n<li>Acr\u00edlico azul transparente<\/li>\n<\/ul>\n\n<\/div><\/div><\/div>\n<\/div>\n\n\n<hr class=\"wp-block-separator has-css-opacity is-style-wide\"\/>\n\n\n<div class=\"gb-grid-wrapper gb-grid-wrapper-576f5629\">\n<div class=\"gb-grid-column gb-grid-column-dae3ebd3\"><div class=\"gb-container gb-container-dae3ebd3\"><div class=\"gb-inside-container\">\n\n<figure class=\"wp-block-image size-large\"><a href=\"https:\/\/aironusa.com\/\" target=\"_blank\" rel=\"noopener noreferrer\"><img loading=\"lazy\" decoding=\"async\" width=\"450\" height=\"240\" src=\"https:\/\/toolless.com\/wp-content\/uploads\/2020\/04\/Medical-Enclosure-2.jpg\" alt=\"\" class=\"wp-image-454\" srcset=\"https:\/\/toolless.com\/wp-content\/uploads\/2020\/04\/Medical-Enclosure-2.jpg 450w, https:\/\/toolless.com\/wp-content\/uploads\/2020\/04\/Medical-Enclosure-2-300x160.jpg 300w\" sizes=\"auto, (max-width: 450px) 100vw, 450px\" \/><\/a><\/figure>\n\n<\/div><\/div><\/div>\n\n<div class=\"gb-grid-column gb-grid-column-d0a172e0\"><div class=\"gb-container gb-container-d0a172e0\"><div class=\"gb-inside-container\">\n\n<h4 class=\"wp-block-heading\">Opci\u00f3n de dise\u00f1o curvo<\/h4>\n\n\n\n<p>Esta unidad es un dispositivo rob\u00f3tico de muestreo que se dise\u00f1\u00f3 por primera vez en 2012. Toolless logr\u00f3 reproducir el dise\u00f1o del cliente, incluyendo las curvas de la parte superior, el color del pl\u00e1stico y la ventilaci\u00f3n lateral necesaria para el flujo de aire. Una ventana de acr\u00edlico azul permite al cliente ver el interior del dispositivo mientras la m\u00e1quina est\u00e1 en funcionamiento.<\/p>\n\n\n\n<p>Este mini ventilador port\u00e1til aut\u00f3nomo, dise\u00f1ado en 2009, se utiliza en muchos hospitales. Tambi\u00e9n se emplea para la asistencia respiratoria neonatal y pedi\u00e1trica. El dise\u00f1o de este dispositivo plante\u00f3 varios retos. En primer lugar, tuvimos que tener en cuenta la forma general de la carcasa y el laminado del pl\u00e1stico para mantenerla. En segundo lugar, era importante que el asa del dispositivo se adaptara a la curva.<\/p>\n\n\n\n<p><strong>Caracter\u00edsticas<\/strong><\/p>\n\n\n\n<ul class=\"wp-block-list\">\n<li>Panel impreso<\/li>\n\n\n\n<li>Diversas curvaturas<\/li>\n\n\n\n<li>Dispositivo port\u00e1til<\/li>\n<\/ul>\n\n<\/div><\/div><\/div>\n<\/div>\n\n\n<hr class=\"wp-block-separator has-css-opacity is-style-wide\"\/>\n\n\n<div class=\"gb-grid-wrapper gb-grid-wrapper-0acca2b9\">\n<div class=\"gb-grid-column gb-grid-column-f4901b27\"><div class=\"gb-container gb-container-f4901b27\"><div class=\"gb-inside-container\">\n\n<figure class=\"wp-block-image size-large\"><a href=\"https:\/\/neurovirtual.com\/?lc=US\" target=\"_blank\" rel=\"noopener noreferrer\"><img loading=\"lazy\" decoding=\"async\" width=\"460\" height=\"294\" src=\"https:\/\/toolless.com\/wp-content\/uploads\/2020\/04\/Medical-Enclosure-3.jpg\" alt=\"\" class=\"wp-image-455\" srcset=\"https:\/\/toolless.com\/wp-content\/uploads\/2020\/04\/Medical-Enclosure-3.jpg 460w, https:\/\/toolless.com\/wp-content\/uploads\/2020\/04\/Medical-Enclosure-3-300x192.jpg 300w\" sizes=\"auto, (max-width: 460px) 100vw, 460px\" \/><\/a><\/figure>\n\n<\/div><\/div><\/div>\n\n<div class=\"gb-grid-column gb-grid-column-4f92c3e1\"><div class=\"gb-container gb-container-4f92c3e1\"><div class=\"gb-inside-container\">\n\n<h4 class=\"wp-block-heading\">Opciones multicolores<\/h4>\n\n\n\n<p>Por \u00faltimo, necesit\u00e1bamos crear un dispositivo que fuera peque\u00f1o y, al mismo tiempo, pudiera albergar todo el hardware necesario. No solo logramos superar todos estos retos, sino que los superamos con creces. Conseguimos crear un dispositivo m\u00e9dico multicolor gracias al uso de nuestra impresora digital. Toolless produce aproximadamente un centenar de estas unidades al a\u00f1o.<\/p>\n\n\n\n<p>Este dispositivo m\u00e9dico personalizado de EEG se dise\u00f1\u00f3 en 2017 y seguimos fabric\u00e1ndolo \u00edntegramente nosotros. Producimos de forma constante alrededor de 25 dispositivos al mes. El dise\u00f1o incluye el curvado del pl\u00e1stico y una amplia zona recortada para la etiqueta. Para los 34 canales se requiere pl\u00e1stico multicolor y numerosas opciones de recorte diferentes.<\/p>\n\n\n\n<p><strong>Caracter\u00edsticas<\/strong><\/p>\n\n\n\n<ul class=\"wp-block-list\">\n<li>Panel impreso Hog-out<\/li>\n\n\n\n<li>Opci\u00f3n de troquelado para conector<\/li>\n<\/ul>\n\n<\/div><\/div><\/div>\n<\/div>\n\n\n<hr class=\"wp-block-separator has-css-opacity is-style-wide\"\/>\n\n\n<div class=\"gb-grid-wrapper gb-grid-wrapper-e0a4e1f7\">\n<div class=\"gb-grid-column gb-grid-column-229cd30b\"><div class=\"gb-container gb-container-229cd30b\"><div class=\"gb-inside-container\">\n\n<figure class=\"wp-block-image size-large\"><img loading=\"lazy\" decoding=\"async\" width=\"450\" height=\"443\" src=\"https:\/\/toolless.com\/wp-content\/uploads\/2020\/04\/Medical-Enclosure-4.jpg\" alt=\"\" class=\"wp-image-456\" srcset=\"https:\/\/toolless.com\/wp-content\/uploads\/2020\/04\/Medical-Enclosure-4.jpg 450w, https:\/\/toolless.com\/wp-content\/uploads\/2020\/04\/Medical-Enclosure-4-300x295.jpg 300w\" sizes=\"auto, (max-width: 450px) 100vw, 450px\" \/><\/figure>\n\n<\/div><\/div><\/div>\n\n<div class=\"gb-grid-column gb-grid-column-7c7e5411\"><div class=\"gb-container gb-container-7c7e5411\"><div class=\"gb-inside-container\">\n\n<h4 class=\"wp-block-heading\">Varias formas y tama\u00f1os<\/h4>\n\n\n\n<p>Aqu\u00ed hay otro ejemplo de unos dispositivos de laboratorio muy espec\u00edficos cuyos prototipos se desarrollaron en 2011. Fabricamos unas 10 unidades al mes de este muestreador autom\u00e1tico. Las unidades constan de muchas piezas diferentes y Toolless fabrica la cubierta de acr\u00edlico azul que protege los componentes internos.<\/p>\n\n\n\n<p>La peque\u00f1a ventana de acr\u00edlico azul fue el mayor desaf\u00edo. Ten\u00eda que adaptarse a la forma curvada y al \u00e1ngulo de la pieza. Toolless tambi\u00e9n cuenta con la experiencia necesaria para unir dos tipos diferentes de materiales, como el Boltaron y el acr\u00edlico.<\/p>\n\n\n\n<p><strong>Caracter\u00edsticas<\/strong><\/p>\n\n\n\n<ul class=\"wp-block-list\">\n<li>Posibilidades en movimiento<\/li>\n\n\n\n<li>Uni\u00f3n de m\u00faltiples materiales<\/li>\n\n\n\n<li>Resistente al fuego UL94_V0<\/li>\n<\/ul>\n\n<\/div><\/div><\/div>\n<\/div>\n\n\n<hr class=\"wp-block-separator has-css-opacity is-style-wide\"\/>\n\n\n<div class=\"gb-grid-wrapper gb-grid-wrapper-927e0e1d\">\n<div class=\"gb-grid-column gb-grid-column-0c25e535\"><div class=\"gb-container gb-container-0c25e535\"><div class=\"gb-inside-container\">\n\n<figure class=\"wp-block-image size-large\"><a href=\"https:\/\/www.ingmarmed.com\/product\/asl-5000-breathing-simulator\/\" target=\"_blank\" rel=\"noopener noreferrer\"><img loading=\"lazy\" decoding=\"async\" width=\"450\" height=\"300\" src=\"https:\/\/toolless.com\/wp-content\/uploads\/2020\/04\/Medical-Enclosure-5.jpg\" alt=\"\" class=\"wp-image-457\" srcset=\"https:\/\/toolless.com\/wp-content\/uploads\/2020\/04\/Medical-Enclosure-5.jpg 450w, https:\/\/toolless.com\/wp-content\/uploads\/2020\/04\/Medical-Enclosure-5-300x200.jpg 300w\" sizes=\"auto, (max-width: 450px) 100vw, 450px\" \/><\/a><\/figure>\n\n<\/div><\/div><\/div>\n\n<div class=\"gb-grid-column gb-grid-column-cc4a2baf\"><div class=\"gb-container gb-container-cc4a2baf\"><div class=\"gb-inside-container\">\n\n<h4 class=\"wp-block-heading\">Recubrimiento EMI\/RFI<\/h4>\n\n\n\n<p>Este simulador de respiraci\u00f3n fue dise\u00f1ado por primera vez en 1998 por Toolless. Todav\u00eda fabricamos alrededor de 10 unidades de este equipo m\u00e9dico al mes. El interior de la carcasa cuenta con blindaje contra interferencias electromagn\u00e9ticas (EMI) y dispone de un bastidor met\u00e1lico para el montaje de los componentes.<\/p>\n\n\n\n<p><strong>Caracter\u00edsticas<\/strong><\/p>\n\n\n\n<ul class=\"wp-block-list\">\n<li>Capacidad para agacharse\u00a0<\/li>\n\n\n\n<li>Compatibilidad con m\u00faltiples tecnolog\u00edas\u00a0<\/li>\n<\/ul>\n\n<\/div><\/div><\/div>\n<\/div>\n\n\n<h3 class=\"wp-block-heading\">Calidad m\u00e9dica sin moldes ni utillaje<\/h3>\n\n\n\n<p>Nuestra fortaleza radica en la capacidad de llevar a cabo producciones medianas de manera rentable. Como se desprende de los ejemplos anteriores, Toolless colabora estrechamente con sus clientes para crear dise\u00f1os que no solo satisfagan sus necesidades, sino que adem\u00e1s sean robustos, confiables y est\u00e9ticamente atractivos, y que sean aptos para la industria m\u00e9dica. La tecnolog\u00eda de Toolless es el \u00fanico sistema de fabricaci\u00f3n totalmente integrado del mundo. La utilizamos para producir carcasas pl\u00e1sticas m\u00e9dicas de forma r\u00e1pida, sencilla y a bajo costo, sin necesidad de moldes ni herramientas.&nbsp;<\/p>","protected":false},"excerpt":{"rendered":"<p>Carcasas de pl\u00e1stico personalizadas para dispositivos m\u00e9dicos Cuando se trata de carcasas personalizadas para dispositivos m\u00e9dicos o de laboratorio, Toolless es la mejor opci\u00f3n. Toolless tiene m\u00e1s de 20 a\u00f1os de experiencia en la industria m\u00e9dica. Nuestros clientes van desde ingenieros mec\u00e1nicos o de dise\u00f1o hasta m\u00e9dicos, enfermeras, fisioterapeutas y t\u00e9cnicos de laboratorio. Muchos han acudido a nosotros con una necesidad\u2026 <\/p>\n<p class=\"read-more-container\"><a title=\"Cajas de pl\u00e1stico para uso m\u00e9dico\" class=\"read-more button\" href=\"https:\/\/toolless.com\/es\/medical-plastic-enclosures\/#more-42\" aria-label=\"M\u00e1s sobre carcasas de pl\u00e1stico para dispositivos m\u00e9dicos\">Leer m\u00e1s<\/a><\/p>","protected":false},"author":1,"featured_media":386,"parent":0,"menu_order":0,"comment_status":"closed","ping_status":"closed","template":"","meta":{"_acf_changed":false,"_seopress_robots_primary_cat":"","_seopress_titles_title":"Custom Medical Plastic Enclosures | Plastic Cases, Boxes, & Housings","_seopress_titles_desc":"Toolless has more than 20 years of experience in the medical industry making custom Medical Plastic Enclosures for various medical devices. We create Custom Plastic Cases, Boxes and Housings!","_seopress_robots_index":"","pgc_sgb_lightbox_settings":"","iawp_total_views":0,"footnotes":""},"page_categories":[],"class_list":{"0":"post-42","1":"page","2":"type-page","3":"status-publish","4":"has-post-thumbnail","6":"infinite-scroll-item"},"acf":[],"_links":{"self":[{"href":"https:\/\/toolless.com\/es\/wp-json\/wp\/v2\/pages\/42","targetHints":{"allow":["GET"]}}],"collection":[{"href":"https:\/\/toolless.com\/es\/wp-json\/wp\/v2\/pages"}],"about":[{"href":"https:\/\/toolless.com\/es\/wp-json\/wp\/v2\/types\/page"}],"author":[{"embeddable":true,"href":"https:\/\/toolless.com\/es\/wp-json\/wp\/v2\/users\/1"}],"replies":[{"embeddable":true,"href":"https:\/\/toolless.com\/es\/wp-json\/wp\/v2\/comments?post=42"}],"version-history":[{"count":4,"href":"https:\/\/toolless.com\/es\/wp-json\/wp\/v2\/pages\/42\/revisions"}],"predecessor-version":[{"id":2944,"href":"https:\/\/toolless.com\/es\/wp-json\/wp\/v2\/pages\/42\/revisions\/2944"}],"wp:featuredmedia":[{"embeddable":true,"href":"https:\/\/toolless.com\/es\/wp-json\/wp\/v2\/media\/386"}],"wp:attachment":[{"href":"https:\/\/toolless.com\/es\/wp-json\/wp\/v2\/media?parent=42"}],"wp:term":[{"taxonomy":"page_categories","embeddable":true,"href":"https:\/\/toolless.com\/es\/wp-json\/wp\/v2\/page_categories?post=42"}],"curies":[{"name":"wp","href":"https:\/\/api.w.org\/{rel}","templated":true}]}}