{"id":40,"date":"2020-04-17T22:42:00","date_gmt":"2020-04-17T22:42:00","guid":{"rendered":"http:\/\/toolless.ed-webdesigns.com\/?page_id=40"},"modified":"2025-01-20T16:49:20","modified_gmt":"2025-01-20T16:49:20","slug":"cajas-para-equipos-electronicos","status":"publish","type":"page","link":"https:\/\/toolless.com\/es\/electronic-enclosures\/","title":{"rendered":"Cajas de pl\u00e1stico para equipos electr\u00f3nicos | Carcasas para equipos electr\u00f3nicos"},"content":{"rendered":"<div class=\"gb-grid-wrapper gb-grid-wrapper-019bcfa0\">\n<div class=\"gb-grid-column gb-grid-column-35a7f725\"><div class=\"gb-container gb-container-35a7f725\"><div class=\"gb-inside-container\">\n\n<h3 class=\"wp-block-heading\">Cajas a medida para tus dispositivos electr\u00f3nicos<\/h3>\n\n\n\n<p>Las cajas para componentes electr\u00f3nicos, tambi\u00e9n conocidas como carcasas electr\u00f3nicas, son cajas de pl\u00e1stico que albergan componentes electr\u00f3nicos. Entre las aplicaciones m\u00e1s comunes de estas cajas se incluyen: computadoras, consolas de videojuegos y equipos m\u00e9dicos.<\/p>\n\n\n\n<p>En t\u00e9rminos generales, una carcasa de pl\u00e1stico permite alojar los componentes electr\u00f3nicos de forma segura y protegida. En otras palabras, las carcasas tambi\u00e9n sirven para proteger los componentes el\u00e9ctricos frente a cualquier riesgo que pueda afectar a la placa de circuito. Algunos de estos riesgos son las condiciones clim\u00e1ticas, los derrames de l\u00edquidos, los golpes accidentales, las sacudidas y las vibraciones.<\/p>\n\n\n\n<p>Toolless Plastic Solutions lleva m\u00e1s de 20 a\u00f1os fabricando cajas para proyectos. Contamos con la experiencia y la tecnolog\u00eda necesarias para dise\u00f1ar y fabricar cajas el\u00e9ctricas de pl\u00e1stico a medida. Y lo m\u00e1s importante: dise\u00f1amos y producimos cajas sin necesidad de moldes ni utillaje.<\/p>\n\n\n\n<h3 class=\"wp-block-heading\">Cajas para equipos electr\u00f3nicos que se adaptan a tus necesidades<\/h3>\n\n\n\n<p>Desde el principio <a href=\"https:\/\/toolless.com\/es\/contactanos\/\" target=\"_blank\" rel=\"noreferrer noopener\">contacto<\/a>, nuestro equipo colaborar\u00e1 contigo para crear carcasas electr\u00f3nicas personalizadas de alta calidad. Satisfaremos tus necesidades. Contamos con un equipo de dise\u00f1o formado por profesionales que van desde ingenieros industriales hasta dise\u00f1adores, todos ellos dedicados a hacer realidad tu visi\u00f3n.<\/p>\n\n\n\n<p>No importa el color, el dise\u00f1o o el tama\u00f1o: podemos hacerlo. Esto nos permite fabricar una caja de pl\u00e1stico que se adapte perfectamente a tus necesidades.<\/p>\n\n\n\n<p>Nuestro equipo de dise\u00f1o ofrece un excelente servicio al cliente para satisfacer sus necesidades. Determinamos la resistencia y el material adecuado para su aplicaci\u00f3n. Nuestros ingenieros mec\u00e1nicos e industriales trabajan para crear un modelo en 3D que se adapte a sus necesidades.<\/p>\n\n\n\n<p>A medida que su pedido de cajas de pl\u00e1stico personalizadas pasa de la fase de dise\u00f1o a la de prototipo y, posteriormente, a la de producci\u00f3n, Toolless comienza a realizar pruebas. Probamos el producto y seguimos mejorando el dise\u00f1o para garantizar que el producto funcione seg\u00fan lo previsto.<\/p>\n\n\n\n<p><em>&nbsp;\u201cLa carcasa de mi placa de circuito impreso es tan espec\u00edfica que necesito una carcasa electr\u00f3nica a medida. Las carcasas est\u00e1ndar no se adaptan a mi dise\u00f1o y estoy buscando desesperadamente una soluci\u00f3n adecuada\u201d.\u201d<\/em><\/p>\n\n\n\n<p>Todos los d\u00edas ayudamos a clientes que nos plantean esta pregunta. Se trata de clientes que buscaban cajas de pl\u00e1stico ABS para alojar sus placas de circuito impreso personalizadas. Por eso, Toolless se distingue de los fabricantes de carcasas est\u00e1ndar.<\/p>\n\n\n\n<p>Toolless Plastic Solutions ofrece una soluci\u00f3n sencilla y econ\u00f3mica para sus necesidades de carcasas de pl\u00e1stico. Gracias al uso de nuestras estructuras preconfiguradas, podemos integrar cualquier placa de circuito en nuestra l\u00ednea de montaje. Finalmente, comienza el proceso de fabricaci\u00f3n.<\/p>\n\n\n\n<p>Nuestras m\u00e1quinas CNC cortar\u00e1n el pl\u00e1stico ABS para las carcasas, los puertos, los elevadores y los botones. Adem\u00e1s, como se ve en el ejemplo, tambi\u00e9n se realizar\u00e1n los orificios de montaje.<\/p>\n\n\n\n<p>Toolless fabrica f\u00e1cilmente cajas para placas de circuito impreso a medida. En cualquier caso, una caja para PCB a medida es solo un ejemplo de carcasa electr\u00f3nica personalizada.<\/p>\n\n\n\n<h3 class=\"wp-block-heading\">Carcasas electr\u00f3nicas rentables con plazos de entrega r\u00e1pidos<\/h3>\n\n\n\n<p>Las herramientas necesarias para la inyecci\u00f3n o la extrusi\u00f3n de carcasas de pl\u00e1stico pueden resultar costosas. En definitiva, en Toolless Plastic Solutions dise\u00f1amos y fabricamos sus proyectos con nuestro enfoque y proceso de fabricaci\u00f3n de \u201cbajo costo\u201d.<\/p>\n\n\n\n<p>Nuestro proceso de dise\u00f1o y fabricaci\u00f3n permite producir carcasas que igualan o superan la calidad del moldeo por inyecci\u00f3n. Aun as\u00ed, en Toolless contamos con la experiencia y la tecnolog\u00eda necesarias para dise\u00f1ar y fabricar en semanas, no en meses. Las carcasas para sus dispositivos electr\u00f3nicos se fabrican de forma r\u00e1pida y econ\u00f3mica. Lo hacemos sin la inversi\u00f3n inicial ni los plazos de entrega adicionales que suelen requerirse para el utillaje.<\/p>\n\n<\/div><\/div><\/div>\n\n<div class=\"gb-grid-column gb-grid-column-6332a1a8\"><div class=\"gb-container gb-container-6332a1a8\"><div class=\"gb-inside-container\">\n\n<figure class=\"wp-block-image size-large\"><img loading=\"lazy\" decoding=\"async\" width=\"1000\" height=\"666\" src=\"https:\/\/toolless.com\/wp-content\/uploads\/2020\/04\/6867-1.jpg\" alt=\"Caja para equipos electr\u00f3nicos\" class=\"wp-image-450\" srcset=\"https:\/\/toolless.com\/wp-content\/uploads\/2020\/04\/6867-1.jpg 1000w, https:\/\/toolless.com\/wp-content\/uploads\/2020\/04\/6867-1-300x200.jpg 300w, https:\/\/toolless.com\/wp-content\/uploads\/2020\/04\/6867-1-768x511.jpg 768w\" sizes=\"auto, (max-width: 1000px) 100vw, 1000px\" \/><\/figure>\n\n\n\n<figure class=\"wp-block-image size-large\"><img loading=\"lazy\" decoding=\"async\" width=\"1000\" height=\"666\" src=\"https:\/\/toolless.com\/wp-content\/uploads\/2020\/04\/8452-1.jpg\" alt=\"\" class=\"wp-image-449\" srcset=\"https:\/\/toolless.com\/wp-content\/uploads\/2020\/04\/8452-1.jpg 1000w, https:\/\/toolless.com\/wp-content\/uploads\/2020\/04\/8452-1-300x200.jpg 300w, https:\/\/toolless.com\/wp-content\/uploads\/2020\/04\/8452-1-768x511.jpg 768w\" sizes=\"auto, (max-width: 1000px) 100vw, 1000px\" \/><\/figure>\n\n\n\n<figure class=\"wp-block-image size-large\"><img loading=\"lazy\" decoding=\"async\" width=\"1000\" height=\"666\" src=\"https:\/\/toolless.com\/wp-content\/uploads\/2020\/04\/6998.jpg\" alt=\"\" class=\"wp-image-448\" srcset=\"https:\/\/toolless.com\/wp-content\/uploads\/2020\/04\/6998.jpg 1000w, https:\/\/toolless.com\/wp-content\/uploads\/2020\/04\/6998-300x200.jpg 300w, https:\/\/toolless.com\/wp-content\/uploads\/2020\/04\/6998-768x511.jpg 768w\" sizes=\"auto, (max-width: 1000px) 100vw, 1000px\" \/><\/figure>\n\n\n\n<figure class=\"wp-block-image size-large\"><img loading=\"lazy\" decoding=\"async\" width=\"1000\" height=\"666\" src=\"https:\/\/toolless.com\/wp-content\/uploads\/2020\/04\/7049.jpg\" alt=\"Caja para equipos electr\u00f3nicos\" class=\"wp-image-447\" srcset=\"https:\/\/toolless.com\/wp-content\/uploads\/2020\/04\/7049.jpg 1000w, https:\/\/toolless.com\/wp-content\/uploads\/2020\/04\/7049-300x200.jpg 300w, https:\/\/toolless.com\/wp-content\/uploads\/2020\/04\/7049-768x511.jpg 768w\" sizes=\"auto, (max-width: 1000px) 100vw, 1000px\" \/><\/figure>\n\n<\/div><\/div><\/div>\n<\/div>\n\n<div class=\"gb-grid-wrapper gb-grid-wrapper-fcc4bc91\">\n<div class=\"gb-grid-column gb-grid-column-627b8579\"><div class=\"gb-container gb-container-627b8579\"><div class=\"gb-inside-container\"><\/div><\/div><\/div>\n\n<div class=\"gb-grid-column gb-grid-column-b05ee8f9\"><div class=\"gb-container gb-container-b05ee8f9\"><div class=\"gb-inside-container\"><\/div><\/div><\/div>\n\n<div class=\"gb-grid-column gb-grid-column-8da21ef6\"><div class=\"gb-container gb-container-8da21ef6\"><div class=\"gb-inside-container\"><\/div><\/div><\/div>\n<\/div>","protected":false},"excerpt":{"rendered":"","protected":false},"author":1,"featured_media":993,"parent":0,"menu_order":0,"comment_status":"closed","ping_status":"closed","template":"","meta":{"_acf_changed":false,"_seopress_robots_primary_cat":"","_seopress_titles_title":"Custom Electronic Enclosures | Custom Design Enclosures - No Molds","_seopress_titles_desc":"Custom Electronic Design Enclosure Manufacturer using No Mold Technology! Toolless creates custom electronic enclosures at a low cost!","_seopress_robots_index":"","pgc_sgb_lightbox_settings":"","iawp_total_views":0,"footnotes":""},"page_categories":[],"class_list":{"0":"post-40","1":"page","2":"type-page","3":"status-publish","4":"has-post-thumbnail","6":"infinite-scroll-item"},"acf":[],"_links":{"self":[{"href":"https:\/\/toolless.com\/es\/wp-json\/wp\/v2\/pages\/40","targetHints":{"allow":["GET"]}}],"collection":[{"href":"https:\/\/toolless.com\/es\/wp-json\/wp\/v2\/pages"}],"about":[{"href":"https:\/\/toolless.com\/es\/wp-json\/wp\/v2\/types\/page"}],"author":[{"embeddable":true,"href":"https:\/\/toolless.com\/es\/wp-json\/wp\/v2\/users\/1"}],"replies":[{"embeddable":true,"href":"https:\/\/toolless.com\/es\/wp-json\/wp\/v2\/comments?post=40"}],"version-history":[{"count":9,"href":"https:\/\/toolless.com\/es\/wp-json\/wp\/v2\/pages\/40\/revisions"}],"predecessor-version":[{"id":2924,"href":"https:\/\/toolless.com\/es\/wp-json\/wp\/v2\/pages\/40\/revisions\/2924"}],"wp:featuredmedia":[{"embeddable":true,"href":"https:\/\/toolless.com\/es\/wp-json\/wp\/v2\/media\/993"}],"wp:attachment":[{"href":"https:\/\/toolless.com\/es\/wp-json\/wp\/v2\/media?parent=40"}],"wp:term":[{"taxonomy":"page_categories","embeddable":true,"href":"https:\/\/toolless.com\/es\/wp-json\/wp\/v2\/page_categories?post=40"}],"curies":[{"name":"wp","href":"https:\/\/api.w.org\/{rel}","templated":true}]}}