{"id":36,"date":"2020-04-17T22:39:19","date_gmt":"2020-04-17T22:39:19","guid":{"rendered":"http:\/\/toolless.ed-webdesigns.com\/?page_id=36"},"modified":"2025-01-23T17:51:24","modified_gmt":"2025-01-23T17:51:24","slug":"caja-de-proteccion","status":"publish","type":"page","link":"https:\/\/toolless.com\/es\/u-box-enclosure\/","title":{"rendered":"Caja U"},"content":{"rendered":"<div class=\"gb-grid-wrapper gb-grid-wrapper-ac02e91a\">\n<div class=\"gb-grid-column gb-grid-column-b3faf04c\"><div class=\"gb-container gb-container-b3faf04c\"><div class=\"gb-inside-container\">\n\n<h2 class=\"wp-block-heading\">Proyectos con cajas de pl\u00e1stico U Box<\/h2>\n\n<\/div><\/div><\/div>\n\n<div class=\"gb-grid-column gb-grid-column-ab7f756c\"><div class=\"gb-container gb-container-ab7f756c\"><div class=\"gb-inside-container\">\n<div class=\"gb-button-wrapper gb-button-wrapper-ea9b1d1b\">\n\n<a class=\"gb-button gb-button-23b3e41b gb-button-text button\" href=\"\/es\/contactanos\/\">Cont\u00e1ctanos<\/a>\n\n<\/div>\n<\/div><\/div><\/div>\n<\/div>\n\n\n<p>Todas nuestras cajas de pl\u00e1stico se fabrican a medida y se adaptan a sus especificaciones, sin necesidad de moldes ni utillaje. Las cajas que se muestran a continuaci\u00f3n son ejemplos que ilustran nuestras capacidades; nuestro proceso de fabricaci\u00f3n no se limita a estos dise\u00f1os.<\/p>\n\n\n<div class=\"gb-grid-wrapper gb-grid-wrapper-8924eb73\">\n<div class=\"gb-grid-column gb-grid-column-94694eef\"><div class=\"gb-container gb-container-94694eef\"><div class=\"gb-inside-container\">\n<div class=\"icon-box\"><img loading=\"lazy\" decoding=\"async\" width=\"250\" height=\"250\" src=\"https:\/\/toolless.com\/wp-content\/uploads\/2020\/04\/U-Box-1.jpg\" class=\"iconbox-icon alignleft\" alt=\"\" srcset=\"https:\/\/toolless.com\/wp-content\/uploads\/2020\/04\/U-Box-1.jpg 250w, https:\/\/toolless.com\/wp-content\/uploads\/2020\/04\/U-Box-1-150x150.jpg 150w\" sizes=\"auto, (max-width: 250px) 100vw, 250px\" \/><div class=\"iconbox-text\"><h4>Recinto estrecho<\/h4>\n<p>Esta caja de 4 piezas se fabric\u00f3 a medida para alojar una placa de circuito impreso larga y estrecha. El sistema de encaje a presi\u00f3n (denominado \u00abclip cut\u00bb) permite que las dos partes se acoplen a la caja y sujeten la placa de circuito impreso con firmeza. La caja se abre con un destornillador gracias a una peque\u00f1a ranura situada en el lateral. El hueco de la parte superior sirve para colocar una etiqueta, mientras que el patr\u00f3n de ranuras del frente tiene una funci\u00f3n est\u00e9tica. Esta elegante caja presenta una curva frontal y est\u00e1 disponible en muchos colores y con diferentes patrones de ranuras.<\/p>\n<\/div><\/div>\n\n<div class=\"icon-box\"><img loading=\"lazy\" decoding=\"async\" width=\"250\" height=\"250\" src=\"https:\/\/toolless.com\/wp-content\/uploads\/2020\/04\/My-Seat-.jpg\" class=\"iconbox-icon alignleft\" alt=\"\" srcset=\"https:\/\/toolless.com\/wp-content\/uploads\/2020\/04\/My-Seat-.jpg 250w, https:\/\/toolless.com\/wp-content\/uploads\/2020\/04\/My-Seat--150x150.jpg 150w\" sizes=\"auto, (max-width: 250px) 100vw, 250px\" \/><div class=\"iconbox-text\"><h4>Caja peque\u00f1a<\/h4>\n<p>Esta caja de pl\u00e1stico negro es uno de nuestros dise\u00f1os m\u00e1s peque\u00f1os. Utilizamos el mismo concepto de encaje a presi\u00f3n. Una ranura lateral permite acceder a la tapa para retirarla. Este es nuestro modelo b\u00e1sico, que ilustra bien sus capacidades. El logotipo de la parte superior procede de nuestro\u00a0<a href=\"\/es\/impresion\/\">impresora digital<\/a>\u00a0Adem\u00e1s, podemos fabricar esta carcasa de pl\u00e1stico en diferentes colores y con diferentes logotipos.<\/p>\n<\/div><\/div>\n\n<div class=\"icon-box\"><img loading=\"lazy\" decoding=\"async\" width=\"250\" height=\"250\" src=\"https:\/\/toolless.com\/wp-content\/uploads\/2020\/04\/Themis.jpg\" class=\"iconbox-icon alignleft\" alt=\"\" srcset=\"https:\/\/toolless.com\/wp-content\/uploads\/2020\/04\/Themis.jpg 250w, https:\/\/toolless.com\/wp-content\/uploads\/2020\/04\/Themis-150x150.jpg 150w\" sizes=\"auto, (max-width: 250px) 100vw, 250px\" \/><div class=\"iconbox-text\"><h4>Carcasa elegante y curvada<\/h4>\n<p>Esta es una elegante variante de nuestra caja de pl\u00e1stico estilo U-Box. La curvatura frontal le da a este dispositivo un aspecto distintivo, adem\u00e1s de un toque muy especial\u00a0<a href=\"\/es\/marcado\/\">grabado<\/a>. Sorprendentemente, esto utiliza el mismo proceso que las otras dos unidades mencionadas anteriormente, lo que demuestra una vez m\u00e1s la flexibilidad de nuestro proceso. En el lateral se fresan unos cuantos orificios para los conectores.<\/p>\n<\/div><\/div>\n\n<div class=\"icon-box\"><img loading=\"lazy\" decoding=\"async\" width=\"250\" height=\"250\" src=\"https:\/\/toolless.com\/wp-content\/uploads\/2020\/04\/Audio.jpg\" class=\"iconbox-icon alignleft\" alt=\"\" srcset=\"https:\/\/toolless.com\/wp-content\/uploads\/2020\/04\/Audio.jpg 250w, https:\/\/toolless.com\/wp-content\/uploads\/2020\/04\/Audio-150x150.jpg 150w\" sizes=\"auto, (max-width: 250px) 100vw, 250px\" \/><div class=\"iconbox-text\"><h4>Grabado personalizado<\/h4>\n<p>Una versi\u00f3n plana de nuestro dise\u00f1o flexible y ajustable,\u00a0<a href=\"\/es\/marcado\/\">grabado<\/a>\u00a0en la parte superior y fresado para permitir el acceso a los orificios de los conectores. Elementos de encaje a presi\u00f3n en el lateral, igual que arriba.<\/p>\n<\/div><\/div>\n\n<div class=\"gb-button-wrapper gb-button-wrapper-eac8ffca\">\n\n<a class=\"gb-button gb-button-2adb5141 gb-button-text button\" href=\"\/es\/galeria-de-recintos\/\">M\u00e1s ejemplos<\/a>\n\n<\/div>\n<\/div><\/div><\/div>\n<\/div>\n\n\n<p><\/p>","protected":false},"excerpt":{"rendered":"<p>Todas nuestras cajas de pl\u00e1stico se fabrican a medida y se adaptan a sus especificaciones, sin necesidad de moldes ni utillaje. Las cajas que se muestran a continuaci\u00f3n son ejemplos que ilustran nuestras capacidades; nuestro proceso de fabricaci\u00f3n no se limita a estos dise\u00f1os.<\/p>","protected":false},"author":1,"featured_media":386,"parent":0,"menu_order":0,"comment_status":"closed","ping_status":"closed","template":"","meta":{"_acf_changed":false,"_seopress_robots_primary_cat":"","_seopress_titles_title":"Custom Plastic Enclosures Without Molds or Tooling","_seopress_titles_desc":"Discover custom, adjustable plastic enclosures with no molds or tooling required. Contact us for tailored solutions that meet your project's needs.","_seopress_robots_index":"","pgc_sgb_lightbox_settings":"","iawp_total_views":0,"footnotes":""},"page_categories":[3],"class_list":{"0":"post-36","1":"page","2":"type-page","3":"status-publish","4":"has-post-thumbnail","6":"page_categories-standard-enclosures","7":"infinite-scroll-item"},"acf":[],"_links":{"self":[{"href":"https:\/\/toolless.com\/es\/wp-json\/wp\/v2\/pages\/36","targetHints":{"allow":["GET"]}}],"collection":[{"href":"https:\/\/toolless.com\/es\/wp-json\/wp\/v2\/pages"}],"about":[{"href":"https:\/\/toolless.com\/es\/wp-json\/wp\/v2\/types\/page"}],"author":[{"embeddable":true,"href":"https:\/\/toolless.com\/es\/wp-json\/wp\/v2\/users\/1"}],"replies":[{"embeddable":true,"href":"https:\/\/toolless.com\/es\/wp-json\/wp\/v2\/comments?post=36"}],"version-history":[{"count":8,"href":"https:\/\/toolless.com\/es\/wp-json\/wp\/v2\/pages\/36\/revisions"}],"predecessor-version":[{"id":2952,"href":"https:\/\/toolless.com\/es\/wp-json\/wp\/v2\/pages\/36\/revisions\/2952"}],"wp:featuredmedia":[{"embeddable":true,"href":"https:\/\/toolless.com\/es\/wp-json\/wp\/v2\/media\/386"}],"wp:attachment":[{"href":"https:\/\/toolless.com\/es\/wp-json\/wp\/v2\/media?parent=36"}],"wp:term":[{"taxonomy":"page_categories","embeddable":true,"href":"https:\/\/toolless.com\/es\/wp-json\/wp\/v2\/page_categories?post=36"}],"curies":[{"name":"wp","href":"https:\/\/api.w.org\/{rel}","templated":true}]}}