{"id":34,"date":"2020-04-17T22:38:58","date_gmt":"2020-04-17T22:38:58","guid":{"rendered":"http:\/\/toolless.ed-webdesigns.com\/?page_id=34"},"modified":"2025-11-04T20:00:29","modified_gmt":"2025-11-04T20:00:29","slug":"caja-de-plastico","status":"publish","type":"page","link":"https:\/\/toolless.com\/es\/c-box-plastic-enclosure\/","title":{"rendered":"Caja de conexi\u00f3n"},"content":{"rendered":"<div class=\"gb-grid-wrapper gb-grid-wrapper-ac02e91a\">\n<div class=\"gb-grid-column gb-grid-column-b3faf04c\"><div class=\"gb-container gb-container-b3faf04c\"><div class=\"gb-inside-container\">\n\n<h2 class=\"wp-block-heading\">Proyectos con cajas de pl\u00e1stico C Box<\/h2>\n\n<\/div><\/div><\/div>\n\n<div class=\"gb-grid-column gb-grid-column-ab7f756c\"><div class=\"gb-container gb-container-ab7f756c\"><div class=\"gb-inside-container\">\n<div class=\"gb-button-wrapper gb-button-wrapper-ea9b1d1b\">\n\n<a class=\"gb-button gb-button-23b3e41b gb-button-text button\" href=\"\/es\/contactanos\/\">Cont\u00e1ctanos<\/a>\n\n<\/div>\n<\/div><\/div><\/div>\n<\/div>\n\n\n<p><strong>Todas nuestras cajas de pl\u00e1stico se fabrican a medida<\/strong> y se puede adaptar a diversas especificaciones, sin necesidad de moldes ni utillaje. Por ejemplo, la caja C Box (v\u00e9ase el esquema a continuaci\u00f3n) combina todas las capacidades de nuestra tecnolog\u00eda. Por lo tanto, la C Box es una caja ideal para una placa de circuito impreso personalizada. Podemos dise\u00f1arla y fabricarla en poco tiempo, incluyendo todas sus caracter\u00edsticas personalizadas:<\/p>\n\n\n\n<figure class=\"wp-block-image size-large\"><img loading=\"lazy\" decoding=\"async\" width=\"1012\" height=\"345\" src=\"https:\/\/toolless.com\/wp-content\/uploads\/2020\/10\/2C-Design-Features-3.png\" alt=\"C Box\" class=\"wp-image-1269\" srcset=\"https:\/\/toolless.com\/wp-content\/uploads\/2020\/10\/2C-Design-Features-3.png 1012w, https:\/\/toolless.com\/wp-content\/uploads\/2020\/10\/2C-Design-Features-3-300x102.png 300w, https:\/\/toolless.com\/wp-content\/uploads\/2020\/10\/2C-Design-Features-3-768x262.png 768w\" sizes=\"auto, (max-width: 1012px) 100vw, 1012px\" \/><figcaption class=\"wp-element-caption\">Detalles del dise\u00f1o de la carcasa 2C<\/figcaption><\/figure>\n\n\n\n<ul class=\"wp-block-list\">\n<li><strong>Los siguientes archivos adjuntos son ejemplos que ilustran nuestras capacidades. <\/strong>Nuestro proceso de fabricaci\u00f3n ofrece gran flexibilidad. Las opciones de dise\u00f1o no se limitan a la selecci\u00f3n que se muestra a continuaci\u00f3n.<\/li>\n<\/ul>\n\n\n\n<div class=\"wp-block-media-text alignwide is-stacked-on-mobile no-btn\" style=\"grid-template-columns:21% auto\"><figure class=\"wp-block-media-text__media\"><img loading=\"lazy\" decoding=\"async\" width=\"250\" height=\"250\" src=\"https:\/\/toolless.com\/wp-content\/uploads\/2020\/04\/Standard-enclosure-1.5.jpg\" alt=\"C Box\" class=\"wp-image-298 size-full\" srcset=\"https:\/\/toolless.com\/wp-content\/uploads\/2020\/04\/Standard-enclosure-1.5.jpg 250w, https:\/\/toolless.com\/wp-content\/uploads\/2020\/04\/Standard-enclosure-1.5-150x150.jpg 150w\" sizes=\"auto, (max-width: 250px) 100vw, 250px\" \/><\/figure><div class=\"wp-block-media-text__content\">\n<h4 class=\"wp-block-heading\">F\u00e1cil de abrir<\/h4>\n\n\n\n<p>Sin moldes ni utillaje, este dise\u00f1o de caja pl\u00e1stica de dos colores tipo C es nuestro modelo b\u00e1sico de f\u00e1cil apertura.&nbsp;<a href=\"https:\/\/toolless.com\/es\/marcado\/\">Grabado<\/a>&nbsp;logotipo en la parte superior. Configuraci\u00f3n econ\u00f3mica de encaje a presi\u00f3n, leng\u00fceta en la C inferior y ranuras en el interior de la C superior. Se utilizan separadores (saliencias) para el montaje de la placa de circuito impreso.<\/p>\n\n\n\n<div class=\"wp-block-buttons is-layout-flex wp-block-buttons-is-layout-flex\">\n<div class=\"wp-block-button\"><a class=\"wp-block-button__link wp-element-button\" href=\"https:\/\/toolless.com\/es\/descargas\/\">Archivos CAD descargables<\/a><\/div>\n<\/div>\n<\/div><\/div>\n\n\n\n<div class=\"wp-block-media-text alignwide is-stacked-on-mobile no-btn\" style=\"grid-template-columns:21% auto\"><figure class=\"wp-block-media-text__media\"><img loading=\"lazy\" decoding=\"async\" width=\"250\" height=\"250\" src=\"https:\/\/toolless.com\/wp-content\/uploads\/2020\/04\/standard-enclosure-2.jpg\" alt=\"C Box\" class=\"wp-image-299 size-full\" srcset=\"https:\/\/toolless.com\/wp-content\/uploads\/2020\/04\/standard-enclosure-2.jpg 250w, https:\/\/toolless.com\/wp-content\/uploads\/2020\/04\/standard-enclosure-2-150x150.jpg 150w\" sizes=\"auto, (max-width: 250px) 100vw, 250px\" \/><\/figure><div class=\"wp-block-media-text__content\">\n<h4 class=\"wp-block-heading\">Llave en mano<\/h4>\n\n\n\n<p>En lugar de utilizar espaciadores para montar la placa de circuito impreso, este cliente ha optado por incluir ranuras en el interior para sujetarla. De este modo, el montaje resulta f\u00e1cil y r\u00e1pido.<\/p>\n\n\n\n<div class=\"wp-block-buttons is-layout-flex wp-block-buttons-is-layout-flex\">\n<div class=\"wp-block-button\"><a class=\"wp-block-button__link wp-element-button\" href=\"https:\/\/toolless.com\/es\/descargas\/\">Archivos CAD descargables<\/a><\/div>\n<\/div>\n<\/div><\/div>\n\n\n\n<div class=\"wp-block-media-text alignwide is-stacked-on-mobile no-btn\" style=\"grid-template-columns:20% auto\"><figure class=\"wp-block-media-text__media\"><img loading=\"lazy\" decoding=\"async\" width=\"250\" height=\"250\" src=\"https:\/\/toolless.com\/wp-content\/uploads\/2020\/04\/standard-enclosure-3.jpg\" alt=\"C Box\" class=\"wp-image-300 size-full\" srcset=\"https:\/\/toolless.com\/wp-content\/uploads\/2020\/04\/standard-enclosure-3.jpg 250w, https:\/\/toolless.com\/wp-content\/uploads\/2020\/04\/standard-enclosure-3-150x150.jpg 150w\" sizes=\"auto, (max-width: 250px) 100vw, 250px\" \/><\/figure><div class=\"wp-block-media-text__content\">\n<h4 class=\"wp-block-heading\">Para montaje en pared<\/h4>\n\n\n\n<p>Esta caja 2C monocolor para montaje en pared funcion\u00f3 muy bien para nuestros clientes. El cliente solicit\u00f3 dos tipos diferentes en dos tama\u00f1os distintos, con unos costos de modificaci\u00f3n m\u00ednimos. A nuestro cliente le gusta especialmente su logotipo impreso en la parte frontal de la caja y la posibilidad de quitar las aletas laterales si es necesario.<\/p>\n\n\n\n<div class=\"wp-block-buttons is-layout-flex wp-block-buttons-is-layout-flex\">\n<div class=\"wp-block-button\"><a class=\"wp-block-button__link wp-element-button\" href=\"https:\/\/toolless.com\/es\/descargas\/\">Archivos CAD descargables<\/a><\/div>\n<\/div>\n<\/div><\/div>\n\n\n\n<div class=\"wp-block-media-text alignwide is-stacked-on-mobile no-btn\" style=\"grid-template-columns:21% auto\"><figure class=\"wp-block-media-text__media\"><img loading=\"lazy\" decoding=\"async\" width=\"250\" height=\"250\" src=\"https:\/\/toolless.com\/wp-content\/uploads\/2020\/04\/standard-enclosure-4.jpg\" alt=\"C Box\" class=\"wp-image-301 size-full\" srcset=\"https:\/\/toolless.com\/wp-content\/uploads\/2020\/04\/standard-enclosure-4.jpg 250w, https:\/\/toolless.com\/wp-content\/uploads\/2020\/04\/standard-enclosure-4-150x150.jpg 150w\" sizes=\"auto, (max-width: 250px) 100vw, 250px\" \/><\/figure><div class=\"wp-block-media-text__content\">\n<h4 class=\"wp-block-heading\">Carcasa para ordenador de sobremesa<\/h4>\n\n\n\n<p>Dise\u00f1ado especialmente para&nbsp;<strong>placas de circuito impreso personalizadas<\/strong>, esta caja C multicolor funcion\u00f3 muy bien para nuestros clientes. Nuestro proceso de fabricaci\u00f3n sin utillaje, que produce 25 unidades al mes, y su dise\u00f1o flexible resultaron ideales para las necesidades de nuestro cliente. Le gusta especialmente el aspecto de la parte trasera y a\u00f1adi\u00f3 contenido impreso en la parte delantera mediante nuestra impresora digital. Esta carcasa tambi\u00e9n contiene una placa Raspberry Pi montada mediante salientes. Todas las rejillas de ventilaci\u00f3n y los orificios est\u00e1n hechos a medida sin necesidad de herramientas ni moldes.<\/p>\n\n\n\n<div class=\"wp-block-buttons is-layout-flex wp-block-buttons-is-layout-flex\">\n<div class=\"wp-block-button\"><a class=\"wp-block-button__link wp-element-button\" href=\"https:\/\/toolless.com\/es\/descargas\/\">Archivos CAD descargables<\/a><\/div>\n<\/div>\n<\/div><\/div>\n\n\n\n<div class=\"wp-block-media-text alignwide is-stacked-on-mobile no-btn\" style=\"grid-template-columns:22% auto\"><figure class=\"wp-block-media-text__media\"><img loading=\"lazy\" decoding=\"async\" width=\"250\" height=\"250\" src=\"https:\/\/toolless.com\/wp-content\/uploads\/2020\/04\/standard-enclosure-5.jpg\" alt=\"C Box\" class=\"wp-image-302 size-full\" srcset=\"https:\/\/toolless.com\/wp-content\/uploads\/2020\/04\/standard-enclosure-5.jpg 250w, https:\/\/toolless.com\/wp-content\/uploads\/2020\/04\/standard-enclosure-5-150x150.jpg 150w\" sizes=\"auto, (max-width: 250px) 100vw, 250px\" \/><\/figure><div class=\"wp-block-media-text__content\">\n<h4 class=\"wp-block-heading\">Pantalla LCD activada<\/h4>\n\n\n\n<p>Esta carcasa de pl\u00e1stico con dise\u00f1o tipo concha cuenta con una parte superior curvada \u00fanica. En concreto, el dise\u00f1o en blanco y negro con una zona lateral curvada permite instalar una pantalla LCD en la parte superior. Adem\u00e1s, la impresi\u00f3n digital le confiere un aspecto llamativo y deja claro al consumidor para qu\u00e9 sirve este dispositivo. Por otra parte, el proceso de fabricaci\u00f3n sigue siendo el mismo, con nuestro sistema de ensamblaje de leng\u00fceta y ranura. No se necesita un destornillador, ya que esta carcasa se encaja f\u00e1cilmente a presi\u00f3n.<\/p>\n\n\n\n<div class=\"wp-block-buttons is-layout-flex wp-block-buttons-is-layout-flex\">\n<div class=\"wp-block-button\"><a class=\"wp-block-button__link wp-element-button\" href=\"https:\/\/toolless.com\/es\/descargas\/\">Archivos CAD descargables<\/a><\/div>\n<\/div>\n<\/div><\/div>\n\n\n<div class=\"gb-grid-wrapper gb-grid-wrapper-8924eb73\">\n<div class=\"gb-grid-column gb-grid-column-601b0bfe\"><div class=\"gb-container gb-container-601b0bfe\"><div class=\"gb-inside-container\">\n<div class=\"gb-button-wrapper gb-button-wrapper-4905964d\">\n\n<a class=\"gb-button gb-button-e8da78f8 gb-button-text button\" href=\"\/es\/galeria-de-recintos\/\">M\u00e1s ejemplos<\/a>\n\n<\/div>\n<\/div><\/div><\/div>\n<\/div>","protected":false},"excerpt":{"rendered":"<p>All of our plastic enclosures are custom made and adjustable to meet various specifications, without molds or tooling. For instance, the C Box enclosure (See schematic below) is a combination of all the capabilities of our technology. Therefore the C Box is an ideal enclosure for a custom PCB. We can design and manufacture it &#8230; <\/p>\n<p class=\"read-more-container\"><a title=\"Caja de conexi\u00f3n\" class=\"read-more button\" href=\"https:\/\/toolless.com\/es\/c-box-plastic-enclosure\/#more-34\" aria-label=\"More on C Box Enclosure\">Leer m\u00e1s<\/a><\/p>","protected":false},"author":1,"featured_media":295,"parent":0,"menu_order":0,"comment_status":"closed","ping_status":"closed","template":"","meta":{"_acf_changed":false,"_seopress_robots_primary_cat":"","_seopress_titles_title":"C Box Plastic Enclosure - Toolless Plastic Solutions","_seopress_titles_desc":"Plastic Enclosures & Custom Plastic Housings use a C Box design. Contact us today at Toolless Plastic Solutions for more information.","_seopress_robots_index":"","pgc_sgb_lightbox_settings":"","iawp_total_views":0,"footnotes":""},"page_categories":[3],"class_list":{"0":"post-34","1":"page","2":"type-page","3":"status-publish","4":"has-post-thumbnail","6":"page_categories-standard-enclosures","7":"infinite-scroll-item"},"acf":[],"_links":{"self":[{"href":"https:\/\/toolless.com\/es\/wp-json\/wp\/v2\/pages\/34","targetHints":{"allow":["GET"]}}],"collection":[{"href":"https:\/\/toolless.com\/es\/wp-json\/wp\/v2\/pages"}],"about":[{"href":"https:\/\/toolless.com\/es\/wp-json\/wp\/v2\/types\/page"}],"author":[{"embeddable":true,"href":"https:\/\/toolless.com\/es\/wp-json\/wp\/v2\/users\/1"}],"replies":[{"embeddable":true,"href":"https:\/\/toolless.com\/es\/wp-json\/wp\/v2\/comments?post=34"}],"version-history":[{"count":20,"href":"https:\/\/toolless.com\/es\/wp-json\/wp\/v2\/pages\/34\/revisions"}],"predecessor-version":[{"id":3477,"href":"https:\/\/toolless.com\/es\/wp-json\/wp\/v2\/pages\/34\/revisions\/3477"}],"wp:featuredmedia":[{"embeddable":true,"href":"https:\/\/toolless.com\/es\/wp-json\/wp\/v2\/media\/295"}],"wp:attachment":[{"href":"https:\/\/toolless.com\/es\/wp-json\/wp\/v2\/media?parent=34"}],"wp:term":[{"taxonomy":"page_categories","embeddable":true,"href":"https:\/\/toolless.com\/es\/wp-json\/wp\/v2\/page_categories?post=34"}],"curies":[{"name":"wp","href":"https:\/\/api.w.org\/{rel}","templated":true}]}}