{"id":2,"date":"2023-02-16T19:30:07","date_gmt":"2023-02-16T19:30:07","guid":{"rendered":"http:\/\/toolless.ed-webdesigns.com\/?page_id=2"},"modified":"2023-10-11T17:40:40","modified_gmt":"2023-10-11T17:40:40","slug":"inicio","status":"publish","type":"page","link":"https:\/\/toolless.com\/es\/home\/","title":{"rendered":"Inicio"},"content":{"rendered":"<div class=\"gb-container gb-container-e4c616f9\"><div class=\"gb-inside-container\">\n<div class=\"gb-button-wrapper gb-button-wrapper-25ab6454\">\n\n<a class=\"gb-button gb-button-2885207e gb-button-text three-home\" href=\"https:\/\/toolless.com\/es\/envienos-sus-archivos-cad\/\">Env\u00edenos los planos en CAD<\/a>\n\n\n\n<a class=\"gb-button gb-button-ce7db094 gb-button-text\" href=\"https:\/\/toolless.com\/es\/caja-de-diseno-personalizado\/\">Dise\u00f1amos<\/a>\n\n\n\n<a class=\"gb-button gb-button-b268d346 gb-button-text\" href=\"https:\/\/toolless.com\/es\/descargas\/\">T\u00fa dise\u00f1as<\/a>\n\n<\/div>\n<\/div><\/div>\n\n<div class=\"gb-container gb-container-25ca3f75\"><div class=\"gb-inside-container\">\n\n<h2 class=\"wp-block-heading has-text-align-center\">Cajas de pl\u00e1stico a medida de Toolless. \u00a1Sin moldes, sin utillaje, prototipos r\u00e1pidos y plazos de entrega cortos! <\/h2>\n\n\n<div class=\"gb-grid-wrapper gb-grid-wrapper-bfb86933\">\n<div class=\"gb-grid-column gb-grid-column-2ee07526\"><div class=\"gb-container gb-container-2ee07526\"><div class=\"gb-inside-container\">\n<div class=\"product-boxes\"><p><img decoding=\"async\" alt=\"\" src=\"https:\/\/toolless.com\/wp-content\/uploads\/2020\/04\/Predesigned.jpg\" border=\"0\"><\/p><h2>Pl\u00e1stico est\u00e1ndar y personalizado<br>Anexos<\/h2><ul>\n<li><strong>Cajas de pl\u00e1stico est\u00e1ndar<\/strong><\/li>\n<li>Dise\u00f1os ajustables<\/li>\n<li>Entrega r\u00e1pida en cuesti\u00f3n de d\u00edas, no de semanas<\/li>\n<li>Modificaciones f\u00e1ciles de incorporar<\/li>\n<li>Se compara favorablemente con la impresi\u00f3n 3D y el moldeo por inyecci\u00f3n<\/li>\n<li>Dise\u00f1ado para minimizar los costos de producci\u00f3n<\/li>\n<li>Capacidad de producci\u00f3n en serie<\/li>\n<li>Precios competitivos<\/li>\n<li><a href=\"\/es\/cajas-de-plastico-estandar\/\">M\u00e1s informaci\u00f3n<\/a><\/li>\n<\/ul>\n<\/div>\n<\/div><\/div><\/div>\n\n<div class=\"gb-grid-column gb-grid-column-cc40b620\"><div class=\"gb-container gb-container-cc40b620\"><div class=\"gb-inside-container\">\n<div class=\"product-boxes\"><p><img decoding=\"async\" alt=\"\" src=\"https:\/\/toolless.com\/wp-content\/uploads\/2020\/04\/Custom.jpg\" border=\"0\"><\/p><h2>Pl\u00e1stico a medida<br>Anexos<\/h2><ul>\n<li><strong>Caja de pl\u00e1stico a medida<\/strong><\/li>\n<li>Formas y dise\u00f1os complejos<\/li>\n<li>Asistencia t\u00e9cnica completa<\/li>\n<li>Experiencia en carcasas para dispositivos m\u00e9dicos<\/li>\n<li>Asistencia completa en la fabricaci\u00f3n<\/li>\n<li>Todo tipo de acabados y texturas:<\/li>\n<li>Rotulaci\u00f3n personalizada, impresi\u00f3n digital, tonos duales, pintura<\/li>\n<li><a href=\"\/es\/cajas-de-plastico-a-medida\/\">M\u00e1s informaci\u00f3n<\/a><\/li>\n<\/ul>\n<\/div>\n<\/div><\/div><\/div>\n\n<div class=\"gb-grid-column gb-grid-column-bc262fc1\"><div class=\"gb-container gb-container-bc262fc1\"><div class=\"gb-inside-container\">\n<div class=\"product-boxes\"><p><img decoding=\"async\" alt=\"\" src=\"https:\/\/toolless.com\/wp-content\/uploads\/2020\/04\/custom-parts-2.jpg\" border=\"0\"><\/p><h2>Personalizado<br> Piezas de pl\u00e1stico<\/h2><ul>\n<li><strong>Piezas personalizadas<\/strong><\/li>\n<li>Bordes<\/li>\n<li>Corchetes<\/li>\n<li>Paneles y pantallas<\/li>\n<li>Portadas<\/li>\n<li><a href=\"\/es\/galeria-de-recintos\/\">Ver selecci\u00f3n<\/a><\/li>\n<\/ul>\n<\/div>\n<\/div><\/div><\/div>\n<\/div>\n<\/div><\/div>\n\n<div class=\"gb-container gb-container-f900b8ea video-box\"><div class=\"gb-inside-container\">\n<div class=\"gb-grid-wrapper gb-grid-wrapper-c84a7f01\">\n<div class=\"gb-grid-column gb-grid-column-3e73539b\"><div class=\"gb-container gb-container-3e73539b\"><div class=\"gb-inside-container\">\n\n<h2 class=\"wp-block-heading\"><a href=\"\/es\/servicios-de-carcasas-de-plastico\/\">Dise\u00f1amos, creamos y fabricamos cajas de pl\u00e1stico a medida, carcasas de pl\u00e1stico a medida y envolventes de pl\u00e1stico a medida <\/a><\/h2>\n\n\n\n<h3 class=\"wp-block-heading\"><a href=\"\/es\/proceso-de-fabricacion-de-carcasas-de-plastico\/\"><strong>Sin moldes. Sin utillaje<\/strong>. Los dise\u00f1os personalizados de cajas de pl\u00e1stico son nuestra especialidad. <\/a><\/h3>\n\n\n\n<p>Toolless es un fabricante l\u00edder de carcasas de pl\u00e1stico a medida, especializado en la creaci\u00f3n de carcasas de alta calidad para dispositivos electr\u00f3nicos, equipos m\u00e9dicos y dispositivos port\u00e1tiles sin necesidad de moldes ni utillaje. Con un fuerte enfoque en el servicio al cliente y su satisfacci\u00f3n, nos enorgullecemos de ofrecer plazos de entrega r\u00e1pidos, cotizaciones gratuitas y soluciones de dise\u00f1o personalizadas para satisfacer sus necesidades espec\u00edficas. Nuestro innovador proceso de fabricaci\u00f3n garantiza flexibilidad y precios accesibles, al tiempo que mantiene el m\u00e1s alto nivel de precisi\u00f3n y durabilidad en cada producto que creamos. <br><br>Con m\u00e1s de 20 a\u00f1os de experiencia en el sector m\u00e9dico, Toolless se ha ganado la reputaci\u00f3n de ser la soluci\u00f3n de referencia para carcasas de pl\u00e1stico personalizadas, carcasas m\u00e9dicas y dispositivos de laboratorio. Nuestra clientela abarca desde ingenieros hasta profesionales de la salud, quienes conf\u00edan en nuestra experiencia para alojar sus componentes cr\u00edticos, tales como bombas, placas de circuitos y diversos dispositivos. En Toolless, trabajamos en estrecha colaboraci\u00f3n con cada cliente a lo largo de todo el proceso \u2014desde la concepci\u00f3n del proyecto hasta la entrega\u2014 garantizando un ajuste y un acabado perfectos para cada caja de pl\u00e1stico para dispositivos electr\u00f3nicos, al tiempo que ayudamos a dar vida a sus innovaciones.<\/p>\n\n\n\n<p><\/p>\n\n<\/div><\/div><\/div>\n\n<div class=\"gb-grid-column gb-grid-column-40a633d1\"><div class=\"gb-container gb-container-40a633d1\"><div class=\"gb-inside-container\">\n\n<figure class=\"wp-block-embed is-type-video is-provider-youtube wp-block-embed-youtube wp-embed-aspect-16-9 wp-has-aspect-ratio\"><div class=\"wp-block-embed__wrapper\">\n<iframe loading=\"lazy\" title=\"Presentaci\u00f3n de soluciones pl\u00e1sticas sin herramientas\" width=\"1200\" height=\"675\" src=\"https:\/\/www.youtube.com\/embed\/9U4Y21EvZuM?feature=oembed\" frameborder=\"0\" allow=\"accelerometer; autoplay; clipboard-write; encrypted-media; gyroscope; picture-in-picture; web-share\" allowfullscreen><\/iframe>\n<\/div><\/figure>\n\n<\/div><\/div><\/div>\n<\/div>\n<\/div><\/div>\n\n<div class=\"gb-container gb-container-30c7223b\"><div class=\"gb-inside-container\">\n<div class=\"gb-grid-wrapper gb-grid-wrapper-0703c2d8\">\n<div class=\"gb-grid-column gb-grid-column-207ab405\"><div class=\"gb-container gb-container-207ab405\"><div class=\"gb-inside-container\">\n<div class=\"icon-box\"><img loading=\"lazy\" decoding=\"async\" width=\"210\" height=\"140\" src=\"https:\/\/toolless.com\/wp-content\/uploads\/2020\/04\/Affordable-Prototyping.jpg\" class=\"iconbox-icon alignleft\" alt=\"Prototipos asequibles\" \/><div class=\"iconbox-text\"><h3>Prototipos a precios accesibles<\/h3>\n<p>Toolless es una soluci\u00f3n rentable para fabricar cajas de pl\u00e1stico a medida al precio de una caja est\u00e1ndar.<a href=\"\/es\/enclosures-de-plastico-asequibles\/\"><br \/>\nM\u00e1s informaci\u00f3n sobre la creaci\u00f3n de prototipos a precios accesibles<\/a><\/p>\n<\/div><\/div>\n<\/div><\/div><\/div>\n\n<div class=\"gb-grid-column gb-grid-column-79aa3c7e\"><div class=\"gb-container gb-container-79aa3c7e\"><div class=\"gb-inside-container\">\n<div class=\"icon-box\"><img loading=\"lazy\" decoding=\"async\" width=\"210\" height=\"140\" src=\"https:\/\/toolless.com\/wp-content\/uploads\/2020\/04\/Quick-Turn-Around.jpg\" class=\"iconbox-icon alignleft\" alt=\"Entrega r\u00e1pida\" \/><div class=\"iconbox-text\"><h3>Entrega r\u00e1pida<\/h3>\n<p>El proceso de fabricaci\u00f3n sin herramientas te permite crear prototipos en cuesti\u00f3n de d\u00edas, en lugar de semanas.<a href=\"https:\/\/toolless.com\/es\/quick-turnaround.aspx\/\"><br \/>\nM\u00e1s informaci\u00f3n<\/a><\/p>\n<\/div><\/div>\n<\/div><\/div><\/div>\n<\/div>\n\n<div class=\"gb-grid-wrapper gb-grid-wrapper-0901a44f\">\n<div class=\"gb-grid-column gb-grid-column-325242a9\"><div class=\"gb-container gb-container-325242a9\"><div class=\"gb-inside-container\">\n<div class=\"icon-box\"><img loading=\"lazy\" decoding=\"async\" width=\"210\" height=\"140\" src=\"https:\/\/toolless.com\/wp-content\/uploads\/2020\/04\/Creative-Design-Process.jpg\" class=\"iconbox-icon alignleft\" alt=\"Dise\u00f1o creativo\" \/><div class=\"iconbox-text\"><h3>Dise\u00f1o de productos a medida<\/h3>\n<p>Si lo que busca es un dise\u00f1o est\u00e9tico, Toolless puede crear carcasas de pl\u00e1stico atractivas que se ajusten a sus especificaciones. Toolless es l\u00edder en su mercado en el sector de las carcasas personalizadas con un dise\u00f1o est\u00e9tico, a diferencia de las carcasas \u201clistas para usar\u201d, que no ofrecen opciones de personalizaci\u00f3n.<a href=\"\/es\/creativo\/\"><br \/>\nM\u00e1s informaci\u00f3n sobre el dise\u00f1o de productos personalizados<\/a><\/p>\n<\/div><\/div>\n<\/div><\/div><\/div>\n\n<div class=\"gb-grid-column gb-grid-column-a233ca64\"><div class=\"gb-container gb-container-a233ca64\"><div class=\"gb-inside-container\">\n<div class=\"icon-box\"><img loading=\"lazy\" decoding=\"async\" width=\"210\" height=\"140\" src=\"https:\/\/toolless.com\/wp-content\/uploads\/2020\/04\/Production-Manufacturing.jpg\" class=\"iconbox-icon alignleft\" alt=\"Producci\u00f3n y fabricaci\u00f3n\" \/><div class=\"iconbox-text\"><h3>Producci\u00f3n y fabricaci\u00f3n<\/h3>\n<p>La tecnolog\u00eda avanzada Toolless es un proceso de mecanizado y fabricaci\u00f3n CNC que utiliza t\u00e9cnicas de ensamblaje para la producci\u00f3n en serie.<a href=\"\/es\/proceso-de-fabricacion-de-carcasas-de-plastico\/\"><br \/>\nM\u00e1s informaci\u00f3n sobre las cajas de pl\u00e1stico a medida<\/a><\/p>\n<\/div><\/div>\n<\/div><\/div><\/div>\n<\/div>\n\n<div class=\"gb-grid-wrapper gb-grid-wrapper-88e9c7df\">\n<div class=\"gb-grid-column gb-grid-column-060581aa\"><div class=\"gb-container gb-container-060581aa\"><div class=\"gb-inside-container\">\n<div class=\"icon-box\"><img loading=\"lazy\" decoding=\"async\" width=\"210\" height=\"140\" src=\"https:\/\/toolless.com\/wp-content\/uploads\/2020\/04\/Flexible-Design-Changes.jpg\" class=\"iconbox-icon alignleft\" alt=\"Dise\u00f1o flexible\" \/><div class=\"iconbox-text\"><h3>Dise\u00f1o flexible<\/h3>\n<p>Nuestro proceso permite realizar cambios personalizados en el dise\u00f1o de piezas de pl\u00e1stico \u201csobre la marcha\u201d. Toolless puede integrar modificaciones de dise\u00f1o en cualquier etapa de la producci\u00f3n, a un costo muy reducido en comparaci\u00f3n con la tecnolog\u00eda de moldeo por inyecci\u00f3n.<a href=\"\/es\/flexible\/\"><br \/>\nM\u00e1s informaci\u00f3n<\/a><\/p>\n<\/div><\/div>\n<\/div><\/div><\/div>\n\n<div class=\"gb-grid-column gb-grid-column-25689d12\"><div class=\"gb-container gb-container-25689d12\"><div class=\"gb-inside-container\">\n<div class=\"icon-box\"><img loading=\"lazy\" decoding=\"async\" width=\"210\" height=\"140\" src=\"https:\/\/toolless.com\/wp-content\/uploads\/2020\/04\/Project-Engineering.jpg\" class=\"iconbox-icon alignleft\" alt=\"Asistencia t\u00e9cnica\" \/><div class=\"iconbox-text\"><h3>Asistencia t\u00e9cnica<\/h3>\n<p>Toolless es un proveedor de carcasas de pl\u00e1stico a medida para productos electr\u00f3nicos. Contamos con un equipo de ingenieros capaz de hacer realidad su dise\u00f1o.<a href=\"\/es\/proceso-de-ingenieria-de-plasticos\/\"><br \/>\nM\u00e1s informaci\u00f3n<\/a><\/p>\n<\/div><\/div>\n<\/div><\/div><\/div>\n<\/div>\n<\/div><\/div>\n\n\n<div class=\"wp-block-gts-testimonials-slider-block testimonial-slider\"><div class=\"carousel slide\" data-ride=\"carousel\" id=\"testimonial80\"><ol class=\"carousel-indicators\"><li data-target=\"#testimonial80\" data-slide-to=\"0\" class=\"active\"><\/li><li data-target=\"#testimonial80\" data-slide-to=\"1\" class=\"\"><\/li><li data-target=\"#testimonial80\" data-slide-to=\"2\" class=\"\"><\/li><\/ol><div class=\"carousel-inner w-75 mx-auto\"><div class=\"carousel-item active\"><blockquote class=\"testimonial\"><p><span class=\"testimonial-index\" style=\"display:none\">0<\/span><\/p><p class=\"testimonial-text-container\"><i class=\"fa fa-quote-left pull-left\" aria-hidden=\"true\"><\/i><span class=\"testimonial-text\">\u201cQuer\u00eda hacer algo que muchos clientes no hacen. Gracias por haber intensificado las entregas en los \u00faltimos meses. Se lo agradezco mucho\u201d.\u201d<\/span><i class=\"fa fa-quote-right pull-right\" aria-hidden=\"true\"><\/i><\/p><div class=\"row\"><div class=\"testimonial-author-container mt-3 col-9\"><p class=\"testimonial-author-name\"><span class=\"testimonial-author\">\u2014 <span>Gary L.\n<\/span><\/span><\/p><\/div><\/div><\/blockquote><\/div><div class=\"carousel-item\"><blockquote class=\"testimonial\"><p><span class=\"testimonial-index\" style=\"display:none\">1<\/span><\/p><p class=\"testimonial-text-container\"><i class=\"fa fa-quote-left pull-left\" aria-hidden=\"true\"><\/i><span class=\"testimonial-text\">Jon y yo hemos decidido mostrarte nuestro agradecimiento a ti y a tu equipo. No has parado de trabajar sin descanso para nosotros y eso ha marcado la diferencia. <\/span><i class=\"fa fa-quote-right pull-right\" aria-hidden=\"true\"><\/i><\/p><div class=\"row\"><div class=\"testimonial-author-container mt-3 col-9\"><p class=\"testimonial-author-name\"><span class=\"testimonial-author\">\u2014 <span>Jay<\/span><\/span><\/p><\/div><\/div><\/blockquote><\/div><div class=\"carousel-item\"><blockquote class=\"testimonial\"><p><span class=\"testimonial-index\" style=\"display:none\">2<\/span><\/p><p class=\"testimonial-text-container\"><i class=\"fa fa-quote-left pull-left\" aria-hidden=\"true\"><\/i><span class=\"testimonial-text\">\u201cTras varios pedidos, Toolless se ha convertido en nuestro proveedor preferido. Aunque estamos ubicados en Australia, todas las entregas han sido r\u00e1pidas y sin complicaciones.\u201d<\/span><i class=\"fa fa-quote-right pull-right\" aria-hidden=\"true\"><\/i><\/p><div class=\"row\"><div class=\"testimonial-author-container mt-3 col-9\"><p class=\"testimonial-author-name\"><span class=\"testimonial-author\">\u2014 <span>Stevan P<\/span><\/span><\/p><\/div><\/div><\/blockquote><\/div><\/div><a class=\"carousel-control-prev\" href=\"#testimonial80\" role=\"button\" data-slide=\"prev\"><span class=\"carousel-control-prev-icon\" aria-hidden=\"true\"><i class=\"fa fa-chevron-left\"><\/i><\/span><span class=\"sr-only\">Anterior<\/span><\/a><a class=\"carousel-control-next\" href=\"#testimonial80\" role=\"button\" data-slide=\"next\"><span class=\"carousel-control-next-icon\" aria-hidden=\"true\"><i class=\"fa fa-chevron-right\"><\/i><\/span><span class=\"sr-only\">Siguiente<\/span><\/a><\/div><\/div>\n\n\n<div class=\"gb-grid-wrapper gb-grid-wrapper-e89a2908\"><\/div>\n\n<div class=\"gb-grid-wrapper gb-grid-wrapper-ca04d829\"><\/div>\n\n<div class=\"gb-grid-wrapper gb-grid-wrapper-b4fb69f0\"><\/div>","protected":false},"excerpt":{"rendered":"<p>Cajas de pl\u00e1stico a medida de Toolless. \u00a1Sin moldes, sin utillaje, prototipos r\u00e1pidos y plazos de entrega cortos!<\/p>","protected":false},"author":1,"featured_media":0,"parent":0,"menu_order":0,"comment_status":"closed","ping_status":"closed","template":"","meta":{"_acf_changed":false,"_seopress_robots_primary_cat":"0","_seopress_titles_title":"Custom Plastic Enclosures | Plastic Casing &amp; Housing by Toolless","_seopress_titles_desc":"Custom Plastic Enclosures made with no mold technology. Toolless can create Custom Plastic Housings and Enclosures with No Molds!","_seopress_robots_index":"","pgc_sgb_lightbox_settings":"","iawp_total_views":0,"footnotes":""},"page_categories":[],"class_list":{"0":"post-2","1":"page","2":"type-page","3":"status-publish","5":"infinite-scroll-item"},"acf":[],"_links":{"self":[{"href":"https:\/\/toolless.com\/es\/wp-json\/wp\/v2\/pages\/2","targetHints":{"allow":["GET"]}}],"collection":[{"href":"https:\/\/toolless.com\/es\/wp-json\/wp\/v2\/pages"}],"about":[{"href":"https:\/\/toolless.com\/es\/wp-json\/wp\/v2\/types\/page"}],"author":[{"embeddable":true,"href":"https:\/\/toolless.com\/es\/wp-json\/wp\/v2\/users\/1"}],"replies":[{"embeddable":true,"href":"https:\/\/toolless.com\/es\/wp-json\/wp\/v2\/comments?post=2"}],"version-history":[{"count":107,"href":"https:\/\/toolless.com\/es\/wp-json\/wp\/v2\/pages\/2\/revisions"}],"predecessor-version":[{"id":2157,"href":"https:\/\/toolless.com\/es\/wp-json\/wp\/v2\/pages\/2\/revisions\/2157"}],"wp:attachment":[{"href":"https:\/\/toolless.com\/es\/wp-json\/wp\/v2\/media?parent=2"}],"wp:term":[{"taxonomy":"page_categories","embeddable":true,"href":"https:\/\/toolless.com\/es\/wp-json\/wp\/v2\/page_categories?post=2"}],"curies":[{"name":"wp","href":"https:\/\/api.w.org\/{rel}","templated":true}]}}