{"id":1750,"date":"2022-12-31T22:24:35","date_gmt":"2022-12-31T22:24:35","guid":{"rendered":"https:\/\/toolless.com\/?page_id=1750"},"modified":"2023-02-16T18:02:13","modified_gmt":"2023-02-16T18:02:13","slug":"descargas","status":"publish","type":"page","link":"https:\/\/toolless.com\/es\/downloads\/","title":{"rendered":"Dise\u00f1ador de productos"},"content":{"rendered":"<p>\u00a1Aqu\u00ed est\u00e1 nuestro dise\u00f1ador de productos! Si tienes preguntas sobre c\u00f3mo usar el dise\u00f1ador, por favor <a href=\"https:\/\/toolless.com\/wp-content\/uploads\/2023\/02\/Toolless-Tracepart-Guide-book.pdf\" target=\"_blank\" rel=\"noreferrer noopener\">Haz clic aqu\u00ed para ver la Gu\u00eda oficial del Dise\u00f1ador de Productos sin Herramientas<\/a><\/p>\n\n\n\n<iframe loading=\"lazy\" src=\"https:\/\/www.traceparts.com\/els\/toolless\" width=\"100%\" height=\"1900px\"><\/iframe>","protected":false},"excerpt":{"rendered":"<p>Below is our product designer! If you have questions on how to use the designer, please click here to view the official Toolless Product Designer Guide<\/p>","protected":false},"author":1,"featured_media":0,"parent":0,"menu_order":0,"comment_status":"closed","ping_status":"closed","template":"","meta":{"_acf_changed":false,"_seopress_robots_primary_cat":"0","_seopress_titles_title":"Explore Our Easy Toolless Product Designer Guide","_seopress_titles_desc":"Explore our Product Designer! Click here to view the official Toolless Product Designer Guide for step-by-step instructions.","_seopress_robots_index":"","pgc_sgb_lightbox_settings":"","iawp_total_views":0,"footnotes":""},"page_categories":[],"class_list":{"0":"post-1750","1":"page","2":"type-page","3":"status-publish","5":"infinite-scroll-item"},"acf":[],"_links":{"self":[{"href":"https:\/\/toolless.com\/es\/wp-json\/wp\/v2\/pages\/1750","targetHints":{"allow":["GET"]}}],"collection":[{"href":"https:\/\/toolless.com\/es\/wp-json\/wp\/v2\/pages"}],"about":[{"href":"https:\/\/toolless.com\/es\/wp-json\/wp\/v2\/types\/page"}],"author":[{"embeddable":true,"href":"https:\/\/toolless.com\/es\/wp-json\/wp\/v2\/users\/1"}],"replies":[{"embeddable":true,"href":"https:\/\/toolless.com\/es\/wp-json\/wp\/v2\/comments?post=1750"}],"version-history":[{"count":20,"href":"https:\/\/toolless.com\/es\/wp-json\/wp\/v2\/pages\/1750\/revisions"}],"predecessor-version":[{"id":1796,"href":"https:\/\/toolless.com\/es\/wp-json\/wp\/v2\/pages\/1750\/revisions\/1796"}],"wp:attachment":[{"href":"https:\/\/toolless.com\/es\/wp-json\/wp\/v2\/media?parent=1750"}],"wp:term":[{"taxonomy":"page_categories","embeddable":true,"href":"https:\/\/toolless.com\/es\/wp-json\/wp\/v2\/page_categories?post=1750"}],"curies":[{"name":"wp","href":"https:\/\/api.w.org\/{rel}","templated":true}]}}