{"id":17,"date":"2020-04-17T21:12:32","date_gmt":"2020-04-17T21:12:32","guid":{"rendered":"http:\/\/toolless.ed-webdesigns.com\/?page_id=17"},"modified":"2025-01-23T17:52:20","modified_gmt":"2025-01-23T17:52:20","slug":"servicios-de-carcasas-de-plastico","status":"publish","type":"page","link":"https:\/\/toolless.com\/es\/plastic-enclosure-services\/","title":{"rendered":"Servicios"},"content":{"rendered":"<h3 class=\"wp-block-heading\">Prototipos a precios accesibles<\/h3>\n\n\n<div class=\"gb-grid-wrapper gb-grid-wrapper-14a19e85\">\n<div class=\"gb-grid-column gb-grid-column-96c41b35\"><div class=\"gb-container gb-container-96c41b35\"><div class=\"gb-inside-container\">\n\n<figure class=\"wp-block-image size-full is-resized\"><a href=\"\/es\/enclosures-de-plastico-asequibles\/\"><img loading=\"lazy\" decoding=\"async\" width=\"210\" height=\"140\" src=\"https:\/\/toolless.com\/wp-content\/uploads\/2020\/04\/Affordable-Prototyping-1.jpg\" alt=\"\" class=\"wp-image-943\" style=\"width:374px;height:249px\"\/><\/a><\/figure>\n\n<\/div><\/div><\/div>\n\n<div class=\"gb-grid-column gb-grid-column-ac740968\"><div class=\"gb-container gb-container-ac740968\"><div class=\"gb-inside-container\">\n\n<p>Toolless Plastic Solutions ofrece precios de productos en stock para carcasas de pl\u00e1stico personalizadas, con la ventaja de la rapidez y la calidad. No es necesario crear un molde nuevo ni recurrir a costosos trabajos de CNC; nuestros ingenieros internos pueden modificar su pieza r\u00e1pidamente y a un costo m\u00ednimo.<\/p>\n\n\n<div class=\"gb-button-wrapper gb-button-wrapper-8b7d1889 bututon\">\n\n<a class=\"gb-button gb-button-e90b7fbd gb-button-text button\" href=\"\/es\/enclosures-de-plastico-asequibles\/\">M\u00e1s informaci\u00f3n<\/a>\n\n<\/div>\n<\/div><\/div><\/div>\n<\/div>\n\n\n<h3 class=\"wp-block-heading\">Proceso de fabricaci\u00f3n<\/h3>\n\n\n<div class=\"gb-grid-wrapper gb-grid-wrapper-d78e8bed\">\n<div class=\"gb-grid-column gb-grid-column-eb789acf\"><div class=\"gb-container gb-container-eb789acf\"><div class=\"gb-inside-container\">\n\n<figure class=\"wp-block-image size-full is-resized\"><a href=\"\/es\/proceso-de-fabricacion-de-carcasas-de-plastico\/\"><img loading=\"lazy\" decoding=\"async\" width=\"210\" height=\"140\" src=\"https:\/\/toolless.com\/wp-content\/uploads\/2020\/04\/Production-Manufacturing-1.jpg\" alt=\"\" class=\"wp-image-944\" style=\"width:374px;height:249px\"\/><\/a><\/figure>\n\n<\/div><\/div><\/div>\n\n<div class=\"gb-grid-column gb-grid-column-8bf16eb6\"><div class=\"gb-container gb-container-8bf16eb6\"><div class=\"gb-inside-container\">\n\n<p>La tecnolog\u00eda Toolless es un proceso de mecanizado y fabricaci\u00f3n CNC que utiliza t\u00e9cnicas de ensamblaje tomadas de los sectores de la chapa met\u00e1lica y la ebanister\u00eda.<\/p>\n\n\n<div class=\"gb-button-wrapper gb-button-wrapper-2c789cdc\">\n\n<a class=\"gb-button gb-button-6200f7e9 gb-button-text button\" href=\"\/es\/proceso-de-fabricacion-de-carcasas-de-plastico\/\">M\u00e1s informaci\u00f3n<\/a>\n\n<\/div>\n<\/div><\/div><\/div>\n<\/div>\n\n\n<h3 class=\"wp-block-heading\">Cambios flexibles en el dise\u00f1o<\/h3>\n\n\n<div class=\"gb-grid-wrapper gb-grid-wrapper-0e1d8704\">\n<div class=\"gb-grid-column gb-grid-column-037b860b\"><div class=\"gb-container gb-container-037b860b\"><div class=\"gb-inside-container\">\n\n<figure class=\"wp-block-image size-large is-resized\"><a href=\"\/es\/flexible\/\"><img loading=\"lazy\" decoding=\"async\" width=\"210\" height=\"140\" src=\"https:\/\/toolless.com\/wp-content\/uploads\/2020\/04\/Flexible-Design-Changes-1.jpg\" alt=\"\" class=\"wp-image-947\" style=\"width:374px;height:248px\"\/><\/a><\/figure>\n\n<\/div><\/div><\/div>\n\n<div class=\"gb-grid-column gb-grid-column-4b16adcb\"><div class=\"gb-container gb-container-4b16adcb\"><div class=\"gb-inside-container\">\n\n<p>Nuestro proceso permite realizar cambios de dise\u00f1o \u201csobre la marcha\u201d sin necesidad de modificar los moldes ni las herramientas, lo que da como resultado un sistema verdaderamente flexible con cambios r\u00e1pidos e implementaciones de bajo costo.<\/p>\n\n\n<div class=\"gb-button-wrapper gb-button-wrapper-99cc13cd\">\n\n<a class=\"gb-button gb-button-b0cedfe8 gb-button-text button\" href=\"\/es\/flexible\/\">M\u00e1s informaci\u00f3n<\/a>\n\n<\/div>\n<\/div><\/div><\/div>\n<\/div>\n\n\n<h3 class=\"wp-block-heading\">Proceso de dise\u00f1o creativo<\/h3>\n\n\n<div class=\"gb-grid-wrapper gb-grid-wrapper-8b5d2b87\">\n<div class=\"gb-grid-column gb-grid-column-d568e94a\"><div class=\"gb-container gb-container-d568e94a\"><div class=\"gb-inside-container\">\n\n<figure class=\"wp-block-image size-large is-resized\"><a href=\"\/es\/creativo\/\"><img loading=\"lazy\" decoding=\"async\" width=\"210\" height=\"140\" src=\"https:\/\/toolless.com\/wp-content\/uploads\/2020\/04\/Creative-Design-Process-1.jpg\" alt=\"\" class=\"wp-image-949\" style=\"width:374px;height:249px\"\/><\/a><\/figure>\n\n<\/div><\/div><\/div>\n\n<div class=\"gb-grid-column gb-grid-column-16521ea1\"><div class=\"gb-container gb-container-16521ea1\"><div class=\"gb-inside-container\">\n\n<p>Si la est\u00e9tica es una prioridad, Toolless fabricar\u00e1 una carcasa de pl\u00e1stico de aspecto atractivo que se ajuste a tus especificaciones. Nuestro proceso permite crear desde l\u00edneas rectas hasta formas curvas, con la tecnolog\u00eda necesaria para llevar tu dise\u00f1o del tablero de dibujo a un producto terminado.<\/p>\n\n\n<div class=\"gb-button-wrapper gb-button-wrapper-3a919618\">\n\n<a class=\"gb-button gb-button-dcb2d5c6 gb-button-text button\" href=\"\/es\/creativo\/\">M\u00e1s informaci\u00f3n<\/a>\n\n<\/div>\n<\/div><\/div><\/div>\n<\/div>\n\n\n<h3 class=\"wp-block-heading\">Asistencia t\u00e9cnica<\/h3>\n\n\n<div class=\"gb-grid-wrapper gb-grid-wrapper-40c33777\">\n<div class=\"gb-grid-column gb-grid-column-c7680a3e\"><div class=\"gb-container gb-container-c7680a3e\"><div class=\"gb-inside-container\">\n\n<figure class=\"wp-block-image size-large is-resized\"><a href=\"\/es\/proceso-de-ingenieria-de-plasticos\/\"><img loading=\"lazy\" decoding=\"async\" width=\"210\" height=\"140\" src=\"https:\/\/toolless.com\/wp-content\/uploads\/2020\/04\/Project-Engineering-1.jpg\" alt=\"\" class=\"wp-image-950\" style=\"width:374px;height:249px\"\/><\/a><\/figure>\n\n<\/div><\/div><\/div>\n\n<div class=\"gb-grid-column gb-grid-column-474b4a76\"><div class=\"gb-container gb-container-474b4a76\"><div class=\"gb-inside-container\">\n\n<p>Como proveedores de cajas de pl\u00e1stico a medida, contamos con un equipo de ingenieros capaz de hacer realidad su dise\u00f1o. Toolless Plastic Solutions cuenta con dise\u00f1adores e ingenieros mec\u00e1nicos experimentados que desarrollan nuevos dise\u00f1os de cajas de pl\u00e1stico o modifican los ya existentes.&nbsp;<\/p>\n\n\n<div class=\"gb-button-wrapper gb-button-wrapper-9913150d\">\n\n<a class=\"gb-button gb-button-842c0a3b gb-button-text button\" href=\"\/es\/proceso-de-ingenieria-de-plasticos\/\">M\u00e1s informaci\u00f3n<\/a>\n\n<\/div>\n<\/div><\/div><\/div>\n<\/div>\n\n\n<h3 class=\"wp-block-heading\">Servicios de control de calidad<\/h3>\n\n\n<div class=\"gb-grid-wrapper gb-grid-wrapper-89b749fc\">\n<div class=\"gb-grid-column gb-grid-column-f76caaac\"><div class=\"gb-container gb-container-f76caaac\"><div class=\"gb-inside-container\">\n\n<figure class=\"wp-block-image size-large is-resized\"><a href=\"\/es\/alta-calidad\/\"><img loading=\"lazy\" decoding=\"async\" width=\"210\" height=\"140\" src=\"https:\/\/toolless.com\/wp-content\/uploads\/2020\/04\/Quality-Control-Services.jpg\" alt=\"\" class=\"wp-image-951\" style=\"width:374px;height:249px\"\/><\/a><\/figure>\n\n<\/div><\/div><\/div>\n\n<div class=\"gb-grid-column gb-grid-column-c03c8a62\"><div class=\"gb-container gb-container-c03c8a62\"><div class=\"gb-inside-container\">\n\n<p>La experiencia y los conocimientos t\u00e9cnicos de Toolless te permitir\u00e1n crear el proyecto que deseas con la mejor calidad del mercado. Con m\u00e1s de 14 a\u00f1os de experiencia en el sector de las cajas de pl\u00e1stico y las cajas personalizadas complejas, Toolless Plastic Solutions es el proveedor ideal para tu proyecto.<\/p>\n\n\n<div class=\"gb-button-wrapper gb-button-wrapper-21cb81de\">\n\n<a class=\"gb-button gb-button-b34f9e1e gb-button-text button\" href=\"\/es\/alta-calidad\/\">M\u00e1s informaci\u00f3n<\/a>\n\n<\/div>\n<\/div><\/div><\/div>\n<\/div>\n\n\n<h3 class=\"wp-block-heading\">Entrega r\u00e1pida<\/h3>\n\n\n<div class=\"gb-grid-wrapper gb-grid-wrapper-3671b334\">\n<div class=\"gb-grid-column gb-grid-column-b1b671ae\"><div class=\"gb-container gb-container-b1b671ae\"><div class=\"gb-inside-container\">\n\n<figure class=\"wp-block-image size-large is-resized\"><a href=\"\/es\/entrega-rapida\/\"><img loading=\"lazy\" decoding=\"async\" width=\"210\" height=\"140\" src=\"https:\/\/toolless.com\/wp-content\/uploads\/2020\/04\/Quick-Turn-Around-1.jpg\" alt=\"\" class=\"wp-image-952\" style=\"width:374px;height:249px\"\/><\/a><\/figure>\n\n<\/div><\/div><\/div>\n\n<div class=\"gb-grid-column gb-grid-column-0ec451bc\"><div class=\"gb-container gb-container-0ec451bc\"><div class=\"gb-inside-container\">\n\n<p>\u00a1Del dise\u00f1o a la producci\u00f3n en cuesti\u00f3n de semanas! El proceso de fabricaci\u00f3n de pl\u00e1stico sin herramientas le permite crear carcasas de pl\u00e1stico a medida en semanas, en lugar de meses. Adem\u00e1s, como no utilizamos moldes ni utillaje, las modificaciones en su dise\u00f1o son r\u00e1pidas y sencillas.<\/p>\n\n\n<div class=\"gb-button-wrapper gb-button-wrapper-89ae086f\">\n\n<a class=\"gb-button gb-button-0779b54a gb-button-text button\" href=\"\/es\/entrega-rapida\/\">M\u00e1s informaci\u00f3n<\/a>\n\n<\/div>\n<\/div><\/div><\/div>\n<\/div>\n\n\n<h3 class=\"wp-block-heading\">Selecci\u00f3n de materiales<\/h3>\n\n\n<div class=\"gb-grid-wrapper gb-grid-wrapper-4dfdaba9\">\n<div class=\"gb-grid-column gb-grid-column-340b69ec\"><div class=\"gb-container gb-container-340b69ec\"><div class=\"gb-inside-container\">\n\n<figure class=\"wp-block-image size-large is-resized\"><img loading=\"lazy\" decoding=\"async\" width=\"210\" height=\"140\" src=\"https:\/\/toolless.com\/wp-content\/uploads\/2020\/04\/Materials-Selection.jpg\" alt=\"\" class=\"wp-image-953\" style=\"width:374px;height:249px\"\/><\/figure>\n\n<\/div><\/div><\/div>\n\n<div class=\"gb-grid-column gb-grid-column-9fa86005\"><div class=\"gb-container gb-container-9fa86005\"><div class=\"gb-inside-container\">\n\n<p>Uno de los elementos clave de nuestro proceso es el uso de l\u00e1minas de pl\u00e1stico precoloreadas y texturizadas. Dado que el material est\u00e1 disponible en una combinaci\u00f3n ilimitada de composiciones qu\u00edmicas, colores, espesores y texturas, podemos ofrecer un material adecuado para las aplicaciones m\u00e1s exigentes.<\/p>\n\n\n<div class=\"gb-button-wrapper gb-button-wrapper-561aa372\">\n\n<a class=\"gb-button gb-button-74b6e3ba gb-button-text button\" href=\"\/es\/materiales\/\">M\u00e1s informaci\u00f3n<\/a>\n\n<\/div>\n<\/div><\/div><\/div>\n<\/div>\n\n\n<h3 class=\"wp-block-heading\">Programa de pedidos abiertos<\/h3>\n\n\n<div class=\"gb-grid-wrapper gb-grid-wrapper-b0def60a\">\n<div class=\"gb-grid-column gb-grid-column-dbfeadb3\"><div class=\"gb-container gb-container-dbfeadb3\"><div class=\"gb-inside-container\">\n\n<figure class=\"wp-block-image size-large is-resized\"><a href=\"\/es\/programa-de-pedidos-globales\/\"><img loading=\"lazy\" decoding=\"async\" width=\"210\" height=\"140\" src=\"https:\/\/toolless.com\/wp-content\/uploads\/2020\/04\/Blanket-Order-Program.jpg\" alt=\"\" class=\"wp-image-954\" style=\"width:374px;height:249px\"\/><\/a><\/figure>\n\n<\/div><\/div><\/div>\n\n<div class=\"gb-grid-column gb-grid-column-4139f290\"><div class=\"gb-container gb-container-4139f290\"><div class=\"gb-inside-container\">\n\n<p>En Toolless Plastic Solutions, no solo nos especializamos en prototipos y tiradas peque\u00f1as, sino que tambi\u00e9n colaboramos con numerosas empresas en sus tiradas de producci\u00f3n a gran escala. Nuestra flexibilidad y experiencia nos permiten llevar a cabo tiradas de producci\u00f3n de bajo a medio volumen sin el riesgo financiero que supone mantener existencias.&nbsp;<\/p>\n\n\n<div class=\"gb-button-wrapper gb-button-wrapper-24e244e1\">\n\n<a class=\"gb-button gb-button-5b26d7ab gb-button-text button\" href=\"\/es\/programa-de-pedidos-globales\/\">M\u00e1s informaci\u00f3n<\/a>\n\n<\/div>\n<\/div><\/div><\/div>\n<\/div>\n\n\n<h3 class=\"wp-block-heading\">Kickstarter\/Indiegogo<\/h3>\n\n\n<div class=\"gb-grid-wrapper gb-grid-wrapper-88e3e43d\">\n<div class=\"gb-grid-column gb-grid-column-858526f0\"><div class=\"gb-container gb-container-858526f0\"><div class=\"gb-inside-container\">\n\n<figure class=\"wp-block-image size-large is-resized\"><a href=\"\/es\/archivos-de-la-campana-de-kickstarter\/\"><img loading=\"lazy\" decoding=\"async\" width=\"210\" height=\"140\" src=\"https:\/\/toolless.com\/wp-content\/uploads\/2020\/04\/Kickstarter.jpg\" alt=\"\" class=\"wp-image-955\" style=\"width:374px;height:249px\"\/><\/a><\/figure>\n\n<\/div><\/div><\/div>\n\n<div class=\"gb-grid-column gb-grid-column-93f99c82\"><div class=\"gb-container gb-container-93f99c82\"><div class=\"gb-inside-container\">\n\n<p>Nuestro proceso requiere una inversi\u00f3n m\u00ednima, ya que no se necesitan moldes, ni herramientas, ni hay un pedido m\u00ednimo. La ausencia de herramientas permite crear un prototipo de calidad con un presupuesto ajustado antes de contar con inversores.<\/p>\n\n\n<div class=\"gb-button-wrapper gb-button-wrapper-fafb53a6\">\n\n<a class=\"gb-button gb-button-c4808ad8 gb-button-text button\" href=\"\/es\/archivos-de-la-campana-de-kickstarter\/\">M\u00e1s informaci\u00f3n<\/a>\n\n<\/div>\n<\/div><\/div><\/div>\n<\/div>","protected":false},"excerpt":{"rendered":"<p>Fabricaci\u00f3n de prototipos asequible\nProceso de fabricaci\u00f3n\nCambios de dise\u00f1o flexibles\nProceso de dise\u00f1o creativo\nSoporte de ingenier\u00eda\nServicios de control de calidad\nEntrega r\u00e1pida\nSelecci\u00f3n de materiales\nPrograma de pedidos en firme\nKickstarter\/Indiegogo<\/p>","protected":false},"author":1,"featured_media":295,"parent":0,"menu_order":0,"comment_status":"closed","ping_status":"closed","template":"","meta":{"_acf_changed":false,"_seopress_robots_primary_cat":"","_seopress_titles_title":"Affordable Toolless Plastic Solutions: Custom Enclosures Fast","_seopress_titles_desc":"Plastic Enclosures & Custom Plastic Housings","_seopress_robots_index":"","pgc_sgb_lightbox_settings":"","iawp_total_views":0,"footnotes":""},"page_categories":[],"class_list":{"0":"post-17","1":"page","2":"type-page","3":"status-publish","4":"has-post-thumbnail","6":"infinite-scroll-item"},"acf":[],"_links":{"self":[{"href":"https:\/\/toolless.com\/es\/wp-json\/wp\/v2\/pages\/17","targetHints":{"allow":["GET"]}}],"collection":[{"href":"https:\/\/toolless.com\/es\/wp-json\/wp\/v2\/pages"}],"about":[{"href":"https:\/\/toolless.com\/es\/wp-json\/wp\/v2\/types\/page"}],"author":[{"embeddable":true,"href":"https:\/\/toolless.com\/es\/wp-json\/wp\/v2\/users\/1"}],"replies":[{"embeddable":true,"href":"https:\/\/toolless.com\/es\/wp-json\/wp\/v2\/comments?post=17"}],"version-history":[{"count":7,"href":"https:\/\/toolless.com\/es\/wp-json\/wp\/v2\/pages\/17\/revisions"}],"predecessor-version":[{"id":2953,"href":"https:\/\/toolless.com\/es\/wp-json\/wp\/v2\/pages\/17\/revisions\/2953"}],"wp:featuredmedia":[{"embeddable":true,"href":"https:\/\/toolless.com\/es\/wp-json\/wp\/v2\/media\/295"}],"wp:attachment":[{"href":"https:\/\/toolless.com\/es\/wp-json\/wp\/v2\/media?parent=17"}],"wp:term":[{"taxonomy":"page_categories","embeddable":true,"href":"https:\/\/toolless.com\/es\/wp-json\/wp\/v2\/page_categories?post=17"}],"curies":[{"name":"wp","href":"https:\/\/api.w.org\/{rel}","templated":true}]}}