{"id":1676,"date":"2021-08-17T22:51:12","date_gmt":"2021-08-17T22:51:12","guid":{"rendered":"https:\/\/toolless.com\/?page_id=1676"},"modified":"2025-01-23T17:48:01","modified_gmt":"2025-01-23T17:48:01","slug":"soportes-plasticos-personalizados","status":"publish","type":"page","link":"https:\/\/toolless.com\/es\/custom-plastic-brackets\/","title":{"rendered":"Soportes de pl\u00e1stico a medida"},"content":{"rendered":"<h3 class=\"wp-block-heading\">Fabricante de soportes pl\u00e1sticos personalizados<\/h3>\n\n\n\n<p>Ya sea doblados o planos, los soportes y escudos pueden ser \u00fatiles para piezas internas, o tambi\u00e9n se pueden usar como soporte para una repisa. Las opciones son ilimitadas, Toolless puede fresar CNC cualquier pieza o doblar el pl\u00e1stico para crear su propio soporte de pl\u00e1stico personalizado. Los insertos roscados o espaciadores tambi\u00e9n son parte de nuestro proceso y se pueden agregar a sus piezas.<\/p>\n\n\n\n<div class=\"wp-block-image\"><figure class=\"alignleft size-full is-resized\"><img loading=\"lazy\" decoding=\"async\" src=\"https:\/\/toolless.com\/wp-content\/uploads\/2021\/08\/image-12.png\" alt=\"\" class=\"wp-image-1677\" width=\"251\" height=\"165\" srcset=\"https:\/\/toolless.com\/wp-content\/uploads\/2021\/08\/image-12.png 453w, https:\/\/toolless.com\/wp-content\/uploads\/2021\/08\/image-12-300x197.png 300w\" sizes=\"auto, (max-width: 251px) 100vw, 251px\" \/><\/figure><\/div>\n\n\n\n<div class=\"wp-block-image\"><figure class=\"alignleft size-full is-resized\"><img loading=\"lazy\" decoding=\"async\" src=\"https:\/\/toolless.com\/wp-content\/uploads\/2021\/08\/image-13.png\" alt=\"\" class=\"wp-image-1678\" width=\"268\" height=\"167\" srcset=\"https:\/\/toolless.com\/wp-content\/uploads\/2021\/08\/image-13.png 677w, https:\/\/toolless.com\/wp-content\/uploads\/2021\/08\/image-13-300x187.png 300w\" sizes=\"auto, (max-width: 268px) 100vw, 268px\" \/><\/figure><\/div>\n\n\n\n<figure class=\"wp-block-image size-full is-resized\"><img loading=\"lazy\" decoding=\"async\" src=\"https:\/\/toolless.com\/wp-content\/uploads\/2021\/08\/image-14.png\" alt=\"\" class=\"wp-image-1679\" width=\"329\" height=\"195\" srcset=\"https:\/\/toolless.com\/wp-content\/uploads\/2021\/08\/image-14.png 965w, https:\/\/toolless.com\/wp-content\/uploads\/2021\/08\/image-14-300x178.png 300w, https:\/\/toolless.com\/wp-content\/uploads\/2021\/08\/image-14-768x454.png 768w\" sizes=\"auto, (max-width: 329px) 100vw, 329px\" \/><\/figure>","protected":false},"excerpt":{"rendered":"<p>Custom Plastic Brackets Manufacturer Either bent of flat, brackets and shield can come handy for internal parts, or they can also be used as support for a shelf. Options are unlimited, Toolless can CNC Mill any parts or fold the plastic to create your own custom plastic bracket. Threaded inserts or standoffs are also part &#8230; <\/p>\n<p class=\"read-more-container\"><a title=\"Soportes de pl\u00e1stico a medida\" class=\"read-more button\" href=\"https:\/\/toolless.com\/es\/custom-plastic-brackets\/#more-1676\" aria-label=\"More on Custom Plastic Brackets\">Leer m\u00e1s<\/a><\/p>","protected":false},"author":1,"featured_media":994,"parent":0,"menu_order":0,"comment_status":"closed","ping_status":"closed","template":"","meta":{"_acf_changed":false,"_seopress_robots_primary_cat":"","_seopress_titles_title":"Custom Plastic Brackets | Toolless Plastics","_seopress_titles_desc":"Custom Plastic Brackets by Toolless. We NC Mill any parts or fold the plastic to create your own custom plastic bracket. Threaded inserts or standoffs are also part of our process and can be added to your parts.","_seopress_robots_index":"","pgc_sgb_lightbox_settings":"","iawp_total_views":0,"footnotes":""},"page_categories":[],"class_list":{"0":"post-1676","1":"page","2":"type-page","3":"status-publish","4":"has-post-thumbnail","6":"infinite-scroll-item"},"acf":[],"_links":{"self":[{"href":"https:\/\/toolless.com\/es\/wp-json\/wp\/v2\/pages\/1676","targetHints":{"allow":["GET"]}}],"collection":[{"href":"https:\/\/toolless.com\/es\/wp-json\/wp\/v2\/pages"}],"about":[{"href":"https:\/\/toolless.com\/es\/wp-json\/wp\/v2\/types\/page"}],"author":[{"embeddable":true,"href":"https:\/\/toolless.com\/es\/wp-json\/wp\/v2\/users\/1"}],"replies":[{"embeddable":true,"href":"https:\/\/toolless.com\/es\/wp-json\/wp\/v2\/comments?post=1676"}],"version-history":[{"count":1,"href":"https:\/\/toolless.com\/es\/wp-json\/wp\/v2\/pages\/1676\/revisions"}],"predecessor-version":[{"id":1680,"href":"https:\/\/toolless.com\/es\/wp-json\/wp\/v2\/pages\/1676\/revisions\/1680"}],"wp:featuredmedia":[{"embeddable":true,"href":"https:\/\/toolless.com\/es\/wp-json\/wp\/v2\/media\/994"}],"wp:attachment":[{"href":"https:\/\/toolless.com\/es\/wp-json\/wp\/v2\/media?parent=1676"}],"wp:term":[{"taxonomy":"page_categories","embeddable":true,"href":"https:\/\/toolless.com\/es\/wp-json\/wp\/v2\/page_categories?post=1676"}],"curies":[{"name":"wp","href":"https:\/\/api.w.org\/{rel}","templated":true}]}}