{"id":1670,"date":"2021-08-17T22:48:40","date_gmt":"2021-08-17T22:48:40","guid":{"rendered":"https:\/\/toolless.com\/?page_id=1670"},"modified":"2025-01-23T17:48:36","modified_gmt":"2025-01-23T17:48:36","slug":"fundas-de-plastico-personalizadas","status":"publish","type":"page","link":"https:\/\/toolless.com\/es\/custom-plastic-covers\/","title":{"rendered":"Fundas de pl\u00e1stico personalizadas"},"content":{"rendered":"<h3 class=\"wp-block-heading\">Fabricante de fundas de pl\u00e1stico a medida<\/h3>\n\n\n\n<p>Fresado en una l\u00e1mina plana de pl\u00e1stico, se suministra con los recortes personalizados que usted necesite. Toolless cuenta con una amplia gama de pl\u00e1sticos en muchos colores y espesores diferentes (desde 2 mm hasta 1 pulgada). Toolless tambi\u00e9n se ha asociado con un pintor para ampliar la gama de colores disponibles y ofrece la posibilidad de imprimir su logotipo en cualquier panel, bisel o expositor personalizado.<\/p>\n\n\n\n<div class=\"wp-block-image\"><figure class=\"alignleft size-full is-resized\"><img loading=\"lazy\" decoding=\"async\" src=\"https:\/\/toolless.com\/wp-content\/uploads\/2021\/08\/image-8.png\" alt=\"\" class=\"wp-image-1671\" width=\"201\" height=\"270\" srcset=\"https:\/\/toolless.com\/wp-content\/uploads\/2021\/08\/image-8.png 481w, https:\/\/toolless.com\/wp-content\/uploads\/2021\/08\/image-8-224x300.png 224w\" sizes=\"auto, (max-width: 201px) 100vw, 201px\" \/><\/figure><\/div>\n\n\n\n<div class=\"wp-block-image\"><figure class=\"alignleft size-full is-resized\"><img loading=\"lazy\" decoding=\"async\" src=\"https:\/\/toolless.com\/wp-content\/uploads\/2021\/08\/image-9.png\" alt=\"\" class=\"wp-image-1672\" width=\"324\" height=\"237\" srcset=\"https:\/\/toolless.com\/wp-content\/uploads\/2021\/08\/image-9.png 935w, https:\/\/toolless.com\/wp-content\/uploads\/2021\/08\/image-9-300x220.png 300w, https:\/\/toolless.com\/wp-content\/uploads\/2021\/08\/image-9-768x563.png 768w\" sizes=\"auto, (max-width: 324px) 100vw, 324px\" \/><\/figure><\/div>\n\n\n\n<div class=\"wp-block-image\"><figure class=\"alignleft size-full is-resized\"><img loading=\"lazy\" decoding=\"async\" src=\"https:\/\/toolless.com\/wp-content\/uploads\/2021\/08\/image-11.png\" alt=\"\" class=\"wp-image-1674\" width=\"405\" height=\"146\" srcset=\"https:\/\/toolless.com\/wp-content\/uploads\/2021\/08\/image-11.png 656w, https:\/\/toolless.com\/wp-content\/uploads\/2021\/08\/image-11-300x108.png 300w\" sizes=\"auto, (max-width: 405px) 100vw, 405px\" \/><\/figure><\/div>","protected":false},"excerpt":{"rendered":"<p>Custom Plastic Covers Manufacturer Milled on a flat sheet of plastic, comes with any custom cut outs you may have. Toolless stocks a wide range of plastic in many different colors and many different gauges (from 2mm to 1\u201d). Toolless has also partnered with a painter to increase the range of colors you may need &#8230; <\/p>\n<p class=\"read-more-container\"><a title=\"Fundas de pl\u00e1stico personalizadas\" class=\"read-more button\" href=\"https:\/\/toolless.com\/es\/custom-plastic-covers\/#more-1670\" aria-label=\"More on Custom Plastic Covers\">Leer m\u00e1s<\/a><\/p>","protected":false},"author":1,"featured_media":994,"parent":0,"menu_order":0,"comment_status":"closed","ping_status":"closed","template":"","meta":{"_acf_changed":false,"_seopress_robots_primary_cat":"","_seopress_titles_title":"Custom Plastic Covers | Toolless Plastics","_seopress_titles_desc":"Milled on a flat sheet of plastic, comes with any custom cut outs you may have. Toolless stocks a wide range of plastic in many different colors and many different gauges (from 2mm to 1\u201d). Toolless has also partnered with a painter to increase the range of colors you may need and has the ability to print your logo on any custom panels, bezels and displays.","_seopress_robots_index":"","pgc_sgb_lightbox_settings":"","iawp_total_views":0,"footnotes":""},"page_categories":[],"class_list":{"0":"post-1670","1":"page","2":"type-page","3":"status-publish","4":"has-post-thumbnail","6":"infinite-scroll-item"},"acf":[],"_links":{"self":[{"href":"https:\/\/toolless.com\/es\/wp-json\/wp\/v2\/pages\/1670","targetHints":{"allow":["GET"]}}],"collection":[{"href":"https:\/\/toolless.com\/es\/wp-json\/wp\/v2\/pages"}],"about":[{"href":"https:\/\/toolless.com\/es\/wp-json\/wp\/v2\/types\/page"}],"author":[{"embeddable":true,"href":"https:\/\/toolless.com\/es\/wp-json\/wp\/v2\/users\/1"}],"replies":[{"embeddable":true,"href":"https:\/\/toolless.com\/es\/wp-json\/wp\/v2\/comments?post=1670"}],"version-history":[{"count":1,"href":"https:\/\/toolless.com\/es\/wp-json\/wp\/v2\/pages\/1670\/revisions"}],"predecessor-version":[{"id":1675,"href":"https:\/\/toolless.com\/es\/wp-json\/wp\/v2\/pages\/1670\/revisions\/1675"}],"wp:featuredmedia":[{"embeddable":true,"href":"https:\/\/toolless.com\/es\/wp-json\/wp\/v2\/media\/994"}],"wp:attachment":[{"href":"https:\/\/toolless.com\/es\/wp-json\/wp\/v2\/media?parent=1670"}],"wp:term":[{"taxonomy":"page_categories","embeddable":true,"href":"https:\/\/toolless.com\/es\/wp-json\/wp\/v2\/page_categories?post=1670"}],"curies":[{"name":"wp","href":"https:\/\/api.w.org\/{rel}","templated":true}]}}