{"id":1662,"date":"2021-08-17T22:43:41","date_gmt":"2021-08-17T22:43:41","guid":{"rendered":"https:\/\/toolless.com\/?page_id=1662"},"modified":"2025-01-23T17:49:21","modified_gmt":"2025-01-23T17:49:21","slug":"paneles-plasticos-personalizados","status":"publish","type":"page","link":"https:\/\/toolless.com\/es\/custom-plastic-panels\/","title":{"rendered":"Paneles de pl\u00e1stico a medida"},"content":{"rendered":"<h3 class=\"wp-block-heading\">Fabricante de paneles pl\u00e1sticos personalizados<\/h3>\n\n\n\n<p>Fresado en una l\u00e1mina plana de pl\u00e1stico, se suministra con los recortes personalizados que usted necesite. Toolless cuenta con una amplia gama de pl\u00e1sticos en muchos colores y espesores diferentes (desde 2 mm hasta 1 pulgada). Toolless tambi\u00e9n se ha asociado con un pintor para ampliar la gama de colores disponibles y ofrece la posibilidad de imprimir su logotipo en cualquier panel, bisel o expositor personalizado.<\/p>\n\n\n\n<div class=\"wp-block-image\"><figure class=\"alignleft size-full is-resized\"><img loading=\"lazy\" decoding=\"async\" src=\"https:\/\/toolless.com\/wp-content\/uploads\/2021\/08\/image-3.png\" alt=\"\" class=\"wp-image-1663\" width=\"193\" height=\"163\" srcset=\"https:\/\/toolless.com\/wp-content\/uploads\/2021\/08\/image-3.png 770w, https:\/\/toolless.com\/wp-content\/uploads\/2021\/08\/image-3-300x253.png 300w, https:\/\/toolless.com\/wp-content\/uploads\/2021\/08\/image-3-768x648.png 768w\" sizes=\"auto, (max-width: 193px) 100vw, 193px\" \/><\/figure><\/div>\n\n\n\n<div class=\"wp-block-image\"><figure class=\"alignleft size-large is-resized\"><img loading=\"lazy\" decoding=\"async\" src=\"https:\/\/toolless.com\/wp-content\/uploads\/2021\/08\/image-4-1024x502.png\" alt=\"\" class=\"wp-image-1664\" width=\"256\" height=\"126\" srcset=\"https:\/\/toolless.com\/wp-content\/uploads\/2021\/08\/image-4-1024x502.png 1024w, https:\/\/toolless.com\/wp-content\/uploads\/2021\/08\/image-4-300x147.png 300w, https:\/\/toolless.com\/wp-content\/uploads\/2021\/08\/image-4-768x377.png 768w, https:\/\/toolless.com\/wp-content\/uploads\/2021\/08\/image-4.png 1034w\" sizes=\"auto, (max-width: 256px) 100vw, 256px\" \/><\/figure><\/div>\n\n\n\n<div class=\"wp-block-image\"><figure class=\"alignleft size-full is-resized\"><img loading=\"lazy\" decoding=\"async\" src=\"https:\/\/toolless.com\/wp-content\/uploads\/2021\/08\/image-6.png\" alt=\"\" class=\"wp-image-1666\" width=\"249\" height=\"168\" srcset=\"https:\/\/toolless.com\/wp-content\/uploads\/2021\/08\/image-6.png 997w, https:\/\/toolless.com\/wp-content\/uploads\/2021\/08\/image-6-300x202.png 300w, https:\/\/toolless.com\/wp-content\/uploads\/2021\/08\/image-6-768x516.png 768w\" sizes=\"auto, (max-width: 249px) 100vw, 249px\" \/><\/figure><\/div>\n\n\n\n<figure class=\"wp-block-image size-full is-resized\"><img loading=\"lazy\" decoding=\"async\" src=\"https:\/\/toolless.com\/wp-content\/uploads\/2021\/08\/image-7.png\" alt=\"\" class=\"wp-image-1667\" width=\"235\" height=\"125\" srcset=\"https:\/\/toolless.com\/wp-content\/uploads\/2021\/08\/image-7.png 975w, https:\/\/toolless.com\/wp-content\/uploads\/2021\/08\/image-7-300x160.png 300w, https:\/\/toolless.com\/wp-content\/uploads\/2021\/08\/image-7-768x409.png 768w\" sizes=\"auto, (max-width: 235px) 100vw, 235px\" \/><\/figure>","protected":false},"excerpt":{"rendered":"<p>Custom Plastic Panels Manufacturer Milled on a flat sheet of plastic, comes with any custom cut outs you may have. Toolless stocks a wide range of plastic in many different colors and many different gauges (from 2mm to 1\u201d). Toolless has also partnered with a painter to increase the range of colors you may need &#8230; <\/p>\n<p class=\"read-more-container\"><a title=\"Paneles de pl\u00e1stico a medida\" class=\"read-more button\" href=\"https:\/\/toolless.com\/es\/custom-plastic-panels\/#more-1662\" aria-label=\"More on Custom Plastic Panels\">Leer m\u00e1s<\/a><\/p>","protected":false},"author":1,"featured_media":994,"parent":0,"menu_order":0,"comment_status":"closed","ping_status":"closed","template":"","meta":{"_acf_changed":false,"_seopress_robots_primary_cat":"","_seopress_titles_title":"Custom Plastic Panels | Toolless Plastics","_seopress_titles_desc":"Milled on a flat sheet of plastic, comes with any custom cut outs you may have. Toolless stocks a wide range of plastic in many different colors and many different gauges","_seopress_robots_index":"","pgc_sgb_lightbox_settings":"","iawp_total_views":0,"footnotes":""},"page_categories":[],"class_list":{"0":"post-1662","1":"page","2":"type-page","3":"status-publish","4":"has-post-thumbnail","6":"infinite-scroll-item"},"acf":[],"_links":{"self":[{"href":"https:\/\/toolless.com\/es\/wp-json\/wp\/v2\/pages\/1662","targetHints":{"allow":["GET"]}}],"collection":[{"href":"https:\/\/toolless.com\/es\/wp-json\/wp\/v2\/pages"}],"about":[{"href":"https:\/\/toolless.com\/es\/wp-json\/wp\/v2\/types\/page"}],"author":[{"embeddable":true,"href":"https:\/\/toolless.com\/es\/wp-json\/wp\/v2\/users\/1"}],"replies":[{"embeddable":true,"href":"https:\/\/toolless.com\/es\/wp-json\/wp\/v2\/comments?post=1662"}],"version-history":[{"count":2,"href":"https:\/\/toolless.com\/es\/wp-json\/wp\/v2\/pages\/1662\/revisions"}],"predecessor-version":[{"id":1669,"href":"https:\/\/toolless.com\/es\/wp-json\/wp\/v2\/pages\/1662\/revisions\/1669"}],"wp:featuredmedia":[{"embeddable":true,"href":"https:\/\/toolless.com\/es\/wp-json\/wp\/v2\/media\/994"}],"wp:attachment":[{"href":"https:\/\/toolless.com\/es\/wp-json\/wp\/v2\/media?parent=1662"}],"wp:term":[{"taxonomy":"page_categories","embeddable":true,"href":"https:\/\/toolless.com\/es\/wp-json\/wp\/v2\/page_categories?post=1662"}],"curies":[{"name":"wp","href":"https:\/\/api.w.org\/{rel}","templated":true}]}}