{"id":1534,"date":"2021-05-28T21:15:36","date_gmt":"2021-05-28T21:15:36","guid":{"rendered":"http:\/\/toolless.venbit.net\/?page_id=1534"},"modified":"2021-05-28T21:15:38","modified_gmt":"2021-05-28T21:15:38","slug":"tipos-de-recintos-y-sus-componentes","status":"publish","type":"page","link":"https:\/\/toolless.com\/es\/types-of-enclosures-and-their-components\/","title":{"rendered":"Tipos de armarios y sus componentes"},"content":{"rendered":"<p><a href=\"https:\/\/toolless.com\/es\/\">Soluciones de pl\u00e1stico sin herramientas<\/a> dise\u00f1a, produce y fabrica cajas de pl\u00e1stico, carcasas de pl\u00e1stico y envolventes de pl\u00e1stico a medida sin necesidad de moldes ni herramientas. Toolless ha dominado el arte de convertir los conceptos de carcasas de pl\u00e1stico en realidad. Desde la creaci\u00f3n y el dise\u00f1o del proyecto hasta la entrega del producto terminado, colaboramos con nuestros clientes para ofrecer un producto de la mejor calidad. Las carcasas personalizadas se fabrican utilizando tecnolog\u00eda exclusiva de Toolless. Todo esto se hace sin el gasto, el tiempo de espera y la rigidez que implican los moldes y las herramientas. Nuestro proceso de fabricaci\u00f3n de carcasas de pl\u00e1stico utiliza una t\u00e9cnica que permite cambios r\u00e1pidos, sencillos y rentables.<\/p>\n\n\n\n<h1 class=\"wp-block-heading\">Anexo<\/h1>\n\n\n\n<p>Una caja de pl\u00e1stico a medida es un objeto cerrado fabricado con diversos tipos de pl\u00e1stico, metal o cualquier otro material que se pueda ensamblar para formar la forma deseada. <a href=\"https:\/\/www.iqsdirectory.com\/articles\/electronic-enclosure\/nema-enclosure.html\">Las cajas NEMA se utilizan para proteger los componentes el\u00e9ctricos<\/a> Por otra parte, las carcasas personalizadas se utilizan a menudo para dispositivos electr\u00f3nicos como equipos de pruebas m\u00e9dicas, lectores de tarjetas en cualquier tienda e incluso computadoras port\u00e1tiles. Toolless Plastic Solutions se especializa en el dise\u00f1o y la fabricaci\u00f3n de carcasas de pl\u00e1stico a medida. El proceso de fabricaci\u00f3n sin herramientas nos permite producir dise\u00f1os s\u00f3lidos de alta calidad y una ingenier\u00eda excelente sin el uso de moldes o utillaje, que son habituales en el moldeo por inyecci\u00f3n. Las modificaciones de las carcasas son m\u00e1s sencillas, r\u00e1pidas y econ\u00f3micas cuando no se utilizan moldes ni matrices.<\/p>\n\n\n\n<p>Toolless ofrece dos tipos de<a href=\"https:\/\/toolless.com\/es\/cajas-de-plastico-estandar\/\"> Cajas de pl\u00e1stico est\u00e1ndar<\/a>; Caja tipo C y caja tipo U. La<a href=\"https:\/\/toolless.com\/es\/caja-de-plastico\/\"> Caja de conexi\u00f3n<\/a> es un dise\u00f1o sencillo de dos piezas. La carcasa est\u00e1 concebida como una soluci\u00f3n \u00abplug-and-play\u00bb para su uso. El<a href=\"https:\/\/toolless.com\/es\/caja-de-proteccion\/\"> Caja U<\/a> es una carcasa lista para usar de tipo \u00abplug-and-play\u00bb. Este modelo cl\u00e1sico de cuatro piezas se adapta f\u00e1cilmente a las necesidades.<\/p>\n\n\n\n<h2 class=\"wp-block-heading\">Cajas de pl\u00e1stico a medida<\/h2>\n\n\n\n<h3 class=\"wp-block-heading\">Cajas para equipos electr\u00f3nicos<\/h3>\n\n\n\n<p>Las cajas de pl\u00e1stico que contienen componentes electr\u00f3nicos se conocen como<a href=\"https:\/\/toolless.com\/es\/cajas-para-equipos-electronicos\/\"> cajas para equipos electr\u00f3nicos<\/a> o carcasas para dispositivos electr\u00f3nicos. Estos recintos se utilizan habitualmente en computadoras, consolas de videojuegos y dispositivos m\u00e9dicos. La funci\u00f3n principal de una carcasa de pl\u00e1stico es mantener los componentes electr\u00f3nicos seguros y estables. Las carcasas tambi\u00e9n protegen los componentes el\u00e9ctricos de posibles da\u00f1os en las placas de circuito impreso. Toolless tambi\u00e9n puede suministrar recintos personalizados para placas de circuito impreso y recintos para PCB.<\/p>\n\n\n\n<figure class=\"wp-block-image\"><img decoding=\"async\" src=\"https:\/\/lh6.googleusercontent.com\/_2T8nkeapBxloVYrKAZ_r14iHYjmClR0x7g1Nd_6LhHWuWvChsOp_CBjcDdvtf6LG_eMEBWUJUxWInPbeZQKy_dPttbcaxn5yn4TFW6sNjB8oeld0u8rQEaDuWVLaRg4fQHnE1w\" alt=\"\"\/><\/figure>\n\n\n\n<figure class=\"wp-block-image\"><img decoding=\"async\" src=\"https:\/\/lh5.googleusercontent.com\/VW-IoSqXggf_utAa6qIzUP2ZgMDx1f00_41F9qUCUkrz6AGXibkuP08-UtCMoY2oZaXX70Ep_3B0dCki5xCweZtGf-Q5LTws-BuK8MeNQ-ewrAXBMi1GM97bHYHCYSlhKcVXm_8\" alt=\"\"\/><\/figure>\n\n\n\n<figure class=\"wp-block-image\"><img decoding=\"async\" src=\"https:\/\/lh6.googleusercontent.com\/U3gdIA08OBtjab0SSeXXMYh9rX2A7QvJc0oGk_rSjGnBBicsN-XFZofJB2rW0Nc8xLiboW4tvsmOLg-4PFuhJLo9VoXVbk9_l9bjO7ADFcS5iTmZIJS5u6ToxIy0agf7S_3CY2A\" alt=\"\"\/><\/figure>\n\n\n\n<p>Cajas para equipos electr\u00f3nicos<\/p>\n\n\n\n<h3 class=\"wp-block-heading\">Cajas para equipos m\u00e9dicos<\/h3>\n\n\n\n<p>Toolless Plastic Solutions es la opci\u00f3n perfecta para<a href=\"https:\/\/toolless.com\/es\/carcasas-de-plastico-para-uso-medico\/\"> cajas m\u00e9dicas a medida<\/a> e instrumentos de laboratorio. En el sector m\u00e9dico, nuestros 20 a\u00f1os de experiencia nos han permitido contribuir al desarrollo de carcasas m\u00e9dicas de pl\u00e1stico a medida. Desde 1994, Toolless ha colaborado con diversas empresas del sector m\u00e9dico en una amplia variedad de proyectos. Entre ellos se encuentran equipos quir\u00fargicos, soluciones para el ojo seco, simuladores de respiraci\u00f3n, equipos de diagn\u00f3stico del sue\u00f1o, dispositivos respiratorios y ventiladores CPAP, por citar solo algunos ejemplos.<\/p>\n\n\n\n<figure class=\"wp-block-image\"><img decoding=\"async\" src=\"https:\/\/lh6.googleusercontent.com\/AiZTK19zF29UypM2VwFAJureNb8I8ExfsVqPbuP-m7X8s0CrdOPYqEzeslJa_mUFI8fbY1jc9TxllOslWH183aGTZwndWduXm7_ucFcG_IOJiIKoCIK9NxlqCnhiV8sR_jD0Wqw\" alt=\"\"\/><\/figure>\n\n\n\n<p>Dispositivo rob\u00f3tico de muestreo<\/p>\n\n\n\n<figure class=\"wp-block-image\"><img decoding=\"async\" src=\"https:\/\/lh4.googleusercontent.com\/LoIENZ8ZFbyKnqA0T7lU-Q4BwZhT6tVOKU7FRFsFgbOJqbYEg6Oym8-kmT9pXAQ5SjjL-wRJ5itE-_S5FHNe4780kGBJk352pA-0_V8BEQJ4Uo0pRLVeV_AJ-Xeb9Qy8bYArrzA\" alt=\"\"\/><\/figure>\n\n\n\n<p>Dispositivo m\u00e9dico personalizado EEG<\/p>\n\n\n\n<h3 class=\"wp-block-heading\">Carcasas personalizadas para Raspberry Pi<\/h3>\n\n\n\n<p>Toolless Plastic Solutions fabrica<a href=\"https:\/\/toolless.com\/es\/carcasas-personalizadas-para-raspberry-pi\/\"> carcasas personalizadas para Raspberry Pi<\/a> utilizando una tecnolog\u00eda que no requiere moldes ni utillaje. El n\u00famero y el tama\u00f1o de los orificios, los separadores a\u00f1adidos, las dimensiones, las pantallas acr\u00edlicas, los tubos de luz LED y otras caracter\u00edsticas se adaptan a las necesidades de los clientes. Esta personalizaci\u00f3n permite a los clientes adaptar a su gusto la carcasa para Raspberry Pi e incluso a\u00f1adir logotipos de empresa mediante impresi\u00f3n digital.<\/p>\n\n\n\n<figure class=\"wp-block-image\"><img decoding=\"async\" src=\"https:\/\/lh3.googleusercontent.com\/MSggHISvTA2lMdmkGTS9xMGBh6I-tDEZQL7KSJZH0Sm1aL85o9kLNu636cg-wqhMa-4oaFt0mb2_y349X168G3Fx6W47O5kyvnka6B0Aoy9yBsBlRHUg4FSaJfDKcZ8MqLfO94Y\" alt=\"\"\/><\/figure>\n\n\n\n<p>Caso del controlador de gesti\u00f3n del tiempo<\/p>\n\n\n\n<figure class=\"wp-block-image\"><img decoding=\"async\" src=\"https:\/\/lh3.googleusercontent.com\/q6hy6qN-6b8LmRLFhyA50J0DnE-rqjt39Wx47NIMKYwtv5d_r5z9I-lh9lThyV2b70aOi7i1q1RW5Al5xPAjDARKL2dag-shnqMcZgOeVlhyDhC9ehGpmHv72ad5KjcNqi5VbnQ\" alt=\"\"\/><\/figure>\n\n\n\n<p>Caso Checkpoint<\/p>\n\n\n\n<figure class=\"wp-block-image\"><img decoding=\"async\" src=\"https:\/\/lh5.googleusercontent.com\/sWodG66WFGrokW1DD2-_Zp8Soxi4QFdek8bO5FBF1kY1oyxBli5npX1V08boI3n2vGsYhbwvYa3hGyWI6Ycm0FYlQIUZuJ0oMNL-9gCQTr2RcgNNoGGTWOMNVtKPQ46MPGYC9_E\" alt=\"\"\/><\/figure>\n\n\n\n<p>Caja de ajuste para la diabetes<\/p>\n\n\n\n<h3 class=\"wp-block-heading\">Caja de pl\u00e1stico ABS<\/h3>\n\n\n\n<p><a href=\"https:\/\/toolless.com\/es\/cajas-de-plastico-abs\/\">Cajas de ABS<\/a> son una excelente opci\u00f3n para casi cualquier tipo de carcasa de pl\u00e1stico. El ABS, o acrilonitrilo butadieno estireno, es un termopl\u00e1stico resistente que ofrece un rendimiento excelente a un bajo costo. El ABS es un material perfecto para aplicaciones en interiores, como los dispositivos electr\u00f3nicos de escritorio. El ABS de uso general de Toolless representa el 80 % de la producci\u00f3n. Ya sea una carcasa peque\u00f1a o grande para componentes electr\u00f3nicos, Toolless tiene el potencial de fabricar productos de alta calidad que permiten que las invenciones electr\u00f3nicas se hagan realidad.<\/p>\n\n\n\n<figure class=\"wp-block-image\"><img decoding=\"async\" src=\"https:\/\/lh4.googleusercontent.com\/XE8OiuoFNREL3LqtP8QvudmNSJyIkdtxS4G1_85Uk91b-6CfUSb8fJ4QOwP2x664yU8laknR8B0X97Zkm_IqdntfuTZijaChvll1ELt-oh06VgDgzHzYeflgM9hZlZ2J7-PG-uU\" alt=\"\"\/><\/figure>\n\n\n\n<p>Cajas de pl\u00e1stico ABS<\/p>\n\n\n\n<h3 class=\"wp-block-heading\">Cajas acr\u00edlicas a medida para equipos electr\u00f3nicos<\/h3>\n\n\n\n<p>Toolless ha incorporado con \u00e9xito l\u00e1minas acr\u00edlicas en carcasas de pl\u00e1stico que incluyen una ventana de visualizaci\u00f3n o un lector de c\u00f3digos de barras. Para lograr un corte limpio y preciso, el procedimiento suele requerir el uso de un l\u00e1ser. Sin embargo, en Toolless hemos modificado una funci\u00f3n CNC para que el resultado parezca un corte con l\u00e1ser. Esto nos permite cortar el pl\u00e1stico con delicadeza sin romperlo.<\/p>\n\n\n\n<p><a href=\"https:\/\/toolless.com\/es\/cajas-de-plastico-acrilico\/\">Cajas de acr\u00edlico o plexigl\u00e1s<\/a> son ideales para expositores de piezas y unidades de punto de venta. Sin embargo, es mucho m\u00e1s duradero y rentable que el vidrio. Se puede utilizar en situaciones en las que el dise\u00f1o permite ver el interior de un producto. Esto incluye el<a href=\"https:\/\/toolless.com\/es\/cajas-de-plastico-para-montaje-en-pared-para-equipos-electronicos\/\"> soporte de pared<\/a>, Raspberry Pi y<a href=\"https:\/\/toolless.com\/es\/carcasas-de-plastico-portatiles-de-mano\/\"> port\u00e1til<\/a> recintos.<\/p>\n\n\n\n<figure class=\"wp-block-image\"><img decoding=\"async\" src=\"https:\/\/lh6.googleusercontent.com\/EbRSAwIocYhAllBN97i9XuUAFeWJYPgDz5P8LxXsRAzWmMq8P3VaaUx3j62KkrMJv9mRE-c49gXi9NqGnVDXSn_LynLTlkYedFzGW1zSneeEDCsKqCLay7k_RE_Zd0Od9Dv9APE\" alt=\"\"\/><\/figure>\n\n\n\n<figure class=\"wp-block-image\"><img decoding=\"async\" src=\"https:\/\/lh4.googleusercontent.com\/vIxy4Mwm1MVIEdCmSPg2Na8wI2SY2EtQif65C0r5FGwEYcf7dw7CwgMHH7vyxIJXlYvVjOLZUp-X_FNUo4Nnnx5LRn-1yUp8Ad3KdkNikYLN_Ef1llvSr4G3LXrLoSX0WK8tz6s\" alt=\"\"\/><\/figure>\n\n\n\n<p>Cajas de acr\u00edlico<\/p>","protected":false},"excerpt":{"rendered":"<p>Toolless Plastic Solutions designs, produces, and manufactures custom plastic enclosures, plastic casings, and plastic housings without a mold or a tool. Toolless has mastered the art of turning plastic housing concepts into practice. From project creation and design to delivery of the finished product, we collaborate with our customers to deliver the best quality product. &#8230; <\/p>\n<p class=\"read-more-container\"><a title=\"Tipos de armarios y sus componentes\" class=\"read-more button\" href=\"https:\/\/toolless.com\/es\/types-of-enclosures-and-their-components\/#more-1534\" aria-label=\"More on Types of Enclosures and Their Components\">Leer m\u00e1s<\/a><\/p>","protected":false},"author":1,"featured_media":993,"parent":0,"menu_order":0,"comment_status":"closed","ping_status":"closed","template":"","meta":{"_acf_changed":false,"_seopress_robots_primary_cat":"0","_seopress_titles_title":"Custom Plastic Enclosures by Toolless - No Mold, No Tool Needed","_seopress_titles_desc":"Expertly designed custom plastic enclosures with no molds or tooling. Fast, cost-effective solutions for electronics, medical devices, Raspberry Pi, and more.","_seopress_robots_index":"","pgc_sgb_lightbox_settings":"","iawp_total_views":0,"footnotes":""},"page_categories":[],"class_list":{"0":"post-1534","1":"page","2":"type-page","3":"status-publish","4":"has-post-thumbnail","6":"infinite-scroll-item"},"acf":[],"_links":{"self":[{"href":"https:\/\/toolless.com\/es\/wp-json\/wp\/v2\/pages\/1534","targetHints":{"allow":["GET"]}}],"collection":[{"href":"https:\/\/toolless.com\/es\/wp-json\/wp\/v2\/pages"}],"about":[{"href":"https:\/\/toolless.com\/es\/wp-json\/wp\/v2\/types\/page"}],"author":[{"embeddable":true,"href":"https:\/\/toolless.com\/es\/wp-json\/wp\/v2\/users\/1"}],"replies":[{"embeddable":true,"href":"https:\/\/toolless.com\/es\/wp-json\/wp\/v2\/comments?post=1534"}],"version-history":[{"count":1,"href":"https:\/\/toolless.com\/es\/wp-json\/wp\/v2\/pages\/1534\/revisions"}],"predecessor-version":[{"id":1535,"href":"https:\/\/toolless.com\/es\/wp-json\/wp\/v2\/pages\/1534\/revisions\/1535"}],"wp:featuredmedia":[{"embeddable":true,"href":"https:\/\/toolless.com\/es\/wp-json\/wp\/v2\/media\/993"}],"wp:attachment":[{"href":"https:\/\/toolless.com\/es\/wp-json\/wp\/v2\/media?parent=1534"}],"wp:term":[{"taxonomy":"page_categories","embeddable":true,"href":"https:\/\/toolless.com\/es\/wp-json\/wp\/v2\/page_categories?post=1534"}],"curies":[{"name":"wp","href":"https:\/\/api.w.org\/{rel}","templated":true}]}}