{"id":15,"date":"2020-04-17T21:12:05","date_gmt":"2020-04-17T21:12:05","guid":{"rendered":"http:\/\/toolless.ed-webdesigns.com\/?page_id=15"},"modified":"2025-01-23T19:08:52","modified_gmt":"2025-01-23T19:08:52","slug":"cajas-de-plastico-a-medida","status":"publish","type":"page","link":"https:\/\/toolless.com\/es\/custom-plastic-enclosures\/","title":{"rendered":"Cajas de pl\u00e1stico a medida"},"content":{"rendered":"<h1 class=\"wp-block-heading\">\u00bfQu\u00e9 es una carcasa a medida?<\/h1>\n\n\n\n<figure class=\"wp-block-image alignright size-full is-resized\"><img loading=\"lazy\" decoding=\"async\" width=\"421\" height=\"500\" src=\"https:\/\/toolless.com\/wp-content\/uploads\/2020\/04\/8745-HORIBA.jpg\" alt=\"\" class=\"wp-image-492\" style=\"width:283px;height:336px\" srcset=\"https:\/\/toolless.com\/wp-content\/uploads\/2020\/04\/8745-HORIBA.jpg 421w, https:\/\/toolless.com\/wp-content\/uploads\/2020\/04\/8745-HORIBA-253x300.jpg 253w\" sizes=\"auto, (max-width: 421px) 100vw, 421px\" \/><\/figure>\n\n\n\n<div class=\"wp-block-group\"><div class=\"wp-block-group__inner-container is-layout-flow wp-block-group-is-layout-flow\">\n<p>Una carcasa de pl\u00e1stico a medida es una estructura cerrada que puede fabricarse con diversos tipos de pl\u00e1stico, metal o, en realidad, cualquier material que pueda ensamblarse para crear la forma deseada. Las carcasas a medida se utilizan generalmente para dispositivos electr\u00f3nicos, como equipos de diagn\u00f3stico m\u00e9dico o lectores de tarjetas en cualquier tienda; incluso el ordenador port\u00e1til que usamos a diario es un ejemplo de carcasa a medida.<\/p>\n\n\n\n<p>En Toolless Plastic Solutions nos especializamos en el dise\u00f1o y la fabricaci\u00f3n de carcasas de pl\u00e1stico a medida. Ofrecemos carcasas de pl\u00e1stico a medida, tanto peque\u00f1as como grandes, sencillas o complejas, sin ning\u00fan problema. Con m\u00e1s de 20 a\u00f1os de experiencia en el sector, puede confiar en que le entregaremos las mejores carcasas de pl\u00e1stico, que cumplir\u00e1n o superar\u00e1n sus expectativas.<\/p>\n<\/div><\/div>\n\n\n\n<hr class=\"wp-block-separator has-css-opacity\"\/>\n\n\n<div class=\"gb-grid-wrapper gb-grid-wrapper-76216661\">\n<div class=\"gb-grid-column gb-grid-column-eaad500c\"><div class=\"gb-container gb-container-eaad500c\"><div class=\"gb-inside-container\">\n\n<figure class=\"wp-block-image size-large is-resized\"><img loading=\"lazy\" decoding=\"async\" width=\"561\" height=\"344\" src=\"https:\/\/toolless.com\/wp-content\/uploads\/2020\/04\/Custom-Enclosures.jpg\" alt=\"\" class=\"wp-image-493\" style=\"width:377px;height:231px\" srcset=\"https:\/\/toolless.com\/wp-content\/uploads\/2020\/04\/Custom-Enclosures.jpg 561w, https:\/\/toolless.com\/wp-content\/uploads\/2020\/04\/Custom-Enclosures-300x184.jpg 300w\" sizes=\"auto, (max-width: 561px) 100vw, 561px\" \/><\/figure>\n\n<\/div><\/div><\/div>\n\n<div class=\"gb-grid-column gb-grid-column-073264c7\"><div class=\"gb-container gb-container-073264c7\"><div class=\"gb-inside-container\">\n<div class=\"gb-button-wrapper gb-button-wrapper-e7dbc48f\">\n\n<a class=\"gb-button gb-button-c4dd473d gb-button-text button\" href=\"https:\/\/toolless.com\/es\/galeria-de-recintos\/\">Ver portafolio<\/a>\n\n<\/div>\n<\/div><\/div><\/div>\n<\/div>\n\n\n<h1 class=\"wp-block-heading\">Ventajas de las cajas de pl\u00e1stico a medida<\/h1>\n\n\n\n<p>Las cajas y carcasas de pl\u00e1stico a medida son dise\u00f1os creativos con un aspecto incre\u00edble y un acabado limpio y profesional. Se pueden fabricar seg\u00fan cualquier especificaci\u00f3n o tama\u00f1o y permiten&nbsp;<a href=\"https:\/\/toolless.com\/es\/printing.aspx\/\">impresi\u00f3n digital<\/a>,&nbsp;<a href=\"https:\/\/toolless.com\/es\/sp_multicolor-multicolor.aspx\/\">varios colores<\/a>, y una flexibilidad de dise\u00f1o que no se encuentra en un&nbsp;<a href=\"https:\/\/toolless.com\/es\/standard-plastic-enclosures.aspx\/\">caja de pl\u00e1stico est\u00e1ndar<\/a>&nbsp;dise\u00f1o. Nuestros ingenieros internos colaboran con usted para crear la carcasa que desea, independientemente de la complejidad del dise\u00f1o. Creamos prototipos de pr\u00e1cticamente cualquier tipo de carcasa y trabajamos con usted para determinar el ajuste y el acabado adecuados con la m\u00e1xima calidad.<\/p>\n\n\n\n<h1 class=\"wp-block-heading\">El proceso sin herramientas<\/h1>\n\n\n\n<p>El&nbsp;<a href=\"https:\/\/toolless.com\/es\/manufacturing-process.aspx\/\">Proceso de fabricaci\u00f3n sin herramientas<\/a>&nbsp;nos permite contar con un dise\u00f1o s\u00f3lido y de alta calidad y una ingenier\u00eda excepcional con&nbsp;<strong>SIN MOHOS<\/strong>&nbsp;y&nbsp;<strong>SIN UTILLAJE<\/strong>&nbsp;Se utiliza habitualmente en el moldeo por inyecci\u00f3n. Al prescindir de moldes y matrices, las modificaciones de las carcasas resultan m\u00e1s sencillas, r\u00e1pidas y econ\u00f3micas. Con Toolless ofrecemos carcasas de pl\u00e1stico que tienen el mismo aspecto y tacto que las moldeadas por inyecci\u00f3n, sin perder funcionalidad ni complejidad, y a un costo mucho menor.<\/p>\n\n\n<div class=\"gb-button-wrapper gb-button-wrapper-8f9a03ab\">\n\n<a class=\"gb-button gb-button-ced8893f gb-button-text button\" href=\"https:\/\/toolless.com\/es\/solicitud-de-presupuesto\/\">Solicitar una cotizaci\u00f3n<\/a>\n\n<\/div>\n\n<div class=\"gb-grid-wrapper gb-grid-wrapper-6a6bd81d\">\n<div class=\"gb-grid-column gb-grid-column-8a858e66\"><div class=\"gb-container gb-container-8a858e66\"><div class=\"gb-inside-container\">\n<div class=\"wp-block-image\">\n<figure class=\"aligncenter size-large\"><img loading=\"lazy\" decoding=\"async\" width=\"210\" height=\"140\" src=\"https:\/\/toolless.com\/wp-content\/uploads\/2020\/04\/Creative-Design-Process.jpg\" alt=\"\" class=\"wp-image-238\"\/><\/figure>\n<\/div>\n\n\n<h5 class=\"wp-block-heading has-text-align-center\"><a href=\"https:\/\/toolless.com\/es\/creative.aspx\/\">Dise\u00f1o creativo<\/a><\/h5>\n\n\n\n<p>En Toolless dise\u00f1amos y fabricamos prototipos de cajas de pl\u00e1stico a medida en un plazo de 3 a 21 d\u00edas h\u00e1biles que se adaptar\u00e1n perfectamente a tus componentes.<\/p>\n\n\n\n<p>Nuestro equipo de dise\u00f1o interno trabaja en estrecha colaboraci\u00f3n con usted para garantizar su satisfacci\u00f3n con el producto.<\/p>\n\n<\/div><\/div><\/div>\n\n<div class=\"gb-grid-column gb-grid-column-f71095d5\"><div class=\"gb-container gb-container-f71095d5\"><div class=\"gb-inside-container\">\n<div class=\"wp-block-image\">\n<figure class=\"aligncenter size-large\"><img loading=\"lazy\" decoding=\"async\" width=\"210\" height=\"140\" src=\"https:\/\/toolless.com\/wp-content\/uploads\/2020\/04\/Project-Engineering.jpg\" alt=\"\" class=\"wp-image-241\"\/><\/figure>\n<\/div>\n\n\n<h5 class=\"wp-block-heading has-text-align-center\"><a href=\"https:\/\/toolless.com\/es\/plastic-engineering-process.aspx\/\">Ingenier\u00eda con experiencia<\/a><\/h5>\n\n\n\n<p>Toolless Plastic Solutions cuenta con dise\u00f1adores e ingenieros mec\u00e1nicos con amplia experiencia, capaces de desarrollar nuevos dise\u00f1os de carcasas a medida o modificar los ya existentes.<\/p>\n\n\n\n<p>D\u00e9janos ayudarte a dise\u00f1ar el armario industrial perfecto para tu negocio.<\/p>\n\n<\/div><\/div><\/div>\n\n<div class=\"gb-grid-column gb-grid-column-0c44c684\"><div class=\"gb-container gb-container-0c44c684\"><div class=\"gb-inside-container\">\n<div class=\"wp-block-image\">\n<figure class=\"aligncenter size-large\"><img loading=\"lazy\" decoding=\"async\" width=\"210\" height=\"140\" src=\"https:\/\/toolless.com\/wp-content\/uploads\/2020\/04\/High-Quality.jpg\" alt=\"\" class=\"wp-image-494\"\/><\/figure>\n<\/div>\n\n\n<h5 class=\"wp-block-heading has-text-align-center\"><a href=\"https:\/\/toolless.com\/es\/high-quality.aspx\/\">Fabricaci\u00f3n de alta calidad<\/a><\/h5>\n\n\n\n<p>Los a\u00f1os de experiencia y conocimientos de Toolless dan como resultado una caja de pl\u00e1stico personalizada de alta calidad, capaz de competir en igualdad de condiciones con los productos de su mercado.<\/p>\n\n\n\n<p>Desde la pintura o la impresi\u00f3n digital hasta los materiales utilizados, nuestro acabado supera todas las expectativas.<\/p>\n\n<\/div><\/div><\/div>\n<\/div>","protected":false},"excerpt":{"rendered":"<p>What is a custom enclosure? A custom plastic enclosure is a boxed in object that can be made with various plastic, metal, or really any material that can be fastened together to make the desired shape. Custom enclosures are generally used for electronic devices such as medical diagnostic equipment, card readers at any store, even &#8230; <\/p>\n<p class=\"read-more-container\"><a title=\"Cajas de pl\u00e1stico a medida\" class=\"read-more button\" href=\"https:\/\/toolless.com\/es\/custom-plastic-enclosures\/#more-15\" aria-label=\"More on Custom Plastic Enclosures\">Leer m\u00e1s<\/a><\/p>","protected":false},"author":1,"featured_media":990,"parent":0,"menu_order":0,"comment_status":"closed","ping_status":"closed","template":"","meta":{"_acf_changed":false,"_seopress_robots_primary_cat":"","_seopress_titles_title":"Custom Plastic Enclosures | No Mold Technology by Toolless","_seopress_titles_desc":"Custom Plastic Enclosure using no molds technology - tailored to the demands of the customer for flexibility and quick turn around. Our no molds technology is unique and easy for building custom plastic enclosures!","_seopress_robots_index":"","pgc_sgb_lightbox_settings":"","iawp_total_views":0,"footnotes":""},"page_categories":[],"class_list":{"0":"post-15","1":"page","2":"type-page","3":"status-publish","4":"has-post-thumbnail","6":"infinite-scroll-item"},"acf":[],"_links":{"self":[{"href":"https:\/\/toolless.com\/es\/wp-json\/wp\/v2\/pages\/15","targetHints":{"allow":["GET"]}}],"collection":[{"href":"https:\/\/toolless.com\/es\/wp-json\/wp\/v2\/pages"}],"about":[{"href":"https:\/\/toolless.com\/es\/wp-json\/wp\/v2\/types\/page"}],"author":[{"embeddable":true,"href":"https:\/\/toolless.com\/es\/wp-json\/wp\/v2\/users\/1"}],"replies":[{"embeddable":true,"href":"https:\/\/toolless.com\/es\/wp-json\/wp\/v2\/comments?post=15"}],"version-history":[{"count":10,"href":"https:\/\/toolless.com\/es\/wp-json\/wp\/v2\/pages\/15\/revisions"}],"predecessor-version":[{"id":2988,"href":"https:\/\/toolless.com\/es\/wp-json\/wp\/v2\/pages\/15\/revisions\/2988"}],"wp:featuredmedia":[{"embeddable":true,"href":"https:\/\/toolless.com\/es\/wp-json\/wp\/v2\/media\/990"}],"wp:attachment":[{"href":"https:\/\/toolless.com\/es\/wp-json\/wp\/v2\/media?parent=15"}],"wp:term":[{"taxonomy":"page_categories","embeddable":true,"href":"https:\/\/toolless.com\/es\/wp-json\/wp\/v2\/page_categories?post=15"}],"curies":[{"name":"wp","href":"https:\/\/api.w.org\/{rel}","templated":true}]}}