{"id":1469,"date":"2021-05-29T02:05:12","date_gmt":"2021-05-29T02:05:12","guid":{"rendered":"http:\/\/toolless.venbit.net\/?page_id=1469"},"modified":"2025-01-23T17:54:20","modified_gmt":"2025-01-23T17:54:20","slug":"caja-de-diseno-personalizado","status":"publish","type":"page","link":"https:\/\/toolless.com\/es\/custom-design-enclosure\/","title":{"rendered":"Proceso de fabricaci\u00f3n de cajas a medida sin necesidad de herramientas"},"content":{"rendered":"<h2 class=\"gb-headline gb-headline-874a777e gb-headline-text\">Servicios de dise\u00f1o para su proyecto de caja de dise\u00f1o personalizado<\/h2>\n\n\n\n<p>Con Toolless Plastic Solutions, conseguir su caja de dise\u00f1o personalizado es un proceso sencillo y sin complicaciones. Su proyecto est\u00e1 en buenas manos gracias a los m\u00e1s de 25 a\u00f1os de experiencia de nuestro equipo. Podemos dividir el proceso en cinco pasos principales: proyecto, cotizaci\u00f3n, pedido, producci\u00f3n y entrega. Siga el recorrido de nuestra maquinaria a medida que avanza \u2014trabajando en conjunto\u2014 para ofrecerle una caja de dise\u00f1o personalizado. <\/p>\n\n\n<div class=\"wp-block-image\">\n<figure class=\"aligncenter size-large\"><img loading=\"lazy\" decoding=\"async\" width=\"777\" height=\"1024\" src=\"https:\/\/toolless.com\/wp-content\/uploads\/2021\/05\/Mountain-Sales-Process-1-777x1024.jpg\" alt=\"\" class=\"wp-image-1521\" srcset=\"https:\/\/toolless.com\/wp-content\/uploads\/2021\/05\/Mountain-Sales-Process-1-777x1024.jpg 777w, https:\/\/toolless.com\/wp-content\/uploads\/2021\/05\/Mountain-Sales-Process-1-228x300.jpg 228w, https:\/\/toolless.com\/wp-content\/uploads\/2021\/05\/Mountain-Sales-Process-1-768x1012.jpg 768w, https:\/\/toolless.com\/wp-content\/uploads\/2021\/05\/Mountain-Sales-Process-1-scaled.jpg 1943w\" sizes=\"auto, (max-width: 777px) 100vw, 777px\" \/><\/figure>\n<\/div>\n\n\n<div class=\"wp-block-columns is-layout-flex wp-container-core-columns-is-layout-9d6595d7 wp-block-columns-is-layout-flex\">\n<div class=\"wp-block-column is-layout-flow wp-block-column-is-layout-flow\"><div class=\"wp-block-image\">\n<figure class=\"alignleft size-large\"><img loading=\"lazy\" decoding=\"async\" width=\"76\" height=\"76\" src=\"https:\/\/toolless.com\/wp-content\/uploads\/2021\/05\/image-7.png\" alt=\"\" class=\"wp-image-1483\"\/><\/figure>\n<\/div>\n\n\n<h3 class=\"gb-headline gb-headline-2e09001f gb-headline-text\"><strong>1<\/strong>. <strong>TIENES UN PROYECTO:<\/strong><\/h3>\n\n\n\n<p>En lo que respecta a las placas de circuitos electr\u00f3nicos, nuestros clientes tienen muchos proyectos para los que podr\u00edan necesitar una carcasa. Las aplicaciones en las que trabajamos son numerosas. Sin embargo, la mayor\u00eda de las veces nos ocupamos de proyectos preliminares. Es posible que nuestros clientes tengan una idea aproximada de lo que necesitan. Sin duda, saben bien qu\u00e9 va dentro de la carcasa, pero no tienen ni idea de c\u00f3mo fabricar una caja de pl\u00e1stico a su alrededor. Gracias a nuestra r\u00e1pida <a href=\"https:\/\/toolless.com\/es\/solicitud-de-presupuesto\/\" target=\"_blank\" rel=\"noreferrer noopener\">Formularios de solicitud de cotizaci\u00f3n<\/a>, no es necesario entrar en demasiados detalles sobre las dimensiones, el n\u00famero de orificios, los separadores o la impresi\u00f3n. Sin embargo, si dispone de planos detallados, puede utilizar el mismo formulario de solicitud de cotizaci\u00f3n para obtener m\u00e1s opciones de dise\u00f1o y recibir ayuda durante el proceso de cotizaci\u00f3n que se describe a continuaci\u00f3n.<\/p>\n\n\n\n<p>Recibimos muchas solicitudes de inventores que necesitan una carcasa para Raspberry Pi, simplemente para alojar la Pi y mostrar su marca en ella. Tambi\u00e9n recibimos solicitudes de placas individuales, placas m\u00faltiples, paneles de pantalla LCD y mucho m\u00e1s. Nuestras capacidades se extienden incluso a la posibilidad de redise\u00f1ar carcasas ya existentes. Esto permite ofrecer nuevos tama\u00f1os a los clientes que han utilizado carcasas est\u00e1ndar durante mucho tiempo. Es posible que hayan pensado que la \u00fanica forma de fabricar una caja era comprar una carcasa est\u00e1ndar o recurrir al moldeo por inyecci\u00f3n. Con Toolless, cuentan con una soluci\u00f3n eficaz que no requiere un molde y les proporciona el dise\u00f1o personalizado que buscan.&nbsp;<\/p>\n<\/div>\n<\/div>\n\n\n<div class=\"wp-block-image\">\n<figure class=\"alignleft\"><img loading=\"lazy\" decoding=\"async\" width=\"67\" height=\"67\" src=\"https:\/\/toolless.com\/wp-content\/uploads\/2021\/05\/image-4.png\" alt=\"\" class=\"wp-image-1474\"\/><\/figure>\n<\/div>\n\n\n<h3 class=\"gb-headline gb-headline-38f8ae0c gb-headline-text\"><strong>2.<\/strong> <strong>PROCESO DE PRESUPUESTOS:<\/strong><\/h3>\n\n\n\n<p>El proceso avanza en funci\u00f3n de lo que el cliente pueda aportar. A veces, nuestros clientes solo tienen una placa de circuito para la que necesitan una carcasa. Hemos tenido clientes que han acudido a nosotros en distintas etapas de su proceso de reflexi\u00f3n, desde un simple boceto en una servilleta hasta un plano acotado muy sofisticado.<\/p>\n\n\n\n<p>Lo que todos nuestros clientes tienen en com\u00fan es que buscan una carcasa con dise\u00f1o personalizado. Es posible que no est\u00e9n familiarizados con nuestro proceso y, a menudo, quieren saber cu\u00e1nto cuesta. Los precios pueden variar seg\u00fan las cantidades, la complejidad del dise\u00f1o personalizado y la marca. Pero Toolless ofrece una soluci\u00f3n rentable para su carcasa de dise\u00f1o personalizado, sin cantidad m\u00ednima de pedido. De hecho, podemos fabricar simplemente un prototipo, lo que podr\u00eda ayudarle a probar su mercado y anticipar cualquier necesidad futura. Tambi\u00e9n puede solicitar cantidades tan bajas como 5 o 10 unidades. Tenga en cuenta que la inversi\u00f3n inicial es baja: no hay cantidad m\u00ednima de pedido ni costo de herramientas.<\/p>\n\n\n<div class=\"wp-block-image\">\n<figure class=\"alignleft size-large is-resized\"><img loading=\"lazy\" decoding=\"async\" width=\"79\" height=\"79\" src=\"https:\/\/toolless.com\/wp-content\/uploads\/2021\/05\/image-5.png\" alt=\"Caja de dise\u00f1o personalizado\" class=\"wp-image-1475\" style=\"width:79px;height:79px\"\/><\/figure>\n<\/div>\n\n\n<h3 class=\"gb-headline gb-headline-145e548d gb-headline-text\"><strong><br>3. EL CLIENTE REALIZA EL PEDIDO:<\/strong><\/h3>\n\n\n\n<p>Una vez recibida la cotizaci\u00f3n, el cliente puede decidir realizar un pedido. Intentamos que este proceso sea sencillo para nuestros clientes. De hecho, trabajamos con muchos tipos de clientes diferentes: responsables de compras, equipos de cadena de suministro, empresarios o incluso personas que desarrollan su propio proyecto en su garaje. Basta con una tarjeta de cr\u00e9dito para dar el paso y fabricar un prototipo, y podemos evaluar las condiciones para la producci\u00f3n.<\/p>\n\n\n\n<p>Una vez realizada la orden de compra, la introducimos en nuestros sistemas ERP, verificamos minuciosamente las cantidades y los precios, y la remitimos a nuestros dise\u00f1adores para lo que denominamos \u201creimpresi\u00f3n\u201d. Todas estas operaciones se controlan de acuerdo con nuestro sistema de gesti\u00f3n de calidad.<\/p>\n\n\n\n<p>La fase de prototipo requiere un proceso de intercambio de ideas entre nuestros clientes y nuestros dise\u00f1adores. Este es nuestro procedimiento para enviar un conjunto completo de modelos 3D a nuestros clientes para su aprobaci\u00f3n. Es posible que pasen unos d\u00edas antes de que reciba el modelo 3D, pero tenga la seguridad de que nuestros dise\u00f1adores est\u00e1n trabajando en ello.<\/p>\n\n\n\n<p>Con el lanzamiento de una tirada de producci\u00f3n se presentan dos posibles situaciones.<\/p>\n\n\n\n<ul class=\"wp-block-list\">\n<li>Aprobaci\u00f3n con modificaciones: En ese caso, los dise\u00f1adores deben dar su visto bueno a la modificaci\u00f3n antes de enviar la hoja de trabajo al taller.<\/li>\n\n\n\n<li>Publicar sin modificaciones: El albar\u00e1n de tienda simplemente se vuelve a imprimir al aplicar el pedido de venta correspondiente.<\/li>\n<\/ul>\n\n\n<div class=\"wp-block-image\">\n<figure class=\"alignleft size-large\"><img loading=\"lazy\" decoding=\"async\" width=\"82\" height=\"82\" src=\"https:\/\/toolless.com\/wp-content\/uploads\/2021\/05\/image-6.png\" alt=\"Caja de dise\u00f1o personalizado\" class=\"wp-image-1478\"\/><\/figure>\n<\/div>\n\n\n<h3 class=\"gb-headline gb-headline-fc40f8a9 gb-headline-text\"><strong>4.<\/strong> <strong>FABRICACI\u00d3N DE UN PROTOTIPO O DE VARIAS UNIDADES:<\/strong><\/h3>\n\n\n\n<p>Seg\u00fan esto <a href=\"https:\/\/toolless.com\/es\/proceso-de-fabricacion-de-carcasas-de-plastico\/\" target=\"_blank\" rel=\"noreferrer noopener\">p\u00e1gina<\/a>, Contamos con un proceso de 10 pasos para procesar su pedido. Este proceso incluye el fresado (m\u00e1quina CNC), el corte (mesa de sierra), el biselado (biselado y redondeado), el doblado, la impresi\u00f3n (impresora digital), el ensamblaje y el env\u00edo.<\/p>\n\n\n\n<h4 class=\"gb-headline gb-headline-ee426ab5 gb-headline-text\">M\u00e1quinas CNC<\/h4>\n\n\n\n<p>Contamos con 7 m\u00e1quinas CNC que utilizamos para fresar el pl\u00e1stico y darle su forma inicial. El fresado tambi\u00e9n permite realizar orificios, rebajes, ranuras, ranuras de ventilaci\u00f3n y otros elementos propios del fresado CNC. Este es el proceso m\u00e1s importante y, en ocasiones, el que m\u00e1s tiempo lleva.<\/p>\n\n\n\n<h4 class=\"gb-headline gb-headline-5f95c1a9 gb-headline-text\">Mesas de sierra<\/h4>\n\n\n\n<p>Contamos con tres mesas de sierra. El proceso de la sierra es \u00fanico y no requiere herramientas. Nos dimos cuenta de que pod\u00edamos acelerar la producci\u00f3n utilizando hojas de sierra en lugar de fresas en el CNC. Por lo general, pasamos de 10 mm\/s a 33 mm\/s, lo que reduce dr\u00e1sticamente nuestro tiempo de producci\u00f3n. Al igual que en el CNC, las hojas de sierra vienen en diferentes formas y grosores, lo que permite m\u00faltiples funciones. <\/p>\n\n\n\n<h4 class=\"gb-headline gb-headline-82712f8f gb-headline-text\">M\u00e1quinas de tallado<\/h4>\n\n\n\n<p>Nuestras dos m\u00e1quinas de biselado utilizan una combinaci\u00f3n de fresado y corte con CNC. Adem\u00e1s, se trata de un proceso bastante singular que permite acelerar algunos redondeos y biselados que, de otro modo, llevar\u00edan bastante tiempo en el CNC y nos obligar\u00edan a dar la vuelta a la pieza. La calidad tambi\u00e9n es mejor en las m\u00e1quinas de biselado y hay menos desviaciones que en el CNC.<\/p>\n\n\n\n<h4 class=\"gb-headline gb-headline-d3faf727 gb-headline-text\">Flexi\u00f3n<\/h4>\n\n\n\n<p>Durante mucho tiempo, hemos utilizado una vieja dobladora que nos lleg\u00f3 de Francia. Sin embargo, recientemente hemos cambiado a m\u00e1quinas mucho m\u00e1s potentes y tenemos la intenci\u00f3n de comprar un par m\u00e1s para sustituir a la otra. Actualmente contamos con cuatro m\u00e1quinas dobladoras.<\/p>\n\n\n\n<h4 class=\"gb-headline gb-headline-19b93597 gb-headline-text\">Impresi\u00f3n<\/h4>\n\n\n\n<p>Utilizamos una impresora UV europea que fija la tinta sobre el pl\u00e1stico. Es r\u00e1pida, eficiente y f\u00e1cil de usar. Su amplia superficie de impresi\u00f3n permite imprimir varias piezas a la vez.<\/p>\n\n\n\n<h4 class=\"gb-headline gb-headline-94ff8f26 gb-headline-text\">Montaje<\/h4>\n\n\n\n<p>A veces denominado <em>collage<\/em>, que hace referencia al proceso franc\u00e9s de uni\u00f3n de los pl\u00e1sticos. El ensamblaje es nuestro proceso principal, el cual debe supervisarse y seguir procedimientos estrictos para obtener un producto de calidad. Aqu\u00ed es donde se arma el rompecabezas. Todas las piezas se almacenan en un \u00e1rea espec\u00edfica y aqu\u00ed es donde armamos el rompecabezas. Comenzamos con una unidad de prueba que debe ser aprobada por nuestro equipo de dise\u00f1o. Tenemos la capacidad de fabricar una amplia gama de gabinetes, desde 5 hasta miles de unidades.<\/p>\n\n\n\n<h4 class=\"gb-headline gb-headline-a70d7ef8 gb-headline-text\">Env\u00edo \/ Inspecci\u00f3n<\/h4>\n\n\n\n<p>De acuerdo con nuestro sistema de gesti\u00f3n de calidad, esta \u00e1rea es una de las m\u00e1s importantes de todas. Adem\u00e1s, siguiendo procedimientos espec\u00edficos de empaque e inspecci\u00f3n, podemos enviar hasta 1000 unidades al d\u00eda.<\/p>\n\n\n<div class=\"wp-block-image\">\n<figure class=\"alignleft size-large\"><img loading=\"lazy\" decoding=\"async\" width=\"96\" height=\"96\" src=\"https:\/\/toolless.com\/wp-content\/uploads\/2020\/12\/image-2.png\" alt=\"Caja de dise\u00f1o personalizado\" class=\"wp-image-1317\"\/><\/figure>\n<\/div>\n\n\n<h3 class=\"gb-headline gb-headline-fd9df563 gb-headline-text\"><strong>5. PLAZO DE ENTREGA\/PIEZAS EN EL MUELLE<\/strong><\/h3>\n\n\n\n<p>A continuaci\u00f3n se ofrece una gu\u00eda general sobre la hora estimada de llegada (ETA):<\/p>\n\n\n\n<ul class=\"wp-block-list\">\n<li>Prototipo: Entre 5 d\u00edas y 3 semanas, dependiendo de la complejidad y la disponibilidad de los dise\u00f1adores<\/li>\n\n\n\n<li>Plazo de producci\u00f3n: entre 3 y 6 semanas, dependiendo de la capacidad de carga en el momento del pedido.<\/li>\n<\/ul>\n\n\n\n<p>Esto es solo una orientaci\u00f3n. En realidad, podemos fabricar un prototipo en menos de 5 d\u00edas, sobre todo si hay una feria comercial en juego. Es muy f\u00e1cil trabajar con Toolless. Nuestros plazos de entrega se ajustan a los suyos, y nos esforzamos por ser flexibles y llegar a un acuerdo para cumplir con su fecha l\u00edmite.<\/p>\n\n\n\n<h2 class=\"gb-headline gb-headline-cddad9d5 gb-headline-text\">SIN HERRAMIENTAS, SIEMPRE UN PASO POR DELANTE.<br><\/h2>\n\n\n\n<p class=\"has-text-align-center\" style=\"font-size:11px\">S\u00edguenos en <a href=\"https:\/\/twitter.com\/toollesss\">Twitter<\/a><\/p>","protected":false},"excerpt":{"rendered":"<p>Design Services for your Custom Design Enclosure Project With Toolless Plastic Solutions, getting your custom design enclosure is smooth and effortless. Your project is in good hands with over 25 years of experience from our team. We can divide the process into 5 main steps: Project, Quoting, Ordering, Production, and Arrival. Follow the cogs of &#8230; <\/p>\n<p class=\"read-more-container\"><a title=\"Proceso de fabricaci\u00f3n de cajas a medida sin necesidad de herramientas\" class=\"read-more button\" href=\"https:\/\/toolless.com\/es\/custom-design-enclosure\/#more-1469\" aria-label=\"More on Toolless Custom Design Enclosure Process\">Leer m\u00e1s<\/a><\/p>","protected":false},"author":4,"featured_media":0,"parent":0,"menu_order":0,"comment_status":"closed","ping_status":"closed","template":"","meta":{"_acf_changed":false,"_seopress_robots_primary_cat":"","_seopress_titles_title":"Custom Design Enclosure Process at Toolless Plastic Solutions","_seopress_titles_desc":"Toolless Plastic Solutions is able to provide you with a custom design enclosure to meet your needs. Contact us today! 425-493-1123","_seopress_robots_index":"","pgc_sgb_lightbox_settings":"","iawp_total_views":0,"footnotes":""},"page_categories":[],"class_list":{"0":"post-1469","1":"page","2":"type-page","3":"status-publish","5":"infinite-scroll-item"},"acf":[],"_links":{"self":[{"href":"https:\/\/toolless.com\/es\/wp-json\/wp\/v2\/pages\/1469","targetHints":{"allow":["GET"]}}],"collection":[{"href":"https:\/\/toolless.com\/es\/wp-json\/wp\/v2\/pages"}],"about":[{"href":"https:\/\/toolless.com\/es\/wp-json\/wp\/v2\/types\/page"}],"author":[{"embeddable":true,"href":"https:\/\/toolless.com\/es\/wp-json\/wp\/v2\/users\/4"}],"replies":[{"embeddable":true,"href":"https:\/\/toolless.com\/es\/wp-json\/wp\/v2\/comments?post=1469"}],"version-history":[{"count":24,"href":"https:\/\/toolless.com\/es\/wp-json\/wp\/v2\/pages\/1469\/revisions"}],"predecessor-version":[{"id":2956,"href":"https:\/\/toolless.com\/es\/wp-json\/wp\/v2\/pages\/1469\/revisions\/2956"}],"wp:attachment":[{"href":"https:\/\/toolless.com\/es\/wp-json\/wp\/v2\/media?parent=1469"}],"wp:term":[{"taxonomy":"page_categories","embeddable":true,"href":"https:\/\/toolless.com\/es\/wp-json\/wp\/v2\/page_categories?post=1469"}],"curies":[{"name":"wp","href":"https:\/\/api.w.org\/{rel}","templated":true}]}}