{"id":1417,"date":"2021-05-04T21:14:08","date_gmt":"2021-05-04T21:14:08","guid":{"rendered":"http:\/\/toolless.venbit.net\/?page_id=1417"},"modified":"2025-01-23T22:01:38","modified_gmt":"2025-01-23T22:01:38","slug":"plastico-sin-herramientas-certificado-iso-9011","status":"publish","type":"page","link":"https:\/\/toolless.com\/es\/toolless-plastic-iso-9011-certified\/","title":{"rendered":"Soluciones Pl\u00e1sticas sin Herramientas: Certificado ISO 9001:2015"},"content":{"rendered":"<figure class=\"wp-block-image is-resized\"><img decoding=\"async\" src=\"https:\/\/lh5.googleusercontent.com\/CSH7syICiIMroUINw-ikBgc7ixoC-RKkwnJogsJ9yHs4pY1Zv12N7zGlsYfmaI5ohxAhvzSY90LHGPn-DYBt1SQtYEIIcbybh4QB5u--NjjJHCqiAOtTAiSJYUWmqzWt7nQ8x9U\" alt=\"Pl\u00e1stico sin herramientas\" style=\"width:400px\"\/><\/figure>\n\n\n\n<figure class=\"wp-block-image is-resized\"><img decoding=\"async\" src=\"https:\/\/lh3.googleusercontent.com\/Kq-Pil_wkhn37BIxFTXaqav0sQfyFiFqq99cRlPRhhl0uHMXJhusenL49w-MLrDtsy-5RghV-1BjvG6SiWAZldACHQQabNlLTk8AzZTmeKhS4lsSf-UbhGrpdMUZlWCOjzwr204\" alt=\"Certificaci\u00f3n ISO \" style=\"width:400px\"\/><\/figure>\n\n\n\n<p><strong>TOOLLESS PLASTIC SOLUTIONS, INC. recibe acreditaci\u00f3n por fabricaci\u00f3n de carcasas de pl\u00e1stico a medida<\/strong><\/p>\n\n\n\n<p><em>PRI Registra reconoce <\/em><strong>SOLUCIONES PL\u00c1STICAS SIN HERRAMIENTAS, INC <\/strong><em>por su compromiso con la mejora continua en su sistema de gesti\u00f3n, su compromiso continuo con la calidad satisfaciendo los requisitos del cliente y las especificaciones de la industria.<\/em><\/p>\n\n\n\n<p>\u201cToolless Plastic Solutions ha demostrado su compromiso con la gesti\u00f3n de calidad de clase mundial mediante la implementaci\u00f3n y certificaci\u00f3n bajo la norma ISO 9001:2015. Se han unido a un n\u00famero selecto de organizaciones en todo el mundo que han logrado la certificaci\u00f3n bajo este est\u00e1ndar de calidad reconocido a nivel mundial\u201d, dijo Randy Daugharthy, Director del Programa de Registro del Registrador del Instituto de Revisi\u00f3n de Desempe\u00f1o (PRI Registrar). \u201cPRI Registrar se enorgullece de asociarse con Toolless Plastic Solutions, Inc. en este logro y espera el continuo apoyo a su objetivo de excelencia en calidad\u201d.\u201d<\/p>\n\n\n\n<h4 class=\"wp-block-heading\"><strong>Una palabra del Presidente \u2013 Brice Benard:<\/strong><\/h4>\n\n\n\n<p><em>\u201cEl largo viaje hacia la certificaci\u00f3n ISO 9001 finalmente ha terminado. Cuando empezamos a implementar procedimientos hace m\u00e1s de 10 a\u00f1os, no se me cruz\u00f3 por la mente que est\u00e1bamos en el camino hacia la certificaci\u00f3n ISO. Esto ni siquiera exist\u00eda. Pens\u00e9 que estaba fuera de nuestro alcance. Sin embargo, a medida que nos familiariz\u00e1bamos m\u00e1s con nuestro proceso, comenzamos a educarnos sobre los est\u00e1ndares ISO. Despu\u00e9s de leer algunos libros, conclu\u00ed que necesitaba ayuda para lograr este objetivo. Hace dos a\u00f1os, Scott se convirti\u00f3 en el nuevo l\u00edder de nuestra misi\u00f3n ISO. Le di un plazo de 2 a 3 a\u00f1os para llevarnos hasta all\u00ed. Scott era la persona perfecta para esta \u201cmisi\u00f3n\u201d. Su experiencia en la Fuerza A\u00e9rea le dio la confianza y el conocimiento para convertir las palabras en hechos y acciones.&nbsp;<\/em><\/p>\n\n\n\n<p><em>Fue un gran placer anunciarles a todos mis empleados, que trabajaron tanto en este proyecto, la noticia. Como due\u00f1a de un peque\u00f1o negocio, estoy muy orgullosa de mi equipo y reconozco todos los sacrificios que hicieron para obtener esta certificaci\u00f3n. Creo que el trabajo duro siempre da sus frutos. Fue incre\u00edble ver c\u00f3mo nuestros empleados ten\u00edan diferentes visiones, pero siempre las abordaban de manera muy positiva y siempre est\u00e1bamos abiertos al di\u00e1logo. Por supuesto, cualquier sugerencia o mejora estaba sujeta a cambios seg\u00fan el cumplimiento de la ISO, pero el equipo estaba decidido a hacerlo bien y a seguir sus procedimientos. Todav\u00eda tenemos mucho trabajo por delante, pero en estos tiempos dif\u00edciles, \u00a1las buenas noticias siempre son bienvenidas!<\/em><\/p>\n\n\n\n<p>\u201dTOOLLESS SIEMPRE UN PASO ADELANTE\"<\/p>\n\n\n\n<p>Unas palabras del equipo:<\/p>\n\n\n\n<h4 class=\"wp-block-heading\"><strong>Scott \u2013 Coordinador de Calidad<\/strong><\/h4>\n\n\n\n<p>&nbsp;&nbsp;&nbsp;&nbsp;&nbsp;&nbsp;&nbsp;&nbsp;&nbsp;&nbsp;&nbsp;&nbsp;&nbsp;&nbsp;&nbsp; <em>\u201cCasi desde mi llegada a Toolless hace casi 10 a\u00f1os, el jefe mencionaba ocasionalmente que quer\u00eda obtener la certificaci\u00f3n ISO. Luego, hace 2 a\u00f1os, lo convirti\u00f3 en un objetivo real. As\u00ed que empezamos a investigar en l\u00ednea, le\u00edmos algunos libros y comenzamos nuestro camino. No empezamos desde cero. El jefe hab\u00eda trabajado en una empresa en Francia que hace lo mismo que Toolless y tienen una certificaci\u00f3n ISO, lo que significaba que ya ten\u00edamos muchos de los procesos y procedimientos que necesit\u00e1bamos. Hac\u00edamos muchas de las cosas que ISO requer\u00eda y ya est\u00e1bamos fabricando un producto bueno y de calidad.<\/em><\/p>\n\n\n\n<p><em>&nbsp;&nbsp;&nbsp;&nbsp;&nbsp;&nbsp;&nbsp;&nbsp;&nbsp;&nbsp;&nbsp;&nbsp;&nbsp;&nbsp;&nbsp; Trabajar en nuestro SGC nos ense\u00f1\u00f3 muchas cosas que nunca hab\u00edamos pretendido aprender. Un buen ejemplo son las 5 S (Clasificar, Ordenar, Limpiar, Estandarizar, Mantener). Limpiamos el taller de arriba abajo. Si no necesit\u00e1bamos algo, nos deshicimos de ello. Si necesit\u00e1bamos algo, lo conservamos y lo organizamos. Observamos el flujo, la disposici\u00f3n de las funciones, la claridad de las instrucciones de trabajo, la documentaci\u00f3n de las deficiencias y la determinaci\u00f3n de c\u00f3mo medir los \u00e9xitos.&nbsp;<\/em>&nbsp;<\/p>\n\n\n\n<p><em>&nbsp;&nbsp;&nbsp;&nbsp;&nbsp;&nbsp;&nbsp;&nbsp;&nbsp;&nbsp;&nbsp;&nbsp;&nbsp;&nbsp;&nbsp; Mirando hacia atr\u00e1s, nuestros dos mayores obst\u00e1culos fueron la documentaci\u00f3n y comprender exactamente lo que buscaba la norma ISO 9001.&nbsp;&nbsp;<\/em><\/p>\n\n\n\n<p>&nbsp;&nbsp;&nbsp;&nbsp;&nbsp;&nbsp;&nbsp;&nbsp;&nbsp;&nbsp;&nbsp;&nbsp;&nbsp;&nbsp;&nbsp; <em>Nos pusimos en contacto con una empresa para que nos ayudara a entender la norma ISO y d\u00f3nde necesit\u00e1bamos mejorar nuestra documentaci\u00f3n para cumplir con la misma. Las personas que vinieron a ayudarnos fueron extremadamente \u00fatiles y, despu\u00e9s de la primera visita, tuvimos una comprensi\u00f3n mucho mejor de lo que necesit\u00e1bamos hacer para cumplir con la norma ISO. Pasamos los siguientes 6 meses mejorando nuestra documentaci\u00f3n, estableciendo pol\u00edticas y codificando procedimientos.&nbsp;&nbsp;<\/em><\/p>\n\n\n\n<p><em>&nbsp;&nbsp;&nbsp;&nbsp;&nbsp;&nbsp;&nbsp;&nbsp;&nbsp;&nbsp;&nbsp;&nbsp;&nbsp;&nbsp;&nbsp; Tuvimos nuestra primera auditor\u00eda interna y lo hicimos muy bien, aunque hubo algunas cosas que necesit\u00e1bamos ajustar. Luego vino una preauditor\u00eda y una etapa 1, ambas realizadas de forma virtual. Fueron bien, pero me hicieron darme cuenta de un problema con la norma ISO 9001: cada persona tiene una forma ligeramente diferente de interpretar c\u00f3mo debe implementarse la norma. Nuestra auditor\u00eda final para la certificaci\u00f3n fue bien, pero todav\u00eda hab\u00eda un par de hallazgos que abordar. Nuevamente, creo que debido a la diferente visi\u00f3n de la norma por parte de un auditor diferente. Sin embargo, por frustrante que fuera el proceso, debo se\u00f1alar que todos los que nos ayudaron en la preparaci\u00f3n y las auditor\u00edas fueron muy profesionales y conoc\u00edan la norma. Creo que todos tuvieron la intenci\u00f3n de ayudar a Toolless a mejorar y lograr la certificaci\u00f3n ISO.\u201c<\/em><\/p>\n\n\n\n<h4 class=\"wp-block-heading\"><strong>Lena \u2013 Gerente de Operaciones<\/strong><\/h4>\n\n\n\n<p><em>\u201cPrepararme para obtener la certificaci\u00f3n ISO se sinti\u00f3 como m\u00e1s de 5 a\u00f1os y pas\u00f3 muy r\u00e1pido. Mi desaf\u00edo fue lograr que la \u201cgente\u201d se sumara y participara del cambio. Y eso tambi\u00e9n ha cambiado mi jornada laboral. Hay m\u00e1s que revisar para asegurarme de que se est\u00e9n siguiendo las instrucciones de trabajo y cumpliendo con las 5S. Pero eso es blanco y negro y, al final, lo hace m\u00e1s f\u00e1cil.&nbsp;<\/em><\/p>\n\n\n\n<p><em>Muy agradecido con Brice y Scott, quienes se hicieron cargo y nos guiaron. Fue un momento de orgullo cuando recibimos el certificado. \u00a1Lo logramos! Se ve muy bien en el comprobante de empaque\/factura. <\/em><em>\ud83d\ude0a<\/em><\/p>\n\n\n\n<p><em>Gracias a todos por su arduo trabajo y compromiso para mantenerlo en marcha, todos los d\u00edas.\u201d<\/em><\/p>\n\n\n\n<h4 class=\"wp-block-heading\"><strong>Sonya \u2013 Jefa de Dise\u00f1o<\/strong><\/h4>\n\n\n\n<p><em>\u201cLa ISO y la construcci\u00f3n del SGC establecieron una directiva sobre c\u00f3mo dise\u00f1amos, revisamos y administramos nuestra informaci\u00f3n. Al principio, ten\u00edamos cierta estructura, pero era f\u00e1cil tomar atajos y, como resultado, nos costaba tiempo, dinero y verg\u00fcenza. Antes de comenzar el proceso ISO \/ SGC, la documentaci\u00f3n era vaga o incompleta, los planos y modelos 3D no estaban actualizados, etc. <\/em><\/p>\n\n\n\n<p><em>Hemos recorrido un largo camino y es bueno ver que todos estamos trabajando juntos hacia la trazabilidad de nuestros archivos y datos en un formato que todos podamos seguir. Siempre he promovido la actualizaci\u00f3n de los modelos 3D y me alegra ver que ahora es un requisito. Hablando con Scott, pude implementar mis ideas sobre c\u00f3mo mejorar la forma en que hacemos nuestro trabajo en el departamento de dise\u00f1o. Creo que el QMS nos ayudar\u00e1 a cometer menos errores y a mejorar en general.\u201d<\/em><\/p>\n\n\n\n<h4 class=\"gb-headline gb-headline-429a8293 gb-headline-text\"><strong>Dan \u2013 Coordinador de Ventas<\/strong><\/h4>\n\n\n\n<p><em>\u201cISO ha sido un largo viaje que comenz\u00f3 con Stephanie Benard<\/em>, <em>todo ese tiempo para organizarse lo suficiente para comenzar el proceso. Hubo desaf\u00edos en el camino para encontrar el camino a trav\u00e9s del bosque de caminos y posibilidades. <\/em><\/p>\n\n\n\n<p><em>Decidir la redacci\u00f3n para nuestros formularios, dando sentido al proceso y simplificando los formularios de manera eficiente, lo cual es un proceso continuo. Scott fue fundamental en esto, creo que fue la persona adecuada para el trabajo. Ha cambiado la forma en que hacemos las cosas al agregar controles y contrapesos en el camino. Nos ayuda a seguir mejorando y a detectar cosas aqu\u00ed, reduciendo las devoluciones de mercanc\u00eda autorizada (RMA) as\u00ed como el flujo de trabajo en el taller. <\/em><\/p>\n\n\n\n<p><em>Las principales maneras en que ha cambiado para m\u00ed son formularios m\u00e1s sencillos de completar y un formato m\u00e1s estandarizado para hacer el trabajo. La mejora continua y la resoluci\u00f3n de problemas tambi\u00e9n mejoraron significativamente.\u201d<\/em><\/p>\n\n\n\n<h4 class=\"wp-block-heading\"><strong>Twyla - Administradora de Oficina<\/strong><\/h4>\n\n\n\n<p><em>\u201cComenc\u00e9 a trabajar en Toolless Plastic una vez que la rueda ya estaba en marcha, con la mayor\u00eda de los formularios, procedimientos, procesos y est\u00e1ndares de calidad ya implementados. Sin embargo, pude ayudar a ajustar, asistir, agregar y expandir lo que estaba en marcha para el resultado final. Encontr\u00e9 el proceso divertido y emocionante. Me gust\u00f3 c\u00f3mo estaban organizadas las cosas, por ejemplo, en lo que respecta a los procedimientos, y eso me ayud\u00f3 a conocer la empresa de una manera m\u00e1s profunda y a comprender mejor cada \u00e1rea del taller. Como ya se hab\u00edan implementado las cosas cuando empec\u00e9, no necesariamente cambi\u00f3 la forma en que <\/em><\/p>\n\n\n\n<p><em>Trabaj\u00e9, pero me ayud\u00f3 a guiarme en la direcci\u00f3n correcta. Toda la experiencia vino con su cuota de estr\u00e9s, especialmente en torno a la auditor\u00eda, pero el alivio de obtener finalmente la certificaci\u00f3n fue emocionante. Pude ver en quienes me rodeaban, que hab\u00edan trabajado incansablemente para implementar los est\u00e1ndares ISO 9001:2015, el alivio, la emoci\u00f3n y la alegr\u00eda de recibir el certificado.\u201d&nbsp;<\/em><\/p>\n\n\n\n<p>\u2014\u2014\u2014\u2014\u2014\u2014\u2014\u2014\u2014\u2014\u2014\u2014\u2014\u2014\u2014\u2014\u2014\u2014\u2014\u2014\u2014\u2014\u2014\u2014\u2014\u2014<\/p>\n\n\n\n<h4 class=\"wp-block-heading\"><strong>Acerca de PRI Registrar<\/strong><\/h4>\n\n\n\n<p>Desde 1995, Performance Review Institute Registrar, un organismo de certificaci\u00f3n de sistemas de gesti\u00f3n, ha ayudado a una multitud de organizaciones a alcanzar y realizar su verdadero potencial a trav\u00e9s del desarrollo de sistemas de gesti\u00f3n y la certificaci\u00f3n de sistemas de calidad. Como afiliada de SAE International, PRI Registrar es una organizaci\u00f3n sin fines de lucro, motivada de manera \u00fanica con la misi\u00f3n y el compromiso de elevar el est\u00e1ndar en cualquier industria a la que sirve. Para obtener m\u00e1s informaci\u00f3n, visite <a href=\"http:\/\/www.priregistrar.org\">www.priregistrar.org<\/a>.<\/p>\n\n\n\n<p>Haz clic aqu\u00ed para ver nuestra certificaci\u00f3n:&nbsp;<\/p>\n\n\n\n<p><a href=\"https:\/\/toolless.com\/wp-content\/uploads\/2024\/12\/19338-Toolless-Plastic-Solutions-12-Apr-2024.pdf\">Nuestra Certificaci\u00f3n<\/a><\/p>","protected":false},"excerpt":{"rendered":"<p>TOOLLESS PLASTIC SOLUTIONS, INC Receives Accreditation for Custom Plastic Enclosure Manufacturing PRI Registrar recognizes TOOLLESS PLASTIC SOLUTIONS, INC for its commitment to continual improvement in their management system, their ongoing commitment to quality by satisfying customer requirements and industry specifications. \u201cToolless Plastic Solutions has demonstrated its commitment to world-class quality management by implementing and becoming &#8230; <\/p>\n<p class=\"read-more-container\"><a title=\"Soluciones Pl\u00e1sticas sin Herramientas: Certificado ISO 9001:2015\" class=\"read-more button\" href=\"https:\/\/toolless.com\/es\/toolless-plastic-iso-9011-certified\/#more-1417\" aria-label=\"More on Toolless Plastic Solutions: ISO 9001:2015 Certified\">Leer m\u00e1s<\/a><\/p>","protected":false},"author":1,"featured_media":0,"parent":0,"menu_order":0,"comment_status":"closed","ping_status":"closed","template":"","meta":{"_acf_changed":false,"_seopress_robots_primary_cat":"","_seopress_titles_title":"Toolless Plastic Solutions Achieves ISO 9001:2015 Certification","_seopress_titles_desc":"Toolless Plastic Solutions, Inc. received its ISO 9001:2015 accreditation after years of hard work, ambition, and dedication.","_seopress_robots_index":"","pgc_sgb_lightbox_settings":"","iawp_total_views":0,"footnotes":""},"page_categories":[],"class_list":{"0":"post-1417","1":"page","2":"type-page","3":"status-publish","5":"infinite-scroll-item"},"acf":[],"_links":{"self":[{"href":"https:\/\/toolless.com\/es\/wp-json\/wp\/v2\/pages\/1417","targetHints":{"allow":["GET"]}}],"collection":[{"href":"https:\/\/toolless.com\/es\/wp-json\/wp\/v2\/pages"}],"about":[{"href":"https:\/\/toolless.com\/es\/wp-json\/wp\/v2\/types\/page"}],"author":[{"embeddable":true,"href":"https:\/\/toolless.com\/es\/wp-json\/wp\/v2\/users\/1"}],"replies":[{"embeddable":true,"href":"https:\/\/toolless.com\/es\/wp-json\/wp\/v2\/comments?post=1417"}],"version-history":[{"count":7,"href":"https:\/\/toolless.com\/es\/wp-json\/wp\/v2\/pages\/1417\/revisions"}],"predecessor-version":[{"id":2998,"href":"https:\/\/toolless.com\/es\/wp-json\/wp\/v2\/pages\/1417\/revisions\/2998"}],"wp:attachment":[{"href":"https:\/\/toolless.com\/es\/wp-json\/wp\/v2\/media?parent=1417"}],"wp:term":[{"taxonomy":"page_categories","embeddable":true,"href":"https:\/\/toolless.com\/es\/wp-json\/wp\/v2\/page_categories?post=1417"}],"curies":[{"name":"wp","href":"https:\/\/api.w.org\/{rel}","templated":true}]}}