{"id":13,"date":"2020-04-17T21:11:40","date_gmt":"2020-04-17T21:11:40","guid":{"rendered":"http:\/\/toolless.ed-webdesigns.com\/?page_id=13"},"modified":"2025-01-23T17:50:33","modified_gmt":"2025-01-23T17:50:33","slug":"cajas-de-plastico-estandar","status":"publish","type":"page","link":"https:\/\/toolless.com\/es\/standard-plastic-enclosures\/","title":{"rendered":"Cajas de pl\u00e1stico est\u00e1ndar"},"content":{"rendered":"<div class=\"wp-block-group\"><div class=\"wp-block-group__inner-container is-layout-flow wp-block-group-is-layout-flow\">\n<p>En Toolless Plastic Solutions nos especializamos en la fabricaci\u00f3n y el dise\u00f1o de carcasas de pl\u00e1stico est\u00e1ndar y a medida.<\/p>\n\n\n\n<p>Fabricamos diferentes tipos de carcasas de pl\u00e1stico, desde las m\u00e1s peque\u00f1as y sencillas hasta las m\u00e1s grandes y complejas. Con m\u00e1s de 14 a\u00f1os de experiencia en la fabricaci\u00f3n mediante el proceso \u00abToolless\u00bb, contamos con los conocimientos y la experiencia necesarios para ofrecer carcasas de pl\u00e1stico est\u00e1ndar que satisfacen y superan las expectativas de los clientes.<\/p>\n\n\n\n<p>Con el fin de adaptarnos a los presupuestos y plazos de nuestros clientes, Toolless ha creado una gama de dise\u00f1os \u201cajustables\u201d ya existentes para cajas de pl\u00e1stico est\u00e1ndar.<\/p>\n\n\n\n<p>Estas cajas de pl\u00e1stico est\u00e1ndar se fabrican en plazos cortos, son econ\u00f3micas y se pueden adaptar en cuanto a tama\u00f1o mediante recortes u otros elementos (saliencias, ventanas de acr\u00edlico, insertos, etc.). Adem\u00e1s, son f\u00e1ciles de montar gracias a su exclusivo sistema de encaje a presi\u00f3n.<\/p>\n\n\n\n<h2 class=\"wp-block-heading has-text-align-center\">2 Tipos de cajas de pl\u00e1stico est\u00e1ndar<\/h2>\n<\/div><\/div>\n\n\n<div class=\"gb-grid-wrapper gb-grid-wrapper-6162a29c\">\n<div class=\"gb-grid-column gb-grid-column-cbfdc9fd\"><div class=\"gb-container gb-container-cbfdc9fd\"><div class=\"gb-inside-container\">\n<div class=\"product-boxes\"><p><img decoding=\"async\" alt=\"\" src=\"https:\/\/toolless.com\/wp-content\/uploads\/2020\/04\/Raspberry-Pi-Custom-Enclosure-1-Exploded-vsm-700-N.jpg\" border=\"0\"><\/p><h2>CAJA DE CONEXIONES<\/h2><ul>\n<li>Sin costos de utillaje<\/li>\n<li>Dise\u00f1o de dos piezas<\/li>\n<li>La carcasa m\u00e1s econ\u00f3mica<\/li>\n<li>Opciones vers\u00e1tiles de materiales y impresi\u00f3n<\/li>\n<li>La placa de circuito se fija mediante salientes o ranuras<\/li>\n<li>Montaje por encaje a presi\u00f3n<\/li>\n<li>Se puede pegar con disolvente<\/li>\n<li>R\u00e1pida adaptaci\u00f3n a la producci\u00f3n<\/li>\n<li><a class=\"button\" href=\"\/es\/caja-de-plastico\/\">M\u00e1s informaci\u00f3n<\/a><\/li>\n<\/ul>\n<\/div>\n\n\n<p><strong>La caja C<\/strong>&nbsp;es un dise\u00f1o sencillo de dos piezas. Se trata de una caja lista para usar, preparada para su aplicaci\u00f3n. Es la opci\u00f3n ideal para los clientes que necesitan una caja r\u00e1pida y f\u00e1cil de montar a un precio asequible.<\/p>\n\n\n\n<p>Env\u00edenos su dise\u00f1o o archivo CAD y le prepararemos r\u00e1pidamente un dise\u00f1o de caja C Box y un presupuesto a la medida de sus necesidades.&nbsp;<\/p>\n\n<\/div><\/div><\/div>\n\n<div class=\"gb-grid-column gb-grid-column-0b3dc14f\"><div class=\"gb-container gb-container-0b3dc14f\"><div class=\"gb-inside-container\">\n<div class=\"product-boxes\"><p><img decoding=\"async\" alt=\"\" src=\"https:\/\/toolless.com\/wp-content\/uploads\/2020\/05\/2D-Design.jpg\" border=\"0\"><\/p><h2>Caja U<\/h2><ul>\n<li>Sin costos de utillaje<\/li>\n<li>Estructura de 4 piezas<\/li>\n<li>Componentes dise\u00f1ados para minimizar los costos<\/li>\n<li>Montaje por encaje a presi\u00f3n<\/li>\n<li>Uni\u00f3n con disolvente<\/li>\n<li>Placa de circuito montada mediante salientes<\/li>\n<li>Montaje opcional mediante ranuras<\/li>\n<li>R\u00e1pida adaptaci\u00f3n a la producci\u00f3n<\/li>\n<li><a class=\"button\" href=\"\/es\/caja-de-proteccion\/\">M\u00e1s informaci\u00f3n<\/a><\/li>\n<\/ul>\n<\/div>\n\n\n<p><strong>La carcasa U Box<\/strong>&nbsp;es una carcasa \u00abplug and play\u00bb lista para su aplicaci\u00f3n. Este dise\u00f1o cl\u00e1sico de cuatro piezas se adapta f\u00e1cilmente a sus necesidades.<\/p>\n\n\n\n<p>Con sus especificaciones electr\u00f3nicas y la configuraci\u00f3n de los puertos, podemos preparar r\u00e1pidamente su dise\u00f1o y su cotizaci\u00f3n. Para comenzar, haga clic en el bot\u00f3n \u00abSolicitar cotizaci\u00f3n\u00bb que aparece a continuaci\u00f3n.<\/p>\n\n<\/div><\/div><\/div>\n<\/div>\n\n<div class=\"gb-button-wrapper gb-button-wrapper-bea5d151\">\n\n<a class=\"gb-button gb-button-816ab9d5 gb-button-text button\" href=\"\/es\/solicitud-de-presupuesto\/\">Solicitar una cotizaci\u00f3n<\/a>\n\n<\/div>\n\n<div class=\"gb-grid-wrapper gb-grid-wrapper-f93a99fb\">\n<div class=\"gb-grid-column gb-grid-column-988e6a19\"><div class=\"gb-container gb-container-988e6a19\"><div class=\"gb-inside-container\">\n\n<h3 class=\"wp-block-heading has-text-align-center\"><a href=\"\/es\/cajas-de-plastico-acrilico\/\">Cajas de pl\u00e1stico acr\u00edlico<\/a><\/h3>\n\n\n<div class=\"wp-block-image\">\n<figure class=\"aligncenter size-large is-resized\"><img loading=\"lazy\" decoding=\"async\" width=\"200\" height=\"146\" src=\"https:\/\/toolless.com\/wp-content\/uploads\/2020\/04\/Acrylic-1.png\" alt=\"\" class=\"wp-image-210\" style=\"width:122px;height:89px\"\/><\/figure>\n<\/div>\n\n\n<hr class=\"wp-block-separator has-text-color has-css-opacity has-background is-style-wide\" style=\"background-color:#ffffff;color:#ffffff\"\/>\n\n\n\n<p>Ya sean vitrinas, dise\u00f1os para ferias comerciales o simplemente una cubierta transparente, en Toolless nuestras cubiertas de pl\u00e1stico acr\u00edlico son inigualables.<\/p>\n\n\n\n<p>Con l\u00edneas limpias, biseles perfectos y ese aspecto \u201cde vidrio\u201d que buscas. Fabricamos una carcasa de acr\u00edlico que no pesa en el bolsillo, pero s\u00ed en la presentaci\u00f3n.<\/p>\n\n<\/div><\/div><\/div>\n\n<div class=\"gb-grid-column gb-grid-column-94fa13cc\"><div class=\"gb-container gb-container-94fa13cc\"><div class=\"gb-inside-container\">\n\n<h3 class=\"wp-block-heading has-text-align-center\"><a href=\"\/es\/cajas-para-equipos-electronicos\/\">Cajas para equipos electr\u00f3nicos<\/a><\/h3>\n\n\n<div class=\"wp-block-image\">\n<figure class=\"aligncenter size-large is-resized\"><a href=\"https:\/\/toolless.com\/es\/electronic-enclosures.aspx\/\"><img loading=\"lazy\" decoding=\"async\" width=\"200\" height=\"129\" src=\"https:\/\/toolless.com\/wp-content\/uploads\/2020\/04\/EC10-7.png\" alt=\"\" class=\"wp-image-211\" style=\"width:137px;height:89px\"\/><\/a><\/figure>\n<\/div>\n\n\n<hr class=\"wp-block-separator has-text-color has-css-opacity has-background is-style-wide\" style=\"background-color:#ffffff;color:#ffffff\"\/>\n\n\n\n<p>No importa qu\u00e9 aparatos electr\u00f3nicos tengas, c\u00f3mo quieras instalarlos o qu\u00e9 tipo de caja de pl\u00e1stico prefieras: Toolless tiene lo que necesitas.<\/p>\n\n\n\n<p>Desde elevadores para placas de circuito impreso hasta conectores, hacemos realidad tu dise\u00f1o colaborando estrechamente contigo para crear una carcasa de pl\u00e1stico que se adapte perfectamente a tus componentes electr\u00f3nicos.<\/p>\n\n<\/div><\/div><\/div>\n\n<div class=\"gb-grid-column gb-grid-column-9b8cb1b9\"><div class=\"gb-container gb-container-9b8cb1b9\"><div class=\"gb-inside-container\">\n\n<h3 class=\"wp-block-heading\"><a href=\"\/es\/cajas-de-plastico-abs\/\">Cajas de pl\u00e1stico ABS<\/a><\/h3>\n\n\n<div class=\"wp-block-image\">\n<figure class=\"aligncenter size-large is-resized\"><a href=\"https:\/\/toolless.com\/es\/abs-plastic-enclosures.aspx\/\"><img loading=\"lazy\" decoding=\"async\" width=\"200\" height=\"127\" src=\"https:\/\/toolless.com\/wp-content\/uploads\/2020\/04\/EC10-8.png\" alt=\"\" class=\"wp-image-212\" style=\"width:142px;height:90px\"\/><\/a><\/figure>\n<\/div>\n\n\n<hr class=\"wp-block-separator has-text-color has-css-opacity has-background is-style-wide\" style=\"background-color:#ffffff;color:#ffffff\"\/>\n\n\n\n<p>El ABS es un material ideal para carcasas de pl\u00e1stico. Es duradero, ligero, asequible y f\u00e1cil de trabajar. Nos especializamos en conseguir material de ABS que satisfaga las necesidades de nuestros clientes y se adapte a su dise\u00f1o.<\/p>\n\n\n\n<p>Sea cual sea el color o el acabado, encontraremos un pl\u00e1stico ABS adecuado para su proyecto.<\/p>\n\n<\/div><\/div><\/div>\n<\/div>\n\n\n<p>Le invitamos a explorar el resto de nuestro sitio web para&nbsp;<a href=\"\/es\/galeria-de-recintos\/\">Echa un vistazo a las carcasas de pl\u00e1stico que hemos creado a lo largo de los a\u00f1os<\/a>&nbsp;para obtener m\u00e1s informaci\u00f3n sobre el proceso de fabricaci\u00f3n sin herramientas.<\/p>","protected":false},"excerpt":{"rendered":"<p>At Toolless Plastic Solutions we specialize in the manufacturing and design of custom and standard plastic enclosures. We create different types of plastic enclosures that range from small and simple to large and complex. With over 14+ years manufacturing using the Toolless process we have the knowledge and experience to deliver standard plastic enclosures that &#8230; <\/p>\n<p class=\"read-more-container\"><a title=\"Cajas de pl\u00e1stico est\u00e1ndar\" class=\"read-more button\" href=\"https:\/\/toolless.com\/es\/standard-plastic-enclosures\/#more-13\" aria-label=\"More on Standard Plastic Enclosures\">Leer m\u00e1s<\/a><\/p>","protected":false},"author":1,"featured_media":140,"parent":0,"menu_order":0,"comment_status":"closed","ping_status":"closed","template":"","meta":{"_acf_changed":false,"_seopress_robots_primary_cat":"","_seopress_titles_title":"Affordable Custom & Standard Plastic Enclosures | Toolless","_seopress_titles_desc":"Discover cost-effective, adjustable standard plastic enclosures with quick lead times. Perfect for any project with snap-together assembly. Request a quote now!","_seopress_robots_index":"","pgc_sgb_lightbox_settings":"","iawp_total_views":0,"footnotes":""},"page_categories":[3],"class_list":{"0":"post-13","1":"page","2":"type-page","3":"status-publish","4":"has-post-thumbnail","6":"page_categories-standard-enclosures","7":"infinite-scroll-item"},"acf":[],"_links":{"self":[{"href":"https:\/\/toolless.com\/es\/wp-json\/wp\/v2\/pages\/13","targetHints":{"allow":["GET"]}}],"collection":[{"href":"https:\/\/toolless.com\/es\/wp-json\/wp\/v2\/pages"}],"about":[{"href":"https:\/\/toolless.com\/es\/wp-json\/wp\/v2\/types\/page"}],"author":[{"embeddable":true,"href":"https:\/\/toolless.com\/es\/wp-json\/wp\/v2\/users\/1"}],"replies":[{"embeddable":true,"href":"https:\/\/toolless.com\/es\/wp-json\/wp\/v2\/comments?post=13"}],"version-history":[{"count":20,"href":"https:\/\/toolless.com\/es\/wp-json\/wp\/v2\/pages\/13\/revisions"}],"predecessor-version":[{"id":2950,"href":"https:\/\/toolless.com\/es\/wp-json\/wp\/v2\/pages\/13\/revisions\/2950"}],"wp:featuredmedia":[{"embeddable":true,"href":"https:\/\/toolless.com\/es\/wp-json\/wp\/v2\/media\/140"}],"wp:attachment":[{"href":"https:\/\/toolless.com\/es\/wp-json\/wp\/v2\/media?parent=13"}],"wp:term":[{"taxonomy":"page_categories","embeddable":true,"href":"https:\/\/toolless.com\/es\/wp-json\/wp\/v2\/page_categories?post=13"}],"curies":[{"name":"wp","href":"https:\/\/api.w.org\/{rel}","templated":true}]}}