{"id":1213,"date":"2020-09-11T16:40:26","date_gmt":"2020-09-11T16:40:26","guid":{"rendered":"http:\/\/toolless.venbit.net\/?page_id=1213"},"modified":"2025-01-23T17:57:47","modified_gmt":"2025-01-23T17:57:47","slug":"a-quienes-nos-dirigimos-mercado-de-soluciones-de-plastico-sin-herramientas","status":"publish","type":"page","link":"https:\/\/toolless.com\/es\/who-we-serve-toolless-plastic-solutions-market\/","title":{"rendered":"A qui\u00e9nes atendemos"},"content":{"rendered":"<p>En general, desde la perspectiva de Toolless, no resulta f\u00e1cil responder a la pregunta de \u201ca qui\u00e9nes atendemos\u201d. Lo m\u00e1s importante es que Toolless tiene el deseo de atender a cualquier cliente en cualquier mercado que necesite una carcasa para alojar sus piezas personalizadas. Las piezas de los clientes pueden ser una placa de circuito, una placa Raspberry Pi, una tableta, cables, pantallas, rel\u00e9s, etc. Esto tambi\u00e9n es una fortaleza, ya que no dependemos de un campo espec\u00edfico. Sin embargo, tambi\u00e9n nos brinda una amplia gama de oportunidades para explorar nuevos mercados. No obstante, podemos agrupar a nuestros clientes en los siguientes tipos:<\/p>\n\n\n\n<h3 class=\"wp-block-heading\">Mercado de fabricantes de productos electr\u00f3nicos a medida<\/h3>\n\n\n\n<p>Este grupo abarca una gran variedad de actividades, tales como fabricantes de equipos originales (OEM), fabricantes por contrato, ensambladores, fabricantes de placas de circuito impreso, fabricantes de sistemas de control y monitorizaci\u00f3n, fabricantes de instrumentos personalizados, instaladores de sistemas de comunicaciones, o incluso empresas emergentes y emprendedores. B\u00e1sicamente, si una empresa de dise\u00f1o presenta un nuevo proyecto que incluye una nueva placa de circuito, necesitar\u00e1 de alguna manera una carcasa para exhibir sus proyectos. Aqu\u00ed es donde Toolless Plastic Solutions se adapta mejor a sus necesidades. La inversi\u00f3n inicial es baja y, dependiendo de su visibilidad en el mercado y de la versatilidad de su proyecto, por lo general no pueden permitirse gastar miles de $ en un dise\u00f1o que tal vez nunca despegue. La placa Raspberry Pi tambi\u00e9n ha ampliado muchas opciones de dise\u00f1o, reduciendo el tama\u00f1o de nuestras carcasas. Muchos clientes antiguos ahora est\u00e1n redise\u00f1ando sus antiguos trabajos, incorporando las tecnolog\u00edas avanzadas m\u00e1s recientes. Requieren nuestra experiencia para redise\u00f1ar su proyecto, a un costo m\u00ednimo.\u00a0<\/p>\n\n\n\n<p><strong>SOCIOS DE CONFIANZA PARA CARCASAS ELECTR\u00d3NICAS A MEDIDA:<\/strong><\/p>\n\n\n\n<div class=\"wp-block-image\"><figure class=\"alignleft is-resized\"><img loading=\"lazy\" decoding=\"async\" src=\"https:\/\/lh5.googleusercontent.com\/7m7XG16D_ZCq-jZ_DQ7dCqZmEM3nQo2TZJhoxH-9-tD-hlkqN6szlyf0xBkxIcWa6StGAUaR5ho7kG5OnzLOapO4EDGxNRdR5SQh0Tx5PU-PsDodhVrMAxtWTOs6tSAF7sOJDFfOukBNGvcIpQ\" alt=\"Mercado\" width=\"164\" height=\"56\"\/><\/figure><\/div>\n\n\n\n<div class=\"wp-block-image\"><figure class=\"alignleft is-resized\"><img loading=\"lazy\" decoding=\"async\" src=\"https:\/\/lh4.googleusercontent.com\/6s2cwXtk0CXm6zSjd7S7yvo9X4Lb6c6BVdBHB_VFolKEW09aUHuCsYZAisbWrBlOmJ8DP4gcd90EpNjbWJxeSoGVVBmCC7SRGr6XmJhZeDchuKjEyuChId2tI-_vvbv1k5hBTI8tuMrNYgzqMQ\" alt=\"Mercado\" width=\"145\" height=\"80\"\/><\/figure><\/div>\n\n\n\n<div class=\"wp-block-image\"><figure class=\"alignleft is-resized\"><img loading=\"lazy\" decoding=\"async\" src=\"https:\/\/lh6.googleusercontent.com\/AwrJLMxlYx02kIU0Fy7bXBbz0JR4UZ3-aIbjEtFIG6erd8OusK8eLdMjLc5zYtwLhZ5nVTuGiCdS0cbp80t_7GCGmuqTGSuut64YcYdZT7jbiZnc2Jdr2yEQC7mULnRj3A6MRm53JZ3FZfDTCA\" alt=\"Mercado\" width=\"223\" height=\"28\"\/><\/figure><\/div>\n\n\n\n<div class=\"wp-block-image\"><figure class=\"alignleft is-resized\"><img loading=\"lazy\" decoding=\"async\" src=\"https:\/\/lh4.googleusercontent.com\/opb4FvqFCB65_XexBoqYX8eIDjTjuN3imAYq0uNeVqxnSunSd3NiAQrPH37YS_2vVRqXGaUmWGZ0ODpWKelFJUBZfcGQgP1Gj61dFJeQwTSOsYEyobjTKmCfT_b_n05uGBVW1fX_pj_F9fRovg\" alt=\"Mercado\" width=\"103\" height=\"64\"\/><\/figure><\/div>\n\n\n\n<hr class=\"wp-block-separator\"\/>\n\n\n\n<p><\/p>\n\n\n\n<p><\/p>\n\n\n\n<h3 class=\"wp-block-heading\">Equipo m\u00e9dico<\/h3>\n\n\n\n<p>No es raro que Toolless trabaje con doctores o, en ocasiones, directamente con cl\u00ednicas, hospitales y universidades. Las investigaciones cl\u00ednicas suelen llevarse a cabo en este entorno y los estudios m\u00e9dicos a menudo requieren de una carcasa. La capacidad de respuesta, sobre todo en una situaci\u00f3n como la pandemia de Covid-19, es clave para el tratamiento final. En 2020, ayudamos a muchas empresas m\u00e9dicas con sus respiradores y colaboramos con otras investigaciones cl\u00ednicas para desarrollar m\u00e1s pruebas con mayor rapidez. Dise\u00f1amos y fabricamos carcasas a medida para dispositivos oncol\u00f3gicos, congeladores quir\u00fargicos, equipos de laboratorio, consultorios dentales, equipos m\u00e9dicos para el hogar y todo tipo de actividades m\u00e9dicas que requieran un recinto.<\/p>\n\n\n\n<p><strong>SOCIOS DE CONFIANZA PARA CARCASAS M\u00c9DICAS A MEDIDA:<\/strong><\/p>\n\n\n\n<div class=\"wp-block-image\"><figure class=\"alignleft is-resized\"><img loading=\"lazy\" decoding=\"async\" src=\"https:\/\/lh5.googleusercontent.com\/Pf1ZMt4iEOHgyQpQe9Sc1y8_o9FaXIs_LcLeSD2sVLB06ws3S0v4N036Xs4SIXkXYxAeF_DLrNdxscr-csj1KkvL9IEZYNCgzeDdLXssyWQJr5E8OtsBJ9ItSsBSVtKyN2bwJnzn_STogTONZg\" alt=\"Mercado\" width=\"160\" height=\"51\"\/><\/figure><\/div>\n\n\n\n<div class=\"wp-block-image\"><figure class=\"alignleft is-resized\"><img loading=\"lazy\" decoding=\"async\" src=\"https:\/\/lh4.googleusercontent.com\/OXWuoZ_LXJic9j6VNTEu7tMXj0GFYOVuvWKnUlGXlTpKiS9uN70AKq_Eoa9if6hUyFhBnM4U5ApwQFY8Dt6ysGXkfgsYnGoSzFsz9qTAUWYUXEFOs6yeWyny-rwPae6KQJTdwuzxUCfToQCmIg\" alt=\"Mercado\" width=\"145\" height=\"56\"\/><\/figure><\/div>\n\n\n\n<div class=\"wp-block-image\"><figure class=\"alignleft is-resized\"><img loading=\"lazy\" decoding=\"async\" src=\"https:\/\/lh3.googleusercontent.com\/7XzmknPMLuxbt87tXjQGxhFhHGhxyIeUEEfgtOr8MAx4GNyS8s7FfGEtl6KKSqrBjFiciAoue_nHM7aqE59Eq-jlAEYN1cuOmM7CKSsyr2vB0kZlGG7twVsQohHzliJ-EWadhYBAa0KzgfY6cA\" alt=\"A close up of a signDescription automatically generated\" width=\"128\" height=\"51\"\/><\/figure><\/div>\n\n\n\n<div class=\"wp-block-image\"><figure class=\"alignleft is-resized\"><img loading=\"lazy\" decoding=\"async\" src=\"https:\/\/lh6.googleusercontent.com\/_hsJ0vNEUCIJWfvdMH96slCihoyYsg0fBU7N0kBS5Qak7VbTN2UU9WRMpq39CsYcl8Kvjyz4BGj6Swdkj6VgM7sg6qqLH4hM4zdEUq7ZfTV6Dz0EGwr2Xh5GZ1Fe5pEFyO5R_SbVB4rB0VbQfw\" alt=\"A picture containing food, drawingDescription automatically generated\" width=\"125\" height=\"85\"\/><\/figure><\/div>\n\n\n\n<div class=\"wp-block-group\"><div class=\"wp-block-group__inner-container is-layout-flow wp-block-group-is-layout-flow\"><\/div><\/div>\n\n\n\n<h3 class=\"wp-block-heading\">Mercado del almacenamiento de energ\u00eda y las energ\u00edas renovables:<\/h3>\n\n\n\n<p>Este mercado surgi\u00f3 de forma natural para nosotros: tan pronto como decidimos reciclar todo nuestro pl\u00e1stico y utilizar los pol\u00edmeros triturados, a las empresas de energ\u00eda renovable les result\u00f3 cada vez m\u00e1s interesante explorar las posibilidades que ofrecen nuestras soluciones de pl\u00e1stico sin herramientas. Desde entonces, hemos prestado servicios a numerosas empresas de \u201cenerg\u00eda limpia\u201d y hemos dise\u00f1ado una amplia gama de dispositivos de almacenamiento de energ\u00eda. Ya sea que se trate de almacenamiento de bater\u00eda fuera de la red, generadores, energ\u00eda solar o unidades port\u00e1tiles, Toolless es su socio ecol\u00f3gico para obtener carcasas de pl\u00e1stico reciclado confiables, eficientes y rentables.<\/p>\n\n\n\n<p><strong>SOCIOS DE CONFIANZA PARA CARCASAS DE ALMACENAMIENTO DE ENERG\u00cdA A MEDIDA CON LOS QUE APOSTAMOS POR LO ECOL\u00d3GICO:<\/strong><\/p>\n\n\n\n<div class=\"wp-block-image\"><figure class=\"aligncenter size-large is-resized\"><img loading=\"lazy\" decoding=\"async\" src=\"https:\/\/toolless.com\/wp-content\/uploads\/2021\/06\/image-1024x402.png\" alt=\"\" class=\"wp-image-1596\" width=\"178\" height=\"70\" srcset=\"https:\/\/toolless.com\/wp-content\/uploads\/2021\/06\/image-1024x402.png 1024w, https:\/\/toolless.com\/wp-content\/uploads\/2021\/06\/image-300x118.png 300w, https:\/\/toolless.com\/wp-content\/uploads\/2021\/06\/image-768x301.png 768w, https:\/\/toolless.com\/wp-content\/uploads\/2021\/06\/image.png 1224w\" sizes=\"auto, (max-width: 178px) 100vw, 178px\" \/><\/figure><\/div>\n\n\n\n<div class=\"wp-block-image\"><figure class=\"aligncenter is-resized\"><img loading=\"lazy\" decoding=\"async\" src=\"https:\/\/lh6.googleusercontent.com\/xv9yrBooyeSbHU6_vv_R0fjGVW-UabJHyxBLSUQkHMKmeL1PNP0h14Atbk72rcpVQtNT_HmuxtAIjT-nF6mvi2Mp3TtNFdZ_ZjsLRI_LTUQT8PsiBFCXlDZnUoKXSBOd8pRCjWUVgwstwn6NNw\" alt=\"A close up of a signDescription automatically generated\" width=\"110\" height=\"42\"\/><\/figure><\/div>\n\n\n\n<div class=\"wp-block-image\"><figure class=\"aligncenter\"><img decoding=\"async\" src=\"https:\/\/lh6.googleusercontent.com\/ppTJuEKNyub4kJ1CEmzPSH2b_ynvArVTrJXg6C2P_iukNa09pzSsUusZ7LMR2uL4TN7WW1TG2cE6j7bKAMW7vPQzkDBa07XjyRD3aYmbZQUJbM_TswvIxtAWfpNxEaDclbJOP_k0urRqX1PdrA\" alt=\"Mercado\"\/><\/figure><\/div>\n\n\n\n<hr class=\"wp-block-separator\"\/>\n\n\n\n<p class=\"has-text-align-center\"><a href=\"https:\/\/toolless.com\/es\/contactanos\/\" target=\"_blank\" rel=\"noreferrer noopener\">Cont\u00e1ctanos<\/a> \u00a1\u00danase hoy mismo a nuestros clientes!<\/p>","protected":false},"excerpt":{"rendered":"<p>Generally, from a Toolless perspective, this question &#8220;who we serve&#8221; is unclear to respond to. Most importantly, Toolless has the desire to serve any customer in any market that needs an enclosure to house its custom parts. Customers&#8217; parts could mean a circuit board, a raspberry pi board, a tablet, cables, displays, relays, and so &#8230; <\/p>\n<p class=\"read-more-container\"><a title=\"A qui\u00e9nes atendemos\" class=\"read-more button\" href=\"https:\/\/toolless.com\/es\/who-we-serve-toolless-plastic-solutions-market\/#more-1213\" aria-label=\"More on Who we serve\">Leer m\u00e1s<\/a><\/p>","protected":false},"author":1,"featured_media":0,"parent":0,"menu_order":0,"comment_status":"closed","ping_status":"closed","template":"","meta":{"_acf_changed":false,"_seopress_robots_primary_cat":"","_seopress_titles_title":"%%title%% %%page%% %%sep%% %%sitename%% Market and its Customers","_seopress_titles_desc":"Toolless has the desire to serve any customer in any market that needs an enclosure to house its custom parts.","_seopress_robots_index":"","pgc_sgb_lightbox_settings":"","iawp_total_views":0,"footnotes":""},"page_categories":[],"class_list":{"0":"post-1213","1":"page","2":"type-page","3":"status-publish","5":"infinite-scroll-item"},"acf":[],"_links":{"self":[{"href":"https:\/\/toolless.com\/es\/wp-json\/wp\/v2\/pages\/1213","targetHints":{"allow":["GET"]}}],"collection":[{"href":"https:\/\/toolless.com\/es\/wp-json\/wp\/v2\/pages"}],"about":[{"href":"https:\/\/toolless.com\/es\/wp-json\/wp\/v2\/types\/page"}],"author":[{"embeddable":true,"href":"https:\/\/toolless.com\/es\/wp-json\/wp\/v2\/users\/1"}],"replies":[{"embeddable":true,"href":"https:\/\/toolless.com\/es\/wp-json\/wp\/v2\/comments?post=1213"}],"version-history":[{"count":14,"href":"https:\/\/toolless.com\/es\/wp-json\/wp\/v2\/pages\/1213\/revisions"}],"predecessor-version":[{"id":1597,"href":"https:\/\/toolless.com\/es\/wp-json\/wp\/v2\/pages\/1213\/revisions\/1597"}],"wp:attachment":[{"href":"https:\/\/toolless.com\/es\/wp-json\/wp\/v2\/media?parent=1213"}],"wp:term":[{"taxonomy":"page_categories","embeddable":true,"href":"https:\/\/toolless.com\/es\/wp-json\/wp\/v2\/page_categories?post=1213"}],"curies":[{"name":"wp","href":"https:\/\/api.w.org\/{rel}","templated":true}]}}