{"id":1020,"date":"2020-04-29T21:45:30","date_gmt":"2020-04-29T21:45:30","guid":{"rendered":"http:\/\/toolless.ed-webdesigns.com\/?page_id=1020"},"modified":"2020-05-01T18:04:17","modified_gmt":"2020-05-01T18:04:17","slug":"tolerancias-y-repetibilidad","status":"publish","type":"page","link":"https:\/\/toolless.com\/es\/plastic-enclosure-manufacturing-process\/tolerances-and-repeatability\/","title":{"rendered":"Tolerancias y repetibilidad"},"content":{"rendered":"<p><strong>Tolerancias de mecanizado<\/strong>&nbsp;<\/p>\n\n\n\n<p>\u2022Todas las piezas est\u00e1n dise\u00f1adas como patrones planos&nbsp;<\/p>\n\n\n\n<p>\u2022Intentamos mecanizar solo un lado; el mecanizado del lado opuesto duplica el trabajo necesario por pieza. \u2013Las leng\u00fcetas y ranuras se pueden a\u00f1adir con una sierra o una fresadora de mesa. \u2013Plantilla: separe la pieza y col\u00f3quela en la plantilla para mecanizar el lado opuesto.<\/p>\n\n\n\n<p>&nbsp;\u2022 Tolerancia de +\/- 0,2 mm para la plantilla \u2022 Tolerancia de +\/- 0,4 mm entre los elementos del reverso y los del anverso&nbsp;<\/p>\n\n\n\n<p>\u2022Concepto de una sola cuchilla: r\u00e1pido y sencillo&nbsp;&nbsp;&nbsp;<\/p>\n\n\n\n<p> \u2013 Fresas de carburo de 2 mm, de un solo canal, utilizadas el 951 % del tiempo&nbsp;&nbsp; <br>\u2013Tambi\u00e9n fresas de 3 mm y 6 mm&nbsp;&nbsp; <br>\u2013Routers CNC muy r\u00e1pidos <br>\u2013 optimizado para la velocidad, a costa de la rigidez y la precisi\u00f3n&nbsp;&nbsp; <br>\u2013\u00a1No te hagas pasar por un centro de mecanizado!&nbsp;&nbsp; <br>\u2013Una sola persona puede manejar hasta 10 m\u00e1quinas; sin cambios de herramientas ni reajustes de las fresas&nbsp;&nbsp;<br> \u2013El producto medio consta de 8 piezas y 2 grosores&nbsp;&nbsp; <br>\u2013Cambio de chapa y preparaci\u00f3n para una nueva pieza en 30 segundos&nbsp;&nbsp; <br>\u2013Cambio de l\u00e1mina y configuraci\u00f3n para un nuevo proyecto en 45 segundos<\/p>\n\n\n\n<p>&nbsp;\u2022Leng\u00fceta: 1,8 mm de ancho x 1 mm de profundidad Ranura: 2 mm de ancho x 1,2 mm de profundidad<\/p>\n\n\n\n<p>\u2013No utilices modelos, CAD ni dise\u00f1os si la uni\u00f3n se va a realizar con adhesivo mediante el sistema Tool-Less&nbsp;<\/p>\n\n\n\n<p>\u2022Tolerancia: +\/- 0,2 mm (0,008 pulgadas)&nbsp;<\/p>\n\n\n\n<p>\u2022Csk a\u00f1adido como operaci\u00f3n posterior o mecanizado mediante fresadora CNC.&nbsp;<\/p>\n\n\n\n<p>\u2022Las piezas no se separan hasta que haya finalizado el proceso de mecanizado; no se manipulan las piezas individuales hasta que sea absolutamente necesario.&nbsp;<\/p>\n\n\n\n<p>\u2022Reborde dise\u00f1ado para proporcionar puntos de sujeci\u00f3n r\u00edgidos durante el mecanizado y que se desprende f\u00e1cilmente despu\u00e9s.<\/p>","protected":false},"excerpt":{"rendered":"<p>Machining Tolerances&nbsp; \u2022All parts are designed as flat patterns&nbsp; \u2022We try to machine only one side \u2013 opposite side machining doubles labor required per piece.&nbsp;&nbsp; \u2013Tongues &amp; grooves may be added with a saw or table router.&nbsp;&nbsp; \u2013Template; break out part, drop into template for opposite side machining &nbsp;\u2022+\/- .2 mm tolerance for template&nbsp;\u2022+\/- .4 &#8230; <\/p>\n<p class=\"read-more-container\"><a title=\"Tolerancias y repetibilidad\" class=\"read-more button\" href=\"https:\/\/toolless.com\/es\/plastic-enclosure-manufacturing-process\/tolerances-and-repeatability\/#more-1020\" aria-label=\"More on Tolerances and Repeatability\">Leer m\u00e1s<\/a><\/p>","protected":false},"author":1,"featured_media":997,"parent":58,"menu_order":0,"comment_status":"closed","ping_status":"closed","template":"","meta":{"_acf_changed":false,"_seopress_robots_primary_cat":"0","_seopress_titles_title":"Precision Machining Tolerances for Efficient Flat Patterns","_seopress_titles_desc":"Machining Tolerances. All parts designed as flat patterns. Try to machine only one side opposite side machining doubles labor per piece. Tongues","_seopress_robots_index":"","pgc_sgb_lightbox_settings":"","iawp_total_views":0,"footnotes":""},"page_categories":[],"class_list":{"0":"post-1020","1":"page","2":"type-page","3":"status-publish","4":"has-post-thumbnail","6":"infinite-scroll-item"},"acf":[],"_links":{"self":[{"href":"https:\/\/toolless.com\/es\/wp-json\/wp\/v2\/pages\/1020","targetHints":{"allow":["GET"]}}],"collection":[{"href":"https:\/\/toolless.com\/es\/wp-json\/wp\/v2\/pages"}],"about":[{"href":"https:\/\/toolless.com\/es\/wp-json\/wp\/v2\/types\/page"}],"author":[{"embeddable":true,"href":"https:\/\/toolless.com\/es\/wp-json\/wp\/v2\/users\/1"}],"replies":[{"embeddable":true,"href":"https:\/\/toolless.com\/es\/wp-json\/wp\/v2\/comments?post=1020"}],"version-history":[{"count":2,"href":"https:\/\/toolless.com\/es\/wp-json\/wp\/v2\/pages\/1020\/revisions"}],"predecessor-version":[{"id":1022,"href":"https:\/\/toolless.com\/es\/wp-json\/wp\/v2\/pages\/1020\/revisions\/1022"}],"up":[{"embeddable":true,"href":"https:\/\/toolless.com\/es\/wp-json\/wp\/v2\/pages\/58"}],"wp:featuredmedia":[{"embeddable":true,"href":"https:\/\/toolless.com\/es\/wp-json\/wp\/v2\/media\/997"}],"wp:attachment":[{"href":"https:\/\/toolless.com\/es\/wp-json\/wp\/v2\/media?parent=1020"}],"wp:term":[{"taxonomy":"page_categories","embeddable":true,"href":"https:\/\/toolless.com\/es\/wp-json\/wp\/v2\/page_categories?post=1020"}],"curies":[{"name":"wp","href":"https:\/\/api.w.org\/{rel}","templated":true}]}}