{"id":1018,"date":"2020-04-29T21:42:11","date_gmt":"2020-04-29T21:42:11","guid":{"rendered":"http:\/\/toolless.ed-webdesigns.com\/?page_id=1018"},"modified":"2020-05-01T18:03:53","modified_gmt":"2020-05-01T18:03:53","slug":"matriz-tecnologica","status":"publish","type":"page","link":"https:\/\/toolless.com\/es\/plastic-enclosure-manufacturing-process\/technology-matrix\/","title":{"rendered":"Matriz tecnol\u00f3gica"},"content":{"rendered":"<p>Las soluciones de pl\u00e1stico sin herramientas pueden compararse, en t\u00e9rminos de tecnolog\u00eda, con otras industrias como el moldeo por inyecci\u00f3n o el conformado a presi\u00f3n. La matriz tecnol\u00f3gica muestra las ventajas de Toolless:<\/p>\n\n\n\n<figure class=\"wp-block-table is-style-stripes\"><table><thead><tr><th><\/th><th>Sin herramientas<\/th><th>Moldeo por inyecci\u00f3n<\/th><th>conformado a presi\u00f3n<\/th><\/tr><\/thead><tbody><tr><td>NRE<\/td><td>R\u00e1pido<\/td><td>Lento<\/td><td>Lento<\/td><\/tr><tr><td>Permitir modificaciones<\/td><td>S\u00ed<\/td><td>No<\/td><td>No<\/td><\/tr><tr><td>Herramientas<\/td><td>No<\/td><td>S\u00ed<\/td><td>S\u00ed<\/td><\/tr><tr><td>Moldeado<\/td><td>No<\/td><td>S\u00ed<\/td><td>S\u00ed<\/td><\/tr><tr><td>Curva<\/td><td>S\u00ed<\/td><td>S\u00ed<\/td><td>S\u00ed<\/td><\/tr><tr><td>Flexi\u00f3n<\/td><td>S\u00ed<\/td><td>Desconocido<\/td><td>No<\/td><\/tr><tr><td>Serigraf\u00edas<\/td><td>S\u00ed<\/td><td>Desconocido<\/td><td>Desconocido<\/td><\/tr><tr><td>Calidad<\/td><td>Alto<\/td><td>Alto<\/td><td>Medio<\/td><\/tr><tr><td>CNC<\/td><td>S\u00ed<\/td><td>No<\/td><td>No<\/td><\/tr><tr><td>Cambio de rumbo<\/td><td>R\u00e1pido<\/td><td>Lento<\/td><td>Lento<\/td><\/tr><tr><td>Modelos 3D<\/td><td>S\u00ed<\/td><td>Desconocido<\/td><td>Desconocido<\/td><\/tr><tr><td>Pintura<\/td><td>S\u00ed<\/td><td>Desconocido<\/td><td>Desconocido<\/td><\/tr><tr><td>Capacidad de montaje<\/td><td>De 0 a 1000 unidades<\/td><td>De 0 a 1000 unidades<\/td><td>M\u00e1s de 1000<\/td><\/tr><\/tbody><\/table><\/figure>","protected":false},"excerpt":{"rendered":"<p>Toolless Plastic Solutions can be compare in term of technologies to others industry such as injection molding or pressure forming. The technology matrix show the strength of Toolless: Toolless Injection molding pressure forming NRE Fast Slow Slow Allow Modification Yes No No Tooling No Yes Yes Molding No Yes Yes Curve Yes Yes Yes Bending &#8230; <\/p>\n<p class=\"read-more-container\"><a title=\"Matriz tecnol\u00f3gica\" class=\"read-more button\" href=\"https:\/\/toolless.com\/es\/plastic-enclosure-manufacturing-process\/technology-matrix\/#more-1018\" aria-label=\"More on Technology Matrix\">Leer m\u00e1s<\/a><\/p>","protected":false},"author":1,"featured_media":992,"parent":58,"menu_order":0,"comment_status":"closed","ping_status":"closed","template":"","meta":{"_acf_changed":false,"_seopress_robots_primary_cat":"0","_seopress_titles_title":"Comparing Toolless Solutions to Injection Molding &amp; More","_seopress_titles_desc":"Toolless Plastic Solutions can be compare in term of technologies to others industry such as injection molding or pressure forming. The technology","_seopress_robots_index":"","pgc_sgb_lightbox_settings":"","iawp_total_views":0,"footnotes":""},"page_categories":[],"class_list":{"0":"post-1018","1":"page","2":"type-page","3":"status-publish","4":"has-post-thumbnail","6":"infinite-scroll-item"},"acf":[],"_links":{"self":[{"href":"https:\/\/toolless.com\/es\/wp-json\/wp\/v2\/pages\/1018","targetHints":{"allow":["GET"]}}],"collection":[{"href":"https:\/\/toolless.com\/es\/wp-json\/wp\/v2\/pages"}],"about":[{"href":"https:\/\/toolless.com\/es\/wp-json\/wp\/v2\/types\/page"}],"author":[{"embeddable":true,"href":"https:\/\/toolless.com\/es\/wp-json\/wp\/v2\/users\/1"}],"replies":[{"embeddable":true,"href":"https:\/\/toolless.com\/es\/wp-json\/wp\/v2\/comments?post=1018"}],"version-history":[{"count":4,"href":"https:\/\/toolless.com\/es\/wp-json\/wp\/v2\/pages\/1018\/revisions"}],"predecessor-version":[{"id":1031,"href":"https:\/\/toolless.com\/es\/wp-json\/wp\/v2\/pages\/1018\/revisions\/1031"}],"up":[{"embeddable":true,"href":"https:\/\/toolless.com\/es\/wp-json\/wp\/v2\/pages\/58"}],"wp:featuredmedia":[{"embeddable":true,"href":"https:\/\/toolless.com\/es\/wp-json\/wp\/v2\/media\/992"}],"wp:attachment":[{"href":"https:\/\/toolless.com\/es\/wp-json\/wp\/v2\/media?parent=1018"}],"wp:term":[{"taxonomy":"page_categories","embeddable":true,"href":"https:\/\/toolless.com\/es\/wp-json\/wp\/v2\/page_categories?post=1018"}],"curies":[{"name":"wp","href":"https:\/\/api.w.org\/{rel}","templated":true}]}}