{"id":1016,"date":"2020-04-29T21:40:12","date_gmt":"2020-04-29T21:40:12","guid":{"rendered":"http:\/\/toolless.ed-webdesigns.com\/?page_id=1016"},"modified":"2020-05-01T18:03:27","modified_gmt":"2020-05-01T18:03:27","slug":"moldeo-al-vacio-sin-herramientas-frente-al-moldeo-por-inyeccion","status":"publish","type":"page","link":"https:\/\/toolless.com\/es\/plastic-enclosure-manufacturing-process\/toolless-vs-injection-molding-vacuum-forming\/","title":{"rendered":"Sin herramientas frente a moldeo por inyecci\u00f3n\/moldeo al vac\u00edo"},"content":{"rendered":"<p>En primer lugar, Toolless no requiere la compra de herramientas, moldes ni plantillas para fabricar su caja de pl\u00e1stico personalizada, por lo que resulta muy dif\u00edcil comparar estas dos tecnolog\u00edas.<\/p>\n\n\n\n<p>La pregunta es m\u00e1s bien: \u00bfcu\u00e1l es su previsi\u00f3n de producci\u00f3n de carcasas para un periodo de entre 3 y 5 a\u00f1os? \u00bfCree que fabricar\u00e1 menos de cien, cientos, miles o cientos de miles de unidades? La mayor\u00eda de nuestros clientes no saben con certeza cu\u00e1l ser\u00e1 su volumen de producci\u00f3n, y ah\u00ed es donde Toolless les ayuda en el proceso. Podemos dise\u00f1ar y fabricar carcasas de pl\u00e1stico, desde prototipos hasta miles de unidades, dependiendo de la complejidad, sin costos de molde.<\/p>\n\n\n\n<h4 class=\"wp-block-heading\">Ingenier\u00eda:&nbsp;<\/h4>\n\n\n\n<p>Nuestro equipo de ingenier\u00eda conoce a fondo el proceso y le guiar\u00e1 a trav\u00e9s de la tecnolog\u00eda gracias a su experiencia y conocimientos en mecanizado, ensamblaje y dise\u00f1o. La compra de un prototipo incluye un conjunto completo de planos en 3D que se le enviar\u00e1n para su aprobaci\u00f3n antes de fabricar el prototipo. Los planos le proporcionan una representaci\u00f3n visual de la carcasa que podr\u00e1 analizar antes de la producci\u00f3n para evitar errores. El dise\u00f1o, tal y como se presenta, es de su propiedad y no puede venderse tal cual a ning\u00fan otro cliente.<\/p>\n\n\n\n<h4 class=\"wp-block-heading\">Costo del prototipo: &nbsp;<\/h4>\n\n\n\n<p>Nuestra caja de pl\u00e1stico se fabrica totalmente a medida, sin necesidad de MOLDES ni UTILLAJES. Sin embargo, las tecnolog\u00edas no son realmente comparables en cuanto a procesos o precios. Si intent\u00e1ramos compararlas, una carcasa sin herramientas de aproximadamente 8\u201d x 5\u201d x 2\u201d costar\u00eda alrededor de 1.450,00. Una carcasa moldeada de las mismas dimensiones y especificaciones costar\u00eda varios miles de d\u00f3lares debido al gasto que supone la compra del molde y las herramientas necesarias.<\/p>\n\n\n\n<h4 class=\"wp-block-heading\">Plazo de entrega: &nbsp;<\/h4>\n\n\n\n<p>El plazo de entrega habitual en Toolless oscila entre 5 d\u00edas y 3 semanas, dependiendo de la complejidad de la carcasa. En el caso del moldeo por inyecci\u00f3n, se necesitar\u00eda un plazo m\u00ednimo de 8 semanas para fabricar y ajustar el molde, dependiendo del tama\u00f1o de la carcasa.<\/p>\n\n\n\n<h4 class=\"wp-block-heading\">Repetibilidad \/ Producci\u00f3n \/ Producci\u00f3n en serie:<\/h4>\n\n\n\n<p>En Toolless, contamos con un programa de pedidos abiertos para cantidades que van desde las 100 unidades hasta miles, lo que le permite beneficiarse de precios por volumen sin el riesgo de tener que mantener existencias. El moldeo por inyecci\u00f3n y el moldeo al vac\u00edo ofrecen opciones de producci\u00f3n en masa para miles de unidades, pero resultan muy costosos y dif\u00edciles de llevar a cabo para pedidos de menos de mil unidades. El sistema de pedidos abiertos no es realmente compatible con la tecnolog\u00eda de moldeo\/formado al vac\u00edo en el rango de producci\u00f3n de cantidades de 100 a 1000 unidades.<\/p>\n\n\n\n<p><strong>Consulte nuestra p\u00e1gina aqu\u00ed para pedidos en bloque:&nbsp;&nbsp;<\/strong><a href=\"https:\/\/toolless.com\/es\/blanket-order-program.aspx\/\"><strong>https:\/\/toolless.com\/blanket-order-program.aspx<\/strong><\/a><\/p>\n\n\n\n<h4 class=\"wp-block-heading\">Modificaciones de dise\u00f1o:<\/h4>\n\n\n\n<p>La mayor\u00eda de nuestros clientes realizan mejoras de dise\u00f1o al menos una vez durante la vida \u00fatil de un producto. Los clientes se han mostrado muy agradecidos de habernos encontrado porque, para nosotros, solo se trata de reprogramar la unidad en nuestro software CAD.<\/p>\n\n\n\n<p>En el moldeo por inyecci\u00f3n o el termoformado, si se realizan cambios, es muy probable que el molde y las herramientas queden obsoletos, lo que conlleva el riesgo y el gasto que supone adquirir un nuevo molde o nuevas herramientas. Toolless permite realizar modificaciones sobre la marcha. Esta es una de las principales razones por las que nuestro proceso tiene tanto \u00e9xito. Dependiendo de la complejidad del cambio o de las modificaciones, es posible que no haya ning\u00fan gasto adicional por el cambio. Si hay un cargo por los cambios, suele ser m\u00ednimo y nada comparado con el gasto de reequipamiento o la compra de un nuevo molde. Todos nuestros clientes realizan actualizaciones de dise\u00f1o al menos una vez durante la vida \u00fatil del producto.<\/p>","protected":false},"excerpt":{"rendered":"<p>First of all, Toolless does not require buying any tools, molds, or jigs in order to make your custom plastic enclosure, so it\u2019s very difficult to compare those 2 technologies. The question is more, what is your projection for your enclosure over a 3 to 5 year period of time. Do you think you will &#8230; <\/p>\n<p class=\"read-more-container\"><a title=\"Sin herramientas frente a moldeo por inyecci\u00f3n\/moldeo al vac\u00edo\" class=\"read-more button\" href=\"https:\/\/toolless.com\/es\/plastic-enclosure-manufacturing-process\/toolless-vs-injection-molding-vacuum-forming\/#more-1016\" aria-label=\"More on Toolless vs Injection Molding\/Vacuum Forming\">Leer m\u00e1s<\/a><\/p>","protected":false},"author":1,"featured_media":992,"parent":58,"menu_order":0,"comment_status":"closed","ping_status":"closed","template":"","meta":{"_acf_changed":false,"_seopress_robots_primary_cat":"0","_seopress_titles_title":"Custom Plastic Enclosures: No Tools, Molds, or Jigs Needed","_seopress_titles_desc":"Toolless designs custom plastic enclosures from prototypes to thousands of units without expensive molds. Ideal for unpredictable volumes and quick modifications.","_seopress_robots_index":"","pgc_sgb_lightbox_settings":"","iawp_total_views":0,"footnotes":""},"page_categories":[],"class_list":{"0":"post-1016","1":"page","2":"type-page","3":"status-publish","4":"has-post-thumbnail","6":"infinite-scroll-item"},"acf":[],"_links":{"self":[{"href":"https:\/\/toolless.com\/es\/wp-json\/wp\/v2\/pages\/1016","targetHints":{"allow":["GET"]}}],"collection":[{"href":"https:\/\/toolless.com\/es\/wp-json\/wp\/v2\/pages"}],"about":[{"href":"https:\/\/toolless.com\/es\/wp-json\/wp\/v2\/types\/page"}],"author":[{"embeddable":true,"href":"https:\/\/toolless.com\/es\/wp-json\/wp\/v2\/users\/1"}],"replies":[{"embeddable":true,"href":"https:\/\/toolless.com\/es\/wp-json\/wp\/v2\/comments?post=1016"}],"version-history":[{"count":1,"href":"https:\/\/toolless.com\/es\/wp-json\/wp\/v2\/pages\/1016\/revisions"}],"predecessor-version":[{"id":1017,"href":"https:\/\/toolless.com\/es\/wp-json\/wp\/v2\/pages\/1016\/revisions\/1017"}],"up":[{"embeddable":true,"href":"https:\/\/toolless.com\/es\/wp-json\/wp\/v2\/pages\/58"}],"wp:featuredmedia":[{"embeddable":true,"href":"https:\/\/toolless.com\/es\/wp-json\/wp\/v2\/media\/992"}],"wp:attachment":[{"href":"https:\/\/toolless.com\/es\/wp-json\/wp\/v2\/media?parent=1016"}],"wp:term":[{"taxonomy":"page_categories","embeddable":true,"href":"https:\/\/toolless.com\/es\/wp-json\/wp\/v2\/page_categories?post=1016"}],"curies":[{"name":"wp","href":"https:\/\/api.w.org\/{rel}","templated":true}]}}