{"id":1014,"date":"2020-04-29T21:38:27","date_gmt":"2020-04-29T21:38:27","guid":{"rendered":"http:\/\/toolless.ed-webdesigns.com\/?page_id=1014"},"modified":"2020-05-01T18:03:03","modified_gmt":"2020-05-01T18:03:03","slug":"sin-herramientas-frente-a-la-impresion-3d","status":"publish","type":"page","link":"https:\/\/toolless.com\/es\/plastic-enclosure-manufacturing-process\/toolless-vs-3d-printing\/","title":{"rendered":"Fabricaci\u00f3n sin herramientas frente a la impresi\u00f3n 3D"},"content":{"rendered":"<p>Esta es una pregunta que nos hacen muchos de nuestros clientes. En teor\u00eda, sin tener conocimientos sobre pl\u00e1sticos ni dise\u00f1o, la impresi\u00f3n 3D podr\u00eda considerarse hipot\u00e9ticamente como una alternativa a la fabricaci\u00f3n de pl\u00e1sticos sin herramientas, pero en realidad no est\u00e1 a la altura.<\/p>\n\n\n\n<p>De hecho, presenta m\u00e1s inconvenientes que nuestra tecnolog\u00eda por muchas razones:<\/p>\n\n\n\n<h4 class=\"wp-block-heading\">Costos de prototipos:<\/h4>\n\n\n\n<p>Los costos de los prototipos de Toolless son competitivos en comparaci\u00f3n con la impresi\u00f3n 3D. Si compar\u00e1ramos productos similares, una carcasa de ABS de Toolless de aproximadamente 20 cm x 12,5 cm x 5 cm costar\u00eda alrededor de 1450. La impresi\u00f3n 3D var\u00eda entre 1300 y 950, dependiendo de la complejidad. Nuestra carcasa de pl\u00e1stico est\u00e1 totalmente hecha a medida sin necesidad de MOLDES ni HERRAMIENTAS, al mismo costo o menos que la impresi\u00f3n 3D.<\/p>\n\n\n\n<h4 class=\"wp-block-heading\">Plazos de entrega:<\/h4>\n\n\n\n<p>Dependiendo del tama\u00f1o de las piezas, se puede afirmar con seguridad que es posible imprimir un prototipo en 3D durante la noche, y que estar\u00e1 listo para funcionar a la ma\u00f1ana siguiente. La principal fortaleza de Toolless, con un dise\u00f1o aprobado, es la capacidad de crear un prototipo en un par de d\u00edas. Toolless ofrece la opci\u00f3n de volver a imprimir un prototipo sin costo alguno, si este no cumple con los criterios del dise\u00f1o aprobado. Adem\u00e1s, la mayor ventaja es que el prototipo ser\u00e1 su primer art\u00edculo para la producci\u00f3n en masa.<\/p>\n\n\n\n<h4 class=\"wp-block-heading\"><strong>Repetibilidad \/ Producci\u00f3n \/ Fabricaci\u00f3n en serie:<\/strong><\/h4>\n\n\n\n<p>La impresi\u00f3n 3D no permite llevar a cabo la producci\u00f3n a un costo y en un plazo de entrega razonables. La tecnolog\u00eda exclusiva de Toolless permite fabricar cualquier cantidad, desde 10 unidades hasta miles, a un costo muy razonable, reproduciendo el prototipo a la perfecci\u00f3n. Esto es lo que principalmente nos diferencia de la impresi\u00f3n 3D.<\/p>\n\n\n\n<p>Aqu\u00ed hay un excelente art\u00edculo que explica por qu\u00e9 la impresi\u00f3n 3D no es adecuada para la producci\u00f3n en masa:<br><a href=\"http:\/\/www.nytimes.com\/roomfordebate\/2014\/08\/11\/will-3-d-printers-change-the-world\/3-d-printers-are-no-rival-for-mass-production-6\">http:\/\/www.nytimes.com\/roomfordebate\/2014\/08\/11\/will-3-d-printers-change-the-world\/3-d-printers-are-no-rival-for-mass-production-6<\/a><\/p>","protected":false},"excerpt":{"rendered":"<p>This is a question many of our customers ask. In theory, with no knowledge of plastic or design, 3D printing could be seen hypothetically as a rival to Toolless Plastics manufacturing but in reality it falls short. In fact, it presents more drawbacks than our technology for many reasons: Prototype Costs: Toolless\u2019 prototype costs compares &#8230; <\/p>\n<p class=\"read-more-container\"><a title=\"Fabricaci\u00f3n sin herramientas frente a la impresi\u00f3n 3D\" class=\"read-more button\" href=\"https:\/\/toolless.com\/es\/plastic-enclosure-manufacturing-process\/toolless-vs-3d-printing\/#more-1014\" aria-label=\"More on Toolless vs 3D Printing\">Leer m\u00e1s<\/a><\/p>","protected":false},"author":1,"featured_media":992,"parent":58,"menu_order":0,"comment_status":"closed","ping_status":"closed","template":"","meta":{"_acf_changed":false,"_seopress_robots_primary_cat":"0","_seopress_titles_title":"Why Toolless Plastics Outperforms 3D Printing for Enclosures","_seopress_titles_desc":"Discover why Toolless Plastics outperforms 3D printing in prototype costs, lead times, and mass production. Learn more about our innovative solutions.","_seopress_robots_index":"","pgc_sgb_lightbox_settings":"","iawp_total_views":0,"footnotes":""},"page_categories":[],"class_list":{"0":"post-1014","1":"page","2":"type-page","3":"status-publish","4":"has-post-thumbnail","6":"infinite-scroll-item"},"acf":[],"_links":{"self":[{"href":"https:\/\/toolless.com\/es\/wp-json\/wp\/v2\/pages\/1014","targetHints":{"allow":["GET"]}}],"collection":[{"href":"https:\/\/toolless.com\/es\/wp-json\/wp\/v2\/pages"}],"about":[{"href":"https:\/\/toolless.com\/es\/wp-json\/wp\/v2\/types\/page"}],"author":[{"embeddable":true,"href":"https:\/\/toolless.com\/es\/wp-json\/wp\/v2\/users\/1"}],"replies":[{"embeddable":true,"href":"https:\/\/toolless.com\/es\/wp-json\/wp\/v2\/comments?post=1014"}],"version-history":[{"count":1,"href":"https:\/\/toolless.com\/es\/wp-json\/wp\/v2\/pages\/1014\/revisions"}],"predecessor-version":[{"id":1015,"href":"https:\/\/toolless.com\/es\/wp-json\/wp\/v2\/pages\/1014\/revisions\/1015"}],"up":[{"embeddable":true,"href":"https:\/\/toolless.com\/es\/wp-json\/wp\/v2\/pages\/58"}],"wp:featuredmedia":[{"embeddable":true,"href":"https:\/\/toolless.com\/es\/wp-json\/wp\/v2\/media\/992"}],"wp:attachment":[{"href":"https:\/\/toolless.com\/es\/wp-json\/wp\/v2\/media?parent=1014"}],"wp:term":[{"taxonomy":"page_categories","embeddable":true,"href":"https:\/\/toolless.com\/es\/wp-json\/wp\/v2\/page_categories?post=1014"}],"curies":[{"name":"wp","href":"https:\/\/api.w.org\/{rel}","templated":true}]}}