{"id":1012,"date":"2020-04-29T21:37:33","date_gmt":"2020-04-29T21:37:33","guid":{"rendered":"http:\/\/toolless.ed-webdesigns.com\/?page_id=1012"},"modified":"2020-05-01T18:02:31","modified_gmt":"2020-05-01T18:02:31","slug":"carcasa-plastica-caracteristicas-funcionales","status":"publish","type":"page","link":"https:\/\/toolless.com\/es\/plastic-enclosure-manufacturing-process\/plastic-enclosure-functional-features\/","title":{"rendered":"Caracter\u00edsticas funcionales de la carcasa de pl\u00e1stico"},"content":{"rendered":"<h3 class=\"wp-block-heading\">Jefes e Insertos<\/h3>\n\n\n\n<p>\u2022 Inserto autoperforante o de lat\u00f3n \u2013 Menos de 2-3 inserciones use autoperforante \u2013 4 mm m\u00ednimo para profundidad de autoperforante\n\u2022 Intente mantener m\u00e1s corto que 9 mm \u2013 De lo contrario, use leng\u00fcetas laterales \u2013 Marcos\n\u2022 Combine las bases para ahorrar$$\n\u2022 Se aceptan inserciones de lat\u00f3n a trav\u00e9s de la pared \u2013 La altura de 4-40 es de .093\u201d \u2013 La altura corta de 6-32 es de .125\u201d\n\u2022 Los pernos tienden a caerse antes de fijarlos\n\u2022 La acumulaci\u00f3n de hex\u00e1gonos macho\/hembra requiere inserciones de lat\u00f3n\n\u2022 Tambi\u00e9n se pueden usar Rivnuts&nbsp;<\/p>\n\n\n\n<h3 class=\"wp-block-heading\">Puertas de acceso:<\/h3>\n\n\n\n<p>\u2022 Deslizable, sin fijaciones. Requiere marco o rebaje. Dif\u00edcil de crear un buen \"snap\".\n\u2022 De lo contrario, usar fijaci\u00f3n con inserto de lat\u00f3n y marco.&nbsp;<\/p>\n\n\n\n<h3 class=\"wp-block-heading\">Bolsillos y recovecos:<\/h3>\n\n\n\n<p>\u2022 Mecanizado o con inserci\u00f3n desde atr\u00e1s \u2013 La inserci\u00f3n es la mejor manera de eliminar marcas de mecanizado, menos costosa para cavidades de aproximadamente 9 pulgadas cuadradas o m\u00e1s.\n\u2022 Para fines est\u00e9ticos \u2013 Etiquetas, placas de identificaci\u00f3n, calcoman\u00edas y superposiciones \u2013 Use material m\u00e1s grueso (.015\u201d) para ocultar marcas de mecanizado.\n\u2022 Para teclados \u2013 Puede requerir un refuerzo; puede ser menos costoso insertar \u2013 0.010\u201d de espacio libre por lado.\n\u2022 Para pies de goma \u2013 Antideslizantes, los pies no se deslizar\u00e1n sobre el pl\u00e1stico con el tiempo.&nbsp;<\/p>\n\n\n\n<h3 class=\"wp-block-heading\">Enfriamiento \u2013 Ventiladores y rejillas:<\/h3>\n\n\n\n<p>\u2022 Ventilaciones \u2013 El patr\u00f3n de ventilaci\u00f3n mecanizado tiene gran flexibilidad \u2013 Los agujeros son m\u00e1s caros que las ranuras \u2013 Ancho m\u00ednimo de ranura de 2 mm \u2013 Si es muy largo, dejar en los soportes transversales\n\u2022 Ventiladores \u2013 Montar con agujeros pasantes o salientes \u2013 Tornillos autorroscantes o insertos de lat\u00f3n \u2013 Patr\u00f3n de ventilaci\u00f3n abierta, mantener lo m\u00e1s abierto posible para reducir la contrapresi\u00f3n \u2013 Igualar el \u00e1rea de entrada y salida \u2013 Como regla general, el aire fr\u00edo sopla sobre el motor del ventilador&nbsp;<\/p>\n\n\n\n<h3 class=\"wp-block-heading\">Windows<\/h3>\n\n\n\n<p>\u2022 Generalmente acr\u00edlico, unido con solvente desde la parte trasera en una ranura.\n\u2022 El enfoque del bisel funciona para policarbonato (clasificaci\u00f3n FR).\n\u2022 El acr\u00edlico\/HIPS se adhiere bien.\n\u2022 El acr\u00edlico\/ABS se adhiere de manera moderada.\n\u2022 El policarbonato no se adhiere con solvente.\n\u2022 Las ventanas pueden estar al ras con el frente o empotradas con un chafl\u00e1n.&nbsp;<\/p>\n\n\n\n<h3 class=\"wp-block-heading\">Cosm\u00e9ticos y Decoraci\u00f3n:<\/h3>\n\n\n\n<p>\u2022 Decoraci\u00f3n \u2013 Serigraf\u00eda \u2013 Pintura \u2013 puede rellenar juntas de forma inconsistente \u2013 calcoman\u00edas, placas de identificaci\u00f3n\u2022 Inserciones de 2 colores \u2013 Misma instalaci\u00f3n que ventanas&nbsp;<\/p>\n\n\n\n<h3 class=\"wp-block-heading\">Bisagras y manijas<\/h3>\n\n\n\n<p>\u2013 El hardware est\u00e1ndar suele ser el m\u00e1s econ\u00f3mico\n\u2022 Clips para cintur\u00f3n\n\u2022 Clips DIN\n\u2022 Asas\n\u2022 Pestillos\n\u2022 Bisagras acr\u00edlicas (unidas con solvente en su lugar \u2013 optimizadas para proceso sin herramientas)\n\u2022 Bisagras met\u00e1licas\n\u2022 Cerraduras con llave<\/p>","protected":false},"excerpt":{"rendered":"<p>Bosses and Inserts: \u2022 Self tap or brass insert&nbsp;\u2013 Less than 2-3 insertions use self tap&nbsp;\u2013 4 mm minimum for self tap depth\u2022 Try to keep shorter than 9mm&nbsp;\u2013 Otherwise use sidewall tabs&nbsp;\u2013 Frames\u2022 Combine bosses to save $$\u2022 Through-wall brass inserts OK&nbsp;\u2013&nbsp;4-40 height is .093\u201d&nbsp;\u2013 6-32 short is .125\u201d\u2022 Studs tend to fall out &#8230; <\/p>\n<p class=\"read-more-container\"><a title=\"Caracter\u00edsticas funcionales de la carcasa de pl\u00e1stico\" class=\"read-more button\" href=\"https:\/\/toolless.com\/es\/plastic-enclosure-manufacturing-process\/plastic-enclosure-functional-features\/#more-1012\" aria-label=\"More on Plastic Enclosure Functional Features\">Leer m\u00e1s<\/a><\/p>","protected":false},"author":1,"featured_media":386,"parent":58,"menu_order":0,"comment_status":"closed","ping_status":"closed","template":"","meta":{"_acf_changed":false,"_seopress_robots_primary_cat":"0","_seopress_titles_title":"Optimize Brass Inserts in Frames and Handles Efficiently","_seopress_titles_desc":"Bosses and Inserts: Self tap or brass insert. Less than 2-3 insertions use self tap. 4 mm minimum for self tap depth. Try to keep shorter than 9mm.","_seopress_robots_index":"","pgc_sgb_lightbox_settings":"","iawp_total_views":0,"footnotes":""},"page_categories":[],"class_list":{"0":"post-1012","1":"page","2":"type-page","3":"status-publish","4":"has-post-thumbnail","6":"infinite-scroll-item"},"acf":[],"_links":{"self":[{"href":"https:\/\/toolless.com\/es\/wp-json\/wp\/v2\/pages\/1012","targetHints":{"allow":["GET"]}}],"collection":[{"href":"https:\/\/toolless.com\/es\/wp-json\/wp\/v2\/pages"}],"about":[{"href":"https:\/\/toolless.com\/es\/wp-json\/wp\/v2\/types\/page"}],"author":[{"embeddable":true,"href":"https:\/\/toolless.com\/es\/wp-json\/wp\/v2\/users\/1"}],"replies":[{"embeddable":true,"href":"https:\/\/toolless.com\/es\/wp-json\/wp\/v2\/comments?post=1012"}],"version-history":[{"count":1,"href":"https:\/\/toolless.com\/es\/wp-json\/wp\/v2\/pages\/1012\/revisions"}],"predecessor-version":[{"id":1013,"href":"https:\/\/toolless.com\/es\/wp-json\/wp\/v2\/pages\/1012\/revisions\/1013"}],"up":[{"embeddable":true,"href":"https:\/\/toolless.com\/es\/wp-json\/wp\/v2\/pages\/58"}],"wp:featuredmedia":[{"embeddable":true,"href":"https:\/\/toolless.com\/es\/wp-json\/wp\/v2\/media\/386"}],"wp:attachment":[{"href":"https:\/\/toolless.com\/es\/wp-json\/wp\/v2\/media?parent=1012"}],"wp:term":[{"taxonomy":"page_categories","embeddable":true,"href":"https:\/\/toolless.com\/es\/wp-json\/wp\/v2\/page_categories?post=1012"}],"curies":[{"name":"wp","href":"https:\/\/api.w.org\/{rel}","templated":true}]}}